{"id":12179,"date":"2020-02-19T21:58:31","date_gmt":"2020-02-19T20:58:31","guid":{"rendered":"http:\/\/2021.landshuter-kurzfilmfestival.de\/?page_id=12179"},"modified":"2022-03-19T11:25:54","modified_gmt":"2022-03-19T10:25:54","slug":"virtual-reality","status":"publish","type":"page","link":"https:\/\/landshuter-kurzfilmfestival.de\/de\/programm\/wettbewerbe\/virtual-reality\/","title":{"rendered":"Virtual Reality"},"content":{"rendered":"<div id=\"pl-12179\"  class=\"panel-layout\" >\n<div id=\"pg-12179-0\"  class=\"panel-grid panel-no-style\"  data-style=\"{&quot;background_display&quot;:&quot;tile&quot;}\" >\n<div id=\"pgc-12179-0-0\"  class=\"panel-grid-cell\"  data-weight=\"1\" >\n<div id=\"panel-12179-0-0-0\" class=\"so-panel widget widget_sow-editor panel-first-child\" data-index=\"0\" data-style=\"{&quot;widget_css&quot;:&quot;display:none&quot;,&quot;background_image_attachment&quot;:false,&quot;background_display&quot;:&quot;tile&quot;}\" >\n<div class=\"panel-widget-style panel-widget-style-for-12179-0-0-0\" >\n<div class=\"so-widget-sow-editor so-widget-sow-editor-base\">\n<div class=\"siteorigin-widget-tinymce textwidget\">\n<table id=\"tablepress-75\" class=\"tablepress tablepress-id-75 film-list-header\">\n<tbody>\n<tr class=\"row-1\">\n<td class=\"column-1\">Spielzeit:<\/td>\n<td class=\"column-2\"><\/td>\n<td class=\"column-3\">ab 14 Jahren<\/td>\n<td class=\"column-4\"><\/td>\n<td class=\"column-5\"><\/td>\n<td class=\"column-6\"><\/td>\n<\/tr>\n<tr class=\"row-2\">\n<td class=\"column-1\">Spielort:<\/td>\n<td class=\"column-2\">Foyer Kinopolis &amp; Salzstadel<\/td>\n<td class=\"column-3\">Uhrzeit:<\/td>\n<td class=\"column-4\"> 14:00 bis 20:00 Uhr <\/td>\n<td class=\"column-5\">Datum:<\/td>\n<td class=\"column-6\">Donnerstag, 26.03. bis Samstag 28.03.<\/td>\n<\/tr>\n<\/tbody>\n<\/table>\n<p><!-- #tablepress-75 from cache --><\/div>\n<\/div>\n<\/div>\n<\/div>\n<div id=\"panel-12179-0-0-1\" class=\"so-panel widget widget_sow-editor panel-last-child\" data-index=\"1\" data-style=\"{&quot;background_image_attachment&quot;:false,&quot;background_display&quot;:&quot;tile&quot;}\" >\n<div class=\"so-widget-sow-editor so-widget-sow-editor-base\">\n<h3 class=\"widget-title\">Virtual Reality \u2013 Fantastische Welten<\/h3>\n<div class=\"siteorigin-widget-tinymce textwidget\">\n\t<br \/>\nAuf Grund der herrschenden Abstands- und Hygiene Ma\u00dfnahmen k\u00f6nnen der VR Wettbewerb und die VR Experiences leider nicht \u00f6ffentlich gezeigt werden. Der Preis f\u00fcr den besten VR Film wird aber dennoch vergeben.<br \/>\n<\/div>\n<\/div>\n<\/div>\n<\/div>\n<\/div>\n<div id=\"pg-12179-1\"  class=\"panel-grid panel-has-style\"  data-style=\"{&quot;row_css&quot;:&quot;display:none&quot;,&quot;background_image_attachment&quot;:false,&quot;background_display&quot;:&quot;tile&quot;,&quot;cell_alignment&quot;:&quot;flex-start&quot;}\"  data-ratio=\"1\"  data-ratio-direction=\"right\" >\n<div class=\"panel-row-style panel-row-style-for-12179-1\" >\n<div id=\"pgc-12179-1-0\"  class=\"panel-grid-cell panel-grid-cell-empty\"  data-weight=\"0.1\" ><\/div>\n<div id=\"pgc-12179-1-1\"  class=\"panel-grid-cell\"  data-weight=\"0.35\" >\n<div id=\"panel-12179-1-1-0\" class=\"so-panel widget widget_sow-editor panel-first-child panel-last-child\" data-index=\"2\" data-style=\"{&quot;class&quot;:&quot;btn-cat&quot;,&quot;background_image_attachment&quot;:false,&quot;background_display&quot;:&quot;tile&quot;}\" >\n<div class=\"btn-cat panel-widget-style panel-widget-style-for-12179-1-1-0\" >\n<div class=\"so-widget-sow-editor so-widget-sow-editor-base\">\n<div class=\"siteorigin-widget-tinymce textwidget\">\n<h4><a href=\"\/programm\/virtual-reality\/virtual-reality-experiences\/\">Virtual Reality &#8211; Experiences<\/a><\/h4>\n<\/div>\n<\/div>\n<\/div>\n<\/div>\n<\/div>\n<div id=\"pgc-12179-1-2\"  class=\"panel-grid-cell panel-grid-cell-empty\"  data-weight=\"0.1\" ><\/div>\n<div id=\"pgc-12179-1-3\"  class=\"panel-grid-cell panel-grid-cell-mobile-last\"  data-weight=\"0.35\" >\n<div id=\"panel-12179-1-3-0\" class=\"so-panel widget widget_sow-editor panel-first-child panel-last-child\" data-index=\"3\" data-style=\"{&quot;class&quot;:&quot;btn-cat&quot;,&quot;background_image_attachment&quot;:false,&quot;background_display&quot;:&quot;tile&quot;}\" >\n<div class=\"btn-cat panel-widget-style panel-widget-style-for-12179-1-3-0\" >\n<div class=\"so-widget-sow-editor so-widget-sow-editor-base\">\n<div class=\"siteorigin-widget-tinymce textwidget\">\n<h4><a href=\"\/programm\/virtual-reality\/virtual-reality-wettbewerb\/\">Virtual Reality Wettbewerb<\/a><\/h4>\n<\/div>\n<\/div>\n<\/div>\n<\/div>\n<\/div>\n<div id=\"pgc-12179-1-4\"  class=\"panel-grid-cell panel-grid-cell-empty\"  data-weight=\"0.1\" ><\/div>\n<\/div>\n<\/div>\n<\/div>","protected":false},"excerpt":{"rendered":"<p>Virtual Reality \u2013 Fantastische Welten Auf Grund der herrschenden Abstands- und Hygiene Ma\u00dfnahmen k\u00f6nnen der VR Wettbewerb und die VR Experiences leider nicht \u00f6ffentlich gezeigt werden. Der Preis f\u00fcr den besten VR Film wird aber dennoch vergeben. Virtual Reality &#8211; Experiences Virtual Reality Wettbewerb<\/p>\n","protected":false},"author":4,"featured_media":0,"parent":17234,"menu_order":0,"comment_status":"closed","ping_status":"closed","template":"","meta":{"_acf_changed":false,"footnotes":""},"categories":[],"tags":[],"class_list":["post-12179","page","type-page","status-publish","hentry"],"acf":[],"_links":{"self":[{"href":"https:\/\/landshuter-kurzfilmfestival.de\/de\/wp-json\/wp\/v2\/pages\/12179","targetHints":{"allow":["GET"]}}],"collection":[{"href":"https:\/\/landshuter-kurzfilmfestival.de\/de\/wp-json\/wp\/v2\/pages"}],"about":[{"href":"https:\/\/landshuter-kurzfilmfestival.de\/de\/wp-json\/wp\/v2\/types\/page"}],"author":[{"embeddable":true,"href":"https:\/\/landshuter-kurzfilmfestival.de\/de\/wp-json\/wp\/v2\/users\/4"}],"replies":[{"embeddable":true,"href":"https:\/\/landshuter-kurzfilmfestival.de\/de\/wp-json\/wp\/v2\/comments?post=12179"}],"version-history":[{"count":1,"href":"https:\/\/landshuter-kurzfilmfestival.de\/de\/wp-json\/wp\/v2\/pages\/12179\/revisions"}],"predecessor-version":[{"id":17242,"href":"https:\/\/landshuter-kurzfilmfestival.de\/de\/wp-json\/wp\/v2\/pages\/12179\/revisions\/17242"}],"up":[{"embeddable":true,"href":"https:\/\/landshuter-kurzfilmfestival.de\/de\/wp-json\/wp\/v2\/pages\/17234"}],"wp:attachment":[{"href":"https:\/\/landshuter-kurzfilmfestival.de\/de\/wp-json\/wp\/v2\/media?parent=12179"}],"wp:term":[{"taxonomy":"category","embeddable":true,"href":"https:\/\/landshuter-kurzfilmfestival.de\/de\/wp-json\/wp\/v2\/categories?post=12179"},{"taxonomy":"post_tag","embeddable":true,"href":"https:\/\/landshuter-kurzfilmfestival.de\/de\/wp-json\/wp\/v2\/tags?post=12179"}],"curies":[{"name":"wp","href":"https:\/\/api.w.org\/{rel}","templated":true}]}}