{"id":12180,"date":"2020-02-19T21:58:07","date_gmt":"2020-02-19T20:58:07","guid":{"rendered":"http:\/\/2021.landshuter-kurzfilmfestival.de\/?page_id=12180"},"modified":"2022-03-19T11:25:54","modified_gmt":"2022-03-19T10:25:54","slug":"virtual-reality-experiences","status":"publish","type":"page","link":"https:\/\/landshuter-kurzfilmfestival.de\/de\/programm\/events\/virtual-reality-experiences\/","title":{"rendered":"Virtual Reality &#8211; Experiences"},"content":{"rendered":"<div id=\"pl-12180\"  class=\"panel-layout\" >\n<div id=\"pg-12180-0\"  class=\"panel-grid panel-no-style\"  data-style=\"{&quot;background_display&quot;:&quot;tile&quot;}\" >\n<div id=\"pgc-12180-0-0\"  class=\"panel-grid-cell\"  data-weight=\"1\" >\n<div id=\"panel-12180-0-0-0\" class=\"so-panel widget widget_sow-editor panel-first-child\" data-index=\"0\" data-style=\"{&quot;background_image_attachment&quot;:false,&quot;background_display&quot;:&quot;tile&quot;}\" >\n<div class=\"so-widget-sow-editor so-widget-sow-editor-base\">\n<div class=\"siteorigin-widget-tinymce textwidget\">\n<table id=\"tablepress-75\" class=\"tablepress tablepress-id-75 film-list-header\">\n<tbody>\n<tr class=\"row-1\">\n<td class=\"column-1\">Spielzeit:<\/td>\n<td class=\"column-2\"><\/td>\n<td class=\"column-3\">ab 14 Jahren<\/td>\n<td class=\"column-4\"><\/td>\n<td class=\"column-5\"><\/td>\n<td class=\"column-6\"><\/td>\n<\/tr>\n<tr class=\"row-2\">\n<td class=\"column-1\">Spielort:<\/td>\n<td class=\"column-2\">Foyer Kinopolis &amp; Salzstadel<\/td>\n<td class=\"column-3\">Uhrzeit:<\/td>\n<td class=\"column-4\"> 14:00 bis 20:00 Uhr <\/td>\n<td class=\"column-5\">Datum:<\/td>\n<td class=\"column-6\">Donnerstag, 26.03. bis Samstag 28.03.<\/td>\n<\/tr>\n<\/tbody>\n<\/table>\n<p><!-- #tablepress-75 from cache --><\/div>\n<\/div>\n<\/div>\n<div id=\"panel-12180-0-0-1\" class=\"so-panel widget widget_sow-editor\" data-index=\"1\" data-style=\"{&quot;background_image_attachment&quot;:false,&quot;background_display&quot;:&quot;tile&quot;}\" >\n<div class=\"so-widget-sow-editor so-widget-sow-editor-base\">\n<h3 class=\"widget-title\">Virtual Reality \u2013 Fantastische Welten<\/h3>\n<div class=\"siteorigin-widget-tinymce textwidget\">\n\t<br \/>\nAuch beim 21. Landshuter Kurzfilmfestival haben Sie wieder die M\u00f6glichkeit in die Virtuelle Realit\u00e4t einzutauchen und sich in fantastische Welten entf\u00fchren zu lassen.<\/p>\n<p>Die VR Filme und Experiences stehen kostenlos zur Verf\u00fcgung.<\/p>\n<p>Im Kinopolis und im Salzstadel vom 26.03. bis 28.03. von 14:00 bis 20:00 Uhr.<br \/>\n<\/p><\/div>\n<\/div>\n<\/div>\n<div id=\"panel-12180-0-0-2\" class=\"so-panel widget widget_sow-editor panel-last-child\" data-index=\"2\" data-style=\"{&quot;background_image_attachment&quot;:false,&quot;background_display&quot;:&quot;tile&quot;}\" >\n<div class=\"so-widget-sow-editor so-widget-sow-editor-base\">\n<h3 class=\"widget-title\">Virtual Reality \u2013 Fantastische Welten<\/h3>\n<div class=\"siteorigin-widget-tinymce textwidget\">\n\t<br \/>\nNeben den Wettbewerbsfilmen haben Sie auch wieder die Gelegenheit an spannenden und witzigen Experiences teilzunehmen.<br \/>\n<\/div>\n<\/div>\n<\/div>\n<\/div>\n<\/div>\n<div id=\"pg-12180-1\"  class=\"panel-grid panel-no-style\"  data-style=\"{&quot;background_image_attachment&quot;:false,&quot;background_display&quot;:&quot;tile&quot;,&quot;cell_alignment&quot;:&quot;flex-start&quot;}\" >\n<div id=\"pgc-12180-1-0\"  class=\"panel-grid-cell\"  data-weight=\"0.6\" >\n<div id=\"panel-12180-1-0-0\" class=\"so-panel widget widget_sow-editor panel-first-child panel-last-child\" data-index=\"3\" data-style=\"{&quot;background_image_attachment&quot;:false,&quot;background_display&quot;:&quot;tile&quot;}\" >\n<div class=\"so-widget-sow-editor so-widget-sow-editor-base\">\n<h3 class=\"widget-title\">Power of Moo<\/h3>\n<div class=\"siteorigin-widget-tinymce textwidget\">\n\t<br \/>\nPower of Moo hat dieses Jahr zwei VR Experiences im Gep\u00e4ck:<\/p>\n<p>Beim VR Wizard des niederl\u00e4ndischen VR-K\u00fcnstler Richard Schut haben Sie die M\u00f6glichkeit Ihre magischen F\u00e4higkeiten unter Beweis zu stellen. Hast Du die Macht, die Welt zu ver\u00e4ndern?<\/p>\n<p>Im Salzstadel erwartet Sie wieder Tina \u201eXaosPrincess\u201c Kinne mit einem ganz besonderen Programm.<br \/>\n<\/p><\/div>\n<\/div>\n<\/div>\n<\/div>\n<div id=\"pgc-12180-1-1\"  class=\"panel-grid-cell\"  data-weight=\"0.4\" >\n<div id=\"panel-12180-1-1-0\" class=\"so-panel widget widget_sow-image panel-first-child panel-last-child\" data-index=\"4\" data-style=\"{&quot;background_image_attachment&quot;:false,&quot;background_display&quot;:&quot;tile&quot;}\" >[siteorigin_widget class=&#8220;SiteOrigin_Widget_Image_Widget&#8220;]<input type=\"hidden\" value=\"{&quot;instance&quot;:{&quot;image&quot;:0,&quot;image_fallback&quot;:&quot;\\\/wp-content\\\/uploads\\\/2020\\\/02\\\/LKFF-Dancing.jpg&quot;,&quot;size&quot;:&quot;full&quot;,&quot;align&quot;:&quot;default&quot;,&quot;title_align&quot;:&quot;default&quot;,&quot;title&quot;:&quot;&quot;,&quot;title_position&quot;:&quot;hidden&quot;,&quot;alt&quot;:&quot;&quot;,&quot;url&quot;:&quot;&quot;,&quot;bound&quot;:true,&quot;_sow_form_id&quot;:&quot;10488924055e4da272f14aa801207790&quot;,&quot;_sow_form_timestamp&quot;:&quot;1582146198770&quot;,&quot;new_window&quot;:false,&quot;full_width&quot;:false,&quot;so_sidebar_emulator_id&quot;:&quot;sow-image-1218010004&quot;,&quot;option_name&quot;:&quot;widget_sow-image&quot;},&quot;args&quot;:{&quot;before_widget&quot;:&quot;&lt;div id=\\&quot;panel-12180-1-1-0\\&quot; class=\\&quot;so-panel widget widget_sow-image panel-first-child panel-last-child\\&quot; data-index=\\&quot;4\\&quot; data-style=\\&quot;{&amp;quot;background_image_attachment&amp;quot;:false,&amp;quot;background_display&amp;quot;:&amp;quot;tile&amp;quot;}\\&quot; &gt;&quot;,&quot;after_widget&quot;:&quot;&lt;\\\/div&gt;&quot;,&quot;before_title&quot;:&quot;&lt;h3 class=\\&quot;widget-title\\&quot;&gt;&quot;,&quot;after_title&quot;:&quot;&lt;\\\/h3&gt;&quot;,&quot;widget_id&quot;:&quot;widget-1-1-0&quot;}}\" \/>[\/siteorigin_widget]<\/div>\n<\/div>\n<\/div>\n<div id=\"pg-12180-2\"  class=\"panel-grid panel-no-style\"  data-style=\"{&quot;background_image_attachment&quot;:false,&quot;background_display&quot;:&quot;tile&quot;,&quot;cell_alignment&quot;:&quot;flex-start&quot;}\" >\n<div id=\"pgc-12180-2-0\"  class=\"panel-grid-cell\"  data-weight=\"0.4\" >\n<div id=\"panel-12180-2-0-0\" class=\"so-panel widget widget_sow-image panel-first-child panel-last-child\" data-index=\"5\" data-style=\"{&quot;background_image_attachment&quot;:false,&quot;background_display&quot;:&quot;tile&quot;}\" >[siteorigin_widget class=&#8220;SiteOrigin_Widget_Image_Widget&#8220;]<input type=\"hidden\" value=\"{&quot;instance&quot;:{&quot;image&quot;:0,&quot;image_fallback&quot;:&quot;\\\/wp-content\\\/uploads\\\/2020\\\/02\\\/LKFF-PartyTotal.jpg&quot;,&quot;size&quot;:&quot;full&quot;,&quot;align&quot;:&quot;default&quot;,&quot;title_align&quot;:&quot;default&quot;,&quot;title&quot;:&quot;&quot;,&quot;title_position&quot;:&quot;hidden&quot;,&quot;alt&quot;:&quot;&quot;,&quot;url&quot;:&quot;&quot;,&quot;bound&quot;:true,&quot;_sow_form_id&quot;:&quot;11079385915e4da27499f5f235412488&quot;,&quot;_sow_form_timestamp&quot;:&quot;1582146207657&quot;,&quot;new_window&quot;:false,&quot;full_width&quot;:false,&quot;so_sidebar_emulator_id&quot;:&quot;sow-image-1218010005&quot;,&quot;option_name&quot;:&quot;widget_sow-image&quot;},&quot;args&quot;:{&quot;before_widget&quot;:&quot;&lt;div id=\\&quot;panel-12180-2-0-0\\&quot; class=\\&quot;so-panel widget widget_sow-image panel-first-child panel-last-child\\&quot; data-index=\\&quot;5\\&quot; data-style=\\&quot;{&amp;quot;background_image_attachment&amp;quot;:false,&amp;quot;background_display&amp;quot;:&amp;quot;tile&amp;quot;}\\&quot; &gt;&quot;,&quot;after_widget&quot;:&quot;&lt;\\\/div&gt;&quot;,&quot;before_title&quot;:&quot;&lt;h3 class=\\&quot;widget-title\\&quot;&gt;&quot;,&quot;after_title&quot;:&quot;&lt;\\\/h3&gt;&quot;,&quot;widget_id&quot;:&quot;widget-2-0-0&quot;}}\" \/>[\/siteorigin_widget]<\/div>\n<\/div>\n<div id=\"pgc-12180-2-1\"  class=\"panel-grid-cell\"  data-weight=\"0.6\" >\n<div id=\"panel-12180-2-1-0\" class=\"so-panel widget widget_sow-editor panel-first-child panel-last-child\" data-index=\"6\" data-style=\"{&quot;background_image_attachment&quot;:false,&quot;background_display&quot;:&quot;tile&quot;}\" >\n<div class=\"so-widget-sow-editor so-widget-sow-editor-base\">\n<h3 class=\"widget-title\">KOOPERATIVER VR VIDEOCLIP <\/h3>\n<div class=\"siteorigin-widget-tinymce textwidget\">\n\t<br \/>\nIn der Virtuellen Realit\u00e4t wollen wir alle zusammen einen Videoclip drehen.<br \/>\nHilf uns, das Set mit Einrichtungsgegenst\u00e4nden, handgemachten Skulpturen und Graffitis zu dekorieren. W\u00e4hle Deinen Avatar und finde Deinen Lieblingsplatz auf der Tanzfl\u00e4che oder steige auf in die L\u00fcfte dar\u00fcber. Nacheinander werden alle Avatare aufgenommen, bis wir eine bunte Menge haben, die zu Luke Kays (@lukekaymusic) pumpendem Sound tanzt und zusammen das Landshuter Kurzfilmfestival in VR feiert.<br \/>\n(eingerichtet von Christina XaosPrincess Kinne auf TIVOLI CLOUD)<\/p>\n<p><\/p><\/div>\n<\/div>\n<\/div>\n<\/div>\n<\/div>\n<\/div>","protected":false},"excerpt":{"rendered":"<p>Virtual Reality \u2013 Fantastische Welten Auch beim 21. Landshuter Kurzfilmfestival haben Sie wieder die M\u00f6glichkeit in die Virtuelle Realit\u00e4t einzutauchen und sich in fantastische Welten entf\u00fchren zu lassen. Die VR Filme und Experiences stehen kostenlos zur Verf\u00fcgung. Im Kinopolis und im Salzstadel vom 26.03. bis 28.03. von 14:00 bis 20:00 Uhr. Virtual Reality \u2013 Fantastische &#8230; <br \/><a class=\"read-more\" href=\"https:\/\/landshuter-kurzfilmfestival.de\/de\/programm\/events\/virtual-reality-experiences\/\">Read More<\/a><\/p>\n","protected":false},"author":4,"featured_media":0,"parent":17226,"menu_order":0,"comment_status":"closed","ping_status":"closed","template":"page-film-list.php","meta":{"_acf_changed":false,"footnotes":""},"categories":[],"tags":[],"class_list":["post-12180","page","type-page","status-publish","hentry"],"acf":[],"_links":{"self":[{"href":"https:\/\/landshuter-kurzfilmfestival.de\/de\/wp-json\/wp\/v2\/pages\/12180","targetHints":{"allow":["GET"]}}],"collection":[{"href":"https:\/\/landshuter-kurzfilmfestival.de\/de\/wp-json\/wp\/v2\/pages"}],"about":[{"href":"https:\/\/landshuter-kurzfilmfestival.de\/de\/wp-json\/wp\/v2\/types\/page"}],"author":[{"embeddable":true,"href":"https:\/\/landshuter-kurzfilmfestival.de\/de\/wp-json\/wp\/v2\/users\/4"}],"replies":[{"embeddable":true,"href":"https:\/\/landshuter-kurzfilmfestival.de\/de\/wp-json\/wp\/v2\/comments?post=12180"}],"version-history":[{"count":1,"href":"https:\/\/landshuter-kurzfilmfestival.de\/de\/wp-json\/wp\/v2\/pages\/12180\/revisions"}],"predecessor-version":[{"id":17233,"href":"https:\/\/landshuter-kurzfilmfestival.de\/de\/wp-json\/wp\/v2\/pages\/12180\/revisions\/17233"}],"up":[{"embeddable":true,"href":"https:\/\/landshuter-kurzfilmfestival.de\/de\/wp-json\/wp\/v2\/pages\/17226"}],"wp:attachment":[{"href":"https:\/\/landshuter-kurzfilmfestival.de\/de\/wp-json\/wp\/v2\/media?parent=12180"}],"wp:term":[{"taxonomy":"category","embeddable":true,"href":"https:\/\/landshuter-kurzfilmfestival.de\/de\/wp-json\/wp\/v2\/categories?post=12180"},{"taxonomy":"post_tag","embeddable":true,"href":"https:\/\/landshuter-kurzfilmfestival.de\/de\/wp-json\/wp\/v2\/tags?post=12180"}],"curies":[{"name":"wp","href":"https:\/\/api.w.org\/{rel}","templated":true}]}}