{"id":13583,"date":"2021-03-25T11:58:00","date_gmt":"2021-03-25T10:58:00","guid":{"rendered":"http:\/\/2021.landshuter-kurzfilmfestival.de\/?page_id=13583"},"modified":"2022-04-02T08:15:05","modified_gmt":"2022-04-02T06:15:05","slug":"streaming-widerrufsrecht","status":"publish","type":"page","link":"https:\/\/landshuter-kurzfilmfestival.de\/de\/online-menue\/streaming-widerrufsrecht\/","title":{"rendered":"Streaming: Widerrufsrecht"},"content":{"rendered":"\n<div data-elementor-type=\"wp-page\" data-elementor-id=\"13583\" class=\"elementor elementor-13583\" data-elementor-post-type=\"page\">\n<section class=\"elementor-section elementor-top-section elementor-element elementor-element-0f15358 elementor-section-full_width elementor-section-height-default elementor-section-height-default\" data-id=\"0f15358\" data-element_type=\"section\">\n<div class=\"elementor-container elementor-column-gap-default\">\n<div class=\"elementor-column elementor-col-100 elementor-top-column elementor-element elementor-element-576cca1\" data-id=\"576cca1\" data-element_type=\"column\">\n<div class=\"elementor-widget-wrap elementor-element-populated\">\n<div class=\"elementor-element elementor-element-ed64113 elementor-widget elementor-widget-heading\" data-id=\"ed64113\" data-element_type=\"widget\" data-widget_type=\"heading.default\">\n<div class=\"elementor-widget-container\">\n<h2 class=\"elementor-heading-title elementor-size-default\">Streaming: Widerrufsrecht<\/h2>\n<\/p><\/div>\n<\/p><\/div>\n<\/p><\/div>\n<\/p><\/div>\n<\/p><\/div>\n<\/section>\n<section class=\"elementor-section elementor-top-section elementor-element elementor-element-883af90 elementor-section-full_width elementor-section-height-default elementor-section-height-default\" data-id=\"883af90\" data-element_type=\"section\">\n<div class=\"elementor-container elementor-column-gap-default\">\n<div class=\"elementor-column elementor-col-100 elementor-top-column elementor-element elementor-element-4fd8e07\" data-id=\"4fd8e07\" data-element_type=\"column\">\n<div class=\"elementor-widget-wrap elementor-element-populated\">\n<div class=\"elementor-element elementor-element-bff8fa6 elementor-widget elementor-widget-text-editor\" data-id=\"bff8fa6\" data-element_type=\"widget\" data-widget_type=\"text-editor.default\">\n<div class=\"elementor-widget-container\">\n<p>Grunds\u00e4tzlich haben Sie als Verbraucher zwar bei Fernabsatzvertr\u00e4gen ein 14-t\u00e4giges Widerrufsrecht ab dem Tag des Vertragsschlusses. Da Sie jedoch unsere Dienstleistung nur f\u00fcr den Zeitraum der Festivalwoche in Anspruch nehmen k\u00f6nnen und es sich um eine Dienstleistung zur Freizeitbet\u00e4tigung handelt, besteht gem. \u00a7 312g Abs.2 Nr. 9 BGB kein gesetzliches Widerrufsrecht.<\/p>\n<p>Auch wenn ein Widerrufsrecht bestehen w\u00fcrde, erlischt dieses im Falle eines Streaming-Vertrages (= Bereitstellen digitaler Inhalte) vorzeitig, wenn wir mit Ihrer ausdr\u00fccklichen Zustimmung bereits vor Ablauf der Widerrufsfrist mit der Ausf\u00fchrung des Vertrages, also dem Streaming, beginnen (\u00a7 356 Abs.5 BGB).<br \/>Ihre ausdr\u00fcckliche Zustimmung erteilen Sie, sobald Sie ihr Ticket aktivieren und den Stream starten.<br \/>Selbst wenn also ein Widerrufsrecht bestehen w\u00fcrde, erlischt dieses sp\u00e4testens, wenn Sie den Film schauen.<\/p>\n<p>Falls Sie sich dennoch diesbez\u00fcglich an uns wenden wollen, m\u00fcssen Sie uns (Dynamo Kurzfilm e.V, Am Vogelsang 4, 84098 Hohenthann, E-Mail: <a href=\"mailto:tickets@lakff.de\">tickets@lakff.de<\/a>) mittels einer eindeutigen Erkl\u00e4rung (z. B. per postalisch versandtem Brief oder per E-Mail) \u00fcber Ihren Entschluss, diesen Vertrag zu widerrufen, informieren. Sie k\u00f6nnen daf\u00fcr auch folgendes Formular verwenden:<\/p>\n<div class=\"wpcf7 no-js\" id=\"wpcf7-f13587-o1\" lang=\"de-DE\" dir=\"ltr\" data-wpcf7-id=\"13587\">\n<div class=\"screen-reader-response\">\n<p role=\"status\" aria-live=\"polite\" aria-atomic=\"true\">\n<ul><\/ul>\n<\/div>\n<form action=\"\/de\/wp-json\/wp\/v2\/pages\/13583#wpcf7-f13587-o1\" method=\"post\" class=\"wpcf7-form init\" aria-label=\"Kontaktformular\" novalidate=\"novalidate\" data-status=\"init\">\n<fieldset class=\"hidden-fields-container\"><input type=\"hidden\" name=\"_wpcf7\" value=\"13587\" \/><input type=\"hidden\" name=\"_wpcf7_version\" value=\"6.1.1\" \/><input type=\"hidden\" name=\"_wpcf7_locale\" value=\"de_DE\" \/><input type=\"hidden\" name=\"_wpcf7_unit_tag\" value=\"wpcf7-f13587-o1\" \/><input type=\"hidden\" name=\"_wpcf7_container_post\" value=\"0\" \/><input type=\"hidden\" name=\"_wpcf7_posted_data_hash\" value=\"\" \/><input type=\"hidden\" name=\"redirect_nonce\" value=\"c2842a405a\" \/><input type=\"hidden\" name=\"wpcf7cfpdf_hidden_name\" value=\"document-pdf\" \/><input type=\"hidden\" name=\"wpcf7cfpdf_hidden_reference\" value=\"3e627471\" \/><input type=\"hidden\" name=\"wpcf7cfpdf_hidden_date\" value=\"04092026\" \/><input type=\"hidden\" name=\"_wpcf7_recaptcha_response\" value=\"\" \/><br \/>\n<\/fieldset>\n<p><label> Vor- und Zuname*<br \/>\n<span class=\"wpcf7-form-control-wrap\" data-name=\"wider-name\"><input size=\"40\" maxlength=\"400\" class=\"wpcf7-form-control wpcf7-text wpcf7-validates-as-required\" aria-required=\"true\" aria-invalid=\"false\" value=\"\" type=\"text\" name=\"wider-name\" \/><\/span> <\/label>\n<\/p>\n<p><label> E-Mail*<br \/>\n<span class=\"wpcf7-form-control-wrap\" data-name=\"wider-email\"><input size=\"40\" maxlength=\"400\" class=\"wpcf7-form-control wpcf7-email wpcf7-validates-as-required wpcf7-text wpcf7-validates-as-email\" aria-required=\"true\" aria-invalid=\"false\" value=\"\" type=\"email\" name=\"wider-email\" \/><\/span> <\/label>\n<\/p>\n<p><label> Betreff*<br \/>\n<span class=\"wpcf7-form-control-wrap\" data-name=\"wider-subject\"><input size=\"40\" maxlength=\"400\" class=\"wpcf7-form-control wpcf7-text wpcf7-validates-as-required\" aria-required=\"true\" aria-invalid=\"false\" value=\"\" type=\"text\" name=\"wider-subject\" \/><\/span> <\/label>\n<\/p>\n<p><label> Nachricht*<br \/>\n<span class=\"wpcf7-form-control-wrap\" data-name=\"wider-message\"><textarea cols=\"40\" rows=\"10\" maxlength=\"2000\" class=\"wpcf7-form-control wpcf7-textarea wpcf7-validates-as-required\" aria-required=\"true\" aria-invalid=\"false\" name=\"wider-message\"><\/textarea><\/span> <\/label>\n<\/p>\n<p><label> Ticket-ID*<br \/>\n<span class=\"wpcf7-form-control-wrap\" data-name=\"wider-ticketid\"><input size=\"40\" maxlength=\"400\" class=\"wpcf7-form-control wpcf7-text wpcf7-validates-as-required\" aria-required=\"true\" aria-invalid=\"false\" value=\"\" type=\"text\" name=\"wider-ticketid\" \/><\/span> <\/label>\n<\/p>\n<p>*Pflichtfeld<br \/>\n<input class=\"wpcf7-form-control wpcf7-submit has-spinner\" type=\"submit\" value=\"Senden\" \/>\n<\/p>\n<div class=\"wpcf7-response-output\" aria-hidden=\"true\"><\/div>\n<\/form>\n<\/div>\n<\/p><\/div>\n<\/p><\/div>\n<\/p><\/div>\n<\/p><\/div>\n<\/p><\/div>\n<\/section><\/div>\n","protected":false},"excerpt":{"rendered":"<p>Streaming: Widerrufsrecht Grunds\u00e4tzlich haben Sie als Verbraucher zwar bei Fernabsatzvertr\u00e4gen ein 14-t\u00e4giges Widerrufsrecht ab dem Tag des Vertragsschlusses. Da Sie jedoch unsere Dienstleistung nur f\u00fcr den Zeitraum der Festivalwoche in Anspruch nehmen k\u00f6nnen und es sich um eine Dienstleistung zur Freizeitbet\u00e4tigung handelt, besteht gem. \u00a7 312g Abs.2 Nr. 9 BGB kein gesetzliches Widerrufsrecht. Auch wenn &#8230; <br \/><a class=\"read-more\" href=\"https:\/\/landshuter-kurzfilmfestival.de\/de\/online-menue\/streaming-widerrufsrecht\/\">Read More<\/a><\/p>\n","protected":false},"author":4,"featured_media":0,"parent":17536,"menu_order":0,"comment_status":"closed","ping_status":"closed","template":"","meta":{"_acf_changed":false,"footnotes":""},"categories":[],"tags":[],"class_list":["post-13583","page","type-page","status-publish","hentry"],"acf":[],"_links":{"self":[{"href":"https:\/\/landshuter-kurzfilmfestival.de\/de\/wp-json\/wp\/v2\/pages\/13583","targetHints":{"allow":["GET"]}}],"collection":[{"href":"https:\/\/landshuter-kurzfilmfestival.de\/de\/wp-json\/wp\/v2\/pages"}],"about":[{"href":"https:\/\/landshuter-kurzfilmfestival.de\/de\/wp-json\/wp\/v2\/types\/page"}],"author":[{"embeddable":true,"href":"https:\/\/landshuter-kurzfilmfestival.de\/de\/wp-json\/wp\/v2\/users\/4"}],"replies":[{"embeddable":true,"href":"https:\/\/landshuter-kurzfilmfestival.de\/de\/wp-json\/wp\/v2\/comments?post=13583"}],"version-history":[{"count":5,"href":"https:\/\/landshuter-kurzfilmfestival.de\/de\/wp-json\/wp\/v2\/pages\/13583\/revisions"}],"predecessor-version":[{"id":20769,"href":"https:\/\/landshuter-kurzfilmfestival.de\/de\/wp-json\/wp\/v2\/pages\/13583\/revisions\/20769"}],"up":[{"embeddable":true,"href":"https:\/\/landshuter-kurzfilmfestival.de\/de\/wp-json\/wp\/v2\/pages\/17536"}],"wp:attachment":[{"href":"https:\/\/landshuter-kurzfilmfestival.de\/de\/wp-json\/wp\/v2\/media?parent=13583"}],"wp:term":[{"taxonomy":"category","embeddable":true,"href":"https:\/\/landshuter-kurzfilmfestival.de\/de\/wp-json\/wp\/v2\/categories?post=13583"},{"taxonomy":"post_tag","embeddable":true,"href":"https:\/\/landshuter-kurzfilmfestival.de\/de\/wp-json\/wp\/v2\/tags?post=13583"}],"curies":[{"name":"wp","href":"https:\/\/api.w.org\/{rel}","templated":true}]}}