{"id":14805,"date":"2021-05-02T13:46:52","date_gmt":"2021-05-02T11:46:52","guid":{"rendered":"http:\/\/2021.landshuter-kurzfilmfestival.de\/?page_id=14805"},"modified":"2022-03-19T11:25:54","modified_gmt":"2022-03-19T10:25:54","slug":"vr-party","status":"publish","type":"page","link":"https:\/\/landshuter-kurzfilmfestival.de\/de\/programm\/events\/vr-party\/","title":{"rendered":"VR-Party"},"content":{"rendered":"<div id=\"pl-14805\"  class=\"panel-layout\" >\n<div id=\"pg-14805-0\"  class=\"panel-grid panel-no-style\" >\n<div id=\"pgc-14805-0-0\"  class=\"panel-grid-cell\"  data-weight=\"1\" >\n<div id=\"panel-14805-0-0-0\" class=\"so-panel widget widget_sow-image panel-first-child\" data-index=\"0\" data-style=\"{&quot;background_image_attachment&quot;:false,&quot;background_display&quot;:&quot;tile&quot;}\" >[siteorigin_widget class=&#8220;SiteOrigin_Widget_Image_Widget&#8220;]<input type=\"hidden\" value=\"{&quot;instance&quot;:{&quot;image&quot;:0,&quot;image_fallback&quot;:&quot;\\\/wp-content\\\/uploads\\\/2021\\\/05\\\/LAKFF-online.png&quot;,&quot;size&quot;:&quot;full&quot;,&quot;align&quot;:&quot;default&quot;,&quot;title_align&quot;:&quot;default&quot;,&quot;title&quot;:&quot;&quot;,&quot;title_position&quot;:&quot;hidden&quot;,&quot;alt&quot;:&quot;&quot;,&quot;url&quot;:&quot;&quot;,&quot;bound&quot;:true,&quot;_sow_form_id&quot;:&quot;821736352608e91d89f050834494035&quot;,&quot;_sow_form_timestamp&quot;:&quot;1619956187574&quot;,&quot;new_window&quot;:false,&quot;full_width&quot;:false,&quot;so_sidebar_emulator_id&quot;:&quot;sow-image-1480510000&quot;,&quot;option_name&quot;:&quot;widget_sow-image&quot;},&quot;args&quot;:{&quot;before_widget&quot;:&quot;&lt;div id=\\&quot;panel-14805-0-0-0\\&quot; class=\\&quot;so-panel widget widget_sow-image panel-first-child\\&quot; data-index=\\&quot;0\\&quot; data-style=\\&quot;{&amp;quot;background_image_attachment&amp;quot;:false,&amp;quot;background_display&amp;quot;:&amp;quot;tile&amp;quot;}\\&quot; &gt;&quot;,&quot;after_widget&quot;:&quot;&lt;\\\/div&gt;&quot;,&quot;before_title&quot;:&quot;&lt;h3 class=\\&quot;widget-title\\&quot;&gt;&quot;,&quot;after_title&quot;:&quot;&lt;\\\/h3&gt;&quot;,&quot;widget_id&quot;:&quot;widget-0-0-0&quot;}}\" \/>[\/siteorigin_widget]<\/div>\n<div id=\"panel-14805-0-0-1\" class=\"so-panel widget widget_sow-editor\" data-index=\"1\" data-style=\"{&quot;background_image_attachment&quot;:false,&quot;background_display&quot;:&quot;tile&quot;}\" >\n<div class=\"so-widget-sow-editor so-widget-sow-editor-base\">\n<div class=\"siteorigin-widget-tinymce textwidget\">\n<p><br \/>\nUm unsere Preisverleihung am 8. Mai zu einem gemeinsamen Erlebnis zu machen, haben wir einen Party-Raum auf der Online-Plattform Mozilla Hubs eingerichtet und laden Euch ganz herzlich ein, den Livestream auf einem Smartphone, Tablet, Computer, oder sogar in Virtual Reality mit uns zusammen zu verfolgen, indem Ihr um 19:00 Uhr auf diesen Link klickt:<\/p>\n<p><a href=\"https:\/\/hubs.mozilla.com\/rBZDwAb\/lakff-2021\/\" target=\"_blank\" rel=\"noopener\">https:\/\/hubs.mozilla.com\/rBZDwAb\/lakff-2021\/<\/a><\/p>\n<p>Und falls der Ansturm sehr gro\u00df wird, freuen wir uns Euch auch unter diesen Mirror-Links begr\u00fc\u00dfen zu d\u00fcrfen:<\/p>\n<p><a href=\"https:\/\/hubs.mozilla.com\/BLEDyHt\/lakff-2021-mirror-a\/\" target=\"_blank\" rel=\"noopener\">https:\/\/hubs.mozilla.com\/BLEDyHt\/lakff-2021-mirror-a\/<\/a><\/p>\n<p><a href=\"https:\/\/hubs.mozilla.com\/ZLCgWXY\/lakff-2021-mirror-b\/\" target=\"_blank\" rel=\"noopener\">https:\/\/hubs.mozilla.com\/ZLCgWXY\/lakff-2021-mirror-b\/<\/a><\/p>\n<p><\/p>\n<\/div>\n<\/div>\n<\/div>\n<div id=\"panel-14805-0-0-2\" class=\"so-panel widget widget_sow-editor panel-last-child\" data-index=\"2\" data-style=\"{&quot;background_image_attachment&quot;:false,&quot;background_display&quot;:&quot;tile&quot;}\" >\n<div class=\"so-widget-sow-editor so-widget-sow-editor-base\">\n<h3 class=\"widget-title\">Onboarding Mozilla Hubs<\/h3>\n<div class=\"siteorigin-widget-tinymce textwidget\">\n\t<a href=\"https:\/\/fh-erfurt.info\/K9LjyF2\/uebungsraum-fuer-vr\" target=\"_blank\" rel=\"noopener\">VR-Tutorial <i class=\"fas fa-external-link-alt\"><\/i><\/a><br \/>\n<a href=\"https:\/\/fh-erfurt.info\/SX4LaHZ\/uebungsraum-fuer-mausandtastatur\" target=\"_blank\" rel=\"noopener\">Maus &amp; Tastatur-Tutorial <i class=\"fas fa-external-link-alt\"><\/i><\/a><br \/>\n<br \/>\nAchtung: Es werden ggf. gr\u00f6\u00dfere Datenmengen (20-50 MB) geladen.<br \/>\n<\/div>\n<\/div>\n<\/div>\n<\/div>\n<\/div>\n<\/div>","protected":false},"excerpt":{"rendered":"<p>[siteorigin_widget class=&#8220;SiteOrigin_Widget_Image_Widget&#8220;][\/siteorigin_widget] Um unsere Preisverleihung am 8. Mai zu einem gemeinsamen Erlebnis zu machen, haben wir einen Party-Raum auf der Online-Plattform Mozilla Hubs eingerichtet und laden Euch ganz herzlich ein, den Livestream auf einem Smartphone, Tablet, Computer, oder sogar in Virtual Reality mit uns zusammen zu verfolgen, indem Ihr um 19:00 Uhr auf diesen Link &#8230; <br \/><a class=\"read-more\" href=\"https:\/\/landshuter-kurzfilmfestival.de\/de\/programm\/events\/vr-party\/\">Read More<\/a><\/p>\n","protected":false},"author":4,"featured_media":0,"parent":17226,"menu_order":0,"comment_status":"closed","ping_status":"closed","template":"","meta":{"_acf_changed":false,"footnotes":""},"categories":[],"tags":[],"class_list":["post-14805","page","type-page","status-publish","hentry"],"acf":[],"_links":{"self":[{"href":"https:\/\/landshuter-kurzfilmfestival.de\/de\/wp-json\/wp\/v2\/pages\/14805","targetHints":{"allow":["GET"]}}],"collection":[{"href":"https:\/\/landshuter-kurzfilmfestival.de\/de\/wp-json\/wp\/v2\/pages"}],"about":[{"href":"https:\/\/landshuter-kurzfilmfestival.de\/de\/wp-json\/wp\/v2\/types\/page"}],"author":[{"embeddable":true,"href":"https:\/\/landshuter-kurzfilmfestival.de\/de\/wp-json\/wp\/v2\/users\/4"}],"replies":[{"embeddable":true,"href":"https:\/\/landshuter-kurzfilmfestival.de\/de\/wp-json\/wp\/v2\/comments?post=14805"}],"version-history":[{"count":1,"href":"https:\/\/landshuter-kurzfilmfestival.de\/de\/wp-json\/wp\/v2\/pages\/14805\/revisions"}],"predecessor-version":[{"id":17229,"href":"https:\/\/landshuter-kurzfilmfestival.de\/de\/wp-json\/wp\/v2\/pages\/14805\/revisions\/17229"}],"up":[{"embeddable":true,"href":"https:\/\/landshuter-kurzfilmfestival.de\/de\/wp-json\/wp\/v2\/pages\/17226"}],"wp:attachment":[{"href":"https:\/\/landshuter-kurzfilmfestival.de\/de\/wp-json\/wp\/v2\/media?parent=14805"}],"wp:term":[{"taxonomy":"category","embeddable":true,"href":"https:\/\/landshuter-kurzfilmfestival.de\/de\/wp-json\/wp\/v2\/categories?post=14805"},{"taxonomy":"post_tag","embeddable":true,"href":"https:\/\/landshuter-kurzfilmfestival.de\/de\/wp-json\/wp\/v2\/tags?post=14805"}],"curies":[{"name":"wp","href":"https:\/\/api.w.org\/{rel}","templated":true}]}}