{"id":15797,"date":"2022-01-31T18:02:24","date_gmt":"2022-01-31T17:02:24","guid":{"rendered":"https:\/\/2021.landshuter-kurzfilmfestival.de\/?page_id=15797"},"modified":"2025-12-26T17:18:30","modified_gmt":"2025-12-26T16:18:30","slug":"regularien","status":"publish","type":"page","link":"https:\/\/landshuter-kurzfilmfestival.de\/de\/extras\/regularien\/","title":{"rendered":"Regularien"},"content":{"rendered":"\n<div data-elementor-type=\"wp-page\" data-elementor-id=\"15797\" class=\"elementor elementor-15797\" data-elementor-post-type=\"page\">\n<section class=\"elementor-section elementor-top-section elementor-element elementor-element-866d7c8 elementor-section-full_width page-regulations-image elementor-section-height-default elementor-section-height-default\" data-id=\"866d7c8\" data-element_type=\"section\">\n<div class=\"elementor-container elementor-column-gap-default\">\n<div class=\"elementor-column elementor-col-100 elementor-top-column elementor-element elementor-element-3b0c5cb\" data-id=\"3b0c5cb\" data-element_type=\"column\">\n<div class=\"elementor-widget-wrap elementor-element-populated\">\n<div class=\"elementor-element elementor-element-aede1a1 elementor-widget elementor-widget-image\" data-id=\"aede1a1\" data-element_type=\"widget\" data-widget_type=\"image.default\">\n<div class=\"elementor-widget-container\">\n\t\t\t\t\t\t\t\t\t\t\t\t\t\t\t<img fetchpriority=\"high\" decoding=\"async\" width=\"2560\" height=\"1707\" src=\"https:\/\/landshuter-kurzfilmfestival.de\/wp-content\/uploads\/2023\/07\/regularien-scaled.jpg\" class=\"attachment-full size-full wp-image-29009\" alt=\"\" srcset=\"https:\/\/landshuter-kurzfilmfestival.de\/wp-content\/uploads\/2023\/07\/regularien-scaled.jpg 2560w, https:\/\/landshuter-kurzfilmfestival.de\/wp-content\/uploads\/2023\/07\/regularien-300x200.jpg 300w, https:\/\/landshuter-kurzfilmfestival.de\/wp-content\/uploads\/2023\/07\/regularien-1024x683.jpg 1024w, https:\/\/landshuter-kurzfilmfestival.de\/wp-content\/uploads\/2023\/07\/regularien-768x512.jpg 768w, https:\/\/landshuter-kurzfilmfestival.de\/wp-content\/uploads\/2023\/07\/regularien-1536x1024.jpg 1536w, https:\/\/landshuter-kurzfilmfestival.de\/wp-content\/uploads\/2023\/07\/regularien-2048x1365.jpg 2048w\" sizes=\"(max-width: 2560px) 100vw, 2560px\" \/>\t\t\t\t\t\t\t\t\t\t\t\t\t\t\t<\/div>\n<\/p><\/div>\n<\/p><\/div>\n<\/p><\/div>\n<\/p><\/div>\n<\/section>\n<section class=\"elementor-section elementor-top-section elementor-element elementor-element-c35cf2d elementor-section-full_width page-regulations-awards-header elementor-section-height-default elementor-section-height-default\" data-id=\"c35cf2d\" data-element_type=\"section\">\n<div class=\"elementor-container elementor-column-gap-default\">\n<div class=\"elementor-column elementor-col-100 elementor-top-column elementor-element elementor-element-a2d5a78\" data-id=\"a2d5a78\" data-element_type=\"column\">\n<div class=\"elementor-widget-wrap elementor-element-populated\">\n<div class=\"elementor-element elementor-element-42d8375 font-title elementor-widget elementor-widget-heading\" data-id=\"42d8375\" data-element_type=\"widget\" data-widget_type=\"heading.default\">\n<div class=\"elementor-widget-container\">\n<h1 class=\"elementor-heading-title elementor-size-default\">Regularien und Preise  LAKFF<br \/><\/h1>\n<\/p><\/div>\n<\/p><\/div>\n<div class=\"elementor-element elementor-element-429eb5e elementor-widget elementor-widget-text-editor\" data-id=\"429eb5e\" data-element_type=\"widget\" data-widget_type=\"text-editor.default\">\n<div class=\"elementor-widget-container\">\n<h5>F\u00fcr das Landshuter Kurzfilmfestival k\u00f6nnen Kurzfilme mit einer L\u00e4nge bis zu 30 Minuten angemeldet werden. Alle Informationen dazu sind unter dem Men\u00fcpunkt Filmanmeldung zu finden.<\/h5>\n<h5><\/h5>\n<\/p><\/div>\n<\/p><\/div>\n<\/p><\/div>\n<\/p><\/div>\n<\/p><\/div>\n<\/section>\n<section class=\"elementor-section elementor-top-section elementor-element elementor-element-faade9b elementor-section-full_width elementor-section-height-default elementor-section-height-default\" data-id=\"faade9b\" data-element_type=\"section\">\n<div class=\"elementor-container elementor-column-gap-default\">\n<div class=\"elementor-column elementor-col-100 elementor-top-column elementor-element elementor-element-47e8291 page-regulations-awards\" data-id=\"47e8291\" data-element_type=\"column\">\n<div class=\"elementor-widget-wrap elementor-element-populated\">\n<div class=\"elementor-element elementor-element-08b43ca enumeration-number elementor-widget elementor-widget-heading\" data-id=\"08b43ca\" data-element_type=\"widget\" data-widget_type=\"heading.default\">\n<div class=\"elementor-widget-container\">\n<h2 class=\"elementor-heading-title elementor-size-default\">1.<\/h2>\n<\/p><\/div>\n<\/p><\/div>\n<div class=\"elementor-element elementor-element-09582a8 elementor-widget elementor-widget-text-editor\" data-id=\"09582a8\" data-element_type=\"widget\" data-widget_type=\"text-editor.default\">\n<div class=\"elementor-widget-container\">\n<p>Der G-S-A Wettbewerb \/ D-A-CH Wettbewerb ist offen f\u00fcr Kurzfilme aus Deutschland, \u00d6sterreich und der Schweiz in deutscher Sprache. In dieser Kategorie werden drei Preise vergeben.<\/p>\n<p>Gro\u00dfer BMW Kurzfilmpreis: Vergabe durch eine Jury; das Preisgeld betr\u00e4gt 5.000 Euro<br \/>Publikumspreis: das Preisgeld betr\u00e4gt 2.000 Euro<br \/>Beste Kom\u00f6die: Vergabe durch eine Jury; das Preisgeld betr\u00e4gt 500 Euro<\/p>\n<p>Eingereichte Filme d\u00fcrfen nicht l\u00e4nger als 30 Minuten sein.<\/p>\n<\/p><\/div>\n<\/p><\/div>\n<div class=\"elementor-element elementor-element-13f7d30 enumeration-number elementor-widget elementor-widget-heading\" data-id=\"13f7d30\" data-element_type=\"widget\" data-widget_type=\"heading.default\">\n<div class=\"elementor-widget-container\">\n<h2 class=\"elementor-heading-title elementor-size-default\">2.<\/h2>\n<\/p><\/div>\n<\/p><\/div>\n<div class=\"elementor-element elementor-element-b882e73 elementor-widget elementor-widget-text-editor\" data-id=\"b882e73\" data-element_type=\"widget\" data-widget_type=\"text-editor.default\">\n<div class=\"elementor-widget-container\">\n<p>Der internationale Wettbewerb ist offen f\u00fcr Kurzfilme weltweit. In dieser Kategorie werden zwei Preise vergeben.<\/p>\n<p>Internationaler Kurzfilmpreis: Vergabe durch eine Jury; das Preisgeld betr\u00e4gt 2.000 Euro<br \/>Publikumspreis: das Preisgeld betr\u00e4gt 1.000 Euro<\/p>\n<p>Eingereichte Filme d\u00fcrfen nicht l\u00e4nger als 30 Minuten sein.<\/p>\n<\/p><\/div>\n<\/p><\/div>\n<div class=\"elementor-element elementor-element-bcfd1f6 enumeration-number elementor-widget elementor-widget-heading\" data-id=\"bcfd1f6\" data-element_type=\"widget\" data-widget_type=\"heading.default\">\n<div class=\"elementor-widget-container\">\n<h2 class=\"elementor-heading-title elementor-size-default\">3.<\/h2>\n<\/p><\/div>\n<\/p><\/div>\n<div class=\"elementor-element elementor-element-e2f17de elementor-widget elementor-widget-text-editor\" data-id=\"e2f17de\" data-element_type=\"widget\" data-widget_type=\"text-editor.default\">\n<div class=\"elementor-widget-container\">\n<p>Der Deadline_Award ist offen f\u00fcr Genre-Kurzfilme weltweit. Er wird an einen herausragenden internationalen Horror-, Mystery-, Fantasy-, Science-Fiction- oder Thriller-Kurzfilm.<\/p>\n<p>Deadline_Award: Vergabe durch eine Jury; das Preisgeld betr\u00e4gt 1.000 Euro<br \/>Deadline_Publikumspreis; das Preisgeld betr\u00e4gt 300 Euro<\/p>\n<p>Eingereichte Filme d\u00fcrfen nicht l\u00e4nger als 30 Minuten sein.<\/p>\n<\/p><\/div>\n<\/p><\/div>\n<div class=\"elementor-element elementor-element-b14bdb3 enumeration-number elementor-widget elementor-widget-heading\" data-id=\"b14bdb3\" data-element_type=\"widget\" data-widget_type=\"heading.default\">\n<div class=\"elementor-widget-container\">\n<h2 class=\"elementor-heading-title elementor-size-default\">4.<\/h2>\n<\/p><\/div>\n<\/p><\/div>\n<div class=\"elementor-element elementor-element-4c0265e elementor-widget elementor-widget-text-editor\" data-id=\"4c0265e\" data-element_type=\"widget\" data-widget_type=\"text-editor.default\">\n<div class=\"elementor-widget-container\">\n<p>Der Animationswettbewerb ist offen f\u00fcr animierte Kurzfilme weltweit.<\/p>\n<p>Das Preisgeld betr\u00e4gt 750 Euro und wird von einer Jury vergeben.<\/p>\n<p>Eingereichte Filme d\u00fcrfen nicht l\u00e4nger als 30 Minuten sein.<\/p>\n<\/p><\/div>\n<\/p><\/div>\n<div class=\"elementor-element elementor-element-5c67d44 enumeration-number elementor-widget elementor-widget-heading\" data-id=\"5c67d44\" data-element_type=\"widget\" data-widget_type=\"heading.default\">\n<div class=\"elementor-widget-container\">\n<h2 class=\"elementor-heading-title elementor-size-default\">5.<\/h2>\n<\/p><\/div>\n<\/p><\/div>\n<div class=\"elementor-element elementor-element-9057143 elementor-widget elementor-widget-text-editor\" data-id=\"9057143\" data-element_type=\"widget\" data-widget_type=\"text-editor.default\">\n<div class=\"elementor-widget-container\">\n<p>Der Dokumentarfilmwettbewerb ist offen f\u00fcr Kurzfilme aus Deutschland, \u00d6sterreich und der Schweiz.<\/p>\n<p>Das Preisgeld betr\u00e4gt 1.000 Euro und wird von einer Jury vergeben.<\/p>\n<p>Eingereichte Filme d\u00fcrfen nicht l\u00e4nger als 30 Minuten sein.<\/p><\/div>\n<\/p><\/div>\n<div class=\"elementor-element elementor-element-9be7c0c enumeration-number elementor-widget elementor-widget-heading\" data-id=\"9be7c0c\" data-element_type=\"widget\" data-widget_type=\"heading.default\">\n<div class=\"elementor-widget-container\">\n<h2 class=\"elementor-heading-title elementor-size-default\">6.<\/h2>\n<\/p><\/div>\n<\/p><\/div>\n<div class=\"elementor-element elementor-element-11267ed elementor-widget elementor-widget-text-editor\" data-id=\"11267ed\" data-element_type=\"widget\" data-widget_type=\"text-editor.default\">\n<div class=\"elementor-widget-container\">\n<p>Der Wettbewerb \u201eKurzes f\u00fcr Kids\u201c ist offen f\u00fcr Kinderkurzfilme aus Deutschland, \u00d6sterreich oder der Schweiz in deutscher Sprache teilnehmen.<\/p>\n<p>Das Preisgeld betr\u00e4gt 1.000 Euro und wird vom Publikum vergeben.<\/p>\n<p>Eingereichte Filme d\u00fcrfen nicht l\u00e4nger als 30 Minuten sein.<\/p>\n<\/p><\/div>\n<\/p><\/div>\n<div class=\"elementor-element elementor-element-79e2f0f enumeration-number elementor-widget elementor-widget-heading\" data-id=\"79e2f0f\" data-element_type=\"widget\" data-widget_type=\"heading.default\">\n<div class=\"elementor-widget-container\">\n<h2 class=\"elementor-heading-title elementor-size-default\">7.<\/h2>\n<\/p><\/div>\n<\/p><\/div>\n<div class=\"elementor-element elementor-element-8beecb8 elementor-widget elementor-widget-text-editor\" data-id=\"8beecb8\" data-element_type=\"widget\" data-widget_type=\"text-editor.default\">\n<div class=\"elementor-widget-container\">\n<p>Der Lokalrunde-Wettbewerb ist offen f\u00fcr Kurzfilme, die in Niederbayern entstanden sind, Niederbayern zum Thema haben oder niederbayerische Protagonisten vor oder hinter der Kamera haben.<\/p>\n<p>Das Preisgeld betr\u00e4gt 500 Euro und wird vom Publikum vergeben.<\/p>\n<p>Eingereichte Filme d\u00fcrfen nicht l\u00e4nger als 30 Minuten sein.<\/p>\n<\/p><\/div>\n<\/p><\/div>\n<div class=\"elementor-element elementor-element-051ad3f enumeration-number elementor-widget elementor-widget-heading\" data-id=\"051ad3f\" data-element_type=\"widget\" data-widget_type=\"heading.default\">\n<div class=\"elementor-widget-container\">\n<h2 class=\"elementor-heading-title elementor-size-default\">8.<\/h2>\n<\/p><\/div>\n<\/p><\/div>\n<div class=\"elementor-element elementor-element-0bd871e elementor-widget elementor-widget-text-editor\" data-id=\"0bd871e\" data-element_type=\"widget\" data-widget_type=\"text-editor.default\">\n<div class=\"elementor-widget-container\">\n<p>Der DaHome Award ist ein Sonderpreis der Jury und wird an einen internationalen Kurzfilm verliehen, der sich auf besondere und au\u00dfergew\u00f6hnliche Weise mit dem Thema Heimat auseinandersetzt.<\/p>\n<p>Das Preisgeld betr\u00e4gt 2.000 Euro und wird von einer Jury vergeben.<\/p>\n<\/p><\/div>\n<\/p><\/div>\n<div class=\"elementor-element elementor-element-ddfc3d3 enumeration-number elementor-widget elementor-widget-heading\" data-id=\"ddfc3d3\" data-element_type=\"widget\" data-widget_type=\"heading.default\">\n<div class=\"elementor-widget-container\">\n<h2 class=\"elementor-heading-title elementor-size-default\">9.<\/h2>\n<\/p><\/div>\n<\/p><\/div>\n<div class=\"elementor-element elementor-element-a584a2f elementor-widget elementor-widget-text-editor\" data-id=\"a584a2f\" data-element_type=\"widget\" data-widget_type=\"text-editor.default\">\n<div class=\"elementor-widget-container\">\n<p>Alle eingereichten Filme m\u00fcssen nach dem 1. Januar 2022 fertiggestellt worden sein.<\/p>\n<\/p><\/div>\n<\/p><\/div>\n<div class=\"elementor-element elementor-element-0234519 enumeration-number elementor-widget elementor-widget-heading\" data-id=\"0234519\" data-element_type=\"widget\" data-widget_type=\"heading.default\">\n<div class=\"elementor-widget-container\">\n<h2 class=\"elementor-heading-title elementor-size-default\">10.<\/h2>\n<\/p><\/div>\n<\/p><\/div>\n<div class=\"elementor-element elementor-element-c0fc95f elementor-widget elementor-widget-text-editor\" data-id=\"c0fc95f\" data-element_type=\"widget\" data-widget_type=\"text-editor.default\">\n<div class=\"elementor-widget-container\">\n<p>Die Vorf\u00fchrformate auf dem Festival sind: DCP, Full-HD-High-Res Files, Apple ProRes<\/p>\n<\/p><\/div>\n<\/p><\/div>\n<div class=\"elementor-element elementor-element-5a063e3 enumeration-number elementor-widget elementor-widget-heading\" data-id=\"5a063e3\" data-element_type=\"widget\" data-widget_type=\"heading.default\">\n<div class=\"elementor-widget-container\">\n<h2 class=\"elementor-heading-title elementor-size-default\">11.<\/h2>\n<\/p><\/div>\n<\/p><\/div>\n<div class=\"elementor-element elementor-element-13350a9 elementor-widget elementor-widget-text-editor\" data-id=\"13350a9\" data-element_type=\"widget\" data-widget_type=\"text-editor.default\">\n<div class=\"elementor-widget-container\">\n<p>Wenn die Originalversion des Films nicht in englischer oder deutscher Sprache vorliegt, muss der Film in englischer oder deutscher Sprache untertitelt werden.<\/p>\n<\/p><\/div>\n<\/p><\/div>\n<div class=\"elementor-element elementor-element-7b22879 enumeration-number elementor-widget elementor-widget-heading\" data-id=\"7b22879\" data-element_type=\"widget\" data-widget_type=\"heading.default\">\n<div class=\"elementor-widget-container\">\n<h2 class=\"elementor-heading-title elementor-size-default\">12.<\/h2>\n<\/p><\/div>\n<\/p><\/div>\n<div class=\"elementor-element elementor-element-05d0ad8 elementor-widget elementor-widget-text-editor\" data-id=\"05d0ad8\" data-element_type=\"widget\" data-widget_type=\"text-editor.default\">\n<div class=\"elementor-widget-container\">\n<p>Mit der Einreichung Ihres Films oder Videos garantieren Sie, dass Sie \u00fcber alle relevanten Genehmigungen, Lizenzen und Freigaben verf\u00fcgen, damit Ihr Film oder Video in einer \u00f6ffentlichen Vorstellung gezeigt werden kann.<\/p>\n<\/p><\/div>\n<\/p><\/div>\n<div class=\"elementor-element elementor-element-fba8cd7 enumeration-number elementor-widget elementor-widget-heading\" data-id=\"fba8cd7\" data-element_type=\"widget\" data-widget_type=\"heading.default\">\n<div class=\"elementor-widget-container\">\n<h2 class=\"elementor-heading-title elementor-size-default\">13.<\/h2>\n<\/p><\/div>\n<\/p><\/div>\n<div class=\"elementor-element elementor-element-d664c4f elementor-widget elementor-widget-text-editor\" data-id=\"d664c4f\" data-element_type=\"widget\" data-widget_type=\"text-editor.default\">\n<div class=\"elementor-widget-container\">\n<p>Der Veranstalter hat das Recht, Trailer und Ausschnitte des eingereichten und ausgew\u00e4hlten Films auf den Websites, Social-Media-Seiten des Festivals und im TV im Rahmen der Festivalberichterstattung zu zeigen, sofern dem Einreicher nicht ausdr\u00fccklich widersprochen wird.<\/p>\n<\/p><\/div>\n<\/p><\/div>\n<div class=\"elementor-element elementor-element-9a2da0c enumeration-number elementor-widget elementor-widget-heading\" data-id=\"9a2da0c\" data-element_type=\"widget\" data-widget_type=\"heading.default\">\n<div class=\"elementor-widget-container\">\n<h2 class=\"elementor-heading-title elementor-size-default\">14.<\/h2>\n<\/p><\/div>\n<\/p><\/div>\n<div class=\"elementor-element elementor-element-fa0efa0 elementor-widget elementor-widget-text-editor\" data-id=\"fa0efa0\" data-element_type=\"widget\" data-widget_type=\"text-editor.default\">\n<div class=\"elementor-widget-container\">\n<p>Werden mehr Filme eingereicht, als im Festivalprogramm gezeigt werden k\u00f6nnen, entscheidet eine Vorjury \u00fcber die Zulassung zu den verschiedenen Programmen und Wettbewerben. Die angenommenen Filme werden von der k\u00fcnstlerischen Festivalleitung auf die verschiedenen Wettbewerbe und Programme aufgeteilt. Die Entscheidung der Vorjury ist endg\u00fcltig.<\/p>\n<\/p><\/div>\n<\/p><\/div>\n<div class=\"elementor-element elementor-element-dea8ddd enumeration-number elementor-widget elementor-widget-heading\" data-id=\"dea8ddd\" data-element_type=\"widget\" data-widget_type=\"heading.default\">\n<div class=\"elementor-widget-container\">\n<h2 class=\"elementor-heading-title elementor-size-default\">15.<\/h2>\n<\/p><\/div>\n<\/p><\/div>\n<div class=\"elementor-element elementor-element-72ebf7c elementor-widget elementor-widget-text-editor\" data-id=\"72ebf7c\" data-element_type=\"widget\" data-widget_type=\"text-editor.default\">\n<div class=\"elementor-widget-container\">\n<p>Eine Vorf\u00fchrgeb\u00fchr wird nicht gezahlt.<\/p>\n<\/p><\/div>\n<\/p><\/div>\n<div class=\"elementor-element elementor-element-219b1a2 enumeration-number elementor-widget elementor-widget-heading\" data-id=\"219b1a2\" data-element_type=\"widget\" data-widget_type=\"heading.default\">\n<div class=\"elementor-widget-container\">\n<h2 class=\"elementor-heading-title elementor-size-default\">16.<\/h2>\n<\/p><\/div>\n<\/p><\/div>\n<div class=\"elementor-element elementor-element-da5d1a7 elementor-widget elementor-widget-text-editor\" data-id=\"da5d1a7\" data-element_type=\"widget\" data-widget_type=\"text-editor.default\">\n<div class=\"elementor-widget-container\">\n<p>Festivalp\u00e4sse und Reisekostenzuschuss:<\/p>\n<p>Teilnehmende Filmemacher:innen haben die M\u00f6glichkeit sich kostenlos zu akkreditieren und erhalten bis zu drei Festivalp\u00e4sse pro angenommenen Film. Alle anderen Teammitglieder k\u00f6nnen gegen eine Geb\u00fchr von 30 Euro pro Person akkreditiert werden.<\/p>\n<p>F\u00fcr jeden angenommenen Film wird eine Reisekostenpauschale gew\u00e4hrt. Der Reisekostenzuschuss kann nur einmal von einer Person beantragt werden, auch wenn diese mehrere Filme im Festivalprogramm hat. Der Reisekostenzuschuss kann nicht in bar ausgezahlt werden, sondern wird nach dem Festival an die daf\u00fcr angemeldete Person \u00fcberwiesen. Der Reisekostenzuschuss betr\u00e4gt f\u00fcr:<br \/>\u2022 Bayern 80 \u20ac<br \/>\u2022 Restliches Deutschland 150 \u20ac<br \/>\u2022 Europ\u00e4ische L\u00e4nder 250 \u20ac<br \/>\u2022 Rest der Welt 350 \u20ac<\/p>\n<p>Die Kosten f\u00fcr Hotel und Unterkunft k\u00f6nnen wir leider nicht \u00fcbernehmen.<\/p>\n<\/p><\/div>\n<\/p><\/div>\n<div class=\"elementor-element elementor-element-c2906c9 enumeration-number elementor-widget elementor-widget-heading\" data-id=\"c2906c9\" data-element_type=\"widget\" data-widget_type=\"heading.default\">\n<div class=\"elementor-widget-container\">\n<h2 class=\"elementor-heading-title elementor-size-default\">17.<\/h2>\n<\/p><\/div>\n<\/p><\/div>\n<div class=\"elementor-element elementor-element-1f2d414 elementor-widget elementor-widget-text-editor\" data-id=\"1f2d414\" data-element_type=\"widget\" data-widget_type=\"text-editor.default\">\n<div class=\"elementor-widget-container\">\n<p>Mit der Einreichung erkl\u00e4rt sich der \/ die Einsender:in damit einverstanden, dass ihre Angaben f\u00fcr die Zwecke des Festivals gespeichert und genutzt werden und akzeptiert die Bestimmungen des Festivals.<\/p>\n<\/p><\/div>\n<\/p><\/div>\n<div class=\"elementor-element elementor-element-061e6dd enumeration-number elementor-widget elementor-widget-heading\" data-id=\"061e6dd\" data-element_type=\"widget\" data-widget_type=\"heading.default\">\n<div class=\"elementor-widget-container\">\n<h2 class=\"elementor-heading-title elementor-size-default\">18.<\/h2>\n<\/p><\/div>\n<\/p><\/div>\n<div class=\"elementor-element elementor-element-3bc7f63 elementor-widget elementor-widget-text-editor\" data-id=\"3bc7f63\" data-element_type=\"widget\" data-widget_type=\"text-editor.default\">\n<div class=\"elementor-widget-container\">\n<p>Mit der Einreichung eines Films akzeptiert der \/ die Einreicher:in alle Teilnahmebedingungen und die Datenschutzbestimmungen des Landshuter Kurzfilmfestivals.<\/p>\n<\/p><\/div>\n<\/p><\/div>\n<div class=\"elementor-element elementor-element-573a12d enumeration-number elementor-hidden-desktop elementor-hidden-tablet elementor-hidden-mobile elementor-widget elementor-widget-heading\" data-id=\"573a12d\" data-element_type=\"widget\" data-widget_type=\"heading.default\">\n<div class=\"elementor-widget-container\">\n<h2 class=\"elementor-heading-title elementor-size-default\">19.<\/h2>\n<\/p><\/div>\n<\/p><\/div>\n<div class=\"elementor-element elementor-element-71749fd elementor-hidden-desktop elementor-hidden-tablet elementor-hidden-mobile elementor-widget elementor-widget-text-editor\" data-id=\"71749fd\" data-element_type=\"widget\" data-widget_type=\"text-editor.default\">\n<div class=\"elementor-widget-container\">\n\t\t\t\t\t\t\t\t\tMit der Einreichung eines Films akzeptiert der \/ die Einreicher:in alle Teilnahmebedingungen und die Datenschutzbestimmungen des Landshuter Kurzfilmfestivals.\n\t\t\t\t\t\t\t\t<\/div>\n<\/p><\/div>\n<\/p><\/div>\n<\/p><\/div>\n<\/p><\/div>\n<\/section><\/div>\n","protected":false},"excerpt":{"rendered":"<p>Regularien und Preise LAKFF F\u00fcr das Landshuter Kurzfilmfestival k\u00f6nnen Kurzfilme mit einer L\u00e4nge bis zu 30 Minuten angemeldet werden. Alle Informationen dazu sind unter dem Men\u00fcpunkt Filmanmeldung zu finden. 1. Der G-S-A Wettbewerb \/ D-A-CH Wettbewerb ist offen f\u00fcr Kurzfilme aus Deutschland, \u00d6sterreich und der Schweiz in deutscher Sprache. In dieser Kategorie werden drei Preise &#8230; <br \/><a class=\"read-more\" href=\"https:\/\/landshuter-kurzfilmfestival.de\/de\/extras\/regularien\/\">Read More<\/a><\/p>\n","protected":false},"author":4,"featured_media":0,"parent":21366,"menu_order":6,"comment_status":"closed","ping_status":"closed","template":"","meta":{"_acf_changed":false,"footnotes":""},"categories":[],"tags":[],"class_list":["post-15797","page","type-page","status-publish","hentry"],"acf":[],"_links":{"self":[{"href":"https:\/\/landshuter-kurzfilmfestival.de\/de\/wp-json\/wp\/v2\/pages\/15797","targetHints":{"allow":["GET"]}}],"collection":[{"href":"https:\/\/landshuter-kurzfilmfestival.de\/de\/wp-json\/wp\/v2\/pages"}],"about":[{"href":"https:\/\/landshuter-kurzfilmfestival.de\/de\/wp-json\/wp\/v2\/types\/page"}],"author":[{"embeddable":true,"href":"https:\/\/landshuter-kurzfilmfestival.de\/de\/wp-json\/wp\/v2\/users\/4"}],"replies":[{"embeddable":true,"href":"https:\/\/landshuter-kurzfilmfestival.de\/de\/wp-json\/wp\/v2\/comments?post=15797"}],"version-history":[{"count":92,"href":"https:\/\/landshuter-kurzfilmfestival.de\/de\/wp-json\/wp\/v2\/pages\/15797\/revisions"}],"predecessor-version":[{"id":35593,"href":"https:\/\/landshuter-kurzfilmfestival.de\/de\/wp-json\/wp\/v2\/pages\/15797\/revisions\/35593"}],"up":[{"embeddable":true,"href":"https:\/\/landshuter-kurzfilmfestival.de\/de\/wp-json\/wp\/v2\/pages\/21366"}],"wp:attachment":[{"href":"https:\/\/landshuter-kurzfilmfestival.de\/de\/wp-json\/wp\/v2\/media?parent=15797"}],"wp:term":[{"taxonomy":"category","embeddable":true,"href":"https:\/\/landshuter-kurzfilmfestival.de\/de\/wp-json\/wp\/v2\/categories?post=15797"},{"taxonomy":"post_tag","embeddable":true,"href":"https:\/\/landshuter-kurzfilmfestival.de\/de\/wp-json\/wp\/v2\/tags?post=15797"}],"curies":[{"name":"wp","href":"https:\/\/api.w.org\/{rel}","templated":true}]}}