{"id":17262,"date":"2022-03-06T19:40:22","date_gmt":"2022-03-06T18:40:22","guid":{"rendered":"https:\/\/2021.landshuter-kurzfilmfestival.de\/?page_id=17262"},"modified":"2026-02-24T11:17:21","modified_gmt":"2026-02-24T10:17:21","slug":"jury-1","status":"publish","type":"page","link":"https:\/\/landshuter-kurzfilmfestival.de\/de\/jury\/jury-1\/","title":{"rendered":"Jury 1"},"content":{"rendered":"\n<div data-elementor-type=\"wp-page\" data-elementor-id=\"17262\" class=\"elementor elementor-17262\" data-elementor-post-type=\"page\">\n<section class=\"elementor-section elementor-top-section elementor-element elementor-element-bb2d0a4 elementor-section-full_width elementor-section-height-default elementor-section-height-default\" data-id=\"bb2d0a4\" data-element_type=\"section\">\n<div class=\"elementor-container elementor-column-gap-default\">\n<div class=\"elementor-column elementor-col-33 elementor-top-column elementor-element elementor-element-956ab36\" data-id=\"956ab36\" data-element_type=\"column\">\n<div class=\"elementor-widget-wrap elementor-element-populated\">\n<div class=\"elementor-element elementor-element-01229a3 elementor-widget elementor-widget-heading\" data-id=\"01229a3\" data-element_type=\"widget\" data-widget_type=\"heading.default\">\n<div class=\"elementor-widget-container\">\n<h2 class=\"elementor-heading-title elementor-size-default\">Jury #1<\/h2>\n<\/p><\/div>\n<\/p><\/div>\n<\/p><\/div>\n<\/p><\/div>\n<div class=\"elementor-column elementor-col-66 elementor-top-column elementor-element elementor-element-cfdc0d0\" data-id=\"cfdc0d0\" data-element_type=\"column\">\n<div class=\"elementor-widget-wrap elementor-element-populated\">\n<div class=\"elementor-element elementor-element-e716606 elementor-widget elementor-widget-text-editor\" data-id=\"e716606\" data-element_type=\"widget\" data-widget_type=\"text-editor.default\">\n<div class=\"elementor-widget-container\">\n<p>D-A-CH Wettbewerb<br \/>DOK Award<\/p>\n<\/p><\/div>\n<\/p><\/div>\n<\/p><\/div>\n<\/p><\/div>\n<\/p><\/div>\n<\/section>\n<section class=\"elementor-section elementor-top-section elementor-element elementor-element-4147930 elementor-section-boxed elementor-section-height-default elementor-section-height-default\" data-id=\"4147930\" data-element_type=\"section\">\n<div class=\"elementor-container elementor-column-gap-default\">\n<div class=\"elementor-column elementor-col-100 elementor-top-column elementor-element elementor-element-b70becc\" data-id=\"b70becc\" data-element_type=\"column\">\n<div class=\"elementor-widget-wrap\">\n\t\t\t\t\t\t\t<\/div>\n<\/p><\/div>\n<\/p><\/div>\n<\/section>\n<section class=\"elementor-section elementor-top-section elementor-element elementor-element-70d1c41 elementor-section-full_width elementor-section-height-default elementor-section-height-default\" data-id=\"70d1c41\" data-element_type=\"section\">\n<div class=\"elementor-container elementor-column-gap-default\">\n<div class=\"elementor-column elementor-col-33 elementor-top-column elementor-element elementor-element-88c5a3a\" data-id=\"88c5a3a\" data-element_type=\"column\">\n<div class=\"elementor-widget-wrap elementor-element-populated\">\n<div class=\"elementor-element elementor-element-c192fc6 elementor-widget elementor-widget-image\" data-id=\"c192fc6\" data-element_type=\"widget\" data-widget_type=\"image.default\">\n<div class=\"elementor-widget-container\">\n\t\t\t\t\t\t\t\t\t\t\t\t\t\t\t<img fetchpriority=\"high\" decoding=\"async\" width=\"600\" height=\"693\" src=\"https:\/\/landshuter-kurzfilmfestival.de\/wp-content\/uploads\/2026\/01\/Magdalena-Wiedenhofer.png\" class=\"attachment-large size-large wp-image-37024\" alt=\"\" srcset=\"https:\/\/landshuter-kurzfilmfestival.de\/wp-content\/uploads\/2026\/01\/Magdalena-Wiedenhofer.png 600w, https:\/\/landshuter-kurzfilmfestival.de\/wp-content\/uploads\/2026\/01\/Magdalena-Wiedenhofer-260x300.png 260w, https:\/\/landshuter-kurzfilmfestival.de\/wp-content\/uploads\/2026\/01\/Magdalena-Wiedenhofer-300x347.png 300w\" sizes=\"(max-width: 600px) 100vw, 600px\" \/>\t\t\t\t\t\t\t\t\t\t\t\t\t\t\t<\/div>\n<\/p><\/div>\n<\/p><\/div>\n<\/p><\/div>\n<div class=\"elementor-column elementor-col-66 elementor-top-column elementor-element elementor-element-236132f\" data-id=\"236132f\" data-element_type=\"column\">\n<div class=\"elementor-widget-wrap elementor-element-populated\">\n<div class=\"elementor-element elementor-element-b720025 elementor-widget elementor-widget-text-editor\" data-id=\"b720025\" data-element_type=\"widget\" data-widget_type=\"text-editor.default\">\n<div class=\"elementor-widget-container\">\n<p><strong>Magdalena Wiedenhofer<\/strong><\/p>\n<\/p>\n<p>Magdalena Wiedenhofer ist eine in der Schweiz geborene Film- und Theaterschauspielerin und Regisseurin. Mit sieben Jahren begann sie als \u201ePetite Fille&#8220; im Ch\u00e2telet de Paris. Weitere Inszenierungen folgten in Deutschland. Mit 17 arbeitete sie als freie Regieassistentin in Deutschland und Frankreich und inszenierte ihre ersten St\u00fccke. 2009 &#8211; 2013 studierte sie unter der K\u00fcnstlerischen Leitung von Luk Perceval an der Adk Ludwigsburg, erhielt w\u00e4hrenddessen ihre ersten Festengagements am Staatstheater Wiesbaden und M\u00fcnchner Volkstheater und drehte mit der Filmakademie Ludwigsburg ihre ersten Kurzfilme. Sie arbeitete u.a. mit den Filmregisseur:innen Shirel Peleg, Torsten C. Fischer, Samira Radsi, Kai Wessel und Maurice H\u00fcbner (im Grimme-Preis nominierten \u201eBoom Boom Bruno\u201c). Zu sehen ist sie in diversen Film-und Fernsehformaten wie Sky, ZDF, ARD, SWR und Arte. Zuletzt fiel sie im \u201eTatort Berlin\u201c Corinna Harfouch in die Arme. Seit 2025 schreibt sie ihre ersten Theaterst\u00fccke als freie Autorin.<\/p>\n<\/p><\/div>\n<\/p><\/div>\n<\/p><\/div>\n<\/p><\/div>\n<\/p><\/div>\n<\/section>\n<section class=\"elementor-section elementor-top-section elementor-element elementor-element-f49eca9 elementor-section-boxed elementor-section-height-default elementor-section-height-default\" data-id=\"f49eca9\" data-element_type=\"section\">\n<div class=\"elementor-container elementor-column-gap-default\">\n<div class=\"elementor-column elementor-col-100 elementor-top-column elementor-element elementor-element-a6e7baa\" data-id=\"a6e7baa\" data-element_type=\"column\">\n<div class=\"elementor-widget-wrap\">\n\t\t\t\t\t\t\t<\/div>\n<\/p><\/div>\n<\/p><\/div>\n<\/section>\n<section class=\"elementor-section elementor-top-section elementor-element elementor-element-6d0c939 elementor-section-full_width elementor-section-height-default elementor-section-height-default\" data-id=\"6d0c939\" data-element_type=\"section\">\n<div class=\"elementor-container elementor-column-gap-default\">\n<div class=\"elementor-column elementor-col-33 elementor-top-column elementor-element elementor-element-c4967d2\" data-id=\"c4967d2\" data-element_type=\"column\">\n<div class=\"elementor-widget-wrap elementor-element-populated\">\n<div class=\"elementor-element elementor-element-4945d72 elementor-widget elementor-widget-image\" data-id=\"4945d72\" data-element_type=\"widget\" data-widget_type=\"image.default\">\n<div class=\"elementor-widget-container\">\n\t\t\t\t\t\t\t\t\t\t\t\t\t\t\t<img decoding=\"async\" width=\"600\" height=\"901\" src=\"https:\/\/landshuter-kurzfilmfestival.de\/wp-content\/uploads\/2026\/01\/Tanja-Schmidbauer_9000d737.png\" class=\"attachment-large size-large wp-image-37026\" alt=\"\" srcset=\"https:\/\/landshuter-kurzfilmfestival.de\/wp-content\/uploads\/2026\/01\/Tanja-Schmidbauer_9000d737.png 600w, https:\/\/landshuter-kurzfilmfestival.de\/wp-content\/uploads\/2026\/01\/Tanja-Schmidbauer_9000d737-200x300.png 200w, https:\/\/landshuter-kurzfilmfestival.de\/wp-content\/uploads\/2026\/01\/Tanja-Schmidbauer_9000d737-300x451.png 300w\" sizes=\"(max-width: 600px) 100vw, 600px\" \/>\t\t\t\t\t\t\t\t\t\t\t\t\t\t\t<\/div>\n<\/p><\/div>\n<\/p><\/div>\n<\/p><\/div>\n<div class=\"elementor-column elementor-col-66 elementor-top-column elementor-element elementor-element-0539bf6\" data-id=\"0539bf6\" data-element_type=\"column\">\n<div class=\"elementor-widget-wrap elementor-element-populated\">\n<div class=\"elementor-element elementor-element-8605d20 elementor-widget elementor-widget-text-editor\" data-id=\"8605d20\" data-element_type=\"widget\" data-widget_type=\"text-editor.default\">\n<div class=\"elementor-widget-container\">\n<p><strong>Tanja Schmidbauer<\/strong><\/p>\n<\/p>\n<p>Tanja Schmidbauer wurde 1993 in Prien am Chiemsee geboren und entdeckte bereits im Alter von zehn Jahren ihre Leidenschaft f\u00fcr das Filmemachen. Nach dem Abitur entschied sie sich f\u00fcr ein Anglistik-Studium an der LMU M\u00fcnchen mit Schwerpunkt Literaturwissenschaft und Auslandsjahr an der University of Sussex in Brighton, England. Auf ihren Bachelor folgte ein Studium im Bereich Produktion und Medienwirtschaft an der HFF M\u00fcnchen. Zusammen mit ihrem Bruder Andreas produzierte und inszenierte Tanja innerhalb ihrer gemeinsamen Firma Schmidbauer-Film die Mundart-Kom\u00f6dien \u201eHinterdupfing\u201c (2014), \u201eAustreten\u201c (2017) und \u201eWer gr\u00e4bt den Bestatter ein?\u201c (2022). Schmidbauer-Film agiert als Produktionsfirma (u.a. \u201eBubbles\u201c, 2025) sowie im deutschsprachigen Raum auch als Verleih (u.a. \u201eShahid\u201c, 2024).<\/p>\n<p><\/span><\/p>\n<\/p><\/div>\n<\/p><\/div>\n<\/p><\/div>\n<\/p><\/div>\n<\/p><\/div>\n<\/section>\n<section class=\"elementor-section elementor-top-section elementor-element elementor-element-9f403d7 elementor-section-boxed elementor-section-height-default elementor-section-height-default\" data-id=\"9f403d7\" data-element_type=\"section\">\n<div class=\"elementor-container elementor-column-gap-default\">\n<div class=\"elementor-column elementor-col-100 elementor-top-column elementor-element elementor-element-e7d9c68\" data-id=\"e7d9c68\" data-element_type=\"column\">\n<div class=\"elementor-widget-wrap\">\n\t\t\t\t\t\t\t<\/div>\n<\/p><\/div>\n<\/p><\/div>\n<\/section>\n<section class=\"elementor-section elementor-top-section elementor-element elementor-element-b576229 elementor-section-full_width elementor-section-height-default elementor-section-height-default\" data-id=\"b576229\" data-element_type=\"section\">\n<div class=\"elementor-container elementor-column-gap-default\">\n<div class=\"elementor-column elementor-col-33 elementor-top-column elementor-element elementor-element-613ae57\" data-id=\"613ae57\" data-element_type=\"column\">\n<div class=\"elementor-widget-wrap elementor-element-populated\">\n<div class=\"elementor-element elementor-element-85165f3 elementor-widget elementor-widget-image\" data-id=\"85165f3\" data-element_type=\"widget\" data-widget_type=\"image.default\">\n<div class=\"elementor-widget-container\">\n\t\t\t\t\t\t\t\t\t\t\t\t\t\t\t<img decoding=\"async\" width=\"600\" height=\"900\" src=\"https:\/\/landshuter-kurzfilmfestival.de\/wp-content\/uploads\/2026\/01\/JuliusGrimm_cLarsNitsch-2025.png\" class=\"attachment-large size-large wp-image-37023\" alt=\"\" srcset=\"https:\/\/landshuter-kurzfilmfestival.de\/wp-content\/uploads\/2026\/01\/JuliusGrimm_cLarsNitsch-2025.png 600w, https:\/\/landshuter-kurzfilmfestival.de\/wp-content\/uploads\/2026\/01\/JuliusGrimm_cLarsNitsch-2025-200x300.png 200w, https:\/\/landshuter-kurzfilmfestival.de\/wp-content\/uploads\/2026\/01\/JuliusGrimm_cLarsNitsch-2025-300x450.png 300w\" sizes=\"(max-width: 600px) 100vw, 600px\" \/>\t\t\t\t\t\t\t\t\t\t\t\t\t\t\t<\/div>\n<\/p><\/div>\n<\/p><\/div>\n<\/p><\/div>\n<div class=\"elementor-column elementor-col-66 elementor-top-column elementor-element elementor-element-246a102\" data-id=\"246a102\" data-element_type=\"column\">\n<div class=\"elementor-widget-wrap elementor-element-populated\">\n<div class=\"elementor-element elementor-element-213579b elementor-widget elementor-widget-text-editor\" data-id=\"213579b\" data-element_type=\"widget\" data-widget_type=\"text-editor.default\">\n<div class=\"elementor-widget-container\">\n<p><b>Julius Grimm<\/b><\/p>\n<\/p>\n<p>Julius Grimm wurde 1987 in Regensburg geboren und entdeckte fr\u00fch seine Leidenschaft f\u00fcr bewegte Bilder. Nach dem Fachabitur an der St\u00e4dtischen Rainer Werner Fassbinder Fachoberschule f\u00fcr Gestaltung in M\u00fcnchen absolvierte er 2010 die IHK-Ausbildung zum Mediengestalter Bild\/Ton bei ProSiebenSat.1. 2019 schloss er sein Diplom in Spielfilmregie an der Hochschule f\u00fcr Fernsehen und Film M\u00fcnchen ab. Seit 2017 wirkt er als Jurymitglied zahlreicher Festivals und seit 2018 als Dozent, unter anderem mit einem j\u00e4hrlichen Inszenierungsseminar an der HFF M\u00fcnchen. Sein Deb\u00fctfilm ZWEIGSTELLE feierte 2025 auf dem Filmfest M\u00fcnchen Premiere, gewann dort den Publikumspreis und startete im Oktober deutschlandweit in den Kinos.<\/p>\n<\/p><\/div>\n<\/p><\/div>\n<\/p><\/div>\n<\/p><\/div>\n<\/p><\/div>\n<\/section><\/div>\n","protected":false},"excerpt":{"rendered":"<p>Jury #1 D-A-CH WettbewerbDOK Award Magdalena Wiedenhofer Magdalena Wiedenhofer ist eine in der Schweiz geborene Film- und Theaterschauspielerin und Regisseurin. Mit sieben Jahren begann sie als \u201ePetite Fille&#8220; im Ch\u00e2telet de Paris. Weitere Inszenierungen folgten in Deutschland. Mit 17 arbeitete sie als freie Regieassistentin in Deutschland und Frankreich und inszenierte ihre ersten St\u00fccke. 2009 &#8211; &#8230; <br \/><a class=\"read-more\" href=\"https:\/\/landshuter-kurzfilmfestival.de\/de\/jury\/jury-1\/\">Read More<\/a><\/p>\n","protected":false},"author":4,"featured_media":0,"parent":17260,"menu_order":0,"comment_status":"closed","ping_status":"closed","template":"","meta":{"_acf_changed":false,"footnotes":""},"categories":[],"tags":[],"class_list":["post-17262","page","type-page","status-publish","hentry"],"acf":[],"_links":{"self":[{"href":"https:\/\/landshuter-kurzfilmfestival.de\/de\/wp-json\/wp\/v2\/pages\/17262","targetHints":{"allow":["GET"]}}],"collection":[{"href":"https:\/\/landshuter-kurzfilmfestival.de\/de\/wp-json\/wp\/v2\/pages"}],"about":[{"href":"https:\/\/landshuter-kurzfilmfestival.de\/de\/wp-json\/wp\/v2\/types\/page"}],"author":[{"embeddable":true,"href":"https:\/\/landshuter-kurzfilmfestival.de\/de\/wp-json\/wp\/v2\/users\/4"}],"replies":[{"embeddable":true,"href":"https:\/\/landshuter-kurzfilmfestival.de\/de\/wp-json\/wp\/v2\/comments?post=17262"}],"version-history":[{"count":64,"href":"https:\/\/landshuter-kurzfilmfestival.de\/de\/wp-json\/wp\/v2\/pages\/17262\/revisions"}],"predecessor-version":[{"id":37898,"href":"https:\/\/landshuter-kurzfilmfestival.de\/de\/wp-json\/wp\/v2\/pages\/17262\/revisions\/37898"}],"up":[{"embeddable":true,"href":"https:\/\/landshuter-kurzfilmfestival.de\/de\/wp-json\/wp\/v2\/pages\/17260"}],"wp:attachment":[{"href":"https:\/\/landshuter-kurzfilmfestival.de\/de\/wp-json\/wp\/v2\/media?parent=17262"}],"wp:term":[{"taxonomy":"category","embeddable":true,"href":"https:\/\/landshuter-kurzfilmfestival.de\/de\/wp-json\/wp\/v2\/categories?post=17262"},{"taxonomy":"post_tag","embeddable":true,"href":"https:\/\/landshuter-kurzfilmfestival.de\/de\/wp-json\/wp\/v2\/tags?post=17262"}],"curies":[{"name":"wp","href":"https:\/\/api.w.org\/{rel}","templated":true}]}}