{"id":17271,"date":"2022-03-06T19:42:33","date_gmt":"2022-03-06T18:42:33","guid":{"rendered":"https:\/\/2021.landshuter-kurzfilmfestival.de\/?page_id=17271"},"modified":"2025-02-11T20:06:44","modified_gmt":"2025-02-11T19:06:44","slug":"infocounter","status":"publish","type":"page","link":"https:\/\/landshuter-kurzfilmfestival.de\/de\/service\/infocounter\/","title":{"rendered":"Infocounter"},"content":{"rendered":"\n<div data-elementor-type=\"wp-page\" data-elementor-id=\"17271\" class=\"elementor elementor-17271\" data-elementor-post-type=\"page\">\n<section class=\"elementor-section elementor-top-section elementor-element elementor-element-03fa4c3 elementor-section-full_width elementor-hidden-desktop elementor-hidden-tablet elementor-hidden-mobile elementor-section-height-default elementor-section-height-default\" data-id=\"03fa4c3\" data-element_type=\"section\">\n<div class=\"elementor-container elementor-column-gap-default\">\n<div class=\"elementor-column elementor-col-100 elementor-top-column elementor-element elementor-element-c789010\" data-id=\"c789010\" data-element_type=\"column\">\n<div class=\"elementor-widget-wrap elementor-element-populated\">\n<div class=\"elementor-element elementor-element-88a47c7 elementor-widget elementor-widget-text-editor\" data-id=\"88a47c7\" data-element_type=\"widget\" data-widget_type=\"text-editor.default\">\n<div class=\"elementor-widget-container\">\n\t\t\t\t\t\t\t\t\tHier finden Sie ab dem 4. M\u00e4rz 2023 weitere Informationen \u00fcber das 23. Landshuter Kurzfilmfestival.\n\t\t\t\t\t\t\t\t<\/div>\n<\/p><\/div>\n<\/p><\/div>\n<\/p><\/div>\n<\/p><\/div>\n<\/section>\n<section class=\"elementor-section elementor-top-section elementor-element elementor-element-e0e21e4 elementor-section-full_width elementor-section-height-default elementor-section-height-default\" data-id=\"e0e21e4\" data-element_type=\"section\">\n<div class=\"elementor-container elementor-column-gap-default\">\n<div class=\"elementor-column elementor-col-100 elementor-top-column elementor-element elementor-element-a41f5b5\" data-id=\"a41f5b5\" data-element_type=\"column\">\n<div class=\"elementor-widget-wrap elementor-element-populated\">\n<div class=\"elementor-element elementor-element-85a9961 elementor-widget elementor-widget-heading\" data-id=\"85a9961\" data-element_type=\"widget\" data-widget_type=\"heading.default\">\n<div class=\"elementor-widget-container\">\n<h2 class=\"elementor-heading-title elementor-size-xxl\">Infocounter Kinopolis<\/h2>\n<\/p><\/div>\n<\/p><\/div>\n<\/p><\/div>\n<\/p><\/div>\n<\/p><\/div>\n<\/section>\n<section class=\"elementor-section elementor-top-section elementor-element elementor-element-f30bfbf elementor-section-full_width elementor-section-height-default elementor-section-height-default\" data-id=\"f30bfbf\" data-element_type=\"section\">\n<div class=\"elementor-container elementor-column-gap-default\">\n<div class=\"elementor-column elementor-col-100 elementor-top-column elementor-element elementor-element-b938aae\" data-id=\"b938aae\" data-element_type=\"column\">\n<div class=\"elementor-widget-wrap elementor-element-populated\">\n<div class=\"elementor-element elementor-element-3e988ca elementor-widget elementor-widget-text-editor\" data-id=\"3e988ca\" data-element_type=\"widget\" data-widget_type=\"text-editor.default\">\n<div class=\"elementor-widget-container\">\n<p>Hier finden Sie den Programmkatalog des\u00a0 Landshuter Kurzfilmfestivals und erfahren alle News rund um das Festival. Besitzer:innen von Dauer- und F\u00fcnferkarten bekommen hier ihre Ausweise und akkreditierte G\u00e4ste ihre Festival P\u00e4sse.<\/p>\n<\/p><\/div>\n<\/p><\/div>\n<\/p><\/div>\n<\/p><\/div>\n<\/p><\/div>\n<\/section>\n<section class=\"elementor-section elementor-top-section elementor-element elementor-element-e827d5b elementor-section-full_width elementor-section-height-default elementor-section-height-default\" data-id=\"e827d5b\" data-element_type=\"section\">\n<div class=\"elementor-container elementor-column-gap-default\">\n<div class=\"elementor-column elementor-col-100 elementor-top-column elementor-element elementor-element-e600f55\" data-id=\"e600f55\" data-element_type=\"column\">\n<div class=\"elementor-widget-wrap elementor-element-populated\">\n<div class=\"elementor-element elementor-element-d3c6798 elementor-widget elementor-widget-text-editor\" data-id=\"d3c6798\" data-element_type=\"widget\" data-widget_type=\"text-editor.default\">\n<div class=\"elementor-widget-container\">\n<table id=\"tablepress-52\" class=\"tablepress tablepress-id-52\">\n<tbody>\n<tr class=\"row-1\">\n<td class=\"column-1\">Mittwoch, 11.03.:<\/td>\n<td class=\"column-2\">16:30 &#8211; 18:30 Uhr<\/td>\n<\/tr>\n<tr class=\"row-2\">\n<td class=\"column-1\">Donnerstag, 12.03.:<\/td>\n<td class=\"column-2\">16:00 &#8211; 20:30 Uhr<\/td>\n<\/tr>\n<tr class=\"row-3\">\n<td class=\"column-1\">Freitag, 13.03.:<\/td>\n<td class=\"column-2\">14:00 &#8211; 22:30 Uhr<\/td>\n<\/tr>\n<tr class=\"row-4\">\n<td class=\"column-1\">Samstag, 14.03.:<\/td>\n<td class=\"column-2\">14:00 &#8211; 22:30 Uhr<\/td>\n<\/tr>\n<tr class=\"row-5\">\n<td class=\"column-1\">Sonntag, 15.03.:<\/td>\n<td class=\"column-2\">14:00 &#8211; 16:00 Uhr<\/td>\n<\/tr>\n<tr class=\"row-6\">\n<td class=\"column-1\">Hotline (keine Ticketreservierung):<\/td>\n<td class=\"column-2\">+49 (0) 171 &#8211; 10 93 796<\/td>\n<\/tr>\n<\/tbody>\n<\/table>\n<p><!-- #tablepress-52 from cache --><\/p>\n<\/p><\/div>\n<\/p><\/div>\n<\/p><\/div>\n<\/p><\/div>\n<\/p><\/div>\n<\/section>\n<section class=\"elementor-section elementor-top-section elementor-element elementor-element-752a8fd elementor-section-full_width elementor-section-height-default elementor-section-height-default\" data-id=\"752a8fd\" data-element_type=\"section\">\n<div class=\"elementor-container elementor-column-gap-default\">\n<div class=\"elementor-column elementor-col-100 elementor-top-column elementor-element elementor-element-56c02f0\" data-id=\"56c02f0\" data-element_type=\"column\">\n<div class=\"elementor-widget-wrap elementor-element-populated\">\n<div class=\"elementor-element elementor-element-b48bf81 elementor-widget elementor-widget-text-editor\" data-id=\"b48bf81\" data-element_type=\"widget\" data-widget_type=\"text-editor.default\">\n<div class=\"elementor-widget-container\">\n<p>Kinopolis<br \/>Am Alten Viehmarkt 5<br \/>84028 Landshut<\/p>\n<\/p><\/div>\n<\/p><\/div>\n<\/p><\/div>\n<\/p><\/div>\n<\/p><\/div>\n<\/section><\/div>\n","protected":false},"excerpt":{"rendered":"<p>Hier finden Sie ab dem 4. M\u00e4rz 2023 weitere Informationen \u00fcber das 23. Landshuter Kurzfilmfestival. Infocounter Kinopolis Hier finden Sie den Programmkatalog des\u00a0 Landshuter Kurzfilmfestivals und erfahren alle News rund um das Festival. Besitzer:innen von Dauer- und F\u00fcnferkarten bekommen hier ihre Ausweise und akkreditierte G\u00e4ste ihre Festival P\u00e4sse. KinopolisAm Alten Viehmarkt 584028 Landshut<\/p>\n","protected":false},"author":4,"featured_media":0,"parent":17209,"menu_order":0,"comment_status":"closed","ping_status":"closed","template":"","meta":{"_acf_changed":false,"footnotes":""},"categories":[],"tags":[],"class_list":["post-17271","page","type-page","status-publish","hentry"],"acf":[],"_links":{"self":[{"href":"https:\/\/landshuter-kurzfilmfestival.de\/de\/wp-json\/wp\/v2\/pages\/17271","targetHints":{"allow":["GET"]}}],"collection":[{"href":"https:\/\/landshuter-kurzfilmfestival.de\/de\/wp-json\/wp\/v2\/pages"}],"about":[{"href":"https:\/\/landshuter-kurzfilmfestival.de\/de\/wp-json\/wp\/v2\/types\/page"}],"author":[{"embeddable":true,"href":"https:\/\/landshuter-kurzfilmfestival.de\/de\/wp-json\/wp\/v2\/users\/4"}],"replies":[{"embeddable":true,"href":"https:\/\/landshuter-kurzfilmfestival.de\/de\/wp-json\/wp\/v2\/comments?post=17271"}],"version-history":[{"count":22,"href":"https:\/\/landshuter-kurzfilmfestival.de\/de\/wp-json\/wp\/v2\/pages\/17271\/revisions"}],"predecessor-version":[{"id":33509,"href":"https:\/\/landshuter-kurzfilmfestival.de\/de\/wp-json\/wp\/v2\/pages\/17271\/revisions\/33509"}],"up":[{"embeddable":true,"href":"https:\/\/landshuter-kurzfilmfestival.de\/de\/wp-json\/wp\/v2\/pages\/17209"}],"wp:attachment":[{"href":"https:\/\/landshuter-kurzfilmfestival.de\/de\/wp-json\/wp\/v2\/media?parent=17271"}],"wp:term":[{"taxonomy":"category","embeddable":true,"href":"https:\/\/landshuter-kurzfilmfestival.de\/de\/wp-json\/wp\/v2\/categories?post=17271"},{"taxonomy":"post_tag","embeddable":true,"href":"https:\/\/landshuter-kurzfilmfestival.de\/de\/wp-json\/wp\/v2\/tags?post=17271"}],"curies":[{"name":"wp","href":"https:\/\/api.w.org\/{rel}","templated":true}]}}