{"id":20490,"date":"2022-03-30T19:41:51","date_gmt":"2022-03-30T17:41:51","guid":{"rendered":"https:\/\/2021.landshuter-kurzfilmfestival.de\/?page_id=20490"},"modified":"2022-04-02T17:51:06","modified_gmt":"2022-04-02T15:51:06","slug":"lesung-germaine-paulus","status":"publish","type":"page","link":"https:\/\/landshuter-kurzfilmfestival.de\/de\/programm\/events\/lesung-germaine-paulus\/","title":{"rendered":"Lesung Germaine Paulus"},"content":{"rendered":"\n<div data-elementor-type=\"wp-page\" data-elementor-id=\"20490\" class=\"elementor elementor-20490\" data-elementor-post-type=\"page\">\n<section class=\"elementor-section elementor-top-section elementor-element elementor-element-e3b89f7 elementor-section-full_width elementor-section-height-default elementor-section-height-default\" data-id=\"e3b89f7\" data-element_type=\"section\">\n<div class=\"elementor-container elementor-column-gap-default\">\n<div class=\"elementor-column elementor-col-100 elementor-top-column elementor-element elementor-element-0f5d18a\" data-id=\"0f5d18a\" data-element_type=\"column\">\n<div class=\"elementor-widget-wrap elementor-element-populated\">\n<div class=\"elementor-element elementor-element-26a44d6 elementor-widget elementor-widget-text-editor\" data-id=\"26a44d6\" data-element_type=\"widget\" data-widget_type=\"text-editor.default\">\n<div class=\"elementor-widget-container\">\n<h5><b>Lesung Germaine Paulus findet am Samstag, 30. April, ab 16 Uhr im Chocolat statt<\/b><\/h5>\n<\/p><\/div>\n<\/p><\/div>\n<\/p><\/div>\n<\/p><\/div>\n<\/p><\/div>\n<\/section>\n<section class=\"elementor-section elementor-top-section elementor-element elementor-element-becfef2 elementor-section-full_width elementor-section-height-default elementor-section-height-default\" data-id=\"becfef2\" data-element_type=\"section\">\n<div class=\"elementor-container elementor-column-gap-default\">\n<div class=\"elementor-column elementor-col-100 elementor-top-column elementor-element elementor-element-667ca5c\" data-id=\"667ca5c\" data-element_type=\"column\">\n<div class=\"elementor-widget-wrap elementor-element-populated\">\n<div class=\"elementor-element elementor-element-5f73801 elementor-widget elementor-widget-heading\" data-id=\"5f73801\" data-element_type=\"widget\" data-widget_type=\"heading.default\">\n<div class=\"elementor-widget-container\">\n<h2 class=\"elementor-heading-title elementor-size-xxl\">Lesung Germaine Paulus<\/h2>\n<\/p><\/div>\n<\/p><\/div>\n<div class=\"elementor-element elementor-element-66c2014 elementor-widget elementor-widget-spacer\" data-id=\"66c2014\" data-element_type=\"widget\" data-widget_type=\"spacer.default\">\n<div class=\"elementor-widget-container\">\n<div class=\"elementor-spacer\">\n<div class=\"elementor-spacer-inner\"><\/div>\n<\/p><\/div>\n<\/p><\/div>\n<\/p><\/div>\n<div class=\"elementor-element elementor-element-24622ea elementor-widget elementor-widget-text-editor\" data-id=\"24622ea\" data-element_type=\"widget\" data-widget_type=\"text-editor.default\">\n<div class=\"elementor-widget-container\">\n<p><b><i>Eintritt frei<\/i><\/b><\/p>\n<p><b><i>This Event is in German language<\/i><\/b><\/p>\n<\/p><\/div>\n<\/p><\/div>\n<\/p><\/div>\n<\/p><\/div>\n<\/p><\/div>\n<\/section>\n<section class=\"elementor-section elementor-top-section elementor-element elementor-element-8acc5f7 elementor-section-full_width elementor-section-height-default elementor-section-height-default\" data-id=\"8acc5f7\" data-element_type=\"section\">\n<div class=\"elementor-container elementor-column-gap-default\">\n<div class=\"elementor-column elementor-col-66 elementor-top-column elementor-element elementor-element-5ea5deb\" data-id=\"5ea5deb\" data-element_type=\"column\">\n<div class=\"elementor-widget-wrap elementor-element-populated\">\n<div class=\"elementor-element elementor-element-c13d527 elementor-widget elementor-widget-text-editor\" data-id=\"c13d527\" data-element_type=\"widget\" data-widget_type=\"text-editor.default\">\n<div class=\"elementor-widget-container\">\n<h3>Kurz mal weg<\/h3>\n<p>Frau Paulus liest aus ihrer kommenden Kurzgeschichten-Sammlung.<br \/>\nVon Zombies, Punks und diversen Weltunterg\u00e4ngen. Vielleicht<br \/>\nreimt sie auch. Die Fl\u00f6te l\u00e4sst sie aber in Saarbr\u00fccken.\n\t\t\t\t\t\t\t\t<\/p><\/div>\n<\/p><\/div>\n<\/p><\/div>\n<\/p><\/div>\n<div class=\"elementor-column elementor-col-33 elementor-top-column elementor-element elementor-element-9768298\" data-id=\"9768298\" data-element_type=\"column\">\n<div class=\"elementor-widget-wrap elementor-element-populated\">\n<div class=\"elementor-element elementor-element-1a0fe89 elementor-widget elementor-widget-image\" data-id=\"1a0fe89\" data-element_type=\"widget\" data-widget_type=\"image.default\">\n<div class=\"elementor-widget-container\">\n\t\t\t\t\t\t\t\t\t\t\t\t\t\t\t<img decoding=\"async\" src=\"https:\/\/landshuter-kurzfilmfestival.de\/wp-content\/uploads\/2022\/03\/OHMACHT_cover.png\" title=\"\" alt=\"\" loading=\"lazy\" \/>\t\t\t\t\t\t\t\t\t\t\t\t\t\t\t<\/div>\n<\/p><\/div>\n<\/p><\/div>\n<\/p><\/div>\n<\/p><\/div>\n<\/section>\n<section class=\"elementor-section elementor-top-section elementor-element elementor-element-8271f91 elementor-section-boxed elementor-section-height-default elementor-section-height-default\" data-id=\"8271f91\" data-element_type=\"section\">\n<div class=\"elementor-container elementor-column-gap-default\">\n<div class=\"elementor-column elementor-col-100 elementor-top-column elementor-element elementor-element-c8dc999\" data-id=\"c8dc999\" data-element_type=\"column\">\n<div class=\"elementor-widget-wrap\">\n\t\t\t\t\t\t\t<\/div>\n<\/p><\/div>\n<\/p><\/div>\n<\/section>\n<section class=\"elementor-section elementor-top-section elementor-element elementor-element-0801951 elementor-section-full_width elementor-section-height-default elementor-section-height-default\" data-id=\"0801951\" data-element_type=\"section\">\n<div class=\"elementor-container elementor-column-gap-default\">\n<div class=\"elementor-column elementor-col-33 elementor-top-column elementor-element elementor-element-09f3038\" data-id=\"09f3038\" data-element_type=\"column\">\n<div class=\"elementor-widget-wrap elementor-element-populated\">\n<div class=\"elementor-element elementor-element-4482557 elementor-widget elementor-widget-image\" data-id=\"4482557\" data-element_type=\"widget\" data-widget_type=\"image.default\">\n<div class=\"elementor-widget-container\">\n\t\t\t\t\t\t\t\t\t\t\t\t\t\t\t<img decoding=\"async\" src=\"https:\/\/landshuter-kurzfilmfestival.de\/wp-content\/uploads\/2022\/03\/germaine-paulus_portra\u0308t-8.png\" title=\"\" alt=\"\" loading=\"lazy\" \/>\t\t\t\t\t\t\t\t\t\t\t\t\t\t\t<\/div>\n<\/p><\/div>\n<\/p><\/div>\n<\/p><\/div>\n<div class=\"elementor-column elementor-col-66 elementor-top-column elementor-element elementor-element-968503b\" data-id=\"968503b\" data-element_type=\"column\">\n<div class=\"elementor-widget-wrap elementor-element-populated\">\n<div class=\"elementor-element elementor-element-6369927 elementor-widget elementor-widget-text-editor\" data-id=\"6369927\" data-element_type=\"widget\" data-widget_type=\"text-editor.default\">\n<div class=\"elementor-widget-container\">\n<p>Germaine Paulus (*1972) studierte an der Hochschule der Bildenden K\u00fcnste Saar, danach arbeitete sie Texterin und Kolumnistin. Sie ist Mitgr\u00fcnderin und Mitherausgeberin von \u00bbDeadline \u2013 das Filmmagazin\u00ab. Ihre Kurzgeschichten bewegen sich in den Genres Phantastik und Horror, ihre Romane im Bereich Pulp, Sex &amp; Crime. Ihr dritter Roman &#8222;Ohnmacht&#8220; erschien 2020. F\u00fcr 2022 ist &#8222;Alles&#8220;, der vierte Teil der in einer namenlosen deutschen Gro\u00dfstadt spielenden Reihe, angek\u00fcndigt. Germaine Paulus hat eine Schw\u00e4che f\u00fcr Cushings Frankenstein, Meersalzbutter, gute Nasenl\u00f6cher und hemmungslos schlechte Witze. Sie lebt und arbeitet in Saarbr\u00fccken.<\/p>\n<\/p><\/div>\n<\/p><\/div>\n<\/p><\/div>\n<\/p><\/div>\n<\/p><\/div>\n<\/section>\n<section class=\"elementor-section elementor-top-section elementor-element elementor-element-5f96ae3 elementor-section-full_width elementor-section-height-default elementor-section-height-default\" data-id=\"5f96ae3\" data-element_type=\"section\">\n<div class=\"elementor-container elementor-column-gap-default\">\n<div class=\"elementor-column elementor-col-100 elementor-top-column elementor-element elementor-element-e7efb56\" data-id=\"e7efb56\" data-element_type=\"column\">\n<div class=\"elementor-widget-wrap elementor-element-populated\">\n<div class=\"elementor-element elementor-element-193e4ad elementor-widget elementor-widget-spacer\" data-id=\"193e4ad\" data-element_type=\"widget\" data-widget_type=\"spacer.default\">\n<div class=\"elementor-widget-container\">\n<div class=\"elementor-spacer\">\n<div class=\"elementor-spacer-inner\"><\/div>\n<\/p><\/div>\n<\/p><\/div>\n<\/p><\/div>\n<\/p><\/div>\n<\/p><\/div>\n<\/p><\/div>\n<\/section>\n<section class=\"elementor-section elementor-top-section elementor-element elementor-element-b9e8794 elementor-section-full_width elementor-section-height-default elementor-section-height-default\" data-id=\"b9e8794\" data-element_type=\"section\">\n<div class=\"elementor-container elementor-column-gap-default\">\n<div class=\"elementor-column elementor-col-33 elementor-top-column elementor-element elementor-element-c1fc41e\" data-id=\"c1fc41e\" data-element_type=\"column\">\n<div class=\"elementor-widget-wrap\">\n\t\t\t\t\t\t\t<\/div>\n<\/p><\/div>\n<div class=\"elementor-column elementor-col-66 elementor-top-column elementor-element elementor-element-651e3c2\" data-id=\"651e3c2\" data-element_type=\"column\">\n<div class=\"elementor-widget-wrap elementor-element-populated\">\n<div class=\"elementor-element elementor-element-f7ad7e7 elementor-widget elementor-widget-text-editor\" data-id=\"f7ad7e7\" data-element_type=\"widget\" data-widget_type=\"text-editor.default\">\n<div class=\"elementor-widget-container\">\n<p><strong>Caf\u00e9 Chocolat<\/strong><br \/>Altstadt 254<br \/>84028 Landshut<br \/>Telefon: +49 (871) 8000 423<br \/>Telefax: +49 (871) 8000 279<\/p>\n<p>info@chocolat-la.de<br \/>Internet: www.chocolat-la.de<\/p>\n<\/p><\/div>\n<\/p><\/div>\n<\/p><\/div>\n<\/p><\/div>\n<\/p><\/div>\n<\/section><\/div>\n","protected":false},"excerpt":{"rendered":"<p>Lesung Germaine Paulus findet am Samstag, 30. April, ab 16 Uhr im Chocolat statt Lesung Germaine Paulus Eintritt frei This Event is in German language Kurz mal weg Frau Paulus liest aus ihrer kommenden Kurzgeschichten-Sammlung. Von Zombies, Punks und diversen Weltunterg\u00e4ngen. Vielleicht reimt sie auch. Die Fl\u00f6te l\u00e4sst sie aber in Saarbr\u00fccken. Germaine Paulus (*1972) &#8230; <br \/><a class=\"read-more\" href=\"https:\/\/landshuter-kurzfilmfestival.de\/de\/programm\/events\/lesung-germaine-paulus\/\">Read More<\/a><\/p>\n","protected":false},"author":4,"featured_media":0,"parent":17226,"menu_order":0,"comment_status":"closed","ping_status":"closed","template":"","meta":{"_acf_changed":false,"footnotes":""},"categories":[],"tags":[],"class_list":["post-20490","page","type-page","status-publish","hentry"],"acf":[],"_links":{"self":[{"href":"https:\/\/landshuter-kurzfilmfestival.de\/de\/wp-json\/wp\/v2\/pages\/20490","targetHints":{"allow":["GET"]}}],"collection":[{"href":"https:\/\/landshuter-kurzfilmfestival.de\/de\/wp-json\/wp\/v2\/pages"}],"about":[{"href":"https:\/\/landshuter-kurzfilmfestival.de\/de\/wp-json\/wp\/v2\/types\/page"}],"author":[{"embeddable":true,"href":"https:\/\/landshuter-kurzfilmfestival.de\/de\/wp-json\/wp\/v2\/users\/4"}],"replies":[{"embeddable":true,"href":"https:\/\/landshuter-kurzfilmfestival.de\/de\/wp-json\/wp\/v2\/comments?post=20490"}],"version-history":[{"count":40,"href":"https:\/\/landshuter-kurzfilmfestival.de\/de\/wp-json\/wp\/v2\/pages\/20490\/revisions"}],"predecessor-version":[{"id":22112,"href":"https:\/\/landshuter-kurzfilmfestival.de\/de\/wp-json\/wp\/v2\/pages\/20490\/revisions\/22112"}],"up":[{"embeddable":true,"href":"https:\/\/landshuter-kurzfilmfestival.de\/de\/wp-json\/wp\/v2\/pages\/17226"}],"wp:attachment":[{"href":"https:\/\/landshuter-kurzfilmfestival.de\/de\/wp-json\/wp\/v2\/media?parent=20490"}],"wp:term":[{"taxonomy":"category","embeddable":true,"href":"https:\/\/landshuter-kurzfilmfestival.de\/de\/wp-json\/wp\/v2\/categories?post=20490"},{"taxonomy":"post_tag","embeddable":true,"href":"https:\/\/landshuter-kurzfilmfestival.de\/de\/wp-json\/wp\/v2\/tags?post=20490"}],"curies":[{"name":"wp","href":"https:\/\/api.w.org\/{rel}","templated":true}]}}