{"id":20617,"date":"2022-03-31T20:43:04","date_gmt":"2022-03-31T18:43:04","guid":{"rendered":"https:\/\/2021.landshuter-kurzfilmfestival.de\/?page_id=20617"},"modified":"2026-01-26T08:36:33","modified_gmt":"2026-01-26T07:36:33","slug":"jury-2","status":"publish","type":"page","link":"https:\/\/landshuter-kurzfilmfestival.de\/de\/jury\/jury-2\/","title":{"rendered":"Jury 2"},"content":{"rendered":"\n<div data-elementor-type=\"wp-page\" data-elementor-id=\"20617\" class=\"elementor elementor-20617\" data-elementor-post-type=\"page\">\n<section class=\"elementor-section elementor-top-section elementor-element elementor-element-1f6ba57 elementor-section-full_width elementor-section-height-default elementor-section-height-default\" data-id=\"1f6ba57\" data-element_type=\"section\">\n<div class=\"elementor-container elementor-column-gap-default\">\n<div class=\"elementor-column elementor-col-33 elementor-top-column elementor-element elementor-element-e69e849\" data-id=\"e69e849\" data-element_type=\"column\">\n<div class=\"elementor-widget-wrap elementor-element-populated\">\n<div class=\"elementor-element elementor-element-01229a3 elementor-widget elementor-widget-heading\" data-id=\"01229a3\" data-element_type=\"widget\" data-widget_type=\"heading.default\">\n<div class=\"elementor-widget-container\">\n<h2 class=\"elementor-heading-title elementor-size-default\">Jury #2<\/h2>\n<\/p><\/div>\n<\/p><\/div>\n<\/p><\/div>\n<\/p><\/div>\n<div class=\"elementor-column elementor-col-66 elementor-top-column elementor-element elementor-element-111faaa\" data-id=\"111faaa\" data-element_type=\"column\">\n<div class=\"elementor-widget-wrap elementor-element-populated\">\n<div class=\"elementor-element elementor-element-e716606 elementor-widget elementor-widget-text-editor\" data-id=\"e716606\" data-element_type=\"widget\" data-widget_type=\"text-editor.default\">\n<div class=\"elementor-widget-container\">\n\t\t\t\t\t\t\t\t\tInternationaler<br \/>\nWettbewerb<br \/>\nAnimation\n\t\t\t\t\t\t\t\t<\/div>\n<\/p><\/div>\n<\/p><\/div>\n<\/p><\/div>\n<\/p><\/div>\n<\/section>\n<section class=\"elementor-section elementor-top-section elementor-element elementor-element-82e470f elementor-section-full_width elementor-section-height-default elementor-section-height-default\" data-id=\"82e470f\" data-element_type=\"section\">\n<div class=\"elementor-container elementor-column-gap-default\">\n<div class=\"elementor-column elementor-col-100 elementor-top-column elementor-element elementor-element-54d7acb\" data-id=\"54d7acb\" data-element_type=\"column\">\n<div class=\"elementor-widget-wrap\">\n\t\t\t\t\t\t\t<\/div>\n<\/p><\/div>\n<\/p><\/div>\n<\/section>\n<section class=\"elementor-section elementor-top-section elementor-element elementor-element-70d1c41 elementor-section-full_width elementor-section-height-default elementor-section-height-default\" data-id=\"70d1c41\" data-element_type=\"section\">\n<div class=\"elementor-container elementor-column-gap-default\">\n<div class=\"elementor-column elementor-col-33 elementor-top-column elementor-element elementor-element-88c5a3a\" data-id=\"88c5a3a\" data-element_type=\"column\">\n<div class=\"elementor-widget-wrap elementor-element-populated\">\n<div class=\"elementor-element elementor-element-ea93c85 elementor-widget elementor-widget-image\" data-id=\"ea93c85\" data-element_type=\"widget\" data-widget_type=\"image.default\">\n<div class=\"elementor-widget-container\">\n\t\t\t\t\t\t\t\t\t\t\t\t\t\t\t<img fetchpriority=\"high\" decoding=\"async\" width=\"600\" height=\"750\" src=\"https:\/\/landshuter-kurzfilmfestival.de\/wp-content\/uploads\/2026\/01\/Paula-Ruppert.png\" class=\"attachment-large size-large wp-image-37025\" alt=\"\" srcset=\"https:\/\/landshuter-kurzfilmfestival.de\/wp-content\/uploads\/2026\/01\/Paula-Ruppert.png 600w, https:\/\/landshuter-kurzfilmfestival.de\/wp-content\/uploads\/2026\/01\/Paula-Ruppert-240x300.png 240w, https:\/\/landshuter-kurzfilmfestival.de\/wp-content\/uploads\/2026\/01\/Paula-Ruppert-300x375.png 300w\" sizes=\"(max-width: 600px) 100vw, 600px\" \/>\t\t\t\t\t\t\t\t\t\t\t\t\t\t\t<\/div>\n<\/p><\/div>\n<\/p><\/div>\n<\/p><\/div>\n<div class=\"elementor-column elementor-col-66 elementor-top-column elementor-element elementor-element-236132f\" data-id=\"236132f\" data-element_type=\"column\">\n<div class=\"elementor-widget-wrap elementor-element-populated\">\n<div class=\"elementor-element elementor-element-b720025 elementor-widget elementor-widget-text-editor\" data-id=\"b720025\" data-element_type=\"widget\" data-widget_type=\"text-editor.default\">\n<div class=\"elementor-widget-container\">\n<p><strong>Paula Ruppert<\/strong><\/p>\n<\/p>\n<p>Jahrgang 2000, studierte Romanistik und Osteuropastudien an der LMU M\u00fcnchen. Dank der Uni immer mehr in Richtung Filmfestivals und Filmkritik zu gelangen, war zwar zun\u00e4chst eigentlich nicht direkt geplant, wurde jedoch nie bereut. Seit 2022 ist sie freie Autorin beim artechock Filmmagazin, wo sie schwerpunktm\u00e4\u00dfig f\u00fcr das osteurop\u00e4ische Kino schreibt. Beim Filmfestival UNDERDOX \u2013 dokument und experiment in M\u00fcnchen kuratierte sie bisher u. a. einen Kurzfilmabend und moderierte Filmgespr\u00e4che. In ihrer Freizeit widmet sie sich au\u00dferdem ihrer Leidenschaft f\u00fcr den Experimentalfilm.<\/p>\n<\/p><\/div>\n<\/p><\/div>\n<\/p><\/div>\n<\/p><\/div>\n<\/p><\/div>\n<\/section>\n<section class=\"elementor-section elementor-top-section elementor-element elementor-element-05ef5c8 elementor-section-boxed elementor-section-height-default elementor-section-height-default\" data-id=\"05ef5c8\" data-element_type=\"section\">\n<div class=\"elementor-container elementor-column-gap-default\">\n<div class=\"elementor-column elementor-col-100 elementor-top-column elementor-element elementor-element-dcd7635\" data-id=\"dcd7635\" data-element_type=\"column\">\n<div class=\"elementor-widget-wrap\">\n\t\t\t\t\t\t\t<\/div>\n<\/p><\/div>\n<\/p><\/div>\n<\/section>\n<section class=\"elementor-section elementor-top-section elementor-element elementor-element-6d0c939 elementor-section-full_width elementor-section-height-default elementor-section-height-default\" data-id=\"6d0c939\" data-element_type=\"section\">\n<div class=\"elementor-container elementor-column-gap-default\">\n<div class=\"elementor-column elementor-col-33 elementor-top-column elementor-element elementor-element-c4967d2\" data-id=\"c4967d2\" data-element_type=\"column\">\n<div class=\"elementor-widget-wrap elementor-element-populated\">\n<div class=\"elementor-element elementor-element-8207880 elementor-widget elementor-widget-image\" data-id=\"8207880\" data-element_type=\"widget\" data-widget_type=\"image.default\">\n<div class=\"elementor-widget-container\">\n\t\t\t\t\t\t\t\t\t\t\t\t\t\t\t<img decoding=\"async\" width=\"600\" height=\"800\" src=\"https:\/\/landshuter-kurzfilmfestival.de\/wp-content\/uploads\/2026\/01\/Andreas-Schmidbauer.png\" class=\"attachment-large size-large wp-image-37022\" alt=\"\" srcset=\"https:\/\/landshuter-kurzfilmfestival.de\/wp-content\/uploads\/2026\/01\/Andreas-Schmidbauer.png 600w, https:\/\/landshuter-kurzfilmfestival.de\/wp-content\/uploads\/2026\/01\/Andreas-Schmidbauer-225x300.png 225w, https:\/\/landshuter-kurzfilmfestival.de\/wp-content\/uploads\/2026\/01\/Andreas-Schmidbauer-300x400.png 300w\" sizes=\"(max-width: 600px) 100vw, 600px\" \/>\t\t\t\t\t\t\t\t\t\t\t\t\t\t\t<\/div>\n<\/p><\/div>\n<\/p><\/div>\n<\/p><\/div>\n<div class=\"elementor-column elementor-col-66 elementor-top-column elementor-element elementor-element-0539bf6\" data-id=\"0539bf6\" data-element_type=\"column\">\n<div class=\"elementor-widget-wrap elementor-element-populated\">\n<div class=\"elementor-element elementor-element-8605d20 elementor-widget elementor-widget-text-editor\" data-id=\"8605d20\" data-element_type=\"widget\" data-widget_type=\"text-editor.default\">\n<div class=\"elementor-widget-container\">\n<p><strong>Andreas Schmidbauer<\/strong><\/p>\n<\/p>\n<p>Andreas verbrachte seine Freizeit seit fr\u00fcher Kindheit mit der Filmerei. Nach seinem Abitur begann er als zweiter Kameraassistent bei der ARD-Fernsehserie \u201eUm Himmels Willen&#8220;. Als die Produktion von 16mm zum digitalen Aufnahmeformat wechselte, entschied er sich f\u00fcr ein Studium und zog nach Stuttgart. An der Hochschule der Medien setzte er seinen Schwerpunkt auf Filmtechnik und spezialisierte sich auf Stereo 3D. Die darauffolgende Festanstellung bei der Firma STEREOTEC erm\u00f6glichte es ihm als Stereoscopic Technician bzw. Consultant internationale Filmerfahrung (u.a. in USA und China) zu sammeln. Mehrkamerasysteme, 3D und Immersive Video sowie HFR z\u00e4hlen zu seiner gewohnten Filminfrastruktur.<\/p>\n<p>Parallel zu Ausbildung und Beruf professionalisierte Andreas seine bereits in der Kindheit begonnenen Eigenproduktionen. Zusammen mit seiner Schwester Tanja produzierte und inszenierte er die Mundart-Kom\u00f6dien \u201eHinterdupfing\u201c, \u201eAustreten\u201c und \u201eWer gr\u00e4bt den Bestatter ein?\u201c innerhalb ihrer gemeinsamen Firma Schmidbauer-Film.<\/p>\n<p>Schmidbauer-Film agiert als Produktionsfirma (u.a. \u201eBubbles\u201c) sowie im deutschsprachigen Raum auch als Verleih (u.a. \u201eShahid\u201c).<\/p>\n<\/p><\/div>\n<\/p><\/div>\n<\/p><\/div>\n<\/p><\/div>\n<\/p><\/div>\n<\/section>\n<section class=\"elementor-section elementor-top-section elementor-element elementor-element-8731924 elementor-section-boxed elementor-section-height-default elementor-section-height-default\" data-id=\"8731924\" data-element_type=\"section\">\n<div class=\"elementor-container elementor-column-gap-default\">\n<div class=\"elementor-column elementor-col-100 elementor-top-column elementor-element elementor-element-54cf736\" data-id=\"54cf736\" data-element_type=\"column\">\n<div class=\"elementor-widget-wrap\">\n\t\t\t\t\t\t\t<\/div>\n<\/p><\/div>\n<\/p><\/div>\n<\/section>\n<section class=\"elementor-section elementor-top-section elementor-element elementor-element-0895992 elementor-section-full_width elementor-section-height-default elementor-section-height-default\" data-id=\"0895992\" data-element_type=\"section\">\n<div class=\"elementor-container elementor-column-gap-default\">\n<div class=\"elementor-column elementor-col-33 elementor-top-column elementor-element elementor-element-6db1253\" data-id=\"6db1253\" data-element_type=\"column\">\n<div class=\"elementor-widget-wrap elementor-element-populated\">\n<div class=\"elementor-element elementor-element-f734e94 elementor-widget elementor-widget-image\" data-id=\"f734e94\" data-element_type=\"widget\" data-widget_type=\"image.default\">\n<div class=\"elementor-widget-container\">\n\t\t\t\t\t\t\t\t\t\t\t\t\t\t\t<img decoding=\"async\" width=\"600\" height=\"800\" src=\"https:\/\/landshuter-kurzfilmfestival.de\/wp-content\/uploads\/2026\/01\/Alexander-Peskador_Foto.png\" class=\"attachment-large size-large wp-image-37620\" alt=\"\" srcset=\"https:\/\/landshuter-kurzfilmfestival.de\/wp-content\/uploads\/2026\/01\/Alexander-Peskador_Foto.png 600w, https:\/\/landshuter-kurzfilmfestival.de\/wp-content\/uploads\/2026\/01\/Alexander-Peskador_Foto-225x300.png 225w, https:\/\/landshuter-kurzfilmfestival.de\/wp-content\/uploads\/2026\/01\/Alexander-Peskador_Foto-300x400.png 300w\" sizes=\"(max-width: 600px) 100vw, 600px\" \/>\t\t\t\t\t\t\t\t\t\t\t\t\t\t\t<\/div>\n<\/p><\/div>\n<\/p><\/div>\n<\/p><\/div>\n<div class=\"elementor-column elementor-col-66 elementor-top-column elementor-element elementor-element-2274fef\" data-id=\"2274fef\" data-element_type=\"column\">\n<div class=\"elementor-widget-wrap elementor-element-populated\">\n<div class=\"elementor-element elementor-element-ca3b17e elementor-widget elementor-widget-text-editor\" data-id=\"ca3b17e\" data-element_type=\"widget\" data-widget_type=\"text-editor.default\">\n<div class=\"elementor-widget-container\">\n<p><strong>Alexander Peskador<\/strong><\/p>\n<\/p>\n<p>Alexander Peskador, 1993 als Alexander Fischer in Wien geboren und aufgewachsen, hat an der Universit\u00e4t Wien Theater-, Film- und Medienwissenschaft studiert und sich dabei auf italienisches Genrekino der 1960er- und 1970er-Jahre spezialisiert. Neben seiner T\u00e4tigkeit als Sprecher, Grafiker und Humorist, hat Peskador zahlreiche Kurzfilme geschrieben, inszeniert und am Landshuter Kurzfilmfestival pr\u00e4sentiert. Seine Geschichten erz\u00e4hlen von b\u00fcrokratischen Verwirrungen im Mittelalter, von sprechenden B\u00e4uchen und von Bankr\u00e4ubern, die im Kaffeehaus um ihr Leben kellnern. Seit 2019 studiert er Spielfilmregie an der Filmakademie Baden-W\u00fcrttemberg, wo er aktuell an der Fertigstellung seines Diplomfilms \u201eDosenmutter\u201c arbeitet.<\/p>\n<p>\u00a0<\/p>\n<\/p><\/div>\n<\/p><\/div>\n<\/p><\/div>\n<\/p><\/div>\n<\/p><\/div>\n<\/section><\/div>\n","protected":false},"excerpt":{"rendered":"<p>Jury #2 Internationaler Wettbewerb Animation Paula Ruppert Jahrgang 2000, studierte Romanistik und Osteuropastudien an der LMU M\u00fcnchen. Dank der Uni immer mehr in Richtung Filmfestivals und Filmkritik zu gelangen, war zwar zun\u00e4chst eigentlich nicht direkt geplant, wurde jedoch nie bereut. Seit 2022 ist sie freie Autorin beim artechock Filmmagazin, wo sie schwerpunktm\u00e4\u00dfig f\u00fcr das osteurop\u00e4ische &#8230; <br \/><a class=\"read-more\" href=\"https:\/\/landshuter-kurzfilmfestival.de\/de\/jury\/jury-2\/\">Read More<\/a><\/p>\n","protected":false},"author":4,"featured_media":0,"parent":17260,"menu_order":0,"comment_status":"closed","ping_status":"closed","template":"","meta":{"_acf_changed":false,"footnotes":""},"categories":[],"tags":[],"class_list":["post-20617","page","type-page","status-publish","hentry"],"acf":[],"_links":{"self":[{"href":"https:\/\/landshuter-kurzfilmfestival.de\/de\/wp-json\/wp\/v2\/pages\/20617","targetHints":{"allow":["GET"]}}],"collection":[{"href":"https:\/\/landshuter-kurzfilmfestival.de\/de\/wp-json\/wp\/v2\/pages"}],"about":[{"href":"https:\/\/landshuter-kurzfilmfestival.de\/de\/wp-json\/wp\/v2\/types\/page"}],"author":[{"embeddable":true,"href":"https:\/\/landshuter-kurzfilmfestival.de\/de\/wp-json\/wp\/v2\/users\/4"}],"replies":[{"embeddable":true,"href":"https:\/\/landshuter-kurzfilmfestival.de\/de\/wp-json\/wp\/v2\/comments?post=20617"}],"version-history":[{"count":40,"href":"https:\/\/landshuter-kurzfilmfestival.de\/de\/wp-json\/wp\/v2\/pages\/20617\/revisions"}],"predecessor-version":[{"id":37623,"href":"https:\/\/landshuter-kurzfilmfestival.de\/de\/wp-json\/wp\/v2\/pages\/20617\/revisions\/37623"}],"up":[{"embeddable":true,"href":"https:\/\/landshuter-kurzfilmfestival.de\/de\/wp-json\/wp\/v2\/pages\/17260"}],"wp:attachment":[{"href":"https:\/\/landshuter-kurzfilmfestival.de\/de\/wp-json\/wp\/v2\/media?parent=20617"}],"wp:term":[{"taxonomy":"category","embeddable":true,"href":"https:\/\/landshuter-kurzfilmfestival.de\/de\/wp-json\/wp\/v2\/categories?post=20617"},{"taxonomy":"post_tag","embeddable":true,"href":"https:\/\/landshuter-kurzfilmfestival.de\/de\/wp-json\/wp\/v2\/tags?post=20617"}],"curies":[{"name":"wp","href":"https:\/\/api.w.org\/{rel}","templated":true}]}}