{"id":20618,"date":"2022-03-31T20:43:17","date_gmt":"2022-03-31T18:43:17","guid":{"rendered":"https:\/\/2021.landshuter-kurzfilmfestival.de\/?page_id=20618"},"modified":"2026-01-25T15:02:26","modified_gmt":"2026-01-25T14:02:26","slug":"jury-3","status":"publish","type":"page","link":"https:\/\/landshuter-kurzfilmfestival.de\/de\/jury\/jury-3\/","title":{"rendered":"Jury 3"},"content":{"rendered":"\n<div data-elementor-type=\"wp-page\" data-elementor-id=\"20618\" class=\"elementor elementor-20618\" data-elementor-post-type=\"page\">\n<section class=\"elementor-section elementor-top-section elementor-element elementor-element-8f8192a elementor-section-full_width elementor-section-height-default elementor-section-height-default\" data-id=\"8f8192a\" data-element_type=\"section\">\n<div class=\"elementor-container elementor-column-gap-default\">\n<div class=\"elementor-column elementor-col-33 elementor-top-column elementor-element elementor-element-2dae85e\" data-id=\"2dae85e\" data-element_type=\"column\">\n<div class=\"elementor-widget-wrap elementor-element-populated\">\n<div class=\"elementor-element elementor-element-01229a3 elementor-widget elementor-widget-heading\" data-id=\"01229a3\" data-element_type=\"widget\" data-widget_type=\"heading.default\">\n<div class=\"elementor-widget-container\">\n<h2 class=\"elementor-heading-title elementor-size-default\">Jury #3<\/h2>\n<\/p><\/div>\n<\/p><\/div>\n<\/p><\/div>\n<\/p><\/div>\n<div class=\"elementor-column elementor-col-66 elementor-top-column elementor-element elementor-element-6c92fb6\" data-id=\"6c92fb6\" data-element_type=\"column\">\n<div class=\"elementor-widget-wrap elementor-element-populated\">\n<div class=\"elementor-element elementor-element-e716606 elementor-widget elementor-widget-text-editor\" data-id=\"e716606\" data-element_type=\"widget\" data-widget_type=\"text-editor.default\">\n<div class=\"elementor-widget-container\">\n\t\t\t\t\t\t\t\t\tShock Block\t\t\t\t\t\t\t\t<\/div>\n<\/p><\/div>\n<\/p><\/div>\n<\/p><\/div>\n<\/p><\/div>\n<\/section>\n<section class=\"elementor-section elementor-top-section elementor-element elementor-element-82e470f elementor-section-full_width elementor-section-height-default elementor-section-height-default\" data-id=\"82e470f\" data-element_type=\"section\">\n<div class=\"elementor-container elementor-column-gap-default\">\n<div class=\"elementor-column elementor-col-100 elementor-top-column elementor-element elementor-element-54d7acb\" data-id=\"54d7acb\" data-element_type=\"column\">\n<div class=\"elementor-widget-wrap\">\n\t\t\t\t\t\t\t<\/div>\n<\/p><\/div>\n<\/p><\/div>\n<\/section>\n<section class=\"elementor-section elementor-top-section elementor-element elementor-element-70d1c41 elementor-section-full_width elementor-section-height-default elementor-section-height-default\" data-id=\"70d1c41\" data-element_type=\"section\">\n<div class=\"elementor-container elementor-column-gap-default\">\n<div class=\"elementor-column elementor-col-33 elementor-top-column elementor-element elementor-element-88c5a3a\" data-id=\"88c5a3a\" data-element_type=\"column\">\n<div class=\"elementor-widget-wrap elementor-element-populated\">\n<div class=\"elementor-element elementor-element-8702d27 elementor-widget elementor-widget-image\" data-id=\"8702d27\" data-element_type=\"widget\" data-widget_type=\"image.default\">\n<div class=\"elementor-widget-container\">\n\t\t\t\t\t\t\t\t\t\t\t\t\t\t\t<img fetchpriority=\"high\" decoding=\"async\" width=\"600\" height=\"803\" src=\"https:\/\/landshuter-kurzfilmfestival.de\/wp-content\/uploads\/2026\/01\/Bea-Lugosi-Festerling.png\" class=\"attachment-large size-large wp-image-37027\" alt=\"\" srcset=\"https:\/\/landshuter-kurzfilmfestival.de\/wp-content\/uploads\/2026\/01\/Bea-Lugosi-Festerling.png 600w, https:\/\/landshuter-kurzfilmfestival.de\/wp-content\/uploads\/2026\/01\/Bea-Lugosi-Festerling-224x300.png 224w, https:\/\/landshuter-kurzfilmfestival.de\/wp-content\/uploads\/2026\/01\/Bea-Lugosi-Festerling-300x402.png 300w\" sizes=\"(max-width: 600px) 100vw, 600px\" \/>\t\t\t\t\t\t\t\t\t\t\t\t\t\t\t<\/div>\n<\/p><\/div>\n<\/p><\/div>\n<\/p><\/div>\n<div class=\"elementor-column elementor-col-66 elementor-top-column elementor-element elementor-element-236132f\" data-id=\"236132f\" data-element_type=\"column\">\n<div class=\"elementor-widget-wrap elementor-element-populated\">\n<div class=\"elementor-element elementor-element-b720025 elementor-widget elementor-widget-text-editor\" data-id=\"b720025\" data-element_type=\"widget\" data-widget_type=\"text-editor.default\">\n<div class=\"elementor-widget-container\">\n<p>Bea \u201eLugosi\u201c Festerling<\/p>\n<\/p>\n<p>Geboren 1970 in Wasserburg am Inn. Nach der Schule brach sie ihr Studium der Holztechnik ab, um Punk-Konzerte zu veranstalten. Da das eine brotlose Kunst ist und sie Horrorfilme liebte, fing sie mit 21 Jahren an, im Schneideraum zu arbeiten. Ihr Handwerk hat sie noch analog mit Klebelade am Schneidetisch gelernt. Heute ist sie als VFX- und Assistant-Editorin t\u00e4tig (\u201eKung Fury: The Movie\u201c, \u201eBang Boom Bang\u201c), schneidet und produziert Genrefilme (\u201eLevizia\u201c, \u201eThirty2\u201c) und ist Gr\u00fcndungsmitglied des genossenschaftlichen Filmverleihs Drop-out Cinema. In ihrer Freizeit veranstaltet sie ehrenamtlich den kuriosen Filmclub \u201eHardboiled\u201c sowie den \u201ePunk\u2019n\u2019Roll-Flohmarkt\u201c im Backstage M\u00fcnchen und engagiert sich f\u00fcr die Meeresschutzorganisation Sea Shepherd.<\/p>\n<\/p><\/div>\n<\/p><\/div>\n<\/p><\/div>\n<\/p><\/div>\n<\/p><\/div>\n<\/section>\n<section class=\"elementor-section elementor-top-section elementor-element elementor-element-9ac7832 elementor-section-boxed elementor-section-height-default elementor-section-height-default\" data-id=\"9ac7832\" data-element_type=\"section\">\n<div class=\"elementor-container elementor-column-gap-default\">\n<div class=\"elementor-column elementor-col-100 elementor-top-column elementor-element elementor-element-c03f4c5\" data-id=\"c03f4c5\" data-element_type=\"column\">\n<div class=\"elementor-widget-wrap\">\n\t\t\t\t\t\t\t<\/div>\n<\/p><\/div>\n<\/p><\/div>\n<\/section>\n<section class=\"elementor-section elementor-top-section elementor-element elementor-element-6d0c939 elementor-section-full_width elementor-section-height-default elementor-section-height-default\" data-id=\"6d0c939\" data-element_type=\"section\">\n<div class=\"elementor-container elementor-column-gap-default\">\n<div class=\"elementor-column elementor-col-33 elementor-top-column elementor-element elementor-element-c4967d2\" data-id=\"c4967d2\" data-element_type=\"column\">\n<div class=\"elementor-widget-wrap elementor-element-populated\">\n<div class=\"elementor-element elementor-element-1ba1d66 elementor-widget elementor-widget-image\" data-id=\"1ba1d66\" data-element_type=\"widget\" data-widget_type=\"image.default\">\n<div class=\"elementor-widget-container\">\n\t\t\t\t\t\t\t\t\t\t\t\t\t\t\t<img decoding=\"async\" width=\"567\" height=\"727\" src=\"https:\/\/landshuter-kurzfilmfestival.de\/wp-content\/uploads\/2026\/01\/Benedikt-Guntentaler.png\" class=\"attachment-large size-large wp-image-37028\" alt=\"\" srcset=\"https:\/\/landshuter-kurzfilmfestival.de\/wp-content\/uploads\/2026\/01\/Benedikt-Guntentaler.png 567w, https:\/\/landshuter-kurzfilmfestival.de\/wp-content\/uploads\/2026\/01\/Benedikt-Guntentaler-234x300.png 234w, https:\/\/landshuter-kurzfilmfestival.de\/wp-content\/uploads\/2026\/01\/Benedikt-Guntentaler-300x385.png 300w\" sizes=\"(max-width: 567px) 100vw, 567px\" \/>\t\t\t\t\t\t\t\t\t\t\t\t\t\t\t<\/div>\n<\/p><\/div>\n<\/p><\/div>\n<\/p><\/div>\n<div class=\"elementor-column elementor-col-66 elementor-top-column elementor-element elementor-element-0539bf6\" data-id=\"0539bf6\" data-element_type=\"column\">\n<div class=\"elementor-widget-wrap elementor-element-populated\">\n<div class=\"elementor-element elementor-element-8605d20 elementor-widget elementor-widget-text-editor\" data-id=\"8605d20\" data-element_type=\"widget\" data-widget_type=\"text-editor.default\">\n<div class=\"elementor-widget-container\">\n<p>\u00a0<\/p>\n<p><strong>Benedikt Guntentaler<\/strong><\/p>\n<\/p>\n<p>hat im Bachelor Philosophie und Theaterwissenschaft an der LMU M\u00fcnchen studiert, mit Schwerpunkt auf einer \u00e4sthetischen Formanalyse des fr\u00fchen S\u00f8ren Kierkegaard. Derzeit absolviert er dort einen Doppelmaster in den F\u00e4chern Film- und Medienkulturforschung sowie Literaturwissenschaft. Seit 2024 schreibt er als Film- und Theaterkritiker f\u00fcr das Online-Magazin artechock, wozu auch Festivalberichte und der Podcast \u201eDas Filmquartett\u201c geh\u00f6ren. Au\u00dferdem leitet er kooperativ das studentische Unikino der LMU, das \u201eukino\u201c, und war 2025 als Kurator des Young People\u2019s Choice Segments des internationalen Filmfestivals UNDERDOX aktiv.<\/p>\n<\/p><\/div>\n<\/p><\/div>\n<\/p><\/div>\n<\/p><\/div>\n<\/p><\/div>\n<\/section>\n<section class=\"elementor-section elementor-top-section elementor-element elementor-element-0ec3a92 elementor-section-boxed elementor-section-height-default elementor-section-height-default\" data-id=\"0ec3a92\" data-element_type=\"section\">\n<div class=\"elementor-container elementor-column-gap-default\">\n<div class=\"elementor-column elementor-col-100 elementor-top-column elementor-element elementor-element-ff6ff4a\" data-id=\"ff6ff4a\" data-element_type=\"column\">\n<div class=\"elementor-widget-wrap\">\n\t\t\t\t\t\t\t<\/div>\n<\/p><\/div>\n<\/p><\/div>\n<\/section>\n<section class=\"elementor-section elementor-top-section elementor-element elementor-element-b576229 elementor-section-full_width elementor-section-height-default elementor-section-height-default\" data-id=\"b576229\" data-element_type=\"section\">\n<div class=\"elementor-container elementor-column-gap-default\">\n<div class=\"elementor-column elementor-col-33 elementor-top-column elementor-element elementor-element-613ae57\" data-id=\"613ae57\" data-element_type=\"column\">\n<div class=\"elementor-widget-wrap elementor-element-populated\">\n<div class=\"elementor-element elementor-element-159a426 elementor-widget elementor-widget-image\" data-id=\"159a426\" data-element_type=\"widget\" data-widget_type=\"image.default\">\n<div class=\"elementor-widget-container\">\n\t\t\t\t\t\t\t\t\t\t\t\t\t\t\t<img decoding=\"async\" width=\"600\" height=\"814\" src=\"https:\/\/landshuter-kurzfilmfestival.de\/wp-content\/uploads\/2026\/01\/Manuel-Magno.png\" class=\"attachment-large size-large wp-image-37029\" alt=\"\" srcset=\"https:\/\/landshuter-kurzfilmfestival.de\/wp-content\/uploads\/2026\/01\/Manuel-Magno.png 600w, https:\/\/landshuter-kurzfilmfestival.de\/wp-content\/uploads\/2026\/01\/Manuel-Magno-221x300.png 221w, https:\/\/landshuter-kurzfilmfestival.de\/wp-content\/uploads\/2026\/01\/Manuel-Magno-300x407.png 300w\" sizes=\"(max-width: 600px) 100vw, 600px\" \/>\t\t\t\t\t\t\t\t\t\t\t\t\t\t\t<\/div>\n<\/p><\/div>\n<\/p><\/div>\n<\/p><\/div>\n<div class=\"elementor-column elementor-col-66 elementor-top-column elementor-element elementor-element-246a102\" data-id=\"246a102\" data-element_type=\"column\">\n<div class=\"elementor-widget-wrap elementor-element-populated\">\n<div class=\"elementor-element elementor-element-213579b elementor-widget elementor-widget-text-editor\" data-id=\"213579b\" data-element_type=\"widget\" data-widget_type=\"text-editor.default\">\n<div class=\"elementor-widget-container\">\n<p><strong>Manuel Magno<\/strong><\/p>\n<\/p>\n<p>Anfang der 1980er geboren, verbrachte der Deutsch-Portugiese schon seine Kindheit und Jugend vor dem Bildschirm bzw. der Kinoleinwand. Filme wie Poltergeist, Gremlins oder A Nightmare on Elm Street entfachten fr\u00fch seine Passion f\u00fcr Horror- und Genrefilme. \u00dcber Jahre wuchs die Film-Sammlung auf diversen Medien (VHS, DVD und Blu-Ray) parallel zur Musik-Sammlung, die f\u00fcr den gelernten Schlagzeuger die wichtigsten Besitzt\u00fcmer umfassen.<\/p>\n<p>Ein Journalismus-Studium sp\u00e4ter wollte Manu seiner Film-Leidenschaft \u00f6ffentlich Ausdruck verleihen. Beitr\u00e4ge auf seinem Blog manumeint.de erm\u00f6glichten ihm den Einstieg in die Redaktion von \u201eDeadline \u2013 Das Filmmagazin\u201c. Doch er wollte zus\u00e4tzlich vor die Kamera. Seit 2016 ver\u00f6ffentlicht er auf dem YouTube-Kanal \u201eFilmfressen\u201c gemeinsam mit seinem besten Freund Peter Besprechungen zu aktuellen, kruden und merkw\u00fcrdigen Genrefilmen \u2013 und macht den Schnitt. Was es nicht in ein Video schafft, verarbeiten die beiden Filmfreaks seit Mitte 2019 im Podcast \u201eCine:viel\u201c. <\/p>\n<div>\u00a0<\/div>\n<\/p><\/div>\n<\/p><\/div>\n<\/p><\/div>\n<\/p><\/div>\n<\/p><\/div>\n<\/section><\/div>\n","protected":false},"excerpt":{"rendered":"<p>Jury #3 Shock Block Bea \u201eLugosi\u201c Festerling Geboren 1970 in Wasserburg am Inn. Nach der Schule brach sie ihr Studium der Holztechnik ab, um Punk-Konzerte zu veranstalten. Da das eine brotlose Kunst ist und sie Horrorfilme liebte, fing sie mit 21 Jahren an, im Schneideraum zu arbeiten. Ihr Handwerk hat sie noch analog mit Klebelade &#8230; <br \/><a class=\"read-more\" href=\"https:\/\/landshuter-kurzfilmfestival.de\/de\/jury\/jury-3\/\">Read More<\/a><\/p>\n","protected":false},"author":4,"featured_media":0,"parent":17260,"menu_order":0,"comment_status":"closed","ping_status":"closed","template":"","meta":{"_acf_changed":false,"footnotes":""},"categories":[],"tags":[],"class_list":["post-20618","page","type-page","status-publish","hentry"],"acf":[],"_links":{"self":[{"href":"https:\/\/landshuter-kurzfilmfestival.de\/de\/wp-json\/wp\/v2\/pages\/20618","targetHints":{"allow":["GET"]}}],"collection":[{"href":"https:\/\/landshuter-kurzfilmfestival.de\/de\/wp-json\/wp\/v2\/pages"}],"about":[{"href":"https:\/\/landshuter-kurzfilmfestival.de\/de\/wp-json\/wp\/v2\/types\/page"}],"author":[{"embeddable":true,"href":"https:\/\/landshuter-kurzfilmfestival.de\/de\/wp-json\/wp\/v2\/users\/4"}],"replies":[{"embeddable":true,"href":"https:\/\/landshuter-kurzfilmfestival.de\/de\/wp-json\/wp\/v2\/comments?post=20618"}],"version-history":[{"count":31,"href":"https:\/\/landshuter-kurzfilmfestival.de\/de\/wp-json\/wp\/v2\/pages\/20618\/revisions"}],"predecessor-version":[{"id":37035,"href":"https:\/\/landshuter-kurzfilmfestival.de\/de\/wp-json\/wp\/v2\/pages\/20618\/revisions\/37035"}],"up":[{"embeddable":true,"href":"https:\/\/landshuter-kurzfilmfestival.de\/de\/wp-json\/wp\/v2\/pages\/17260"}],"wp:attachment":[{"href":"https:\/\/landshuter-kurzfilmfestival.de\/de\/wp-json\/wp\/v2\/media?parent=20618"}],"wp:term":[{"taxonomy":"category","embeddable":true,"href":"https:\/\/landshuter-kurzfilmfestival.de\/de\/wp-json\/wp\/v2\/categories?post=20618"},{"taxonomy":"post_tag","embeddable":true,"href":"https:\/\/landshuter-kurzfilmfestival.de\/de\/wp-json\/wp\/v2\/tags?post=20618"}],"curies":[{"name":"wp","href":"https:\/\/api.w.org\/{rel}","templated":true}]}}