{"id":21257,"date":"2022-04-02T13:54:11","date_gmt":"2022-04-02T11:54:11","guid":{"rendered":"https:\/\/2021.landshuter-kurzfilmfestival.de\/?page_id=21257"},"modified":"2026-01-17T09:37:41","modified_gmt":"2026-01-17T08:37:41","slug":"bayerische-staatskanzlei","status":"publish","type":"page","link":"https:\/\/landshuter-kurzfilmfestival.de\/de\/grussworte\/bayerische-staatskanzlei\/","title":{"rendered":"Bayerische Staatskanzlei"},"content":{"rendered":"\n<div data-elementor-type=\"wp-page\" data-elementor-id=\"21257\" class=\"elementor elementor-21257\" data-elementor-post-type=\"page\">\n<section class=\"elementor-section elementor-top-section elementor-element elementor-element-ea9ba93 elementor-section-full_width elementor-section-height-default elementor-section-height-default\" data-id=\"ea9ba93\" data-element_type=\"section\">\n<div class=\"elementor-container elementor-column-gap-default\">\n<div class=\"elementor-column elementor-col-100 elementor-top-column elementor-element elementor-element-554f357\" data-id=\"554f357\" data-element_type=\"column\">\n<div class=\"elementor-widget-wrap elementor-element-populated\">\n<div class=\"elementor-element elementor-element-1120a07 elementor-widget elementor-widget-heading\" data-id=\"1120a07\" data-element_type=\"widget\" data-widget_type=\"heading.default\">\n<div class=\"elementor-widget-container\">\n<h2 class=\"elementor-heading-title elementor-size-default\">Dr. Florian Herrmann, MdL<br \/>Der Leiter der Bayerischen Staatskanzlei<br \/>\nStaatsminister f\u00fcr Bundesangelegenheiten<br \/>\nund Medien<\/h2>\n<\/p><\/div>\n<\/p><\/div>\n<div class=\"elementor-element elementor-element-03eb41a elementor-widget elementor-widget-spacer\" data-id=\"03eb41a\" data-element_type=\"widget\" data-widget_type=\"spacer.default\">\n<div class=\"elementor-widget-container\">\n<div class=\"elementor-spacer\">\n<div class=\"elementor-spacer-inner\"><\/div>\n<\/p><\/div>\n<\/p><\/div>\n<\/p><\/div>\n<\/p><\/div>\n<\/p><\/div>\n<\/p><\/div>\n<\/section>\n<section class=\"elementor-section elementor-top-section elementor-element elementor-element-3d2f43a elementor-section-full_width elementor-section-height-default elementor-section-height-default\" data-id=\"3d2f43a\" data-element_type=\"section\">\n<div class=\"elementor-container elementor-column-gap-default\">\n<div class=\"elementor-column elementor-col-33 elementor-top-column elementor-element elementor-element-3d1dbb3\" data-id=\"3d1dbb3\" data-element_type=\"column\">\n<div class=\"elementor-widget-wrap elementor-element-populated\">\n<div class=\"elementor-element elementor-element-0db2f18 elementor-widget elementor-widget-image\" data-id=\"0db2f18\" data-element_type=\"widget\" data-widget_type=\"image.default\">\n<div class=\"elementor-widget-container\">\n\t\t\t\t\t\t\t\t\t\t\t\t\t\t\t<img fetchpriority=\"high\" decoding=\"async\" width=\"683\" height=\"1024\" src=\"https:\/\/landshuter-kurzfilmfestival.de\/wp-content\/uploads\/2024\/02\/Dr.-Florian-Herrman-\u00a9-Bayerische-Staatskanzlei-683x1024.jpg\" class=\"attachment-large size-large wp-image-31949\" alt=\"\" srcset=\"https:\/\/landshuter-kurzfilmfestival.de\/wp-content\/uploads\/2024\/02\/Dr.-Florian-Herrman-\u00a9-Bayerische-Staatskanzlei-683x1024.jpg 683w, https:\/\/landshuter-kurzfilmfestival.de\/wp-content\/uploads\/2024\/02\/Dr.-Florian-Herrman-\u00a9-Bayerische-Staatskanzlei-200x300.jpg 200w, https:\/\/landshuter-kurzfilmfestival.de\/wp-content\/uploads\/2024\/02\/Dr.-Florian-Herrman-\u00a9-Bayerische-Staatskanzlei-768x1152.jpg 768w, https:\/\/landshuter-kurzfilmfestival.de\/wp-content\/uploads\/2024\/02\/Dr.-Florian-Herrman-\u00a9-Bayerische-Staatskanzlei-1024x1536.jpg 1024w, https:\/\/landshuter-kurzfilmfestival.de\/wp-content\/uploads\/2024\/02\/Dr.-Florian-Herrman-\u00a9-Bayerische-Staatskanzlei-1365x2048.jpg 1365w, https:\/\/landshuter-kurzfilmfestival.de\/wp-content\/uploads\/2024\/02\/Dr.-Florian-Herrman-\u00a9-Bayerische-Staatskanzlei-300x450.jpg 300w, https:\/\/landshuter-kurzfilmfestival.de\/wp-content\/uploads\/2024\/02\/Dr.-Florian-Herrman-\u00a9-Bayerische-Staatskanzlei-scaled.jpg 1706w\" sizes=\"(max-width: 683px) 100vw, 683px\" \/>\t\t\t\t\t\t\t\t\t\t\t\t\t\t\t<\/div>\n<\/p><\/div>\n<\/p><\/div>\n<\/p><\/div>\n<div class=\"elementor-column elementor-col-66 elementor-top-column elementor-element elementor-element-d3e94c2\" data-id=\"d3e94c2\" data-element_type=\"column\">\n<div class=\"elementor-widget-wrap elementor-element-populated\">\n<div class=\"elementor-element elementor-element-9874cb6 elementor-widget elementor-widget-text-editor\" data-id=\"9874cb6\" data-element_type=\"widget\" data-widget_type=\"text-editor.default\">\n<div class=\"elementor-widget-container\">\n<p>Der M\u00e4rz steht in Landshut ganz im Zeichen des Films! Seit der Premiere im Jahr 2000 findet in diesem Monat das Landshuter Kurzfilmfestival statt. In der Filmwelt ist die Veranstaltung l\u00e4ngst etabliert. Zum 26. Mal bietet sie in Bayern eine besondere Plattform f\u00fcr nationale und internationale Produktionen. Vor allem junge Filmschaffende erhalten hier die M\u00f6glichkeit, ihre Werke zu pr\u00e4sentieren. Neben Kinopolis und Kinoptikum sorgt auch der Salzstadel f\u00fcr den optimalen Rahmen.<\/p>\n<p>Auf mehrere tausend Zuschauerinnen und Zuschauer wartet ein abwechslungsreiches Filmerlebnis. Die Bandbreite der Kurzfilme ist gro\u00df, in acht Kategorien werden elf begehrte Preise vergeben. So unterschiedlich Inhalt und Genre der Produktionen auch sind, die Kunst des pointierten, auf das Wesentliche reduzierten Erz\u00e4hlens liegt ihnen allen zugrunde.<\/p>\n<p>Als Filmstandort von herausragendem Format schafft der Freistaat h\u00f6chst attraktive Rahmenbedingungen f\u00fcr die Branche, \u00fcber den FilmFernsehFonds unterst\u00fctzt er sie nach Kr\u00e4ften. Auch die F\u00f6rderung des 26. Landshuter Filmfestivals setzt sich 2026 in bew\u00e4hrter Weise fort.<\/p>\n<p>Herzlichen Dank dem Organisationsteam, den Wettbewerbersteilnehmerinnen und -teilnehmern viel Erfolg, dem Publikum gute Unterhaltung!<\/p>\n<\/p>\n<div class=\"notranslate\" style=\"all: initial;\" data-darkreader-inline-bgcolor=\"\" data-darkreader-inline-bgimage=\"\" data-darkreader-inline-border-top=\"\" data-darkreader-inline-border-right=\"\" data-darkreader-inline-border-bottom=\"\" data-darkreader-inline-border-left=\"\" data-darkreader-inline-boxshadow=\"\" data-darkreader-inline-fill=\"\" data-darkreader-inline-stroke=\"\" data-darkreader-inline-color=\"\" data-darkreader-inline-outline=\"\" data-darkreader-inline-stopcolor=\"\">\u00a0<\/div>\n<div class=\"notranslate\" style=\"all: initial; --darkreader-inline-bgcolor: initial; --darkreader-inline-bgimage: initial; --darkreader-inline-border-top: initial; --darkreader-inline-border-right: initial; --darkreader-inline-border-bottom: initial; --darkreader-inline-border-left: initial; --darkreader-inline-boxshadow: initial; --darkreader-inline-fill: initial; --darkreader-inline-stroke: initial; --darkreader-inline-color: var(--darkreader-text-000000, #e8e6e3); --darkreader-inline-outline: initial; --darkreader-inline-stopcolor: initial;\" data-darkreader-inline-bgcolor=\"\" data-darkreader-inline-bgimage=\"\" data-darkreader-inline-border-top=\"\" data-darkreader-inline-border-right=\"\" data-darkreader-inline-border-bottom=\"\" data-darkreader-inline-border-left=\"\" data-darkreader-inline-boxshadow=\"\" data-darkreader-inline-fill=\"\" data-darkreader-inline-stroke=\"\" data-darkreader-inline-color=\"\" data-darkreader-inline-outline=\"\" data-darkreader-inline-stopcolor=\"\">\u00a0<\/div>\n<\/p><\/div>\n<\/p><\/div>\n<\/p><\/div>\n<\/p><\/div>\n<\/p><\/div>\n<\/section>\n<section class=\"elementor-section elementor-top-section elementor-element elementor-element-acbe40a elementor-section-boxed elementor-section-height-default elementor-section-height-default\" data-id=\"acbe40a\" data-element_type=\"section\">\n<div class=\"elementor-container elementor-column-gap-default\">\n<div class=\"elementor-column elementor-col-100 elementor-top-column elementor-element elementor-element-639eb0e\" data-id=\"639eb0e\" data-element_type=\"column\">\n<div class=\"elementor-widget-wrap elementor-element-populated\">\n<div class=\"elementor-element elementor-element-7c2f3c8 elementor-widget elementor-widget-spacer\" data-id=\"7c2f3c8\" data-element_type=\"widget\" data-widget_type=\"spacer.default\">\n<div class=\"elementor-widget-container\">\n<div class=\"elementor-spacer\">\n<div class=\"elementor-spacer-inner\"><\/div>\n<\/p><\/div>\n<\/p><\/div>\n<\/p><\/div>\n<\/p><\/div>\n<\/p><\/div>\n<\/p><\/div>\n<\/section><\/div>\n","protected":false},"excerpt":{"rendered":"<p>Dr. Florian Herrmann, MdLDer Leiter der Bayerischen Staatskanzlei Staatsminister f\u00fcr Bundesangelegenheiten und Medien Der M\u00e4rz steht in Landshut ganz im Zeichen des Films! Seit der Premiere im Jahr 2000 findet in diesem Monat das Landshuter Kurzfilmfestival statt. In der Filmwelt ist die Veranstaltung l\u00e4ngst etabliert. Zum 26. Mal bietet sie in Bayern eine besondere Plattform &#8230; <br \/><a class=\"read-more\" href=\"https:\/\/landshuter-kurzfilmfestival.de\/de\/grussworte\/bayerische-staatskanzlei\/\">Read More<\/a><\/p>\n","protected":false},"author":4,"featured_media":0,"parent":2228,"menu_order":0,"comment_status":"closed","ping_status":"closed","template":"","meta":{"_acf_changed":false,"footnotes":""},"categories":[],"tags":[],"class_list":["post-21257","page","type-page","status-publish","hentry"],"acf":[],"_links":{"self":[{"href":"https:\/\/landshuter-kurzfilmfestival.de\/de\/wp-json\/wp\/v2\/pages\/21257","targetHints":{"allow":["GET"]}}],"collection":[{"href":"https:\/\/landshuter-kurzfilmfestival.de\/de\/wp-json\/wp\/v2\/pages"}],"about":[{"href":"https:\/\/landshuter-kurzfilmfestival.de\/de\/wp-json\/wp\/v2\/types\/page"}],"author":[{"embeddable":true,"href":"https:\/\/landshuter-kurzfilmfestival.de\/de\/wp-json\/wp\/v2\/users\/4"}],"replies":[{"embeddable":true,"href":"https:\/\/landshuter-kurzfilmfestival.de\/de\/wp-json\/wp\/v2\/comments?post=21257"}],"version-history":[{"count":45,"href":"https:\/\/landshuter-kurzfilmfestival.de\/de\/wp-json\/wp\/v2\/pages\/21257\/revisions"}],"predecessor-version":[{"id":35946,"href":"https:\/\/landshuter-kurzfilmfestival.de\/de\/wp-json\/wp\/v2\/pages\/21257\/revisions\/35946"}],"up":[{"embeddable":true,"href":"https:\/\/landshuter-kurzfilmfestival.de\/de\/wp-json\/wp\/v2\/pages\/2228"}],"wp:attachment":[{"href":"https:\/\/landshuter-kurzfilmfestival.de\/de\/wp-json\/wp\/v2\/media?parent=21257"}],"wp:term":[{"taxonomy":"category","embeddable":true,"href":"https:\/\/landshuter-kurzfilmfestival.de\/de\/wp-json\/wp\/v2\/categories?post=21257"},{"taxonomy":"post_tag","embeddable":true,"href":"https:\/\/landshuter-kurzfilmfestival.de\/de\/wp-json\/wp\/v2\/tags?post=21257"}],"curies":[{"name":"wp","href":"https:\/\/api.w.org\/{rel}","templated":true}]}}