{"id":21288,"date":"2022-04-02T14:24:39","date_gmt":"2022-04-02T12:24:39","guid":{"rendered":"https:\/\/2021.landshuter-kurzfilmfestival.de\/?page_id=21288"},"modified":"2026-01-17T09:39:23","modified_gmt":"2026-01-17T08:39:23","slug":"stadt-landshut","status":"publish","type":"page","link":"https:\/\/landshuter-kurzfilmfestival.de\/de\/grussworte\/stadt-landshut\/","title":{"rendered":"Stadt Landshut"},"content":{"rendered":"\n<div data-elementor-type=\"wp-page\" data-elementor-id=\"21288\" class=\"elementor elementor-21288\" data-elementor-post-type=\"page\">\n<section class=\"elementor-section elementor-top-section elementor-element elementor-element-ea9ba93 elementor-section-full_width elementor-section-height-default elementor-section-height-default\" data-id=\"ea9ba93\" data-element_type=\"section\">\n<div class=\"elementor-container elementor-column-gap-default\">\n<div class=\"elementor-column elementor-col-100 elementor-top-column elementor-element elementor-element-554f357\" data-id=\"554f357\" data-element_type=\"column\">\n<div class=\"elementor-widget-wrap elementor-element-populated\">\n<div class=\"elementor-element elementor-element-1120a07 elementor-widget elementor-widget-heading\" data-id=\"1120a07\" data-element_type=\"widget\" data-widget_type=\"heading.default\">\n<div class=\"elementor-widget-container\">\n<h2 class=\"elementor-heading-title elementor-size-default\">Alexander Putz Oberb\u00fcrgermeister der Stadt Landshut<\/h2>\n<\/p><\/div>\n<\/p><\/div>\n<div class=\"elementor-element elementor-element-03eb41a elementor-widget elementor-widget-spacer\" data-id=\"03eb41a\" data-element_type=\"widget\" data-widget_type=\"spacer.default\">\n<div class=\"elementor-widget-container\">\n<div class=\"elementor-spacer\">\n<div class=\"elementor-spacer-inner\"><\/div>\n<\/p><\/div>\n<\/p><\/div>\n<\/p><\/div>\n<\/p><\/div>\n<\/p><\/div>\n<\/p><\/div>\n<\/section>\n<section class=\"elementor-section elementor-top-section elementor-element elementor-element-3d2f43a elementor-section-full_width elementor-section-height-default elementor-section-height-default\" data-id=\"3d2f43a\" data-element_type=\"section\">\n<div class=\"elementor-container elementor-column-gap-default\">\n<div class=\"elementor-column elementor-col-33 elementor-top-column elementor-element elementor-element-3d1dbb3\" data-id=\"3d1dbb3\" data-element_type=\"column\">\n<div class=\"elementor-widget-wrap elementor-element-populated\">\n<div class=\"elementor-element elementor-element-1595aab elementor-widget elementor-widget-image\" data-id=\"1595aab\" data-element_type=\"widget\" data-widget_type=\"image.default\">\n<div class=\"elementor-widget-container\">\n\t\t\t\t\t\t\t\t\t\t\t\t\t\t\t<img fetchpriority=\"high\" decoding=\"async\" width=\"770\" height=\"935\" src=\"https:\/\/landshuter-kurzfilmfestival.de\/wp-content\/uploads\/2023\/02\/ob_putz-843x1024.jpg\" class=\"attachment-large size-large wp-image-27172\" alt=\"\" srcset=\"https:\/\/landshuter-kurzfilmfestival.de\/wp-content\/uploads\/2023\/02\/ob_putz-843x1024.jpg 843w, https:\/\/landshuter-kurzfilmfestival.de\/wp-content\/uploads\/2023\/02\/ob_putz-247x300.jpg 247w, https:\/\/landshuter-kurzfilmfestival.de\/wp-content\/uploads\/2023\/02\/ob_putz-768x933.jpg 768w, https:\/\/landshuter-kurzfilmfestival.de\/wp-content\/uploads\/2023\/02\/ob_putz-300x365.jpg 300w, https:\/\/landshuter-kurzfilmfestival.de\/wp-content\/uploads\/2023\/02\/ob_putz.jpg 1000w\" sizes=\"(max-width: 770px) 100vw, 770px\" \/>\t\t\t\t\t\t\t\t\t\t\t\t\t\t\t<\/div>\n<\/p><\/div>\n<\/p><\/div>\n<\/p><\/div>\n<div class=\"elementor-column elementor-col-66 elementor-top-column elementor-element elementor-element-d3e94c2\" data-id=\"d3e94c2\" data-element_type=\"column\">\n<div class=\"elementor-widget-wrap elementor-element-populated\">\n<div class=\"elementor-element elementor-element-9874cb6 elementor-widget elementor-widget-text-editor\" data-id=\"9874cb6\" data-element_type=\"widget\" data-widget_type=\"text-editor.default\">\n<div class=\"elementor-widget-container\">\n<p>Liebe Kurzfilm-Begeisterte,<br \/>liebe G\u00e4ste,<br \/>ein herzliches Willkommen zum Landshuter Kurzfilmfestival. Besonders begr\u00fc\u00dfe ich die Filmemacherinnen und Filmemacher, die aus aller Welt kommend, ihren Besuch angek\u00fcndigt haben. Dass immer wieder Filmemacher vor Ort sind, macht die besondere Atmosph\u00e4re des Festivals aus. Obwohl sich das Festival vor allem bei den Fachleuten international etabliert hat, ist es lokal verwurzelt und nahbar geblieben. Dass dieser Spagat gelungen ist, verdanken wir vor allem dem k\u00fcnstlerischen Direktor, Michael Orth. Etwa zehn Prozent der eingesandten Filme schaffen es ins Programm, in diesem Jahr 221 Filme aus 36 L\u00e4ndern. Mit den acht Kategorien des Wettbewerbs, die sich mit der Zeit herauskristallisiert haben, dr\u00fcckt er nicht nur dem Festival seinen Stempel auf, sondern trifft offensichtlich auch den Geschmack des Publikums. Nach der \u201eDelle\u201c w\u00e4hrend der Corona-Pandemie bewegen sich die Zuschauerzahlen l\u00e4ngst wieder auf dem Niveau von 2019.<\/p>\n<p>Der Jury, dem gesamten Team, vor allem aber auch Birgit Horn, die als organisatorische Leiterin f\u00fcr einen gewohnt reibungslosen Ablauf sorgt, danke ich f\u00fcr die Ausrichtung dieses wunderbaren Festivals.<\/p>\n<p>W\u00e4hrend f\u00fcr mich als Oberb\u00fcrgermeister der Showdown begonnen hat, w\u00fcnsche ich dem Landshuter Kurzfilmfestival, dass sich der Vorhang noch oft f\u00fcr spannende, lustige, nachdenkliche oder schockierende Filme hebt.<\/p>\n<\/p><\/div>\n<\/p><\/div>\n<\/p><\/div>\n<\/p><\/div>\n<\/p><\/div>\n<\/section>\n<section class=\"elementor-section elementor-top-section elementor-element elementor-element-acbe40a elementor-section-boxed elementor-section-height-default elementor-section-height-default\" data-id=\"acbe40a\" data-element_type=\"section\">\n<div class=\"elementor-container elementor-column-gap-default\">\n<div class=\"elementor-column elementor-col-100 elementor-top-column elementor-element elementor-element-639eb0e\" data-id=\"639eb0e\" data-element_type=\"column\">\n<div class=\"elementor-widget-wrap elementor-element-populated\">\n<div class=\"elementor-element elementor-element-7c2f3c8 elementor-widget elementor-widget-spacer\" data-id=\"7c2f3c8\" data-element_type=\"widget\" data-widget_type=\"spacer.default\">\n<div class=\"elementor-widget-container\">\n<div class=\"elementor-spacer\">\n<div class=\"elementor-spacer-inner\"><\/div>\n<\/p><\/div>\n<\/p><\/div>\n<\/p><\/div>\n<\/p><\/div>\n<\/p><\/div>\n<\/p><\/div>\n<\/section><\/div>\n","protected":false},"excerpt":{"rendered":"<p>Alexander Putz Oberb\u00fcrgermeister der Stadt Landshut Liebe Kurzfilm-Begeisterte,liebe G\u00e4ste,ein herzliches Willkommen zum Landshuter Kurzfilmfestival. Besonders begr\u00fc\u00dfe ich die Filmemacherinnen und Filmemacher, die aus aller Welt kommend, ihren Besuch angek\u00fcndigt haben. Dass immer wieder Filmemacher vor Ort sind, macht die besondere Atmosph\u00e4re des Festivals aus. Obwohl sich das Festival vor allem bei den Fachleuten international etabliert &#8230; <br \/><a class=\"read-more\" href=\"https:\/\/landshuter-kurzfilmfestival.de\/de\/grussworte\/stadt-landshut\/\">Read More<\/a><\/p>\n","protected":false},"author":4,"featured_media":0,"parent":2228,"menu_order":0,"comment_status":"closed","ping_status":"closed","template":"","meta":{"_acf_changed":false,"footnotes":""},"categories":[],"tags":[],"class_list":["post-21288","page","type-page","status-publish","hentry"],"acf":[],"_links":{"self":[{"href":"https:\/\/landshuter-kurzfilmfestival.de\/de\/wp-json\/wp\/v2\/pages\/21288","targetHints":{"allow":["GET"]}}],"collection":[{"href":"https:\/\/landshuter-kurzfilmfestival.de\/de\/wp-json\/wp\/v2\/pages"}],"about":[{"href":"https:\/\/landshuter-kurzfilmfestival.de\/de\/wp-json\/wp\/v2\/types\/page"}],"author":[{"embeddable":true,"href":"https:\/\/landshuter-kurzfilmfestival.de\/de\/wp-json\/wp\/v2\/users\/4"}],"replies":[{"embeddable":true,"href":"https:\/\/landshuter-kurzfilmfestival.de\/de\/wp-json\/wp\/v2\/comments?post=21288"}],"version-history":[{"count":22,"href":"https:\/\/landshuter-kurzfilmfestival.de\/de\/wp-json\/wp\/v2\/pages\/21288\/revisions"}],"predecessor-version":[{"id":35949,"href":"https:\/\/landshuter-kurzfilmfestival.de\/de\/wp-json\/wp\/v2\/pages\/21288\/revisions\/35949"}],"up":[{"embeddable":true,"href":"https:\/\/landshuter-kurzfilmfestival.de\/de\/wp-json\/wp\/v2\/pages\/2228"}],"wp:attachment":[{"href":"https:\/\/landshuter-kurzfilmfestival.de\/de\/wp-json\/wp\/v2\/media?parent=21288"}],"wp:term":[{"taxonomy":"category","embeddable":true,"href":"https:\/\/landshuter-kurzfilmfestival.de\/de\/wp-json\/wp\/v2\/categories?post=21288"},{"taxonomy":"post_tag","embeddable":true,"href":"https:\/\/landshuter-kurzfilmfestival.de\/de\/wp-json\/wp\/v2\/tags?post=21288"}],"curies":[{"name":"wp","href":"https:\/\/api.w.org\/{rel}","templated":true}]}}