{"id":21292,"date":"2022-04-02T14:26:04","date_gmt":"2022-04-02T12:26:04","guid":{"rendered":"https:\/\/2021.landshuter-kurzfilmfestival.de\/?page_id=21292"},"modified":"2026-01-17T09:40:30","modified_gmt":"2026-01-17T08:40:30","slug":"fff-bayern","status":"publish","type":"page","link":"https:\/\/landshuter-kurzfilmfestival.de\/de\/grussworte\/fff-bayern\/","title":{"rendered":"FFF Bayern"},"content":{"rendered":"\n<div data-elementor-type=\"wp-page\" data-elementor-id=\"21292\" class=\"elementor elementor-21292\" data-elementor-post-type=\"page\">\n<section class=\"elementor-section elementor-top-section elementor-element elementor-element-ea9ba93 elementor-section-full_width elementor-section-height-default elementor-section-height-default\" data-id=\"ea9ba93\" data-element_type=\"section\">\n<div class=\"elementor-container elementor-column-gap-default\">\n<div class=\"elementor-column elementor-col-100 elementor-top-column elementor-element elementor-element-554f357\" data-id=\"554f357\" data-element_type=\"column\">\n<div class=\"elementor-widget-wrap elementor-element-populated\">\n<div class=\"elementor-element elementor-element-1120a07 elementor-widget elementor-widget-heading\" data-id=\"1120a07\" data-element_type=\"widget\" data-widget_type=\"heading.default\">\n<div class=\"elementor-widget-container\">\n<h2 class=\"elementor-heading-title elementor-size-default\">Dorothee Erpenstein<br \/>\nGesch\u00e4ftsf\u00fchrerin FFF Bayern<\/h2>\n<\/p><\/div>\n<\/p><\/div>\n<div class=\"elementor-element elementor-element-03eb41a elementor-widget elementor-widget-spacer\" data-id=\"03eb41a\" data-element_type=\"widget\" data-widget_type=\"spacer.default\">\n<div class=\"elementor-widget-container\">\n<div class=\"elementor-spacer\">\n<div class=\"elementor-spacer-inner\"><\/div>\n<\/p><\/div>\n<\/p><\/div>\n<\/p><\/div>\n<\/p><\/div>\n<\/p><\/div>\n<\/p><\/div>\n<\/section>\n<section class=\"elementor-section elementor-top-section elementor-element elementor-element-3d2f43a elementor-section-full_width elementor-section-height-default elementor-section-height-default\" data-id=\"3d2f43a\" data-element_type=\"section\">\n<div class=\"elementor-container elementor-column-gap-default\">\n<div class=\"elementor-column elementor-col-33 elementor-top-column elementor-element elementor-element-3d1dbb3\" data-id=\"3d1dbb3\" data-element_type=\"column\">\n<div class=\"elementor-widget-wrap elementor-element-populated\">\n<div class=\"elementor-element elementor-element-1595aab elementor-widget elementor-widget-image\" data-id=\"1595aab\" data-element_type=\"widget\" data-widget_type=\"image.default\">\n<div class=\"elementor-widget-container\">\n\t\t\t\t\t\t\t\t\t\t\t\t\t\t\t<img fetchpriority=\"high\" decoding=\"async\" width=\"770\" height=\"935\" src=\"https:\/\/landshuter-kurzfilmfestival.de\/wp-content\/uploads\/2023\/02\/dorothee_erpenstein-843x1024.jpg\" class=\"attachment-large size-large wp-image-27170\" alt=\"\" srcset=\"https:\/\/landshuter-kurzfilmfestival.de\/wp-content\/uploads\/2023\/02\/dorothee_erpenstein-843x1024.jpg 843w, https:\/\/landshuter-kurzfilmfestival.de\/wp-content\/uploads\/2023\/02\/dorothee_erpenstein-247x300.jpg 247w, https:\/\/landshuter-kurzfilmfestival.de\/wp-content\/uploads\/2023\/02\/dorothee_erpenstein-768x933.jpg 768w, https:\/\/landshuter-kurzfilmfestival.de\/wp-content\/uploads\/2023\/02\/dorothee_erpenstein-300x365.jpg 300w, https:\/\/landshuter-kurzfilmfestival.de\/wp-content\/uploads\/2023\/02\/dorothee_erpenstein.jpg 1000w\" sizes=\"(max-width: 770px) 100vw, 770px\" \/>\t\t\t\t\t\t\t\t\t\t\t\t\t\t\t<\/div>\n<\/p><\/div>\n<\/p><\/div>\n<\/p><\/div>\n<div class=\"elementor-column elementor-col-66 elementor-top-column elementor-element elementor-element-d3e94c2\" data-id=\"d3e94c2\" data-element_type=\"column\">\n<div class=\"elementor-widget-wrap elementor-element-populated\">\n<div class=\"elementor-element elementor-element-9874cb6 elementor-widget elementor-widget-text-editor\" data-id=\"9874cb6\" data-element_type=\"widget\" data-widget_type=\"text-editor.default\">\n<div class=\"elementor-widget-container\">\n<p>Liebe Kurzfilm-Fans,<br \/>herzlich willkommen zur 26. Ausgabe des Landshuter Kurzfilmfestivals! Mit seiner beeindruckenden Vielfalt an Filmen, zahlreichen begeisterten G\u00e4sten und einem sorgf\u00e4ltig kuratierten Rahmenprogramm hat sich das Festival l\u00e4ngst als feste Gr\u00f6\u00dfe in der bayerischen Festivallandschaft etabliert. Jahr f\u00fcr Jahr strahlt es weit \u00fcber Landshut hinaus und setzt wichtige kulturelle Impulse.<\/p>\n<p>Auch 2026 d\u00fcrfen wir uns auf ein spannendes, vielf\u00e4ltiges und mutiges Programm freuen, das die ganze Bandbreite des Kurzfilms zeigt: von experimentellen Erz\u00e4hlformen bis zu eigenwilligen, kreativen Handschriften junger Talente, die dem Publikum neue, \u00fcberraschende Perspektiven er\u00f6ffnen und Lust auf das Unerwartete machen.<\/p>\n<p>Das Landshuter Kurzfilmfestival ist dabei seit jeher ein wichtiger Ort f\u00fcr den filmischen Nachwuchs. Als FilmFernsehFonds Bayern ist es uns ein zentrales Anliegen, Talente fr\u00fchzeitig zu f\u00f6rdern, sie auf ihrem Weg in die Professionalit\u00e4t zu begleiten und zu ihrer Sichtbarmachung beizutragen. Talentf\u00f6rderung bedeutet f\u00fcr uns mehr als finanzielle Unterst\u00fctzung: Sie hei\u00dft Vertrauen in neue Stimmen, Freir\u00e4ume f\u00fcr k\u00fcnstlerisches Wagnis und die M\u00f6glichkeit, sich im Austausch mit Publikum und Branche weiterzuentwickeln. Gerade in Zeiten des Wandels braucht es starke Plattformen, die Filmtalenten Orientierung, Vernetzung und Ermutigung bieten.<\/p>\n<p>Filmfestivals wie das Landshuter Kurzfilmfestival leisten hierzu einen unverzichtbaren Beitrag. Sie sind Orte der Begegnung, des Dialogs und der Inspiration und damit essenziell f\u00fcr eine lebendige, vielf\u00e4ltige Filmkultur.<\/p>\n<p>Mein herzlicher Dank gilt dem gesamten Festivalteam um Michael Orth und Birgit Horn f\u00fcr ihr gro\u00dfes Engagement, ihre Leidenschaft und ihre kontinuierliche Arbeit f\u00fcr den Kurzfilm und den Nachwuchs. Dem Festival w\u00fcnsche ich eine erfolgreiche 26. Ausgabe, neugierige Zuschauerinnen und Zuschauer und viele inspirierende filmische Entdeckungen.<\/p>\n<p>\u00a0<\/p>\n<\/p><\/div>\n<\/p><\/div>\n<\/p><\/div>\n<\/p><\/div>\n<\/p><\/div>\n<\/section>\n<section class=\"elementor-section elementor-top-section elementor-element elementor-element-acbe40a elementor-section-boxed elementor-section-height-default elementor-section-height-default\" data-id=\"acbe40a\" data-element_type=\"section\">\n<div class=\"elementor-container elementor-column-gap-default\">\n<div class=\"elementor-column elementor-col-100 elementor-top-column elementor-element elementor-element-639eb0e\" data-id=\"639eb0e\" data-element_type=\"column\">\n<div class=\"elementor-widget-wrap elementor-element-populated\">\n<div class=\"elementor-element elementor-element-7c2f3c8 elementor-widget elementor-widget-spacer\" data-id=\"7c2f3c8\" data-element_type=\"widget\" data-widget_type=\"spacer.default\">\n<div class=\"elementor-widget-container\">\n<div class=\"elementor-spacer\">\n<div class=\"elementor-spacer-inner\"><\/div>\n<\/p><\/div>\n<\/p><\/div>\n<\/p><\/div>\n<\/p><\/div>\n<\/p><\/div>\n<\/p><\/div>\n<\/section><\/div>\n","protected":false},"excerpt":{"rendered":"<p>Dorothee Erpenstein Gesch\u00e4ftsf\u00fchrerin FFF Bayern Liebe Kurzfilm-Fans,herzlich willkommen zur 26. Ausgabe des Landshuter Kurzfilmfestivals! Mit seiner beeindruckenden Vielfalt an Filmen, zahlreichen begeisterten G\u00e4sten und einem sorgf\u00e4ltig kuratierten Rahmenprogramm hat sich das Festival l\u00e4ngst als feste Gr\u00f6\u00dfe in der bayerischen Festivallandschaft etabliert. Jahr f\u00fcr Jahr strahlt es weit \u00fcber Landshut hinaus und setzt wichtige kulturelle Impulse. &#8230; <br \/><a class=\"read-more\" href=\"https:\/\/landshuter-kurzfilmfestival.de\/de\/grussworte\/fff-bayern\/\">Read More<\/a><\/p>\n","protected":false},"author":4,"featured_media":0,"parent":2228,"menu_order":0,"comment_status":"closed","ping_status":"closed","template":"","meta":{"_acf_changed":false,"footnotes":""},"categories":[],"tags":[],"class_list":["post-21292","page","type-page","status-publish","hentry"],"acf":[],"_links":{"self":[{"href":"https:\/\/landshuter-kurzfilmfestival.de\/de\/wp-json\/wp\/v2\/pages\/21292","targetHints":{"allow":["GET"]}}],"collection":[{"href":"https:\/\/landshuter-kurzfilmfestival.de\/de\/wp-json\/wp\/v2\/pages"}],"about":[{"href":"https:\/\/landshuter-kurzfilmfestival.de\/de\/wp-json\/wp\/v2\/types\/page"}],"author":[{"embeddable":true,"href":"https:\/\/landshuter-kurzfilmfestival.de\/de\/wp-json\/wp\/v2\/users\/4"}],"replies":[{"embeddable":true,"href":"https:\/\/landshuter-kurzfilmfestival.de\/de\/wp-json\/wp\/v2\/comments?post=21292"}],"version-history":[{"count":25,"href":"https:\/\/landshuter-kurzfilmfestival.de\/de\/wp-json\/wp\/v2\/pages\/21292\/revisions"}],"predecessor-version":[{"id":35952,"href":"https:\/\/landshuter-kurzfilmfestival.de\/de\/wp-json\/wp\/v2\/pages\/21292\/revisions\/35952"}],"up":[{"embeddable":true,"href":"https:\/\/landshuter-kurzfilmfestival.de\/de\/wp-json\/wp\/v2\/pages\/2228"}],"wp:attachment":[{"href":"https:\/\/landshuter-kurzfilmfestival.de\/de\/wp-json\/wp\/v2\/media?parent=21292"}],"wp:term":[{"taxonomy":"category","embeddable":true,"href":"https:\/\/landshuter-kurzfilmfestival.de\/de\/wp-json\/wp\/v2\/categories?post=21292"},{"taxonomy":"post_tag","embeddable":true,"href":"https:\/\/landshuter-kurzfilmfestival.de\/de\/wp-json\/wp\/v2\/tags?post=21292"}],"curies":[{"name":"wp","href":"https:\/\/api.w.org\/{rel}","templated":true}]}}