{"id":21294,"date":"2022-04-02T14:27:35","date_gmt":"2022-04-02T12:27:35","guid":{"rendered":"https:\/\/2021.landshuter-kurzfilmfestival.de\/?page_id=21294"},"modified":"2026-01-25T14:51:44","modified_gmt":"2026-01-25T13:51:44","slug":"kuenstlerische-leitung","status":"publish","type":"page","link":"https:\/\/landshuter-kurzfilmfestival.de\/de\/grussworte\/kuenstlerische-leitung\/","title":{"rendered":"K\u00fcnstlerische Leitung"},"content":{"rendered":"\n<div data-elementor-type=\"wp-page\" data-elementor-id=\"21294\" class=\"elementor elementor-21294\" data-elementor-post-type=\"page\">\n<section class=\"elementor-section elementor-top-section elementor-element elementor-element-ea9ba93 elementor-section-full_width elementor-section-height-default elementor-section-height-default\" data-id=\"ea9ba93\" data-element_type=\"section\">\n<div class=\"elementor-container elementor-column-gap-default\">\n<div class=\"elementor-column elementor-col-100 elementor-top-column elementor-element elementor-element-554f357\" data-id=\"554f357\" data-element_type=\"column\">\n<div class=\"elementor-widget-wrap elementor-element-populated\">\n<div class=\"elementor-element elementor-element-1120a07 elementor-widget elementor-widget-heading\" data-id=\"1120a07\" data-element_type=\"widget\" data-widget_type=\"heading.default\">\n<div class=\"elementor-widget-container\">\n<h2 class=\"elementor-heading-title elementor-size-default\">Michael Orth<br \/>\nK\u00fcnstlerischer Leiter des LAKFF<\/h2>\n<\/p><\/div>\n<\/p><\/div>\n<div class=\"elementor-element elementor-element-03eb41a elementor-widget elementor-widget-spacer\" data-id=\"03eb41a\" data-element_type=\"widget\" data-widget_type=\"spacer.default\">\n<div class=\"elementor-widget-container\">\n<div class=\"elementor-spacer\">\n<div class=\"elementor-spacer-inner\"><\/div>\n<\/p><\/div>\n<\/p><\/div>\n<\/p><\/div>\n<\/p><\/div>\n<\/p><\/div>\n<\/p><\/div>\n<\/section>\n<section class=\"elementor-section elementor-top-section elementor-element elementor-element-3d2f43a elementor-section-full_width elementor-section-height-default elementor-section-height-default\" data-id=\"3d2f43a\" data-element_type=\"section\">\n<div class=\"elementor-container elementor-column-gap-default\">\n<div class=\"elementor-column elementor-col-33 elementor-top-column elementor-element elementor-element-3d1dbb3\" data-id=\"3d1dbb3\" data-element_type=\"column\">\n<div class=\"elementor-widget-wrap elementor-element-populated\">\n<div class=\"elementor-element elementor-element-1595aab elementor-widget elementor-widget-image\" data-id=\"1595aab\" data-element_type=\"widget\" data-widget_type=\"image.default\">\n<div class=\"elementor-widget-container\">\n\t\t\t\t\t\t\t\t\t\t\t\t\t\t\t<img fetchpriority=\"high\" decoding=\"async\" width=\"770\" height=\"935\" src=\"https:\/\/landshuter-kurzfilmfestival.de\/wp-content\/uploads\/2023\/02\/michael_orth-843x1024.jpg\" class=\"attachment-large size-large wp-image-27171\" alt=\"\" srcset=\"https:\/\/landshuter-kurzfilmfestival.de\/wp-content\/uploads\/2023\/02\/michael_orth-843x1024.jpg 843w, https:\/\/landshuter-kurzfilmfestival.de\/wp-content\/uploads\/2023\/02\/michael_orth-247x300.jpg 247w, https:\/\/landshuter-kurzfilmfestival.de\/wp-content\/uploads\/2023\/02\/michael_orth-768x933.jpg 768w, https:\/\/landshuter-kurzfilmfestival.de\/wp-content\/uploads\/2023\/02\/michael_orth-300x365.jpg 300w, https:\/\/landshuter-kurzfilmfestival.de\/wp-content\/uploads\/2023\/02\/michael_orth.jpg 1000w\" sizes=\"(max-width: 770px) 100vw, 770px\" \/>\t\t\t\t\t\t\t\t\t\t\t\t\t\t\t<\/div>\n<\/p><\/div>\n<\/p><\/div>\n<\/p><\/div>\n<div class=\"elementor-column elementor-col-66 elementor-top-column elementor-element elementor-element-d3e94c2\" data-id=\"d3e94c2\" data-element_type=\"column\">\n<div class=\"elementor-widget-wrap elementor-element-populated\">\n<div class=\"elementor-element elementor-element-9874cb6 elementor-widget elementor-widget-text-editor\" data-id=\"9874cb6\" data-element_type=\"widget\" data-widget_type=\"text-editor.default\">\n<div class=\"elementor-widget-container\">\n<p>Liebe Festivalg\u00e4ste, liebe Filmschaffende, liebe Freundinnen und Freunde des Landshuter Kurzfilmfestivals,<\/p>\n<p>es ist wieder Kurzfilmzeit! Freuen Sie sich auf mehr als 200 Filme aus \u00fcber 30 L\u00e4ndern, darunter 29 Weltpremieren, 18 Europapremieren und 83 Deutschlandpremieren. Es gibt so viel zu entdecken.<\/p>\n<p>Das alles w\u00e4re ohne die Arbeit und die Unterst\u00fctzung vieler nicht m\u00f6glich. Mein besonderer Dank gilt unseren Sponsorinnen und Sponsoren, F\u00f6rderern, Partnern sowie allen Mitarbeiterinnen und Mitarbeitern, die mit gro\u00dfem Engagement, Leidenschaft und Ausdauer dieses Festival Jahr f\u00fcr Jahr erm\u00f6glichen. Ebenso danke ich unserem Publikum, das mit Neugier, Offenheit und Diskussionsfreude den Filmen Raum gibt und dem Festival seine Lebendigkeit verleiht.<\/p>\n<p>Gerade in herausfordernden Zeiten zeigt sich, wie wichtig die Unterst\u00fctzung von Kunst und Kultur ist. Die Filme dieses Festivals sind mutig, kreativ und hochrelevant. Sie halten unserer Welt und uns manchmal deutlich, manchmal subtil einen Spiegel vor, stellen Fragen, irritieren, provozieren und polarisieren. Genau das ist ihre St\u00e4rke \u2013 und ihre Notwendigkeit.<\/p>\n<p>Denn Kunst und Kultur sind mehr als Unterhaltung. Sie sind Ausdruck gesellschaftlicher Auseinandersetzung und letztlich das, was bleibt.<br \/>Ihnen w\u00fcnsche ich inspirierende, spannende Festivaltage und gute Unterhaltung.<\/p>\n<\/p><\/div>\n<\/p><\/div>\n<\/p><\/div>\n<\/p><\/div>\n<\/p><\/div>\n<\/section>\n<section class=\"elementor-section elementor-top-section elementor-element elementor-element-acbe40a elementor-section-boxed elementor-section-height-default elementor-section-height-default\" data-id=\"acbe40a\" data-element_type=\"section\">\n<div class=\"elementor-container elementor-column-gap-default\">\n<div class=\"elementor-column elementor-col-100 elementor-top-column elementor-element elementor-element-639eb0e\" data-id=\"639eb0e\" data-element_type=\"column\">\n<div class=\"elementor-widget-wrap elementor-element-populated\">\n<div class=\"elementor-element elementor-element-7c2f3c8 elementor-widget elementor-widget-spacer\" data-id=\"7c2f3c8\" data-element_type=\"widget\" data-widget_type=\"spacer.default\">\n<div class=\"elementor-widget-container\">\n<div class=\"elementor-spacer\">\n<div class=\"elementor-spacer-inner\"><\/div>\n<\/p><\/div>\n<\/p><\/div>\n<\/p><\/div>\n<\/p><\/div>\n<\/p><\/div>\n<\/p><\/div>\n<\/section><\/div>\n","protected":false},"excerpt":{"rendered":"<p>Michael Orth K\u00fcnstlerischer Leiter des LAKFF Liebe Festivalg\u00e4ste, liebe Filmschaffende, liebe Freundinnen und Freunde des Landshuter Kurzfilmfestivals, es ist wieder Kurzfilmzeit! Freuen Sie sich auf mehr als 200 Filme aus \u00fcber 30 L\u00e4ndern, darunter 29 Weltpremieren, 18 Europapremieren und 83 Deutschlandpremieren. Es gibt so viel zu entdecken. Das alles w\u00e4re ohne die Arbeit und die &#8230; <br \/><a class=\"read-more\" href=\"https:\/\/landshuter-kurzfilmfestival.de\/de\/grussworte\/kuenstlerische-leitung\/\">Read More<\/a><\/p>\n","protected":false},"author":4,"featured_media":0,"parent":2228,"menu_order":0,"comment_status":"closed","ping_status":"closed","template":"","meta":{"_acf_changed":false,"footnotes":""},"categories":[],"tags":[],"class_list":["post-21294","page","type-page","status-publish","hentry"],"acf":[],"_links":{"self":[{"href":"https:\/\/landshuter-kurzfilmfestival.de\/de\/wp-json\/wp\/v2\/pages\/21294","targetHints":{"allow":["GET"]}}],"collection":[{"href":"https:\/\/landshuter-kurzfilmfestival.de\/de\/wp-json\/wp\/v2\/pages"}],"about":[{"href":"https:\/\/landshuter-kurzfilmfestival.de\/de\/wp-json\/wp\/v2\/types\/page"}],"author":[{"embeddable":true,"href":"https:\/\/landshuter-kurzfilmfestival.de\/de\/wp-json\/wp\/v2\/users\/4"}],"replies":[{"embeddable":true,"href":"https:\/\/landshuter-kurzfilmfestival.de\/de\/wp-json\/wp\/v2\/comments?post=21294"}],"version-history":[{"count":16,"href":"https:\/\/landshuter-kurzfilmfestival.de\/de\/wp-json\/wp\/v2\/pages\/21294\/revisions"}],"predecessor-version":[{"id":37021,"href":"https:\/\/landshuter-kurzfilmfestival.de\/de\/wp-json\/wp\/v2\/pages\/21294\/revisions\/37021"}],"up":[{"embeddable":true,"href":"https:\/\/landshuter-kurzfilmfestival.de\/de\/wp-json\/wp\/v2\/pages\/2228"}],"wp:attachment":[{"href":"https:\/\/landshuter-kurzfilmfestival.de\/de\/wp-json\/wp\/v2\/media?parent=21294"}],"wp:term":[{"taxonomy":"category","embeddable":true,"href":"https:\/\/landshuter-kurzfilmfestival.de\/de\/wp-json\/wp\/v2\/categories?post=21294"},{"taxonomy":"post_tag","embeddable":true,"href":"https:\/\/landshuter-kurzfilmfestival.de\/de\/wp-json\/wp\/v2\/tags?post=21294"}],"curies":[{"name":"wp","href":"https:\/\/api.w.org\/{rel}","templated":true}]}}