{"id":21296,"date":"2022-04-02T14:29:06","date_gmt":"2022-04-02T12:29:06","guid":{"rendered":"https:\/\/2021.landshuter-kurzfilmfestival.de\/?page_id=21296"},"modified":"2026-01-25T14:50:55","modified_gmt":"2026-01-25T13:50:55","slug":"organisatorische-leitung","status":"publish","type":"page","link":"https:\/\/landshuter-kurzfilmfestival.de\/de\/grussworte\/organisatorische-leitung\/","title":{"rendered":"Organisatorische Leitung"},"content":{"rendered":"\n<div data-elementor-type=\"wp-page\" data-elementor-id=\"21296\" class=\"elementor elementor-21296\" data-elementor-post-type=\"page\">\n<section class=\"elementor-section elementor-top-section elementor-element elementor-element-ea9ba93 elementor-section-full_width elementor-section-height-default elementor-section-height-default\" data-id=\"ea9ba93\" data-element_type=\"section\">\n<div class=\"elementor-container elementor-column-gap-default\">\n<div class=\"elementor-column elementor-col-100 elementor-top-column elementor-element elementor-element-554f357\" data-id=\"554f357\" data-element_type=\"column\">\n<div class=\"elementor-widget-wrap elementor-element-populated\">\n<div class=\"elementor-element elementor-element-1120a07 elementor-widget elementor-widget-heading\" data-id=\"1120a07\" data-element_type=\"widget\" data-widget_type=\"heading.default\">\n<div class=\"elementor-widget-container\">\n<h2 class=\"elementor-heading-title elementor-size-default\">Birgit Horn<br \/>\nOrganisatorische Leiterin des LAKFF<\/h2>\n<\/p><\/div>\n<\/p><\/div>\n<div class=\"elementor-element elementor-element-03eb41a elementor-widget elementor-widget-spacer\" data-id=\"03eb41a\" data-element_type=\"widget\" data-widget_type=\"spacer.default\">\n<div class=\"elementor-widget-container\">\n<div class=\"elementor-spacer\">\n<div class=\"elementor-spacer-inner\"><\/div>\n<\/p><\/div>\n<\/p><\/div>\n<\/p><\/div>\n<\/p><\/div>\n<\/p><\/div>\n<\/p><\/div>\n<\/section>\n<section class=\"elementor-section elementor-top-section elementor-element elementor-element-3d2f43a elementor-section-full_width elementor-section-height-default elementor-section-height-default\" data-id=\"3d2f43a\" data-element_type=\"section\">\n<div class=\"elementor-container elementor-column-gap-default\">\n<div class=\"elementor-column elementor-col-33 elementor-top-column elementor-element elementor-element-3d1dbb3\" data-id=\"3d1dbb3\" data-element_type=\"column\">\n<div class=\"elementor-widget-wrap elementor-element-populated\">\n<div class=\"elementor-element elementor-element-1595aab elementor-widget elementor-widget-image\" data-id=\"1595aab\" data-element_type=\"widget\" data-widget_type=\"image.default\">\n<div class=\"elementor-widget-container\">\n\t\t\t\t\t\t\t\t\t\t\t\t\t\t\t<img fetchpriority=\"high\" decoding=\"async\" width=\"770\" height=\"556\" src=\"https:\/\/landshuter-kurzfilmfestival.de\/wp-content\/uploads\/2025\/02\/Birgit-Foto-neu-1024x739.jpg\" class=\"attachment-large size-large wp-image-33449\" alt=\"\" srcset=\"https:\/\/landshuter-kurzfilmfestival.de\/wp-content\/uploads\/2025\/02\/Birgit-Foto-neu-1024x739.jpg 1024w, https:\/\/landshuter-kurzfilmfestival.de\/wp-content\/uploads\/2025\/02\/Birgit-Foto-neu-300x217.jpg 300w, https:\/\/landshuter-kurzfilmfestival.de\/wp-content\/uploads\/2025\/02\/Birgit-Foto-neu-768x555.jpg 768w, https:\/\/landshuter-kurzfilmfestival.de\/wp-content\/uploads\/2025\/02\/Birgit-Foto-neu-1536x1109.jpg 1536w, https:\/\/landshuter-kurzfilmfestival.de\/wp-content\/uploads\/2025\/02\/Birgit-Foto-neu-2048x1479.jpg 2048w\" sizes=\"(max-width: 770px) 100vw, 770px\" \/>\t\t\t\t\t\t\t\t\t\t\t\t\t\t\t<\/div>\n<\/p><\/div>\n<\/p><\/div>\n<\/p><\/div>\n<div class=\"elementor-column elementor-col-66 elementor-top-column elementor-element elementor-element-d3e94c2\" data-id=\"d3e94c2\" data-element_type=\"column\">\n<div class=\"elementor-widget-wrap elementor-element-populated\">\n<div class=\"elementor-element elementor-element-9874cb6 elementor-widget elementor-widget-text-editor\" data-id=\"9874cb6\" data-element_type=\"widget\" data-widget_type=\"text-editor.default\">\n<div class=\"elementor-widget-container\">\n<p>Liebe Filmbegeisterte, liebe G\u00e4ste, liebe Kurzfilm-Familie,<\/p>\n<p>26 Ausgaben Landshuter Kurzfilmfestival \u2013 das hei\u00dft: 26 Mal Lampenfieber vor der Er\u00f6ffnung, 26 Mal die bange Frage \u201eHaben wir wirklich an alles gedacht?\u201c und mindestens genauso viele gro\u00dfartige Momente, in denen klar wird: Genau daf\u00fcr machen wir das alles.<\/p>\n<p>Ein Festival wie dieses entsteht nicht von allein. Es entsteht durch ein Team, das mit viel Herzblut, Kreativit\u00e4t, Improvisationstalent und erstaunlich wenig Schlaf daf\u00fcr sorgt, dass aus Ideen Filme, aus Pl\u00e4nen Programme und aus einem Termin im Kalender ein echtes Festivalerlebnis werden. Mein riesiger Dank gilt deshalb unserem gesamten Team \u2013 auf, vor und hinter der B\u00fchne. Ohne euren Einsatz, eure Geduld und euren Humor (besonders in stressigen Momenten) g\u00e4be es dieses Festival schlicht nicht.<\/p>\n<p>Ein ebenso gro\u00dfes Dankesch\u00f6n geht an unsere Sponsorinnen und Sponsoren sowie an alle Unterst\u00fctzerinnen und Unterst\u00fctzer. Dank eurer Hilfe k\u00f6nnen wir dem Kurzfilm jedes Jahr wieder die gro\u00dfe Leinwand bieten, die er verdient. Ihr macht es m\u00f6glich, dass mutige Ideen, neue Stimmen und ungew\u00f6hnliche Perspektiven ihren Platz finden \u2013 und daf\u00fcr sind wir sehr dankbar.<br \/>Nun w\u00fcnschen wir uns allen spannende Filme, inspirierende Gespr\u00e4che, volle Kinos\u00e4le und diese ganz besonderen Momente, in denen man nach einem Kurzfilm denkt: Wow \u2013 und das in nur wenigen Minuten.<\/p>\n<p>Viel Freude beim 26. Landshuter Kurzfilmfestival!<\/p>\n<\/p><\/div>\n<\/p><\/div>\n<\/p><\/div>\n<\/p><\/div>\n<\/p><\/div>\n<\/section>\n<section class=\"elementor-section elementor-top-section elementor-element elementor-element-acbe40a elementor-section-boxed elementor-section-height-default elementor-section-height-default\" data-id=\"acbe40a\" data-element_type=\"section\">\n<div class=\"elementor-container elementor-column-gap-default\">\n<div class=\"elementor-column elementor-col-100 elementor-top-column elementor-element elementor-element-639eb0e\" data-id=\"639eb0e\" data-element_type=\"column\">\n<div class=\"elementor-widget-wrap elementor-element-populated\">\n<div class=\"elementor-element elementor-element-7c2f3c8 elementor-widget elementor-widget-spacer\" data-id=\"7c2f3c8\" data-element_type=\"widget\" data-widget_type=\"spacer.default\">\n<div class=\"elementor-widget-container\">\n<div class=\"elementor-spacer\">\n<div class=\"elementor-spacer-inner\"><\/div>\n<\/p><\/div>\n<\/p><\/div>\n<\/p><\/div>\n<\/p><\/div>\n<\/p><\/div>\n<\/p><\/div>\n<\/section><\/div>\n","protected":false},"excerpt":{"rendered":"<p>Birgit Horn Organisatorische Leiterin des LAKFF Liebe Filmbegeisterte, liebe G\u00e4ste, liebe Kurzfilm-Familie, 26 Ausgaben Landshuter Kurzfilmfestival \u2013 das hei\u00dft: 26 Mal Lampenfieber vor der Er\u00f6ffnung, 26 Mal die bange Frage \u201eHaben wir wirklich an alles gedacht?\u201c und mindestens genauso viele gro\u00dfartige Momente, in denen klar wird: Genau daf\u00fcr machen wir das alles. Ein Festival wie &#8230; <br \/><a class=\"read-more\" href=\"https:\/\/landshuter-kurzfilmfestival.de\/de\/grussworte\/organisatorische-leitung\/\">Read More<\/a><\/p>\n","protected":false},"author":4,"featured_media":0,"parent":2228,"menu_order":0,"comment_status":"closed","ping_status":"closed","template":"","meta":{"_acf_changed":false,"footnotes":""},"categories":[],"tags":[],"class_list":["post-21296","page","type-page","status-publish","hentry"],"acf":[],"_links":{"self":[{"href":"https:\/\/landshuter-kurzfilmfestival.de\/de\/wp-json\/wp\/v2\/pages\/21296","targetHints":{"allow":["GET"]}}],"collection":[{"href":"https:\/\/landshuter-kurzfilmfestival.de\/de\/wp-json\/wp\/v2\/pages"}],"about":[{"href":"https:\/\/landshuter-kurzfilmfestival.de\/de\/wp-json\/wp\/v2\/types\/page"}],"author":[{"embeddable":true,"href":"https:\/\/landshuter-kurzfilmfestival.de\/de\/wp-json\/wp\/v2\/users\/4"}],"replies":[{"embeddable":true,"href":"https:\/\/landshuter-kurzfilmfestival.de\/de\/wp-json\/wp\/v2\/comments?post=21296"}],"version-history":[{"count":22,"href":"https:\/\/landshuter-kurzfilmfestival.de\/de\/wp-json\/wp\/v2\/pages\/21296\/revisions"}],"predecessor-version":[{"id":37018,"href":"https:\/\/landshuter-kurzfilmfestival.de\/de\/wp-json\/wp\/v2\/pages\/21296\/revisions\/37018"}],"up":[{"embeddable":true,"href":"https:\/\/landshuter-kurzfilmfestival.de\/de\/wp-json\/wp\/v2\/pages\/2228"}],"wp:attachment":[{"href":"https:\/\/landshuter-kurzfilmfestival.de\/de\/wp-json\/wp\/v2\/media?parent=21296"}],"wp:term":[{"taxonomy":"category","embeddable":true,"href":"https:\/\/landshuter-kurzfilmfestival.de\/de\/wp-json\/wp\/v2\/categories?post=21296"},{"taxonomy":"post_tag","embeddable":true,"href":"https:\/\/landshuter-kurzfilmfestival.de\/de\/wp-json\/wp\/v2\/tags?post=21296"}],"curies":[{"name":"wp","href":"https:\/\/api.w.org\/{rel}","templated":true}]}}