{"id":25547,"date":"2022-04-25T16:57:59","date_gmt":"2022-04-25T14:57:59","guid":{"rendered":"https:\/\/landshuter-kurzfilmfestival.de\/?page_id=25547"},"modified":"2022-04-25T17:18:57","modified_gmt":"2022-04-25T15:18:57","slug":"online-faq","status":"publish","type":"page","link":"https:\/\/landshuter-kurzfilmfestival.de\/de\/online-menue\/online-faq\/","title":{"rendered":"Online FAQ"},"content":{"rendered":"\n<div data-elementor-type=\"wp-page\" data-elementor-id=\"25547\" class=\"elementor elementor-25547\" data-elementor-post-type=\"page\">\n<section class=\"elementor-section elementor-top-section elementor-element elementor-element-1c46e41 elementor-section-full_width elementor-section-height-default elementor-section-height-default\" data-id=\"1c46e41\" data-element_type=\"section\">\n<div class=\"elementor-container elementor-column-gap-default\">\n<div class=\"elementor-column elementor-col-100 elementor-top-column elementor-element elementor-element-91f4112\" data-id=\"91f4112\" data-element_type=\"column\">\n<div class=\"elementor-widget-wrap elementor-element-populated\">\n<div class=\"elementor-element elementor-element-48288dd elementor-widget elementor-widget-heading\" data-id=\"48288dd\" data-element_type=\"widget\" data-widget_type=\"heading.default\">\n<div class=\"elementor-widget-container\">\n<h2 class=\"elementor-heading-title elementor-size-xxl\">Online FAQ<\/h2>\n<\/p><\/div>\n<\/p><\/div>\n<div class=\"elementor-element elementor-element-a0b7e0a elementor-widget elementor-widget-spacer\" data-id=\"a0b7e0a\" data-element_type=\"widget\" data-widget_type=\"spacer.default\">\n<div class=\"elementor-widget-container\">\n<div class=\"elementor-spacer\">\n<div class=\"elementor-spacer-inner\"><\/div>\n<\/p><\/div>\n<\/p><\/div>\n<\/p><\/div>\n<\/p><\/div>\n<\/p><\/div>\n<\/p><\/div>\n<\/section>\n<section class=\"elementor-section elementor-top-section elementor-element elementor-element-13e928d elementor-section-full_width elementor-section-height-default elementor-section-height-default\" data-id=\"13e928d\" data-element_type=\"section\">\n<div class=\"elementor-container elementor-column-gap-default\">\n<div class=\"elementor-column elementor-col-100 elementor-top-column elementor-element elementor-element-b924758\" data-id=\"b924758\" data-element_type=\"column\">\n<div class=\"elementor-widget-wrap elementor-element-populated\">\n<div class=\"elementor-element elementor-element-ebc4044 elementor-widget elementor-widget-heading\" data-id=\"ebc4044\" data-element_type=\"widget\" data-widget_type=\"heading.default\">\n<div class=\"elementor-widget-container\">\n<h2 class=\"elementor-heading-title elementor-size-default\">Auf welchen Ger\u00e4ten kann ich die Filme ansehen?<br \/>\n<\/h2>\n<\/p><\/div>\n<\/p><\/div>\n<div class=\"elementor-element elementor-element-d4d4ab2 elementor-widget elementor-widget-text-editor\" data-id=\"d4d4ab2\" data-element_type=\"widget\" data-widget_type=\"text-editor.default\">\n<div class=\"elementor-widget-container\">\n\t\t\t\t\t\t\t\t\tDie Filme lassen sich \u00fcber deinen Browser ausleihen und anschauen. Es werden verschiedene Browser auf unterschiedlichen Endger\u00e4ten unterst\u00fctzt.\n\t\t\t\t\t\t\t\t<\/div>\n<\/p><\/div>\n<div class=\"elementor-element elementor-element-7381935 elementor-widget elementor-widget-image\" data-id=\"7381935\" data-element_type=\"widget\" data-widget_type=\"image.default\">\n<div class=\"elementor-widget-container\">\n\t\t\t\t\t\t\t\t\t\t\t\t\t\t\t<img decoding=\"async\" src=\"https:\/\/landshuter-kurzfilmfestival.de\/wp-content\/uploads\/2022\/04\/faq_compatibility_de.png\" title=\"\" alt=\"\" loading=\"lazy\" \/>\t\t\t\t\t\t\t\t\t\t\t\t\t\t\t<\/div>\n<\/p><\/div>\n<div class=\"elementor-element elementor-element-a292f8f elementor-widget elementor-widget-text-editor\" data-id=\"a292f8f\" data-element_type=\"widget\" data-widget_type=\"text-editor.default\">\n<div class=\"elementor-widget-container\">\n\t\t\t\t\t\t\t\t\tAb Windows 8.1, Mac 10.9, Android M mit den folgenden Browsern (Safari, Chrome, Firefox, Edge).\n\t\t\t\t\t\t\t\t<\/div>\n<\/p><\/div>\n<div class=\"elementor-element elementor-element-66a389c elementor-widget elementor-widget-text-editor\" data-id=\"66a389c\" data-element_type=\"widget\" data-widget_type=\"text-editor.default\">\n<div class=\"elementor-widget-container\">\n\t\t\t\t\t\t\t\t\tDie Filme k\u00f6nnen auf dem Desktop, Laptop, Tablet und Smartphone angesehen oder auf einen Smart-TV gestreamt werden.<\/p>\n<ul>\n<li><a href=\"https:\/\/play.google.com\/store\/apps\/details?id=com.pantaflix.client.ticketid&amp;gl=DE\" target=\"_blank\" rel=\"noopener\">Google PlayStore<\/a><\/li>\n<li><a href=\"https:\/\/www.amazon.de\/-\/en\/dp\/B098P2VK6N\/\" target=\"_blank\" rel=\"noopener\">Amazon App Store<\/a><\/li>\n<li><a href=\"https:\/\/apps.apple.com\/de\/app\/ticket-player\/id1590572158\" target=\"_blank\" rel=\"noopener\">Apple App Store<\/a><\/li>\n<\/ul>\n<p>Nach einer kostenlose Registrierung per Mailadresse kann dort die Ticket ID aus der Best\u00e4tigungsmail zum Anschauen eingegeben werden.\n\t\t\t\t\t\t\t\t<\/p><\/div>\n<\/p><\/div>\n<div class=\"elementor-element elementor-element-1497344 elementor-widget elementor-widget-spacer\" data-id=\"1497344\" data-element_type=\"widget\" data-widget_type=\"spacer.default\">\n<div class=\"elementor-widget-container\">\n<div class=\"elementor-spacer\">\n<div class=\"elementor-spacer-inner\"><\/div>\n<\/p><\/div>\n<\/p><\/div>\n<\/p><\/div>\n<\/p><\/div>\n<\/p><\/div>\n<\/p><\/div>\n<\/section>\n<section class=\"elementor-section elementor-top-section elementor-element elementor-element-21e0f15 elementor-section-full_width elementor-section-height-default elementor-section-height-default\" data-id=\"21e0f15\" data-element_type=\"section\">\n<div class=\"elementor-container elementor-column-gap-default\">\n<div class=\"elementor-column elementor-col-100 elementor-top-column elementor-element elementor-element-d664758\" data-id=\"d664758\" data-element_type=\"column\">\n<div class=\"elementor-widget-wrap elementor-element-populated\">\n<div class=\"elementor-element elementor-element-6120780 elementor-widget elementor-widget-heading\" data-id=\"6120780\" data-element_type=\"widget\" data-widget_type=\"heading.default\">\n<div class=\"elementor-widget-container\">\n<h2 class=\"elementor-heading-title elementor-size-default\">Wie nutzt Pantaflix meine Daten?<br \/>\n<\/h2>\n<\/p><\/div>\n<\/p><\/div>\n<div class=\"elementor-element elementor-element-4b4a71e elementor-widget elementor-widget-text-editor\" data-id=\"4b4a71e\" data-element_type=\"widget\" data-widget_type=\"text-editor.default\">\n<div class=\"elementor-widget-container\">\n\t\t\t\t\t\t\t\t\tSo sicher, fair und menschlich wie m\u00f6glich. Werfen Sie einen Blick in unsere Datenschutzerkl\u00e4rung [<a href=\"https:\/\/www.pantaflix.com\/de\/datenschutz\" rel=\"noopener\" target=\"_blank\">https:\/\/www.pantaflix.com\/de\/datenschutz<\/a>]\u00a0f\u00fcr mehr Details. Was am wichtigsten ist: Ihre pers\u00f6nlichen Nutzerdaten werden nicht an Dritte weitergegeben.\n\t\t\t\t\t\t\t\t<\/div>\n<\/p><\/div>\n<div class=\"elementor-element elementor-element-4de6f70 elementor-widget elementor-widget-spacer\" data-id=\"4de6f70\" data-element_type=\"widget\" data-widget_type=\"spacer.default\">\n<div class=\"elementor-widget-container\">\n<div class=\"elementor-spacer\">\n<div class=\"elementor-spacer-inner\"><\/div>\n<\/p><\/div>\n<\/p><\/div>\n<\/p><\/div>\n<\/p><\/div>\n<\/p><\/div>\n<\/p><\/div>\n<\/section>\n<section class=\"elementor-section elementor-top-section elementor-element elementor-element-911acc3 elementor-section-full_width elementor-section-height-default elementor-section-height-default\" data-id=\"911acc3\" data-element_type=\"section\">\n<div class=\"elementor-container elementor-column-gap-default\">\n<div class=\"elementor-column elementor-col-100 elementor-top-column elementor-element elementor-element-ebbfe75\" data-id=\"ebbfe75\" data-element_type=\"column\">\n<div class=\"elementor-widget-wrap elementor-element-populated\">\n<div class=\"elementor-element elementor-element-39d6840 elementor-widget elementor-widget-heading\" data-id=\"39d6840\" data-element_type=\"widget\" data-widget_type=\"heading.default\">\n<div class=\"elementor-widget-container\">\n<h2 class=\"elementor-heading-title elementor-size-default\">Kann ich Inhalte in HD schauen?<br \/>\n<\/h2>\n<\/p><\/div>\n<\/p><\/div>\n<div class=\"elementor-element elementor-element-9d4be76 elementor-widget elementor-widget-text-editor\" data-id=\"9d4be76\" data-element_type=\"widget\" data-widget_type=\"text-editor.default\">\n<div class=\"elementor-widget-container\">\n\t\t\t\t\t\t\t\t\tDas kommt ganz auf den Film an, den Sie sehen wollen: Wenn der Inhalt in HD Qualit\u00e4t bereitgestellt wurde, ist dieser auch in HD f\u00fcr Sie verf\u00fcgbar. Wenn er alleinig in SD bereitgestellt wurde, k\u00f6nnen Sie ihn eben nur in dieser Qualit\u00e4t anschauen.\n\t\t\t\t\t\t\t\t<\/div>\n<\/p><\/div>\n<div class=\"elementor-element elementor-element-01440cc elementor-widget elementor-widget-spacer\" data-id=\"01440cc\" data-element_type=\"widget\" data-widget_type=\"spacer.default\">\n<div class=\"elementor-widget-container\">\n<div class=\"elementor-spacer\">\n<div class=\"elementor-spacer-inner\"><\/div>\n<\/p><\/div>\n<\/p><\/div>\n<\/p><\/div>\n<\/p><\/div>\n<\/p><\/div>\n<\/p><\/div>\n<\/section>\n<section class=\"elementor-section elementor-top-section elementor-element elementor-element-5110802 elementor-section-full_width elementor-section-height-default elementor-section-height-default\" data-id=\"5110802\" data-element_type=\"section\">\n<div class=\"elementor-container elementor-column-gap-default\">\n<div class=\"elementor-column elementor-col-100 elementor-top-column elementor-element elementor-element-b7c7b43\" data-id=\"b7c7b43\" data-element_type=\"column\">\n<div class=\"elementor-widget-wrap elementor-element-populated\">\n<div class=\"elementor-element elementor-element-453008e elementor-widget elementor-widget-heading\" data-id=\"453008e\" data-element_type=\"widget\" data-widget_type=\"heading.default\">\n<div class=\"elementor-widget-container\">\n<h2 class=\"elementor-heading-title elementor-size-default\">In welchen L\u00e4ndern kann ich die Filme schauen?<br \/>\n<\/h2>\n<\/p><\/div>\n<\/p><\/div>\n<div class=\"elementor-element elementor-element-68e82e1 elementor-widget elementor-widget-text-editor\" data-id=\"68e82e1\" data-element_type=\"widget\" data-widget_type=\"text-editor.default\">\n<div class=\"elementor-widget-container\">\n\t\t\t\t\t\t\t\t\tTechnisch weltweit. Viele Filme sind jedoch mit Lizenzrechten versehen und d\u00fcrfen nur in bestimmten Regionen ausgestrahlt werden.\n\t\t\t\t\t\t\t\t<\/div>\n<\/p><\/div>\n<div class=\"elementor-element elementor-element-9c912ac elementor-widget elementor-widget-spacer\" data-id=\"9c912ac\" data-element_type=\"widget\" data-widget_type=\"spacer.default\">\n<div class=\"elementor-widget-container\">\n<div class=\"elementor-spacer\">\n<div class=\"elementor-spacer-inner\"><\/div>\n<\/p><\/div>\n<\/p><\/div>\n<\/p><\/div>\n<\/p><\/div>\n<\/p><\/div>\n<\/p><\/div>\n<\/section>\n<section class=\"elementor-section elementor-top-section elementor-element elementor-element-af4b07a elementor-section-full_width elementor-section-height-default elementor-section-height-default\" data-id=\"af4b07a\" data-element_type=\"section\">\n<div class=\"elementor-container elementor-column-gap-default\">\n<div class=\"elementor-column elementor-col-100 elementor-top-column elementor-element elementor-element-c898c92\" data-id=\"c898c92\" data-element_type=\"column\">\n<div class=\"elementor-widget-wrap elementor-element-populated\">\n<div class=\"elementor-element elementor-element-32cf0ee elementor-widget elementor-widget-heading\" data-id=\"32cf0ee\" data-element_type=\"widget\" data-widget_type=\"heading.default\">\n<div class=\"elementor-widget-container\">\n<h2 class=\"elementor-heading-title elementor-size-default\">Welche Zahlungsmethoden werden zum Ticketkauf angeboten?<br \/>\n<\/h2>\n<\/p><\/div>\n<\/p><\/div>\n<div class=\"elementor-element elementor-element-8fe581a elementor-widget elementor-widget-text-editor\" data-id=\"8fe581a\" data-element_type=\"widget\" data-widget_type=\"text-editor.default\">\n<div class=\"elementor-widget-container\">\n\t\t\t\t\t\t\t\t\tPayPal und Kreditkarte.\n\t\t\t\t\t\t\t\t<\/div>\n<\/p><\/div>\n<div class=\"elementor-element elementor-element-e867c5a elementor-widget elementor-widget-spacer\" data-id=\"e867c5a\" data-element_type=\"widget\" data-widget_type=\"spacer.default\">\n<div class=\"elementor-widget-container\">\n<div class=\"elementor-spacer\">\n<div class=\"elementor-spacer-inner\"><\/div>\n<\/p><\/div>\n<\/p><\/div>\n<\/p><\/div>\n<\/p><\/div>\n<\/p><\/div>\n<\/p><\/div>\n<\/section>\n<section class=\"elementor-section elementor-top-section elementor-element elementor-element-6eecdfb elementor-section-full_width elementor-section-height-default elementor-section-height-default\" data-id=\"6eecdfb\" data-element_type=\"section\">\n<div class=\"elementor-container elementor-column-gap-default\">\n<div class=\"elementor-column elementor-col-100 elementor-top-column elementor-element elementor-element-437bb83\" data-id=\"437bb83\" data-element_type=\"column\">\n<div class=\"elementor-widget-wrap elementor-element-populated\">\n<div class=\"elementor-element elementor-element-7b0aadf elementor-widget elementor-widget-heading\" data-id=\"7b0aadf\" data-element_type=\"widget\" data-widget_type=\"heading.default\">\n<div class=\"elementor-widget-container\">\n<h2 class=\"elementor-heading-title elementor-size-default\">Kann ich meine Cookies l\u00f6schen w\u00e4hrend ich ein Film schaue?<br \/>\n<\/h2>\n<\/p><\/div>\n<\/p><\/div>\n<div class=\"elementor-element elementor-element-2f79976 elementor-widget elementor-widget-text-editor\" data-id=\"2f79976\" data-element_type=\"widget\" data-widget_type=\"text-editor.default\">\n<div class=\"elementor-widget-container\">\n\t\t\t\t\t\t\t\t\tDies wird nicht empfohlen. Das Abspielen selbst ist davon nicht betroffen, aber jede einzelne Aktion mit dem Portal wird dadurch fehlschlagen und Sie m\u00fcssen sich erneut \u00fcber das Ticket verifizieren.\n\t\t\t\t\t\t\t\t<\/div>\n<\/p><\/div>\n<div class=\"elementor-element elementor-element-b9c414d elementor-widget elementor-widget-spacer\" data-id=\"b9c414d\" data-element_type=\"widget\" data-widget_type=\"spacer.default\">\n<div class=\"elementor-widget-container\">\n<div class=\"elementor-spacer\">\n<div class=\"elementor-spacer-inner\"><\/div>\n<\/p><\/div>\n<\/p><\/div>\n<\/p><\/div>\n<\/p><\/div>\n<\/p><\/div>\n<\/p><\/div>\n<\/section>\n<section class=\"elementor-section elementor-top-section elementor-element elementor-element-17f8ff7 elementor-section-full_width elementor-section-height-default elementor-section-height-default\" data-id=\"17f8ff7\" data-element_type=\"section\">\n<div class=\"elementor-container elementor-column-gap-default\">\n<div class=\"elementor-column elementor-col-100 elementor-top-column elementor-element elementor-element-a20d87f\" data-id=\"a20d87f\" data-element_type=\"column\">\n<div class=\"elementor-widget-wrap elementor-element-populated\">\n<div class=\"elementor-element elementor-element-45dc949 elementor-widget elementor-widget-heading\" data-id=\"45dc949\" data-element_type=\"widget\" data-widget_type=\"heading.default\">\n<div class=\"elementor-widget-container\">\n<h2 class=\"elementor-heading-title elementor-size-default\">Wie sieht die Filmdarstellung aus, wenn ich eine schlechte Internet Verbindung habe?<br \/>\n<\/h2>\n<\/p><\/div>\n<\/p><\/div>\n<div class=\"elementor-element elementor-element-9cb6ba8 elementor-widget elementor-widget-text-editor\" data-id=\"9cb6ba8\" data-element_type=\"widget\" data-widget_type=\"text-editor.default\">\n<div class=\"elementor-widget-container\">\n\t\t\t\t\t\t\t\t\tWir passen die Qualit\u00e4t der Filme automatisch Ihrer Internetverbindung und Abspielger\u00e4t an. Wenn Sie eine langsame Internetverbindung haben, kann es vorkommen, dass der Film nicht in der bestm\u00f6glichen Qualit\u00e4t abgespielt wird.\n\t\t\t\t\t\t\t\t<\/div>\n<\/p><\/div>\n<div class=\"elementor-element elementor-element-82dfe74 elementor-widget elementor-widget-spacer\" data-id=\"82dfe74\" data-element_type=\"widget\" data-widget_type=\"spacer.default\">\n<div class=\"elementor-widget-container\">\n<div class=\"elementor-spacer\">\n<div class=\"elementor-spacer-inner\"><\/div>\n<\/p><\/div>\n<\/p><\/div>\n<\/p><\/div>\n<\/p><\/div>\n<\/p><\/div>\n<\/p><\/div>\n<\/section>\n<section class=\"elementor-section elementor-top-section elementor-element elementor-element-42cae5e elementor-section-full_width elementor-section-height-default elementor-section-height-default\" data-id=\"42cae5e\" data-element_type=\"section\">\n<div class=\"elementor-container elementor-column-gap-default\">\n<div class=\"elementor-column elementor-col-100 elementor-top-column elementor-element elementor-element-e2212a7\" data-id=\"e2212a7\" data-element_type=\"column\">\n<div class=\"elementor-widget-wrap elementor-element-populated\">\n<div class=\"elementor-element elementor-element-a7b9868 elementor-widget elementor-widget-heading\" data-id=\"a7b9868\" data-element_type=\"widget\" data-widget_type=\"heading.default\">\n<div class=\"elementor-widget-container\">\n<h2 class=\"elementor-heading-title elementor-size-default\">Wie viel Zeit Habe ich, den Film\/Beitrag zu sehen?<br \/>\n<\/h2>\n<\/p><\/div>\n<\/p><\/div>\n<div class=\"elementor-element elementor-element-f947e65 elementor-widget elementor-widget-text-editor\" data-id=\"f947e65\" data-element_type=\"widget\" data-widget_type=\"text-editor.default\">\n<div class=\"elementor-widget-container\">\n\t\t\t\t\t\t\t\t\tDie Verf\u00fcgbarkeit des Films ist auf jeder einzelnen Detailseite aufgef\u00fchrt. Nach dem ersten Anspielen muss der Film allerdings je nach Einstellung innerhalb von 24h bzw. 48h zu Ende angeschaut werden.<br \/>\nLive-Events k\u00f6nnen ausschlie\u00dflich Live angeschaut werden \u2013 es wird keine Aufzeichnung bereitgestellt.\n\t\t\t\t\t\t\t\t<\/div>\n<\/p><\/div>\n<div class=\"elementor-element elementor-element-145a519 elementor-widget elementor-widget-spacer\" data-id=\"145a519\" data-element_type=\"widget\" data-widget_type=\"spacer.default\">\n<div class=\"elementor-widget-container\">\n<div class=\"elementor-spacer\">\n<div class=\"elementor-spacer-inner\"><\/div>\n<\/p><\/div>\n<\/p><\/div>\n<\/p><\/div>\n<\/p><\/div>\n<\/p><\/div>\n<\/p><\/div>\n<\/section><\/div>\n","protected":false},"excerpt":{"rendered":"<p>Online FAQ Auf welchen Ger\u00e4ten kann ich die Filme ansehen? Die Filme lassen sich \u00fcber deinen Browser ausleihen und anschauen. Es werden verschiedene Browser auf unterschiedlichen Endger\u00e4ten unterst\u00fctzt. Ab Windows 8.1, Mac 10.9, Android M mit den folgenden Browsern (Safari, Chrome, Firefox, Edge). Die Filme k\u00f6nnen auf dem Desktop, Laptop, Tablet und Smartphone angesehen oder &#8230; <br \/><a class=\"read-more\" href=\"https:\/\/landshuter-kurzfilmfestival.de\/de\/online-menue\/online-faq\/\">Read More<\/a><\/p>\n","protected":false},"author":4,"featured_media":0,"parent":17536,"menu_order":0,"comment_status":"closed","ping_status":"closed","template":"","meta":{"_acf_changed":false,"footnotes":""},"categories":[],"tags":[],"class_list":["post-25547","page","type-page","status-publish","hentry"],"acf":[],"_links":{"self":[{"href":"https:\/\/landshuter-kurzfilmfestival.de\/de\/wp-json\/wp\/v2\/pages\/25547","targetHints":{"allow":["GET"]}}],"collection":[{"href":"https:\/\/landshuter-kurzfilmfestival.de\/de\/wp-json\/wp\/v2\/pages"}],"about":[{"href":"https:\/\/landshuter-kurzfilmfestival.de\/de\/wp-json\/wp\/v2\/types\/page"}],"author":[{"embeddable":true,"href":"https:\/\/landshuter-kurzfilmfestival.de\/de\/wp-json\/wp\/v2\/users\/4"}],"replies":[{"embeddable":true,"href":"https:\/\/landshuter-kurzfilmfestival.de\/de\/wp-json\/wp\/v2\/comments?post=25547"}],"version-history":[{"count":13,"href":"https:\/\/landshuter-kurzfilmfestival.de\/de\/wp-json\/wp\/v2\/pages\/25547\/revisions"}],"predecessor-version":[{"id":25566,"href":"https:\/\/landshuter-kurzfilmfestival.de\/de\/wp-json\/wp\/v2\/pages\/25547\/revisions\/25566"}],"up":[{"embeddable":true,"href":"https:\/\/landshuter-kurzfilmfestival.de\/de\/wp-json\/wp\/v2\/pages\/17536"}],"wp:attachment":[{"href":"https:\/\/landshuter-kurzfilmfestival.de\/de\/wp-json\/wp\/v2\/media?parent=25547"}],"wp:term":[{"taxonomy":"category","embeddable":true,"href":"https:\/\/landshuter-kurzfilmfestival.de\/de\/wp-json\/wp\/v2\/categories?post=25547"},{"taxonomy":"post_tag","embeddable":true,"href":"https:\/\/landshuter-kurzfilmfestival.de\/de\/wp-json\/wp\/v2\/tags?post=25547"}],"curies":[{"name":"wp","href":"https:\/\/api.w.org\/{rel}","templated":true}]}}