{"id":25603,"date":"2022-05-02T18:10:13","date_gmt":"2022-05-02T16:10:13","guid":{"rendered":"https:\/\/landshuter-kurzfilmfestival.de\/?page_id=25603"},"modified":"2026-03-16T11:37:12","modified_gmt":"2026-03-16T10:37:12","slug":"lobende-erwaehnungen-der-jury","status":"publish","type":"page","link":"https:\/\/landshuter-kurzfilmfestival.de\/de\/lobende-erwaehnungen-der-jury\/","title":{"rendered":"Lobende Erw\u00e4hnungen der Jury"},"content":{"rendered":"\n<div data-elementor-type=\"wp-page\" data-elementor-id=\"25603\" class=\"elementor elementor-25603\" data-elementor-post-type=\"page\">\n<section class=\"elementor-section elementor-top-section elementor-element elementor-element-ad4428c elementor-section-boxed elementor-section-height-default elementor-section-height-default\" data-id=\"ad4428c\" data-element_type=\"section\">\n<div class=\"elementor-container elementor-column-gap-default\">\n<div class=\"elementor-column elementor-col-100 elementor-top-column elementor-element elementor-element-dadd7d3\" data-id=\"dadd7d3\" data-element_type=\"column\">\n<div class=\"elementor-widget-wrap elementor-element-populated\">\n<div class=\"elementor-element elementor-element-45617d2 elementor-widget elementor-widget-spacer\" data-id=\"45617d2\" data-element_type=\"widget\" data-widget_type=\"spacer.default\">\n<div class=\"elementor-widget-container\">\n<div class=\"elementor-spacer\">\n<div class=\"elementor-spacer-inner\"><\/div>\n<\/p><\/div>\n<\/p><\/div>\n<\/p><\/div>\n<div class=\"elementor-element elementor-element-11b0650 elementor-widget elementor-widget-heading\" data-id=\"11b0650\" data-element_type=\"widget\" data-widget_type=\"heading.default\">\n<div class=\"elementor-widget-container\">\n<h2 class=\"elementor-heading-title elementor-size-xxl\">Lobende Erw\u00e4hnungen der Jury<\/h2>\n<\/p><\/div>\n<\/p><\/div>\n<div class=\"elementor-element elementor-element-dc352fe elementor-widget elementor-widget-spacer\" data-id=\"dc352fe\" data-element_type=\"widget\" data-widget_type=\"spacer.default\">\n<div class=\"elementor-widget-container\">\n<div class=\"elementor-spacer\">\n<div class=\"elementor-spacer-inner\"><\/div>\n<\/p><\/div>\n<\/p><\/div>\n<\/p><\/div>\n<\/p><\/div>\n<\/p><\/div>\n<\/p><\/div>\n<\/section>\n<section class=\"elementor-section elementor-top-section elementor-element elementor-element-6fb34f2 elementor-section-full_width elementor-section-height-default elementor-section-height-default\" data-id=\"6fb34f2\" data-element_type=\"section\">\n<div class=\"elementor-container elementor-column-gap-default\">\n<div class=\"elementor-column elementor-col-100 elementor-top-column elementor-element elementor-element-5ae9639\" data-id=\"5ae9639\" data-element_type=\"column\">\n<div class=\"elementor-widget-wrap elementor-element-populated\">\n<div class=\"elementor-element elementor-element-7d21085 elementor-widget elementor-widget-text-editor\" data-id=\"7d21085\" data-element_type=\"widget\" data-widget_type=\"text-editor.default\">\n<div class=\"elementor-widget-container\">\n<p><strong>Found&amp;Lost<\/strong> (Internationaler Dr\u00e4xlmaier Kurzfilmpreis \/ International Dr\u00e4xlmaier Short Film Award) von Reza Rasouli<\/p>\n<p><strong><em>Die Begr\u00fcndung der Jury:<\/em><\/strong><\/p>\n<p>Ein alter syrischer Familienvater, der in einem Wiener Nachtclub Toiletten putzt, findet eines Nachts dort eine Geldb\u00f6rse und beschlie\u00dft, diese pers\u00f6nlich ihrem Besitzer zur\u00fcckzugeben. Die Odyssee, die darauf \u00fcber ihn hereinbricht, bringt ihn zu dem Schluss, dass in unserer Welt sich stumpfe Regelh\u00f6rigkeit mehr bezahlt macht als guter Wille. Der Autor und Regisseur Reza Rasouli hat eine universelle Geschichte geschaffen, die durch ihre Einfachheit besticht, und in ihrer bitteren Ironie sowie ihrem tiefgreifenden Humanismus wom\u00f6glich politischer ist als so manches Werk, das sich selbiges auf die Fahne schreibt. Aus diesen Gr\u00fcnden m\u00f6chten wir an dieser Stelle eine lobende Erw\u00e4hnung f\u00fcr das Drehbuch des Filmes FOUND AND LOST von Reza Rasouli aussprechen.<\/p>\n<\/p><\/div>\n<\/p><\/div>\n<div class=\"elementor-element elementor-element-8b9b20d elementor-widget elementor-widget-text-editor\" data-id=\"8b9b20d\" data-element_type=\"widget\" data-widget_type=\"text-editor.default\">\n<div class=\"elementor-widget-container\">\n\t\t\t\t\t\t\t\t\t<strong>Klee<\/strong> (Deadline_Award) von Gavin Baird<\/p>\n<p><strong><em>Die Begr\u00fcndung der Jury:<\/em><\/strong><\/p>\n<p>F\u00fcr unsere Honorable-Mention kann es nur einen Film geben: KLEE von Gavin Baird! Gedreht auf k\u00f6rnigem 16mm Kodak-Material erz\u00e4hlt der kanadische Film von einem Au\u00dferirdischen in Gestalt eines First Nation Mannes, der eine Siedlerfamilie infiltriert. Aufbauend auf rassistischen Vorurteilen wird der omin\u00f6se Fremde zum Feindbild und pervertiert exotischen Objekt der Begierde gleicherma\u00dfen. In bester Outsider-Art-Tradition wird dieses Szenario als lustvoller Rache-Horror inszeniert, alles wirkt merkw\u00fcrdig entr\u00fcckt und k\u00fcnstlich. Kost\u00fcme aus dem historischen Museum, ein elastischer, ins Unendliche dehnbarer Penis und eine ganze Familie, die dem mysteri\u00f6sen \u201eFremden\u201c verf\u00e4llt. Emanzipation und Satire geben sich die Klinke in die Hand, das Alien dient als Projektionsfl\u00e4che und subversive \u00dcberspitzung gleicherma\u00dfen.<br \/>\nSo entsteht ein m\u00e4nnlicher Spin auf den Vagina-Dentata-Mythos, der triumphale, verf\u00fchrerische KLEE tritt als personifizierte Rache und selbsternannter Boogeyman auf.<br \/>\nImmer noch aktuelle Themen treffen auf eine Faszination f\u00fcr das 70er Jahre Kino, erneut seien die wundersch\u00f6nen Analog-Bilder erw\u00e4hnt. Ein seltsamer, im besten Sinne unheimlicher Film, der seine ernsten Themen mit einer gro\u00dfen Lust am Sex und \u00e4sthetisierten Tabubruch verhandelt.<br \/>\nUnsere Honorable Mention und ein faszinierendes St\u00fcck Horror-Kunst &#8211; die Invasion der Invasoren!\n\t\t\t\t\t\t\t\t<\/p><\/div>\n<\/p><\/div>\n<div class=\"elementor-element elementor-element-d265a36 elementor-widget elementor-widget-text-editor\" data-id=\"d265a36\" data-element_type=\"widget\" data-widget_type=\"text-editor.default\">\n<div class=\"elementor-widget-container\">\n\t\t\t\t\t\t\t\t\t<strong>Larven<\/strong> (DaHome Award) von Amina Krami<\/p>\n<p><strong><em>Die Begr\u00fcndung der Jury:<\/em><\/strong><\/p>\n<p>Unsere Honorable-Mention in der Sektion DaHome geht an den einzigen Dokumentarfilm des Wettbewerbs. LARVEN von Amina Krami. In lang gehaltenen, kontemplativen Einstellungen wird die Geschichte eines Dorfes und ihres umstrittenen Brauchs erz\u00e4hlt. Einmal im Jahr werden die M\u00e4nner zu Krampussen. In die \u201eHolzlarve\u201c schl\u00fcpfen sie, maskiert werden die wilden Triebe ausgelebt. Wie ein Schauerm\u00e4rchen mutet dieser ruhige Film an, die Tradition ist l\u00e4ngst zu einem eigenen Mythos geworden. Wie von selbst werden die Kost\u00fcme angelegt, die Dorf-M\u00e4dchen gejagt, das \u201eUngez\u00e4hmte\u201c zelebriert. Krami steht mit ihrem Kameramann Anian Krone distanziert daneben, legt O-T\u00f6ne \u00fcber die verwunschenen Bilder. Die Geschichte der Krampusse scheint sich in diesen Ort eingeschrieben zu haben, stolz posieren die Jugendlichen mit ihren aufwendigen Kost\u00fcmen. Nichts aber kann die bedrohliche Atmosph\u00e4re kaschieren, die sich wie Nebelschwaden \u00fcber die Landschaft legt. Der Kirchturm f\u00e4rbt sich rot, das Schauspiel bem\u00e4chtigt sich der Wirklichkeit. Ein Unfall geschieht, und sp\u00e4testens jetzt wird \u00fcberdeutlich: Der Mythos ist l\u00e4ngst real geworden, hat die Wirklichkeit ver\u00e4ndert, transformiert auch diesen Dokumentarfilm und l\u00e4sst ihn auf einer tragischen, unvorhersehbaren Note enden. Die Krampusse lassen sich nicht l\u00e4nger kontrollieren, die eigene Heimat wirkt entfremdet, ausgerechnet durch jene Tradition, die sie selbst hervorgebracht hat, auf die alle so stolz waren.\n\t\t\t\t\t\t\t\t<\/p><\/div>\n<\/p><\/div>\n<\/p><\/div>\n<\/p><\/div>\n<\/p><\/div>\n<\/section><\/div>\n","protected":false},"excerpt":{"rendered":"<p>Lobende Erw\u00e4hnungen der Jury Found&amp;Lost (Internationaler Dr\u00e4xlmaier Kurzfilmpreis \/ International Dr\u00e4xlmaier Short Film Award) von Reza Rasouli Die Begr\u00fcndung der Jury:Ein alter syrischer Familienvater, der in einem Wiener Nachtclub Toiletten putzt, findet eines Nachts dort eine Geldb\u00f6rse und beschlie\u00dft, diese pers\u00f6nlich ihrem Besitzer zur\u00fcckzugeben. Die Odyssee, die darauf \u00fcber ihn hereinbricht, bringt ihn zu dem &#8230; <br \/><a class=\"read-more\" href=\"https:\/\/landshuter-kurzfilmfestival.de\/de\/lobende-erwaehnungen-der-jury\/\">Read More<\/a><\/p>\n","protected":false},"author":4,"featured_media":0,"parent":0,"menu_order":0,"comment_status":"closed","ping_status":"closed","template":"","meta":{"_acf_changed":false,"footnotes":""},"categories":[],"tags":[],"class_list":["post-25603","page","type-page","status-publish","hentry"],"acf":[],"_links":{"self":[{"href":"https:\/\/landshuter-kurzfilmfestival.de\/de\/wp-json\/wp\/v2\/pages\/25603","targetHints":{"allow":["GET"]}}],"collection":[{"href":"https:\/\/landshuter-kurzfilmfestival.de\/de\/wp-json\/wp\/v2\/pages"}],"about":[{"href":"https:\/\/landshuter-kurzfilmfestival.de\/de\/wp-json\/wp\/v2\/types\/page"}],"author":[{"embeddable":true,"href":"https:\/\/landshuter-kurzfilmfestival.de\/de\/wp-json\/wp\/v2\/users\/4"}],"replies":[{"embeddable":true,"href":"https:\/\/landshuter-kurzfilmfestival.de\/de\/wp-json\/wp\/v2\/comments?post=25603"}],"version-history":[{"count":49,"href":"https:\/\/landshuter-kurzfilmfestival.de\/de\/wp-json\/wp\/v2\/pages\/25603\/revisions"}],"predecessor-version":[{"id":38093,"href":"https:\/\/landshuter-kurzfilmfestival.de\/de\/wp-json\/wp\/v2\/pages\/25603\/revisions\/38093"}],"wp:attachment":[{"href":"https:\/\/landshuter-kurzfilmfestival.de\/de\/wp-json\/wp\/v2\/media?parent=25603"}],"wp:term":[{"taxonomy":"category","embeddable":true,"href":"https:\/\/landshuter-kurzfilmfestival.de\/de\/wp-json\/wp\/v2\/categories?post=25603"},{"taxonomy":"post_tag","embeddable":true,"href":"https:\/\/landshuter-kurzfilmfestival.de\/de\/wp-json\/wp\/v2\/tags?post=25603"}],"curies":[{"name":"wp","href":"https:\/\/api.w.org\/{rel}","templated":true}]}}