{"id":26131,"date":"2023-01-28T19:48:33","date_gmt":"2023-01-28T18:48:33","guid":{"rendered":"https:\/\/landshuter-kurzfilmfestival.de\/?page_id=26131"},"modified":"2026-01-25T17:51:27","modified_gmt":"2026-01-25T16:51:27","slug":"black-comedy-night","status":"publish","type":"page","link":"https:\/\/landshuter-kurzfilmfestival.de\/de\/programm\/sonderprogramme\/black-comedy-night\/","title":{"rendered":"Black Comedy Night"},"content":{"rendered":"\n<div data-elementor-type=\"wp-page\" data-elementor-id=\"26131\" class=\"elementor elementor-26131\" data-elementor-post-type=\"page\">\n<section class=\"elementor-section elementor-top-section elementor-element elementor-element-4c4858e elementor-section-full_width elementor-section-height-default elementor-section-height-default\" data-id=\"4c4858e\" data-element_type=\"section\">\n<div class=\"elementor-container elementor-column-gap-default\">\n<div class=\"elementor-column elementor-col-100 elementor-top-column elementor-element elementor-element-3c7f98c\" data-id=\"3c7f98c\" data-element_type=\"column\">\n<div class=\"elementor-widget-wrap elementor-element-populated\">\n<div class=\"elementor-element elementor-element-d38c213 elementor-widget elementor-widget-text-editor\" data-id=\"d38c213\" data-element_type=\"widget\" data-widget_type=\"text-editor.default\">\n<div class=\"elementor-widget-container\">\n<table id=\"tablepress-84\" class=\"tablepress tablepress-id-84 film-list-header\">\n<tbody>\n<tr class=\"row-1\">\n<td class=\"column-1\">Spielzeit: <\/td>\n<td class=\"column-2\"> ca. 140 Min. <\/td>\n<td class=\"column-3\"> ab 16 Jahren <\/td>\n<td class=\"column-4\">  <\/td>\n<td class=\"column-5\">  <\/td>\n<td class=\"column-6\"> <\/td>\n<\/tr>\n<tr class=\"row-2\">\n<td class=\"column-1\">Spielort: <\/td>\n<td class=\"column-2\"> Kinopolis Kino 9 <\/td>\n<td class=\"column-3\"> Uhrzeit: <\/td>\n<td class=\"column-4\"> 22:30 Uhr <\/td>\n<td class=\"column-5\"> Datum: <\/td>\n<td class=\"column-6\">Freitag, 13.03.<\/td>\n<\/tr>\n<\/tbody>\n<\/table>\n<p><!-- #tablepress-84 from cache -->\t\t\t\t\t\t\t\t<\/div>\n<\/p><\/div>\n<div class=\"elementor-element elementor-element-dcb75d0 elementor-widget elementor-widget-heading\" data-id=\"dcb75d0\" data-element_type=\"widget\" data-widget_type=\"heading.default\">\n<div class=\"elementor-widget-container\">\n<h2 class=\"elementor-heading-title elementor-size-xxl\">Black Comedy Night<\/h2>\n<\/p><\/div>\n<\/p><\/div>\n<\/p><\/div>\n<\/p><\/div>\n<\/p><\/div>\n<\/section>\n<section class=\"elementor-section elementor-top-section elementor-element elementor-element-6054588 elementor-section-boxed elementor-section-height-default elementor-section-height-default\" data-id=\"6054588\" data-element_type=\"section\">\n<div class=\"elementor-container elementor-column-gap-default\">\n<div class=\"elementor-column elementor-col-100 elementor-top-column elementor-element elementor-element-196d0c3\" data-id=\"196d0c3\" data-element_type=\"column\">\n<div class=\"elementor-widget-wrap\">\n\t\t\t\t\t\t\t<\/div>\n<\/p><\/div>\n<\/p><\/div>\n<\/section>\n<section class=\"elementor-section elementor-top-section elementor-element elementor-element-85fb06c elementor-section-full_width elementor-section-height-default elementor-section-height-default\" data-id=\"85fb06c\" data-element_type=\"section\">\n<div class=\"elementor-container elementor-column-gap-default\">\n<div class=\"elementor-column elementor-col-100 elementor-top-column elementor-element elementor-element-a4ddf9a\" data-id=\"a4ddf9a\" data-element_type=\"column\">\n<div class=\"elementor-widget-wrap elementor-element-populated\">\n<div class=\"elementor-element elementor-element-f3daedc elementor-widget elementor-widget-spacer\" data-id=\"f3daedc\" data-element_type=\"widget\" data-widget_type=\"spacer.default\">\n<div class=\"elementor-widget-container\">\n<div class=\"elementor-spacer\">\n<div class=\"elementor-spacer-inner\"><\/div>\n<\/p><\/div>\n<\/p><\/div>\n<\/p><\/div>\n<div class=\"elementor-element elementor-element-7424b08 elementor-widget elementor-widget-text-editor\" data-id=\"7424b08\" data-element_type=\"widget\" data-widget_type=\"text-editor.default\">\n<div class=\"elementor-widget-container\">\n<p>\u201cWer \u00fcber sich selbst lachen kann, erspart anderen die M\u00fche.\u201d Dieses Sprichwort mag einen wahren Kern besitzen, doch ist es wirklich nett, \u00fcber das Missgeschick anderer zu lachen? In einer Welt, die oft k\u00fchl und garstig erscheint, sollte Hohn keinen Platz haben. Stattdessen braucht es mehr Einf\u00fchlsamkeit und Verst\u00e4ndnis. Genau jene Qualit\u00e4ten also, die die acht Filme unserer Black Comedy Night vorweisen.<\/p>\n<p>Jeder, der schon einmal auf Wohnungssuche in einer Gro\u00dfstadt war, wird nachvollziehen k\u00f6nnen, dass man im Lebenslauf vielleicht ein wenig flunkern muss, um \u00fcberhaupt eine Chance zu haben. Und wenn ein pl\u00f6tzlicher Karrierewechsel zum Erfolg f\u00fchrt, wer von uns w\u00fcrde dann nicht ohne zu z\u00f6gern in die Rolle eines UNREAL ESTATE AGENT schl\u00fcpfen?<\/p>\n<p>Auch die Abgr\u00fcnde einer durchzechten Nacht sind uns nicht fremd: Zu viel Bier, zu viele Drogen und pl\u00f6tzlich muss man die vermeintliche Leiche eines Freundes entsorgen. Gibt es jemanden, der keine \u00e4hnliche Geschichte einer Nacht mit Freunden vorzuweisen hat, die man lieber nur mit einem peinlich entschuldigenden L\u00e4cheln erz\u00e4hlt? (CANAP\u00c9 COMPLET)<\/p>\n<p>In Zeiten von Body Positivity ist es ohnehin inakzeptabel, \u00fcber k\u00f6rperliche Komplexe anderer zu lachen. Vielmehr ist es doch lobenswert, wenn Geschwister fest zusammenhalten und gemeinsam mit einem Raub\u00fcberfall den NOSE JOB der Schwester finanzieren wollen.<\/p>\n<p>Und Sex? Bitte, wie pubert\u00e4r, dar\u00fcber zu kichern. Gut f\u00fcr Jeanne, die in LAST NIGHT STAND neue Wege findet, um ihre K\u00f6rperlichkeit in allen Formen zur\u00fcckzuerobern und keine billige Projektionsfl\u00e4che f\u00fcr Kevins sexistische Fantasien zu sein.<\/p>\n<p>Im Kampf gegen die Altersvereinsamung ist es r\u00fchrend mit anzusehen, wenn eine Familie sich f\u00fcrsorglich um die Pflege der 600 Jahre jungen Gro\u00dfmama k\u00fcmmert und bereit ist, daf\u00fcr alle Opfer (zu ihr) zu bringen. (GRANDMA IS THIRSTY)<\/p>\n<p>Es gibt nichts Innigeres, als die Hand des Geliebten zu halten und gar nicht mehr loslassen zu wollen, bis der Tod einen scheidet &#8211; oder sogar dar\u00fcber hinaus. (A HAND TO HOLD)<\/p>\n<p>\u201cCotton Eye Joe\u201d: Haben Sie nun einen Ohrwurm von diesem uns\u00e4glichen Lied? Und w\u00fcrden Sie alles tun, um ihn loszuwerden? Na also. (EARWORM)<\/p>\n<p>Und schlie\u00dflich: Was hat die fremde alte Dame kurz vor Mitternacht in Deinem Wohnzimmer zu suchen und was, \u201ezur H\u00f6lle\u201c, hat sie mit dem wei\u00dfen Hasen vor? (WHITCH)<\/p>\n<p>\u00a0<\/p>\n<\/p><\/div>\n<\/p><\/div>\n<div class=\"elementor-element elementor-element-a370d33 elementor-widget elementor-widget-spacer\" data-id=\"a370d33\" data-element_type=\"widget\" data-widget_type=\"spacer.default\">\n<div class=\"elementor-widget-container\">\n<div class=\"elementor-spacer\">\n<div class=\"elementor-spacer-inner\"><\/div>\n<\/p><\/div>\n<\/p><\/div>\n<\/p><\/div>\n<\/p><\/div>\n<\/p><\/div>\n<\/p><\/div>\n<\/section><\/div>\n","protected":false},"excerpt":{"rendered":"<p>Black Comedy Night \u201cWer \u00fcber sich selbst lachen kann, erspart anderen die M\u00fche.\u201d Dieses Sprichwort mag einen wahren Kern besitzen, doch ist es wirklich nett, \u00fcber das Missgeschick anderer zu lachen? In einer Welt, die oft k\u00fchl und garstig erscheint, sollte Hohn keinen Platz haben. Stattdessen braucht es mehr Einf\u00fchlsamkeit und Verst\u00e4ndnis. Genau jene Qualit\u00e4ten &#8230; <br \/><a class=\"read-more\" href=\"https:\/\/landshuter-kurzfilmfestival.de\/de\/programm\/sonderprogramme\/black-comedy-night\/\">Read More<\/a><\/p>\n","protected":false},"author":4,"featured_media":0,"parent":5180,"menu_order":0,"comment_status":"closed","ping_status":"closed","template":"page-film-list.php","meta":{"_acf_changed":false,"footnotes":""},"categories":[250],"tags":[],"class_list":["post-26131","page","type-page","status-publish","hentry","category-filmlist"],"acf":[],"_links":{"self":[{"href":"https:\/\/landshuter-kurzfilmfestival.de\/de\/wp-json\/wp\/v2\/pages\/26131","targetHints":{"allow":["GET"]}}],"collection":[{"href":"https:\/\/landshuter-kurzfilmfestival.de\/de\/wp-json\/wp\/v2\/pages"}],"about":[{"href":"https:\/\/landshuter-kurzfilmfestival.de\/de\/wp-json\/wp\/v2\/types\/page"}],"author":[{"embeddable":true,"href":"https:\/\/landshuter-kurzfilmfestival.de\/de\/wp-json\/wp\/v2\/users\/4"}],"replies":[{"embeddable":true,"href":"https:\/\/landshuter-kurzfilmfestival.de\/de\/wp-json\/wp\/v2\/comments?post=26131"}],"version-history":[{"count":33,"href":"https:\/\/landshuter-kurzfilmfestival.de\/de\/wp-json\/wp\/v2\/pages\/26131\/revisions"}],"predecessor-version":[{"id":37478,"href":"https:\/\/landshuter-kurzfilmfestival.de\/de\/wp-json\/wp\/v2\/pages\/26131\/revisions\/37478"}],"up":[{"embeddable":true,"href":"https:\/\/landshuter-kurzfilmfestival.de\/de\/wp-json\/wp\/v2\/pages\/5180"}],"wp:attachment":[{"href":"https:\/\/landshuter-kurzfilmfestival.de\/de\/wp-json\/wp\/v2\/media?parent=26131"}],"wp:term":[{"taxonomy":"category","embeddable":true,"href":"https:\/\/landshuter-kurzfilmfestival.de\/de\/wp-json\/wp\/v2\/categories?post=26131"},{"taxonomy":"post_tag","embeddable":true,"href":"https:\/\/landshuter-kurzfilmfestival.de\/de\/wp-json\/wp\/v2\/tags?post=26131"}],"curies":[{"name":"wp","href":"https:\/\/api.w.org\/{rel}","templated":true}]}}