{"id":26132,"date":"2023-01-28T19:50:24","date_gmt":"2023-01-28T18:50:24","guid":{"rendered":"https:\/\/landshuter-kurzfilmfestival.de\/?page_id=26132"},"modified":"2026-02-03T21:24:39","modified_gmt":"2026-02-03T20:24:39","slug":"weibsbilder","status":"publish","type":"page","link":"https:\/\/landshuter-kurzfilmfestival.de\/de\/programm\/sonderprogramme\/weibsbilder\/","title":{"rendered":"Weibsbilder"},"content":{"rendered":"\n<div data-elementor-type=\"wp-page\" data-elementor-id=\"26132\" class=\"elementor elementor-26132\" data-elementor-post-type=\"page\">\n<section class=\"elementor-section elementor-top-section elementor-element elementor-element-6c6af3d elementor-section-full_width elementor-section-height-default elementor-section-height-default\" data-id=\"6c6af3d\" data-element_type=\"section\">\n<div class=\"elementor-container elementor-column-gap-default\">\n<div class=\"elementor-column elementor-col-100 elementor-top-column elementor-element elementor-element-f3652ac\" data-id=\"f3652ac\" data-element_type=\"column\">\n<div class=\"elementor-widget-wrap elementor-element-populated\">\n<div class=\"elementor-element elementor-element-eb0126b elementor-widget elementor-widget-text-editor\" data-id=\"eb0126b\" data-element_type=\"widget\" data-widget_type=\"text-editor.default\">\n<div class=\"elementor-widget-container\">\n<table id=\"tablepress-85\" class=\"tablepress tablepress-id-85 film-list-header\">\n<tbody>\n<tr class=\"row-1\">\n<td class=\"column-1\">Spielzeit: <\/td>\n<td class=\"column-2\"> ca. 120 Min. <\/td>\n<td class=\"column-3\"> ab 6 Jahren <\/td>\n<td class=\"column-4\">  <\/td>\n<td class=\"column-5\">  <\/td>\n<td class=\"column-6\"> <\/td>\n<\/tr>\n<tr class=\"row-2\">\n<td class=\"column-1\">Spielort: <\/td>\n<td class=\"column-2\"> Kinopolis Kino 2 <\/td>\n<td class=\"column-3\"> Uhrzeit: <\/td>\n<td class=\"column-4\"> 15:00 Uhr <\/td>\n<td class=\"column-5\"> Datum: <\/td>\n<td class=\"column-6\">Sonntag, 15.03.<\/td>\n<\/tr>\n<\/tbody>\n<\/table>\n<p><!-- #tablepress-85 from cache -->\t\t\t\t\t\t\t\t<\/div>\n<\/p><\/div>\n<div class=\"elementor-element elementor-element-565c1b3 elementor-widget elementor-widget-heading\" data-id=\"565c1b3\" data-element_type=\"widget\" data-widget_type=\"heading.default\">\n<div class=\"elementor-widget-container\">\n<h2 class=\"elementor-heading-title elementor-size-xxl\">Weibsbilder<\/h2>\n<\/p><\/div>\n<\/p><\/div>\n<\/p><\/div>\n<\/p><\/div>\n<\/p><\/div>\n<\/section>\n<section class=\"elementor-section elementor-top-section elementor-element elementor-element-cd77472 elementor-section-full_width elementor-section-height-default elementor-section-height-default\" data-id=\"cd77472\" data-element_type=\"section\">\n<div class=\"elementor-container elementor-column-gap-default\">\n<div class=\"elementor-column elementor-col-100 elementor-top-column elementor-element elementor-element-823d1d0\" data-id=\"823d1d0\" data-element_type=\"column\">\n<div class=\"elementor-widget-wrap\">\n\t\t\t\t\t\t\t<\/div>\n<\/p><\/div>\n<\/p><\/div>\n<\/section>\n<section class=\"elementor-section elementor-top-section elementor-element elementor-element-666be4c elementor-section-full_width elementor-section-height-default elementor-section-height-default\" data-id=\"666be4c\" data-element_type=\"section\">\n<div class=\"elementor-container elementor-column-gap-default\">\n<div class=\"elementor-column elementor-col-100 elementor-top-column elementor-element elementor-element-659fbf6\" data-id=\"659fbf6\" data-element_type=\"column\">\n<div class=\"elementor-widget-wrap elementor-element-populated\">\n<div class=\"elementor-element elementor-element-fe07418 elementor-widget elementor-widget-spacer\" data-id=\"fe07418\" data-element_type=\"widget\" data-widget_type=\"spacer.default\">\n<div class=\"elementor-widget-container\">\n<div class=\"elementor-spacer\">\n<div class=\"elementor-spacer-inner\"><\/div>\n<\/p><\/div>\n<\/p><\/div>\n<\/p><\/div>\n<div class=\"elementor-element elementor-element-565269e elementor-widget elementor-widget-text-editor\" data-id=\"565269e\" data-element_type=\"widget\" data-widget_type=\"text-editor.default\">\n<div class=\"elementor-widget-container\">\n<p>Auch in diesem Jahr ist der Bayerische Rundfunk wieder mit einer Sonderschau beim Landshuter Kurzfilmfestival vertreten. Die Sendung Wir in Bayern (montags bis freitags von 16.15 bis 17.30 Uhr) pr\u00e4sentiert acht Filme aus der Reihe \u201eWeibsbilder\u201c. Durch das Programm f\u00fchrt Wir in Bayern-Moderatorin Sandra Bouscarrut.<\/p>\n<p>\u201eWeibsbilder\u201c \u2013 das sind Frauen, die mit ihrer Pers\u00f6nlichkeit beeindrucken, die im Kleinen wie im Gro\u00dfen ihre Frau stehen und zeigen, dass sie definitiv mehr sind als das &#8222;schwache Geschlecht&#8220;. Sie zeigen, wie sie Familie und Beruf vereinbaren, leben ihre Leidenschaften und verwirklichen ihre Tr\u00e4ume. Sie engagieren sich politisch und sozial und sind damit Vorreiterinnen f\u00fcr die n\u00e4chste Generation. Sie haben H\u00f6henfl\u00fcge erleben d\u00fcrfen und T\u00e4ler durchschritten, aber trotz mancher Schicksalsschl\u00e4ge nicht aufgegeben. Echte \u201eWeibsbilder\u201c eben.<\/p>\n<p>Zusammen mit Redakteurin Petra Renner haben BR-Filmemacher*innen einzigartige Frauen in Bayern portr\u00e4tiert, deren Lebensweisheiten anderen Mut machen k\u00f6nnen \u2013 und deren Geschichten erz\u00e4hlt werden m\u00fcssen.<\/p>\n<\/p><\/div>\n<\/p><\/div>\n<div class=\"elementor-element elementor-element-6262d05 elementor-widget elementor-widget-spacer\" data-id=\"6262d05\" data-element_type=\"widget\" data-widget_type=\"spacer.default\">\n<div class=\"elementor-widget-container\">\n<div class=\"elementor-spacer\">\n<div class=\"elementor-spacer-inner\"><\/div>\n<\/p><\/div>\n<\/p><\/div>\n<\/p><\/div>\n<\/p><\/div>\n<\/p><\/div>\n<\/p><\/div>\n<\/section><\/div>\n","protected":false},"excerpt":{"rendered":"<p>Weibsbilder Auch in diesem Jahr ist der Bayerische Rundfunk wieder mit einer Sonderschau beim Landshuter Kurzfilmfestival vertreten. Die Sendung Wir in Bayern (montags bis freitags von 16.15 bis 17.30 Uhr) pr\u00e4sentiert acht Filme aus der Reihe \u201eWeibsbilder\u201c. Durch das Programm f\u00fchrt Wir in Bayern-Moderatorin Sandra Bouscarrut. \u201eWeibsbilder\u201c \u2013 das sind Frauen, die mit ihrer Pers\u00f6nlichkeit &#8230; <br \/><a class=\"read-more\" href=\"https:\/\/landshuter-kurzfilmfestival.de\/de\/programm\/sonderprogramme\/weibsbilder\/\">Read More<\/a><\/p>\n","protected":false},"author":4,"featured_media":0,"parent":5180,"menu_order":0,"comment_status":"closed","ping_status":"closed","template":"page-film-list.php","meta":{"_acf_changed":false,"footnotes":""},"categories":[250],"tags":[],"class_list":["post-26132","page","type-page","status-publish","hentry","category-filmlist"],"acf":[],"_links":{"self":[{"href":"https:\/\/landshuter-kurzfilmfestival.de\/de\/wp-json\/wp\/v2\/pages\/26132","targetHints":{"allow":["GET"]}}],"collection":[{"href":"https:\/\/landshuter-kurzfilmfestival.de\/de\/wp-json\/wp\/v2\/pages"}],"about":[{"href":"https:\/\/landshuter-kurzfilmfestival.de\/de\/wp-json\/wp\/v2\/types\/page"}],"author":[{"embeddable":true,"href":"https:\/\/landshuter-kurzfilmfestival.de\/de\/wp-json\/wp\/v2\/users\/4"}],"replies":[{"embeddable":true,"href":"https:\/\/landshuter-kurzfilmfestival.de\/de\/wp-json\/wp\/v2\/comments?post=26132"}],"version-history":[{"count":37,"href":"https:\/\/landshuter-kurzfilmfestival.de\/de\/wp-json\/wp\/v2\/pages\/26132\/revisions"}],"predecessor-version":[{"id":37858,"href":"https:\/\/landshuter-kurzfilmfestival.de\/de\/wp-json\/wp\/v2\/pages\/26132\/revisions\/37858"}],"up":[{"embeddable":true,"href":"https:\/\/landshuter-kurzfilmfestival.de\/de\/wp-json\/wp\/v2\/pages\/5180"}],"wp:attachment":[{"href":"https:\/\/landshuter-kurzfilmfestival.de\/de\/wp-json\/wp\/v2\/media?parent=26132"}],"wp:term":[{"taxonomy":"category","embeddable":true,"href":"https:\/\/landshuter-kurzfilmfestival.de\/de\/wp-json\/wp\/v2\/categories?post=26132"},{"taxonomy":"post_tag","embeddable":true,"href":"https:\/\/landshuter-kurzfilmfestival.de\/de\/wp-json\/wp\/v2\/tags?post=26132"}],"curies":[{"name":"wp","href":"https:\/\/api.w.org\/{rel}","templated":true}]}}