{"id":26174,"date":"2023-01-28T20:02:43","date_gmt":"2023-01-28T19:02:43","guid":{"rendered":"https:\/\/landshuter-kurzfilmfestival.de\/?page_id=26174"},"modified":"2025-02-15T17:10:56","modified_gmt":"2025-02-15T16:10:56","slug":"a-wall-is-a-screen","status":"publish","type":"page","link":"https:\/\/landshuter-kurzfilmfestival.de\/de\/programm\/sonderprogramme\/a-wall-is-a-screen\/","title":{"rendered":"A wall is a screen"},"content":{"rendered":"\n<div data-elementor-type=\"wp-page\" data-elementor-id=\"26174\" class=\"elementor elementor-26174\" data-elementor-post-type=\"page\">\n<section class=\"elementor-section elementor-top-section elementor-element elementor-element-27a152e elementor-section-full_width elementor-hidden-desktop elementor-hidden-tablet elementor-hidden-mobile elementor-section-height-default elementor-section-height-default\" data-id=\"27a152e\" data-element_type=\"section\">\n<div class=\"elementor-container elementor-column-gap-default\">\n<div class=\"elementor-column elementor-col-100 elementor-top-column elementor-element elementor-element-69eac40\" data-id=\"69eac40\" data-element_type=\"column\">\n<div class=\"elementor-widget-wrap elementor-element-populated\">\n<div class=\"elementor-element elementor-element-3dca0fd elementor-widget elementor-widget-text-editor\" data-id=\"3dca0fd\" data-element_type=\"widget\" data-widget_type=\"text-editor.default\">\n<div class=\"elementor-widget-container\">\n\t\t\t\t\t\t\t\t\t[table \u201c\u201d not found \/]<\/p>\n<p>\n\t\t\t\t\t\t\t\t<\/div>\n<\/p><\/div>\n<\/p><\/div>\n<\/p><\/div>\n<\/p><\/div>\n<\/section>\n<section class=\"elementor-section elementor-top-section elementor-element elementor-element-8175a26 elementor-section-full_width elementor-section-height-default elementor-section-height-default\" data-id=\"8175a26\" data-element_type=\"section\">\n<div class=\"elementor-container elementor-column-gap-default\">\n<div class=\"elementor-column elementor-col-100 elementor-top-column elementor-element elementor-element-3060248\" data-id=\"3060248\" data-element_type=\"column\">\n<div class=\"elementor-widget-wrap\">\n\t\t\t\t\t\t\t<\/div>\n<\/p><\/div>\n<\/p><\/div>\n<\/section>\n<section class=\"elementor-section elementor-top-section elementor-element elementor-element-da9128b elementor-section-full_width elementor-section-height-default elementor-section-height-default\" data-id=\"da9128b\" data-element_type=\"section\">\n<div class=\"elementor-container elementor-column-gap-default\">\n<div class=\"elementor-column elementor-col-100 elementor-top-column elementor-element elementor-element-6a7296f\" data-id=\"6a7296f\" data-element_type=\"column\">\n<div class=\"elementor-widget-wrap elementor-element-populated\">\n<div class=\"elementor-element elementor-element-3fbad9e elementor-widget elementor-widget-text-editor\" data-id=\"3fbad9e\" data-element_type=\"widget\" data-widget_type=\"text-editor.default\">\n<div class=\"elementor-widget-container\">\n<table id=\"tablepress-202\" class=\"tablepress tablepress-id-202 film-list-header\">\n<tbody>\n<tr class=\"row-1\">\n<td class=\"column-1\">Zeit:<\/td>\n<td class=\"column-2\">ca. 150 Min.<\/td>\n<td class=\"column-3\"><\/td>\n<td class=\"column-4\"><\/td>\n<td class=\"column-5\"><\/td>\n<td class=\"column-6\"><\/td>\n<\/tr>\n<tr class=\"row-2\">\n<td class=\"column-1\">Ort:<\/td>\n<td class=\"column-2\">Altstadt<\/td>\n<td class=\"column-3\">Uhrzeit:<\/td>\n<td class=\"column-4\">19:00 Uhr<\/td>\n<td class=\"column-5\">Datum:<\/td>\n<td class=\"column-6\">Dienstag, 18.03.<\/td>\n<\/tr>\n<\/tbody>\n<\/table>\n<p><!-- #tablepress-202 from cache --><\/p>\n<\/p><\/div>\n<\/p><\/div>\n<div class=\"elementor-element elementor-element-879bfeb elementor-widget elementor-widget-heading\" data-id=\"879bfeb\" data-element_type=\"widget\" data-widget_type=\"heading.default\">\n<div class=\"elementor-widget-container\">\n<h2 class=\"elementor-heading-title elementor-size-xxl\">A Wall Is A Screen<\/h2>\n<\/p><\/div>\n<\/p><\/div>\n<\/p><\/div>\n<\/p><\/div>\n<\/p><\/div>\n<\/section>\n<section class=\"elementor-section elementor-top-section elementor-element elementor-element-c951185 elementor-section-full_width elementor-section-height-default elementor-section-height-default\" data-id=\"c951185\" data-element_type=\"section\">\n<div class=\"elementor-container elementor-column-gap-default\">\n<div class=\"elementor-column elementor-col-100 elementor-top-column elementor-element elementor-element-62bf8b5\" data-id=\"62bf8b5\" data-element_type=\"column\">\n<div class=\"elementor-widget-wrap elementor-element-populated\">\n<div class=\"elementor-element elementor-element-e76a9ed elementor-widget elementor-widget-spacer\" data-id=\"e76a9ed\" data-element_type=\"widget\" data-widget_type=\"spacer.default\">\n<div class=\"elementor-widget-container\">\n<div class=\"elementor-spacer\">\n<div class=\"elementor-spacer-inner\"><\/div>\n<\/p><\/div>\n<\/p><\/div>\n<\/p><\/div>\n<div class=\"elementor-element elementor-element-79e758b elementor-widget elementor-widget-text-editor\" data-id=\"79e758b\" data-element_type=\"widget\" data-widget_type=\"text-editor.default\">\n<div class=\"elementor-widget-container\">\n\t\t\t\t\t\t\t\t\tZum 25. Jubil\u00e4um des LAKFF veranstaltet die Hamburger K\u00fcnstler*innengruppe A Wall is a Screen wieder einen Kurzfilmrundgang. A Wall is a Screen ist eine kostenlose urbane Entdeckungstour, eine Mischung aus Stadtf\u00fchrung und ortsspezifischem Kurzfilmprogramm.<br \/>\nDie quasi als Pop-Up Cinema fungierende Intervention erschafft einen originellen, zum Nachdenken anregenden und zugleich unterhaltsamen neuen Blick auf die eigene Stadt. Vermeintlich vertraute Orte erscheinen buchst\u00e4blich in einem neuen Licht und jeder Film kommuniziert mit seiner Umgebung und umgekehrt.<br \/>\nGemeinsam mit Publikum und mobiler Projektionstechnik erkunden wir Landshut, die Tour geht diesmal durch die Alt- und Neustadt und bewegt sich zwischen Mittelalter und Moderne. F\u00fcr einen Abend eignen wir uns so mit viel Leidenschaft und Kreativit\u00e4t den \u00f6ffentlichen Raum an und bringen das Kino auf die Stra\u00dfe.<br \/>\nOrte und Filme gehen dabei eine besondere Verbindung ein und verwandeln W\u00e4nde sowie andere Oberfl\u00e4chen in Leinw\u00e4nde. Bevor das LAKFF ab Donnerstag im Kinopolis, Kinoptikum und Salzstadel Filme zeigt, verwandeln wir Landshut an diesem Abend in einen gro\u00dfen Kinosaal. <\/p>\n<p>Der Kurzfilmrundgang dauert ca. 1,5 Stunden, die Teilnahme ist kostenlos.<br \/>\nDie Veranstaltung findet auch bei Regen statt.<br \/>\nAm Endort gibt es Verpflegung, Toiletten und die Gelegenheit sich aufzuw\u00e4rmen.<br \/>\nTreffpunkt: 18. M\u00e4rz, Start 19:00 Uhr Rathaus (Altstadt 315) <\/p><\/div>\n<\/p><\/div>\n<div class=\"elementor-element elementor-element-1c50eee elementor-widget elementor-widget-spacer\" data-id=\"1c50eee\" data-element_type=\"widget\" data-widget_type=\"spacer.default\">\n<div class=\"elementor-widget-container\">\n<div class=\"elementor-spacer\">\n<div class=\"elementor-spacer-inner\"><\/div>\n<\/p><\/div>\n<\/p><\/div>\n<\/p><\/div>\n<\/p><\/div>\n<\/p><\/div>\n<\/p><\/div>\n<\/section>\n<section class=\"elementor-section elementor-top-section elementor-element elementor-element-5bd4775 elementor-section-full_width elementor-section-height-default elementor-section-height-default\" data-id=\"5bd4775\" data-element_type=\"section\">\n<div class=\"elementor-container elementor-column-gap-default\">\n<div class=\"elementor-column elementor-col-33 elementor-top-column elementor-element elementor-element-19f6a7a\" data-id=\"19f6a7a\" data-element_type=\"column\">\n<div class=\"elementor-widget-wrap elementor-element-populated\">\n<div class=\"elementor-element elementor-element-b5cd395 elementor-widget elementor-widget-image\" data-id=\"b5cd395\" data-element_type=\"widget\" data-widget_type=\"image.default\">\n<div class=\"elementor-widget-container\">\n\t\t\t\t\t\t\t\t\t\t\t\t\t\t\t<img fetchpriority=\"high\" decoding=\"async\" width=\"770\" height=\"513\" src=\"https:\/\/landshuter-kurzfilmfestival.de\/wp-content\/uploads\/2025\/02\/AWIAS-cKimmoSiniluoto-2.png\" class=\"attachment-large size-large wp-image-33495\" alt=\"\" srcset=\"https:\/\/landshuter-kurzfilmfestival.de\/wp-content\/uploads\/2025\/02\/AWIAS-cKimmoSiniluoto-2.png 900w, https:\/\/landshuter-kurzfilmfestival.de\/wp-content\/uploads\/2025\/02\/AWIAS-cKimmoSiniluoto-2-300x200.png 300w, https:\/\/landshuter-kurzfilmfestival.de\/wp-content\/uploads\/2025\/02\/AWIAS-cKimmoSiniluoto-2-768x512.png 768w\" sizes=\"(max-width: 770px) 100vw, 770px\" \/>\t\t\t\t\t\t\t\t\t\t\t\t\t\t\t<\/div>\n<\/p><\/div>\n<\/p><\/div>\n<\/p><\/div>\n<div class=\"elementor-column elementor-col-33 elementor-top-column elementor-element elementor-element-0e6056a\" data-id=\"0e6056a\" data-element_type=\"column\">\n<div class=\"elementor-widget-wrap elementor-element-populated\">\n<div class=\"elementor-element elementor-element-0661ea7 elementor-widget elementor-widget-image\" data-id=\"0661ea7\" data-element_type=\"widget\" data-widget_type=\"image.default\">\n<div class=\"elementor-widget-container\">\n\t\t\t\t\t\t\t\t\t\t\t\t\t\t\t<img decoding=\"async\" width=\"770\" height=\"513\" src=\"https:\/\/landshuter-kurzfilmfestival.de\/wp-content\/uploads\/2025\/02\/AWIAS-cJesien-1.png\" class=\"attachment-large size-large wp-image-33492\" alt=\"\" srcset=\"https:\/\/landshuter-kurzfilmfestival.de\/wp-content\/uploads\/2025\/02\/AWIAS-cJesien-1.png 900w, https:\/\/landshuter-kurzfilmfestival.de\/wp-content\/uploads\/2025\/02\/AWIAS-cJesien-1-300x200.png 300w, https:\/\/landshuter-kurzfilmfestival.de\/wp-content\/uploads\/2025\/02\/AWIAS-cJesien-1-768x512.png 768w\" sizes=\"(max-width: 770px) 100vw, 770px\" \/>\t\t\t\t\t\t\t\t\t\t\t\t\t\t\t<\/div>\n<\/p><\/div>\n<\/p><\/div>\n<\/p><\/div>\n<div class=\"elementor-column elementor-col-33 elementor-top-column elementor-element elementor-element-fa188ba\" data-id=\"fa188ba\" data-element_type=\"column\">\n<div class=\"elementor-widget-wrap elementor-element-populated\">\n<div class=\"elementor-element elementor-element-668f2f8 elementor-widget elementor-widget-image\" data-id=\"668f2f8\" data-element_type=\"widget\" data-widget_type=\"image.default\">\n<div class=\"elementor-widget-container\">\n\t\t\t\t\t\t\t\t\t\t\t\t\t\t\t<img decoding=\"async\" width=\"770\" height=\"542\" src=\"https:\/\/landshuter-kurzfilmfestival.de\/wp-content\/uploads\/2025\/02\/AWIAS-cCamGirlBev.png\" class=\"attachment-large size-large wp-image-33491\" alt=\"\" srcset=\"https:\/\/landshuter-kurzfilmfestival.de\/wp-content\/uploads\/2025\/02\/AWIAS-cCamGirlBev.png 852w, https:\/\/landshuter-kurzfilmfestival.de\/wp-content\/uploads\/2025\/02\/AWIAS-cCamGirlBev-300x211.png 300w, https:\/\/landshuter-kurzfilmfestival.de\/wp-content\/uploads\/2025\/02\/AWIAS-cCamGirlBev-768x541.png 768w\" sizes=\"(max-width: 770px) 100vw, 770px\" \/>\t\t\t\t\t\t\t\t\t\t\t\t\t\t\t<\/div>\n<\/p><\/div>\n<\/p><\/div>\n<\/p><\/div>\n<\/p><\/div>\n<\/section>\n<section class=\"elementor-section elementor-top-section elementor-element elementor-element-ba0dec7 elementor-section-full_width elementor-section-height-default elementor-section-height-default\" data-id=\"ba0dec7\" data-element_type=\"section\">\n<div class=\"elementor-container elementor-column-gap-default\">\n<div class=\"elementor-column elementor-col-33 elementor-top-column elementor-element elementor-element-da7a821\" data-id=\"da7a821\" data-element_type=\"column\">\n<div class=\"elementor-widget-wrap\">\n\t\t\t\t\t\t\t<\/div>\n<\/p><\/div>\n<div class=\"elementor-column elementor-col-33 elementor-top-column elementor-element elementor-element-d7032e3\" data-id=\"d7032e3\" data-element_type=\"column\">\n<div class=\"elementor-widget-wrap elementor-element-populated\">\n<div class=\"elementor-element elementor-element-fcd8722 elementor-widget elementor-widget-image\" data-id=\"fcd8722\" data-element_type=\"widget\" data-widget_type=\"image.default\">\n<div class=\"elementor-widget-container\">\n\t\t\t\t\t\t\t\t\t\t\t\t\t\t\t<img loading=\"lazy\" decoding=\"async\" width=\"600\" height=\"600\" src=\"https:\/\/landshuter-kurzfilmfestival.de\/wp-content\/uploads\/2025\/02\/AWALL_Logo_New_300.png\" class=\"attachment-large size-large wp-image-33488\" alt=\"\" srcset=\"https:\/\/landshuter-kurzfilmfestival.de\/wp-content\/uploads\/2025\/02\/AWALL_Logo_New_300.png 600w, https:\/\/landshuter-kurzfilmfestival.de\/wp-content\/uploads\/2025\/02\/AWALL_Logo_New_300-300x300.png 300w, https:\/\/landshuter-kurzfilmfestival.de\/wp-content\/uploads\/2025\/02\/AWALL_Logo_New_300-150x150.png 150w\" sizes=\"(max-width: 600px) 100vw, 600px\" \/>\t\t\t\t\t\t\t\t\t\t\t\t\t\t\t<\/div>\n<\/p><\/div>\n<\/p><\/div>\n<\/p><\/div>\n<div class=\"elementor-column elementor-col-33 elementor-top-column elementor-element elementor-element-a30a062\" data-id=\"a30a062\" data-element_type=\"column\">\n<div class=\"elementor-widget-wrap\">\n\t\t\t\t\t\t\t<\/div>\n<\/p><\/div>\n<\/p><\/div>\n<\/section><\/div>\n","protected":false},"excerpt":{"rendered":"<p>A Wall Is A Screen Zum 25. Jubil\u00e4um des LAKFF veranstaltet die Hamburger K\u00fcnstler*innengruppe A Wall is a Screen wieder einen Kurzfilmrundgang. A Wall is a Screen ist eine kostenlose urbane Entdeckungstour, eine Mischung aus Stadtf\u00fchrung und ortsspezifischem Kurzfilmprogramm. Die quasi als Pop-Up Cinema fungierende Intervention erschafft einen originellen, zum Nachdenken anregenden und zugleich unterhaltsamen &#8230; <br \/><a class=\"read-more\" href=\"https:\/\/landshuter-kurzfilmfestival.de\/de\/programm\/sonderprogramme\/a-wall-is-a-screen\/\">Read More<\/a><\/p>\n","protected":false},"author":4,"featured_media":0,"parent":5180,"menu_order":0,"comment_status":"closed","ping_status":"closed","template":"page-film-list.php","meta":{"_acf_changed":false,"footnotes":""},"categories":[250],"tags":[],"class_list":["post-26174","page","type-page","status-publish","hentry","category-filmlist"],"acf":[],"_links":{"self":[{"href":"https:\/\/landshuter-kurzfilmfestival.de\/de\/wp-json\/wp\/v2\/pages\/26174","targetHints":{"allow":["GET"]}}],"collection":[{"href":"https:\/\/landshuter-kurzfilmfestival.de\/de\/wp-json\/wp\/v2\/pages"}],"about":[{"href":"https:\/\/landshuter-kurzfilmfestival.de\/de\/wp-json\/wp\/v2\/types\/page"}],"author":[{"embeddable":true,"href":"https:\/\/landshuter-kurzfilmfestival.de\/de\/wp-json\/wp\/v2\/users\/4"}],"replies":[{"embeddable":true,"href":"https:\/\/landshuter-kurzfilmfestival.de\/de\/wp-json\/wp\/v2\/comments?post=26174"}],"version-history":[{"count":29,"href":"https:\/\/landshuter-kurzfilmfestival.de\/de\/wp-json\/wp\/v2\/pages\/26174\/revisions"}],"predecessor-version":[{"id":34530,"href":"https:\/\/landshuter-kurzfilmfestival.de\/de\/wp-json\/wp\/v2\/pages\/26174\/revisions\/34530"}],"up":[{"embeddable":true,"href":"https:\/\/landshuter-kurzfilmfestival.de\/de\/wp-json\/wp\/v2\/pages\/5180"}],"wp:attachment":[{"href":"https:\/\/landshuter-kurzfilmfestival.de\/de\/wp-json\/wp\/v2\/media?parent=26174"}],"wp:term":[{"taxonomy":"category","embeddable":true,"href":"https:\/\/landshuter-kurzfilmfestival.de\/de\/wp-json\/wp\/v2\/categories?post=26174"},{"taxonomy":"post_tag","embeddable":true,"href":"https:\/\/landshuter-kurzfilmfestival.de\/de\/wp-json\/wp\/v2\/tags?post=26174"}],"curies":[{"name":"wp","href":"https:\/\/api.w.org\/{rel}","templated":true}]}}