{"id":26175,"date":"2023-01-28T20:02:22","date_gmt":"2023-01-28T19:02:22","guid":{"rendered":"https:\/\/landshuter-kurzfilmfestival.de\/?page_id=26175"},"modified":"2026-02-03T21:21:44","modified_gmt":"2026-02-03T20:21:44","slug":"lokalrunde","status":"publish","type":"page","link":"https:\/\/landshuter-kurzfilmfestival.de\/de\/programm\/sonderprogramme\/lokalrunde\/","title":{"rendered":"Lokalrunde"},"content":{"rendered":"\n<div data-elementor-type=\"wp-page\" data-elementor-id=\"26175\" class=\"elementor elementor-26175\" data-elementor-post-type=\"page\">\n<section class=\"elementor-section elementor-top-section elementor-element elementor-element-fdc8997 elementor-section-full_width elementor-section-height-default elementor-section-height-default\" data-id=\"fdc8997\" data-element_type=\"section\">\n<div class=\"elementor-container elementor-column-gap-default\">\n<div class=\"elementor-column elementor-col-100 elementor-top-column elementor-element elementor-element-bd3a5c1\" data-id=\"bd3a5c1\" data-element_type=\"column\">\n<div class=\"elementor-widget-wrap elementor-element-populated\">\n<div class=\"elementor-element elementor-element-b135729 elementor-widget elementor-widget-text-editor\" data-id=\"b135729\" data-element_type=\"widget\" data-widget_type=\"text-editor.default\">\n<div class=\"elementor-widget-container\">\n<table id=\"tablepress-194\" class=\"tablepress tablepress-id-194 film-list-header\">\n<tbody>\n<tr class=\"row-1\">\n<td class=\"column-1\">Spielzeit: <\/td>\n<td class=\"column-2\"> ca. 120 Min. <\/td>\n<td class=\"column-3\"> ab 12 Jahren <\/td>\n<td class=\"column-4\">  <\/td>\n<td class=\"column-5\">  <\/td>\n<td class=\"column-6\"> <\/td>\n<\/tr>\n<tr class=\"row-2\">\n<td class=\"column-1\">Spielort: <\/td>\n<td class=\"column-2\"> Salzstadel <\/td>\n<td class=\"column-3\"> Uhrzeit: <\/td>\n<td class=\"column-4\"> 17:30 Uhr <\/td>\n<td class=\"column-5\"> Datum: <\/td>\n<td class=\"column-6\">Freitag, 13.03.<\/td>\n<\/tr>\n<tr class=\"row-3\">\n<td class=\"column-1\">Spielort: <\/td>\n<td class=\"column-2\"> Salzstadel <\/td>\n<td class=\"column-3\"> Uhrzeit: <\/td>\n<td class=\"column-4\"> 20:00 Uhr <\/td>\n<td class=\"column-5\"> Datum: <\/td>\n<td class=\"column-6\">Samstag, 14.03.<\/td>\n<\/tr>\n<\/tbody>\n<\/table>\n<p><!-- #tablepress-194 from cache --><\/p>\n<\/p><\/div>\n<\/p><\/div>\n<div class=\"elementor-element elementor-element-5df0625 elementor-widget elementor-widget-heading\" data-id=\"5df0625\" data-element_type=\"widget\" data-widget_type=\"heading.default\">\n<div class=\"elementor-widget-container\">\n<h2 class=\"elementor-heading-title elementor-size-xxl\">Lokalrunde<\/h2>\n<\/p><\/div>\n<\/p><\/div>\n<\/p><\/div>\n<\/p><\/div>\n<\/p><\/div>\n<\/section>\n<section class=\"elementor-section elementor-top-section elementor-element elementor-element-c0b9c9a elementor-section-boxed elementor-section-height-default elementor-section-height-default\" data-id=\"c0b9c9a\" data-element_type=\"section\">\n<div class=\"elementor-container elementor-column-gap-default\">\n<div class=\"elementor-column elementor-col-100 elementor-top-column elementor-element elementor-element-419df9a\" data-id=\"419df9a\" data-element_type=\"column\">\n<div class=\"elementor-widget-wrap\">\n\t\t\t\t\t\t\t<\/div>\n<\/p><\/div>\n<\/p><\/div>\n<\/section>\n<section class=\"elementor-section elementor-top-section elementor-element elementor-element-2a237d2 elementor-section-full_width elementor-section-height-default elementor-section-height-default\" data-id=\"2a237d2\" data-element_type=\"section\">\n<div class=\"elementor-container elementor-column-gap-default\">\n<div class=\"elementor-column elementor-col-100 elementor-top-column elementor-element elementor-element-bd50346\" data-id=\"bd50346\" data-element_type=\"column\">\n<div class=\"elementor-widget-wrap\">\n\t\t\t\t\t\t\t<\/div>\n<\/p><\/div>\n<\/p><\/div>\n<\/section>\n<section class=\"elementor-section elementor-top-section elementor-element elementor-element-70ba53c elementor-section-full_width elementor-section-height-default elementor-section-height-default\" data-id=\"70ba53c\" data-element_type=\"section\">\n<div class=\"elementor-container elementor-column-gap-default\">\n<div class=\"elementor-column elementor-col-100 elementor-top-column elementor-element elementor-element-c5dfaf7\" data-id=\"c5dfaf7\" data-element_type=\"column\">\n<div class=\"elementor-widget-wrap elementor-element-populated\">\n<div class=\"elementor-element elementor-element-569df58 elementor-widget elementor-widget-spacer\" data-id=\"569df58\" data-element_type=\"widget\" data-widget_type=\"spacer.default\">\n<div class=\"elementor-widget-container\">\n<div class=\"elementor-spacer\">\n<div class=\"elementor-spacer-inner\"><\/div>\n<\/p><\/div>\n<\/p><\/div>\n<\/p><\/div>\n<div class=\"elementor-element elementor-element-84aee20 elementor-widget elementor-widget-text-editor\" data-id=\"84aee20\" data-element_type=\"widget\" data-widget_type=\"text-editor.default\">\n<div class=\"elementor-widget-container\">\n<p>Zum vierten Mal l\u00e4dt das Landshuter Kurzfilmfestival zur Lokalrunde. Der mit 500 \u20ac dotierte Publikumspreis richtet sich speziell an Filmschaffende aus Bayern und r\u00fcckt das regionale Talent ins Rampenlicht. Sieben in Bayern produzierte Filme nehmen uns diesmal mit auf einen Ausflug: Wir schwingen uns auf das Rad und wollen sehen, wohin der Weg uns f\u00fchrt.<\/p>\n<p>Die Reise beginnt IM GR\u00dcNEN, wo die Beziehung zwischen Vater und Tochter ausgerechnet in der kreativ-freien Idylle einer Zeichenstunde an ihre Grenzen st\u00f6\u00dft. Mit dem TANDEM geht es weiter. Das Fahrzeug gibt seine eigene Dynamik vor: Einer sitzt vorne und lenkt, der andere strampelt sich hinten ab. Ohne ein gemeinsames Ziel kommt man hier nicht weit, denn den eigenen Weg kann auf diesem Gef\u00e4hrt niemand einschlagen.<\/p>\n<p>Ein Fahrradkurier schnellt durch die hektischen Stra\u00dfen Berlins, bis er in T\u00c4UBCHEN widerwillig von einem jungen M\u00e4dchen aufgehalten wird. Sie sucht ihre Schwester, die ebenfalls f\u00fcr diesen Lieferdienst arbeitet. Die Frage nach ihr durchbricht die Wand der anonymen Gig-Economy und fordert einen realen Austausch zwischen Fremden; die Suche der einen wird zum gemeinsamen Anliegen. Einen ganz anderen Raum betreten wir in SOLO MISSION: Ein Industriekomplex, get\u00fcncht in rotes Licht, in dem sich ein Einzelk\u00e4mpfer vorw\u00e4rtsk\u00e4mpft. Doch auch er ist nicht allein und muss sich fr\u00fcher oder sp\u00e4ter seinem Mit- oder Gegenspieler stellen.<\/p>\n<p>Nach dem l\u00e4ngsten Tag des Jahres geht in DUNKLER die Sonne unter \u2013 ein t\u00e4gliches Ende, ein kleiner Tod. Es ist kaum zu ertragen, sie jeden Abend sterben zu sehen; vielleicht sollte man sie einfach abstellen, damit sie nie wieder vergeht. \u00dcberhaupt ist der Tod ein st\u00e4ndiger Begleiter, in Bayern gerne als fehlbarer Boandlkramer, der in IN LIEBE, DER TOD beinahe menschlich neben uns hergeht und uns bis zum Ende geleitet. Am Ende des Weges bleibt schlie\u00dflich der Blick zur\u00fcck. In BLIND verwandelt sich die Trauer um einen Freund in hilflose Wut auf all jene, die sich von nichtigen Dingen haben ablenken lassen, die man im Moment f\u00fcr wichtiger hielt als die Pflege einer Freundschaft.<\/p>\n<p>\u00a0<\/p>\n<\/p><\/div>\n<\/p><\/div>\n<div class=\"elementor-element elementor-element-1716b96 elementor-widget elementor-widget-spacer\" data-id=\"1716b96\" data-element_type=\"widget\" data-widget_type=\"spacer.default\">\n<div class=\"elementor-widget-container\">\n<div class=\"elementor-spacer\">\n<div class=\"elementor-spacer-inner\"><\/div>\n<\/p><\/div>\n<\/p><\/div>\n<\/p><\/div>\n<\/p><\/div>\n<\/p><\/div>\n<\/p><\/div>\n<\/section><\/div>\n","protected":false},"excerpt":{"rendered":"<p>Lokalrunde Zum vierten Mal l\u00e4dt das Landshuter Kurzfilmfestival zur Lokalrunde. Der mit 500 \u20ac dotierte Publikumspreis richtet sich speziell an Filmschaffende aus Bayern und r\u00fcckt das regionale Talent ins Rampenlicht. Sieben in Bayern produzierte Filme nehmen uns diesmal mit auf einen Ausflug: Wir schwingen uns auf das Rad und wollen sehen, wohin der Weg uns &#8230; <br \/><a class=\"read-more\" href=\"https:\/\/landshuter-kurzfilmfestival.de\/de\/programm\/sonderprogramme\/lokalrunde\/\">Read More<\/a><\/p>\n","protected":false},"author":4,"featured_media":0,"parent":5180,"menu_order":0,"comment_status":"closed","ping_status":"closed","template":"page-film-list.php","meta":{"_acf_changed":false,"footnotes":""},"categories":[250],"tags":[],"class_list":["post-26175","page","type-page","status-publish","hentry","category-filmlist"],"acf":[],"_links":{"self":[{"href":"https:\/\/landshuter-kurzfilmfestival.de\/de\/wp-json\/wp\/v2\/pages\/26175","targetHints":{"allow":["GET"]}}],"collection":[{"href":"https:\/\/landshuter-kurzfilmfestival.de\/de\/wp-json\/wp\/v2\/pages"}],"about":[{"href":"https:\/\/landshuter-kurzfilmfestival.de\/de\/wp-json\/wp\/v2\/types\/page"}],"author":[{"embeddable":true,"href":"https:\/\/landshuter-kurzfilmfestival.de\/de\/wp-json\/wp\/v2\/users\/4"}],"replies":[{"embeddable":true,"href":"https:\/\/landshuter-kurzfilmfestival.de\/de\/wp-json\/wp\/v2\/comments?post=26175"}],"version-history":[{"count":36,"href":"https:\/\/landshuter-kurzfilmfestival.de\/de\/wp-json\/wp\/v2\/pages\/26175\/revisions"}],"predecessor-version":[{"id":37850,"href":"https:\/\/landshuter-kurzfilmfestival.de\/de\/wp-json\/wp\/v2\/pages\/26175\/revisions\/37850"}],"up":[{"embeddable":true,"href":"https:\/\/landshuter-kurzfilmfestival.de\/de\/wp-json\/wp\/v2\/pages\/5180"}],"wp:attachment":[{"href":"https:\/\/landshuter-kurzfilmfestival.de\/de\/wp-json\/wp\/v2\/media?parent=26175"}],"wp:term":[{"taxonomy":"category","embeddable":true,"href":"https:\/\/landshuter-kurzfilmfestival.de\/de\/wp-json\/wp\/v2\/categories?post=26175"},{"taxonomy":"post_tag","embeddable":true,"href":"https:\/\/landshuter-kurzfilmfestival.de\/de\/wp-json\/wp\/v2\/tags?post=26175"}],"curies":[{"name":"wp","href":"https:\/\/api.w.org\/{rel}","templated":true}]}}