{"id":30112,"date":"2024-01-31T15:57:56","date_gmt":"2024-01-31T14:57:56","guid":{"rendered":"https:\/\/landshuter-kurzfilmfestival.de\/?page_id=30112"},"modified":"2026-01-25T17:53:43","modified_gmt":"2026-01-25T16:53:43","slug":"queer-shorts-special","status":"publish","type":"page","link":"https:\/\/landshuter-kurzfilmfestival.de\/de\/programm\/sonderprogramme\/queer-shorts-special\/","title":{"rendered":"Queer Shorts Special"},"content":{"rendered":"\n<div data-elementor-type=\"wp-page\" data-elementor-id=\"30112\" class=\"elementor elementor-30112\" data-elementor-post-type=\"page\">\n<section class=\"elementor-section elementor-top-section elementor-element elementor-element-6c6af3d elementor-section-full_width elementor-section-height-default elementor-section-height-default\" data-id=\"6c6af3d\" data-element_type=\"section\">\n<div class=\"elementor-container elementor-column-gap-default\">\n<div class=\"elementor-column elementor-col-100 elementor-top-column elementor-element elementor-element-f3652ac\" data-id=\"f3652ac\" data-element_type=\"column\">\n<div class=\"elementor-widget-wrap elementor-element-populated\">\n<div class=\"elementor-element elementor-element-eb0126b elementor-widget elementor-widget-text-editor\" data-id=\"eb0126b\" data-element_type=\"widget\" data-widget_type=\"text-editor.default\">\n<div class=\"elementor-widget-container\">\n<table id=\"tablepress-193-no-5\" class=\"tablepress tablepress-id-193 film-list-header\">\n<tbody>\n<tr class=\"row-1\">\n<td class=\"column-1\">Spielzeit: <\/td>\n<td class=\"column-2\"> ca. 120 Min. <\/td>\n<td class=\"column-3\"> ab 12 Jahren <\/td>\n<td class=\"column-4\">  <\/td>\n<td class=\"column-5\">  <\/td>\n<td class=\"column-6\"> <\/td>\n<\/tr>\n<tr class=\"row-2\">\n<td class=\"column-1\">Spielort: <\/td>\n<td class=\"column-2\"> Kinopolis Cinema 9<\/td>\n<td class=\"column-3\"> Uhrzeit: <\/td>\n<td class=\"column-4\"> 15:00 Uhr <\/td>\n<td class=\"column-5\"> Datum: <\/td>\n<td class=\"column-6\">Freitag, 13.03.<\/td>\n<\/tr>\n<tr class=\"row-3\">\n<td class=\"column-1\">Spielort: <\/td>\n<td class=\"column-2\"> Salzstadel <\/td>\n<td class=\"column-3\"> Uhrzeit: <\/td>\n<td class=\"column-4\"> 17:00 Uhr <\/td>\n<td class=\"column-5\"> Datum: <\/td>\n<td class=\"column-6\">Samsatag, 14.03.<\/td>\n<\/tr>\n<\/tbody>\n<\/table>\n<p><!-- #tablepress-193-no-5 from cache -->\t\t\t\t\t\t\t\t<\/div>\n<\/p><\/div>\n<div class=\"elementor-element elementor-element-565c1b3 elementor-widget elementor-widget-heading\" data-id=\"565c1b3\" data-element_type=\"widget\" data-widget_type=\"heading.default\">\n<div class=\"elementor-widget-container\">\n<h2 class=\"elementor-heading-title elementor-size-xxl\">Queer Shorts Special<\/h2>\n<\/p><\/div>\n<\/p><\/div>\n<\/p><\/div>\n<\/p><\/div>\n<\/p><\/div>\n<\/section>\n<section class=\"elementor-section elementor-top-section elementor-element elementor-element-cd77472 elementor-section-full_width elementor-section-height-default elementor-section-height-default\" data-id=\"cd77472\" data-element_type=\"section\">\n<div class=\"elementor-container elementor-column-gap-default\">\n<div class=\"elementor-column elementor-col-100 elementor-top-column elementor-element elementor-element-823d1d0\" data-id=\"823d1d0\" data-element_type=\"column\">\n<div class=\"elementor-widget-wrap\">\n\t\t\t\t\t\t\t<\/div>\n<\/p><\/div>\n<\/p><\/div>\n<\/section>\n<section class=\"elementor-section elementor-top-section elementor-element elementor-element-666be4c elementor-section-full_width elementor-section-height-default elementor-section-height-default\" data-id=\"666be4c\" data-element_type=\"section\">\n<div class=\"elementor-container elementor-column-gap-default\">\n<div class=\"elementor-column elementor-col-100 elementor-top-column elementor-element elementor-element-659fbf6\" data-id=\"659fbf6\" data-element_type=\"column\">\n<div class=\"elementor-widget-wrap elementor-element-populated\">\n<div class=\"elementor-element elementor-element-fe07418 elementor-widget elementor-widget-spacer\" data-id=\"fe07418\" data-element_type=\"widget\" data-widget_type=\"spacer.default\">\n<div class=\"elementor-widget-container\">\n<div class=\"elementor-spacer\">\n<div class=\"elementor-spacer-inner\"><\/div>\n<\/p><\/div>\n<\/p><\/div>\n<\/p><\/div>\n<div class=\"elementor-element elementor-element-565269e elementor-widget elementor-widget-text-editor\" data-id=\"565269e\" data-element_type=\"widget\" data-widget_type=\"text-editor.default\">\n<div class=\"elementor-widget-container\">\n<p>Pr\u00e4senz zeigen: Das hei\u00dft, Unsichtbarkeit zu \u00fcberwinden und durch bewusste Irritation ausgediente und sch\u00e4dliche Muster aufzubrechen.<\/p>\n<p>In einem alten Schuhkarton, ganz tief hinten im Schrank des Elternhauses findet Logan das rosa Seidenkleid. Die junge Frau, die sich in ihrem Alltag weit weg in der Gro\u00dfstadt sonst eigentlich sehr maskulin kleidet und auch so gelesen werden m\u00f6chte, streift es sich \u00fcber. Vor dem Spiegel dreht sie sich und versucht, sich selbst und ihren K\u00f6rper in dem Kleid zu erkennen. Bald erg\u00e4nzt ein Cowboyhut das ungewohnte Outfit. In dem l\u00e4ndlichen Ort in den USA pr\u00e4gen alte Westernfilme noch immer das Bild von Geschlecht; ein jahrzehntelang unhinterfragtes (Film-)Ideal. Mit einem L\u00e4cheln auf den Lippen schnellen Logans H\u00e4nde nach vorne, wie in ein Pistolenduell verwickelt. Sie findet ihren eigenen Weg zwischen zwei tradierten Rollen. (GREENHORN)<\/p>\n<p>\u201eSch\u00f6n\u201d. Immer wieder f\u00e4llt dieses kleine Wort: beim Einkaufsbummel von Ali und seiner Mutter, wenn die beiden losgel\u00f6st Stoffbahnen \u201eanprobieren\u201d und letztendlich auch hinter der B\u00fchne, als Ali sich f\u00fcr seinen Auftritt in Drag schminkt. Ein direkt inflation\u00e4r benutzter Ausdruck, dabei ist Sch\u00f6nheit eine zutiefst subjektive Wahrnehmung. So hat es gedauert, bis die Mutter die Sexualit\u00e4t ihres Sohns akzeptieren konnte. Zu eng waren und sind die Grenzen von Land, Leuten und Traditionen. Doch auf der B\u00fchne ist Ali frei &#8211; und seine Mutter sieht ihren sch\u00f6nen Sohn mit unverstelltem Blick. (ADEMI)<\/p>\n<p>Ein entschlossener Sprung aus dem dritten Stock; wie in Zeitlupe gleitet der R\u00e4cher durch die Leere. Kaum hat er den Boden ber\u00fchrt, n\u00e4hert er sich der Gruppe mit t\u00e4nzelnder Leichtigkeit. Dort, wo M\u00e4nner eine Frau bedr\u00e4ngen, entbrennt ein Kampf, der eher einer Tanzchoreografie wirbelnder K\u00f6rper gleicht. Fast schwerelos setzen sie sich zur Wehr &#8211; ein Akt purer K\u00f6rperbeherrschung, durch den sie sich St\u00fcck f\u00fcr St\u00fcck die Souver\u00e4nit\u00e4t \u00fcber ihr eigenes Dasein zur\u00fcckerobern. (STUPORIA)<\/p>\n<p>Diese sechs Kurzfilme werden exklusiv im Rahmen des Queer Short Special gezeigt und laufen nicht im regul\u00e4ren Programm ihrer jeweiligen Wettbewerbe.<\/p>\n<p>\u00a0<\/p>\n<\/p><\/div>\n<\/p><\/div>\n<div class=\"elementor-element elementor-element-6262d05 elementor-widget elementor-widget-spacer\" data-id=\"6262d05\" data-element_type=\"widget\" data-widget_type=\"spacer.default\">\n<div class=\"elementor-widget-container\">\n<div class=\"elementor-spacer\">\n<div class=\"elementor-spacer-inner\"><\/div>\n<\/p><\/div>\n<\/p><\/div>\n<\/p><\/div>\n<\/p><\/div>\n<\/p><\/div>\n<\/p><\/div>\n<\/section><\/div>\n","protected":false},"excerpt":{"rendered":"<p>Queer Shorts Special Pr\u00e4senz zeigen: Das hei\u00dft, Unsichtbarkeit zu \u00fcberwinden und durch bewusste Irritation ausgediente und sch\u00e4dliche Muster aufzubrechen. In einem alten Schuhkarton, ganz tief hinten im Schrank des Elternhauses findet Logan das rosa Seidenkleid. Die junge Frau, die sich in ihrem Alltag weit weg in der Gro\u00dfstadt sonst eigentlich sehr maskulin kleidet und auch &#8230; <br \/><a class=\"read-more\" href=\"https:\/\/landshuter-kurzfilmfestival.de\/de\/programm\/sonderprogramme\/queer-shorts-special\/\">Read More<\/a><\/p>\n","protected":false},"author":8,"featured_media":0,"parent":5180,"menu_order":0,"comment_status":"closed","ping_status":"closed","template":"page-film-list.php","meta":{"_acf_changed":false,"footnotes":""},"categories":[],"tags":[],"class_list":["post-30112","page","type-page","status-publish","hentry"],"acf":[],"_links":{"self":[{"href":"https:\/\/landshuter-kurzfilmfestival.de\/de\/wp-json\/wp\/v2\/pages\/30112","targetHints":{"allow":["GET"]}}],"collection":[{"href":"https:\/\/landshuter-kurzfilmfestival.de\/de\/wp-json\/wp\/v2\/pages"}],"about":[{"href":"https:\/\/landshuter-kurzfilmfestival.de\/de\/wp-json\/wp\/v2\/types\/page"}],"author":[{"embeddable":true,"href":"https:\/\/landshuter-kurzfilmfestival.de\/de\/wp-json\/wp\/v2\/users\/8"}],"replies":[{"embeddable":true,"href":"https:\/\/landshuter-kurzfilmfestival.de\/de\/wp-json\/wp\/v2\/comments?post=30112"}],"version-history":[{"count":22,"href":"https:\/\/landshuter-kurzfilmfestival.de\/de\/wp-json\/wp\/v2\/pages\/30112\/revisions"}],"predecessor-version":[{"id":37486,"href":"https:\/\/landshuter-kurzfilmfestival.de\/de\/wp-json\/wp\/v2\/pages\/30112\/revisions\/37486"}],"up":[{"embeddable":true,"href":"https:\/\/landshuter-kurzfilmfestival.de\/de\/wp-json\/wp\/v2\/pages\/5180"}],"wp:attachment":[{"href":"https:\/\/landshuter-kurzfilmfestival.de\/de\/wp-json\/wp\/v2\/media?parent=30112"}],"wp:term":[{"taxonomy":"category","embeddable":true,"href":"https:\/\/landshuter-kurzfilmfestival.de\/de\/wp-json\/wp\/v2\/categories?post=30112"},{"taxonomy":"post_tag","embeddable":true,"href":"https:\/\/landshuter-kurzfilmfestival.de\/de\/wp-json\/wp\/v2\/tags?post=30112"}],"curies":[{"name":"wp","href":"https:\/\/api.w.org\/{rel}","templated":true}]}}