{"id":32566,"date":"2025-02-08T10:50:29","date_gmt":"2025-02-08T09:50:29","guid":{"rendered":"https:\/\/landshuter-kurzfilmfestival.de\/?page_id=32566"},"modified":"2026-01-25T17:50:55","modified_gmt":"2026-01-25T16:50:55","slug":"krimi-special","status":"publish","type":"page","link":"https:\/\/landshuter-kurzfilmfestival.de\/de\/programm\/sonderprogramme\/krimi-special\/","title":{"rendered":"Krimi Special"},"content":{"rendered":"\n<div data-elementor-type=\"wp-page\" data-elementor-id=\"32566\" class=\"elementor elementor-32566\" data-elementor-post-type=\"page\">\n<section class=\"elementor-section elementor-top-section elementor-element elementor-element-6c6af3d elementor-section-full_width elementor-section-height-default elementor-section-height-default\" data-id=\"6c6af3d\" data-element_type=\"section\">\n<div class=\"elementor-container elementor-column-gap-default\">\n<div class=\"elementor-column elementor-col-100 elementor-top-column elementor-element elementor-element-f3652ac\" data-id=\"f3652ac\" data-element_type=\"column\">\n<div class=\"elementor-widget-wrap elementor-element-populated\">\n<div class=\"elementor-element elementor-element-eb0126b elementor-widget elementor-widget-text-editor\" data-id=\"eb0126b\" data-element_type=\"widget\" data-widget_type=\"text-editor.default\">\n<div class=\"elementor-widget-container\">\n<table id=\"tablepress-200\" class=\"tablepress tablepress-id-200 film-list-header\">\n<tbody>\n<tr class=\"row-1\">\n<td class=\"column-1\">Spielzeit: <\/td>\n<td class=\"column-2\"> ca. 120 Min. <\/td>\n<td class=\"column-3\"> ab 12 Jahren <\/td>\n<td class=\"column-4\">  <\/td>\n<td class=\"column-5\">  <\/td>\n<td class=\"column-6\"> <\/td>\n<\/tr>\n<tr class=\"row-2\">\n<td class=\"column-1\">Spielort: <\/td>\n<td class=\"column-2\"> Salzstadel <\/td>\n<td class=\"column-3\"> Uhrzeit: <\/td>\n<td class=\"column-4\"> 20:30 Uhr <\/td>\n<td class=\"column-5\"> Datum: <\/td>\n<td class=\"column-6\">Freitag, 13.03.<\/td>\n<\/tr>\n<tr class=\"row-3\">\n<td class=\"column-1\">Spielort: <\/td>\n<td class=\"column-2\"> Kinopolis Kino 2 <\/td>\n<td class=\"column-3\"> Uhrzeit: <\/td>\n<td class=\"column-4\"> 20:00 Uhr <\/td>\n<td class=\"column-5\"> Datum: <\/td>\n<td class=\"column-6\">Sonntag, 15.03.<\/td>\n<\/tr>\n<\/tbody>\n<\/table>\n<p><!-- #tablepress-200 from cache --><\/p>\n<\/p><\/div>\n<\/p><\/div>\n<div class=\"elementor-element elementor-element-565c1b3 elementor-widget elementor-widget-heading\" data-id=\"565c1b3\" data-element_type=\"widget\" data-widget_type=\"heading.default\">\n<div class=\"elementor-widget-container\">\n<h2 class=\"elementor-heading-title elementor-size-xxl\">Krimi Special<\/h2>\n<\/p><\/div>\n<\/p><\/div>\n<\/p><\/div>\n<\/p><\/div>\n<\/p><\/div>\n<\/section>\n<section class=\"elementor-section elementor-top-section elementor-element elementor-element-7d8938c elementor-section-boxed elementor-section-height-default elementor-section-height-default\" data-id=\"7d8938c\" data-element_type=\"section\">\n<div class=\"elementor-container elementor-column-gap-default\">\n<div class=\"elementor-column elementor-col-100 elementor-top-column elementor-element elementor-element-6a43481\" data-id=\"6a43481\" data-element_type=\"column\">\n<div class=\"elementor-widget-wrap\">\n\t\t\t\t\t\t\t<\/div>\n<\/p><\/div>\n<\/p><\/div>\n<\/section>\n<section class=\"elementor-section elementor-top-section elementor-element elementor-element-666be4c elementor-section-full_width elementor-section-height-default elementor-section-height-default\" data-id=\"666be4c\" data-element_type=\"section\">\n<div class=\"elementor-container elementor-column-gap-default\">\n<div class=\"elementor-column elementor-col-100 elementor-top-column elementor-element elementor-element-659fbf6\" data-id=\"659fbf6\" data-element_type=\"column\">\n<div class=\"elementor-widget-wrap elementor-element-populated\">\n<div class=\"elementor-element elementor-element-fe07418 elementor-widget elementor-widget-spacer\" data-id=\"fe07418\" data-element_type=\"widget\" data-widget_type=\"spacer.default\">\n<div class=\"elementor-widget-container\">\n<div class=\"elementor-spacer\">\n<div class=\"elementor-spacer-inner\"><\/div>\n<\/p><\/div>\n<\/p><\/div>\n<\/p><\/div>\n<div class=\"elementor-element elementor-element-565269e elementor-widget elementor-widget-text-editor\" data-id=\"565269e\" data-element_type=\"widget\" data-widget_type=\"text-editor.default\">\n<div class=\"elementor-widget-container\">\n<p>In Kooperation mit den 2. Landshuter Krimitagen pr\u00e4sentieren wir filmische Kriminalit\u00e4ten: Wie auf einem cineastischen \u201eCluedo\u201c-Brett suchen wir an den \u00fcblichen, verd\u00e4chtigen Tatorten nach Hinweisen auf krumme Machenschaften.<\/p>\n<p>Tief unter der Stadt, in einem n\u00e4chtlich verwaisten U-Bahn-Tunnel, ermittelt die AG SCHMIERSCHRIFTEN gegen Graffitivandalen &#8211; doch entwickelt einer der leitenden Beamten wom\u00f6glich Sympathien f\u00fcr diese alternative Kunstform? <br \/>Zur\u00fcck an der Oberfl\u00e4che kommt nach einem t\u00f6dlichen Verkehrsunfall eine ganze Ortsgemeinschaft zusammen, um \u00fcber das Schicksal des Ungl\u00fccksfahrers zu richten (NOT A HERO BY ACCIDENT).<\/p>\n<p>Der Weg f\u00fchrt uns aus dem \u00f6ffentlichen Raum hinein in private Gem\u00e4cher. In einem leerstehenden Objekt wird der m\u00fchselige Kampf um bezahlbaren Wohnraum zur unverhofften Gelegenheit. Hier macht Gelegenheit nicht Diebe, sondern falsche Makler (UNREAL ESTATE AGENT). W\u00e4hrend ein Hinterk\u00e4mmerchen von lynchesk-verzerrter Atmosph\u00e4re Raum f\u00fcr ein bizarres EXPONAT bietet, plant ein Geschwisterpaar in einem verlebt-angeranzten Hotelzimmer jenen \u00dcberfall, der den NOSEJOB der Schwester finanzieren soll. Und in einem herrschaftlichen Salon bricht inmitten einer eleganten HOUSE PARTY pl\u00f6tzlich der Gastgeber zusammen.<\/p>\n<p>Auch wenn der Eiserne Vorhang l\u00e4ngst gefallen ist, scheint die ehemalige DDR noch lange nicht AUFERSTANDEN AUS RUINEN. Wir heften uns an die Fersen zweier Freunde beim organisierten Autoschmuggel aus den neuen Bundesl\u00e4ndern in Richtung des post-sozialistischen Ostblocks.<\/p>\n<p>Diese sieben Kurzfilme werden exklusiv im Rahmen des Krimi Special gezeigt und laufen nicht im regul\u00e4ren Programm ihrer jeweiligen Wettbewerbe.<\/p>\n<\/p><\/div>\n<\/p><\/div>\n<div class=\"elementor-element elementor-element-6262d05 elementor-widget elementor-widget-spacer\" data-id=\"6262d05\" data-element_type=\"widget\" data-widget_type=\"spacer.default\">\n<div class=\"elementor-widget-container\">\n<div class=\"elementor-spacer\">\n<div class=\"elementor-spacer-inner\"><\/div>\n<\/p><\/div>\n<\/p><\/div>\n<\/p><\/div>\n<\/p><\/div>\n<\/p><\/div>\n<\/p><\/div>\n<\/section><\/div>\n","protected":false},"excerpt":{"rendered":"<p>Krimi Special In Kooperation mit den 2. Landshuter Krimitagen pr\u00e4sentieren wir filmische Kriminalit\u00e4ten: Wie auf einem cineastischen \u201eCluedo\u201c-Brett suchen wir an den \u00fcblichen, verd\u00e4chtigen Tatorten nach Hinweisen auf krumme Machenschaften. Tief unter der Stadt, in einem n\u00e4chtlich verwaisten U-Bahn-Tunnel, ermittelt die AG SCHMIERSCHRIFTEN gegen Graffitivandalen &#8211; doch entwickelt einer der leitenden Beamten wom\u00f6glich Sympathien f\u00fcr &#8230; <br \/><a class=\"read-more\" href=\"https:\/\/landshuter-kurzfilmfestival.de\/de\/programm\/sonderprogramme\/krimi-special\/\">Read More<\/a><\/p>\n","protected":false},"author":4,"featured_media":0,"parent":5180,"menu_order":0,"comment_status":"closed","ping_status":"closed","template":"page-film-list.php","meta":{"_acf_changed":false,"footnotes":""},"categories":[250],"tags":[],"class_list":["post-32566","page","type-page","status-publish","hentry","category-filmlist"],"acf":[],"_links":{"self":[{"href":"https:\/\/landshuter-kurzfilmfestival.de\/de\/wp-json\/wp\/v2\/pages\/32566","targetHints":{"allow":["GET"]}}],"collection":[{"href":"https:\/\/landshuter-kurzfilmfestival.de\/de\/wp-json\/wp\/v2\/pages"}],"about":[{"href":"https:\/\/landshuter-kurzfilmfestival.de\/de\/wp-json\/wp\/v2\/types\/page"}],"author":[{"embeddable":true,"href":"https:\/\/landshuter-kurzfilmfestival.de\/de\/wp-json\/wp\/v2\/users\/4"}],"replies":[{"embeddable":true,"href":"https:\/\/landshuter-kurzfilmfestival.de\/de\/wp-json\/wp\/v2\/comments?post=32566"}],"version-history":[{"count":18,"href":"https:\/\/landshuter-kurzfilmfestival.de\/de\/wp-json\/wp\/v2\/pages\/32566\/revisions"}],"predecessor-version":[{"id":37475,"href":"https:\/\/landshuter-kurzfilmfestival.de\/de\/wp-json\/wp\/v2\/pages\/32566\/revisions\/37475"}],"up":[{"embeddable":true,"href":"https:\/\/landshuter-kurzfilmfestival.de\/de\/wp-json\/wp\/v2\/pages\/5180"}],"wp:attachment":[{"href":"https:\/\/landshuter-kurzfilmfestival.de\/de\/wp-json\/wp\/v2\/media?parent=32566"}],"wp:term":[{"taxonomy":"category","embeddable":true,"href":"https:\/\/landshuter-kurzfilmfestival.de\/de\/wp-json\/wp\/v2\/categories?post=32566"},{"taxonomy":"post_tag","embeddable":true,"href":"https:\/\/landshuter-kurzfilmfestival.de\/de\/wp-json\/wp\/v2\/tags?post=32566"}],"curies":[{"name":"wp","href":"https:\/\/api.w.org\/{rel}","templated":true}]}}