{"id":32567,"date":"2025-02-08T10:48:48","date_gmt":"2025-02-08T09:48:48","guid":{"rendered":"https:\/\/landshuter-kurzfilmfestival.de\/?page_id=32567"},"modified":"2025-02-15T12:03:57","modified_gmt":"2025-02-15T11:03:57","slug":"lakff-retro","status":"publish","type":"page","link":"https:\/\/landshuter-kurzfilmfestival.de\/de\/programm\/sonderprogramme\/lakff-retro\/","title":{"rendered":"LAKFF Retro"},"content":{"rendered":"\n<div data-elementor-type=\"wp-page\" data-elementor-id=\"32567\" class=\"elementor elementor-32567\" data-elementor-post-type=\"page\">\n<section class=\"elementor-section elementor-top-section elementor-element elementor-element-6c6af3d elementor-section-full_width elementor-section-height-default elementor-section-height-default\" data-id=\"6c6af3d\" data-element_type=\"section\">\n<div class=\"elementor-container elementor-column-gap-default\">\n<div class=\"elementor-column elementor-col-100 elementor-top-column elementor-element elementor-element-f3652ac\" data-id=\"f3652ac\" data-element_type=\"column\">\n<div class=\"elementor-widget-wrap elementor-element-populated\">\n<div class=\"elementor-element elementor-element-eb0126b elementor-widget elementor-widget-text-editor\" data-id=\"eb0126b\" data-element_type=\"widget\" data-widget_type=\"text-editor.default\">\n<div class=\"elementor-widget-container\">\n<table id=\"tablepress-199\" class=\"tablepress tablepress-id-199 film-list-header\">\n<tbody>\n<tr class=\"row-1\">\n<td class=\"column-1\">Spielzeit: <\/td>\n<td class=\"column-2\"> ca. 140 Min. <\/td>\n<td class=\"column-3\"> ab 16 Jahren <\/td>\n<td class=\"column-4\">  <\/td>\n<td class=\"column-5\">  <\/td>\n<td class=\"column-6\"> <\/td>\n<\/tr>\n<tr class=\"row-2\">\n<td class=\"column-1\">Spielort: <\/td>\n<td class=\"column-2\"> Poschinger Villa <\/td>\n<td class=\"column-3\"> Uhrzeit: <\/td>\n<td class=\"column-4\">  16:00 Uhr &amp; 19:30  Uhr <\/td>\n<td class=\"column-5\"> Datum: <\/td>\n<td class=\"column-6\">Freitag, 21.03.<\/td>\n<\/tr>\n<\/tbody>\n<\/table>\n<p><!-- #tablepress-199 from cache --><\/p>\n<\/p><\/div>\n<\/p><\/div>\n<\/p><\/div>\n<\/p><\/div>\n<\/p><\/div>\n<\/section>\n<section class=\"elementor-section elementor-top-section elementor-element elementor-element-cd77472 elementor-section-full_width elementor-section-height-default elementor-section-height-default\" data-id=\"cd77472\" data-element_type=\"section\">\n<div class=\"elementor-container elementor-column-gap-default\">\n<div class=\"elementor-column elementor-col-100 elementor-top-column elementor-element elementor-element-823d1d0\" data-id=\"823d1d0\" data-element_type=\"column\">\n<div class=\"elementor-widget-wrap\">\n\t\t\t\t\t\t\t<\/div>\n<\/p><\/div>\n<\/p><\/div>\n<\/section>\n<section class=\"elementor-section elementor-top-section elementor-element elementor-element-1a6bdca elementor-section-full_width elementor-section-height-default elementor-section-height-default\" data-id=\"1a6bdca\" data-element_type=\"section\">\n<div class=\"elementor-container elementor-column-gap-default\">\n<div class=\"elementor-column elementor-col-100 elementor-top-column elementor-element elementor-element-f45e4d7\" data-id=\"f45e4d7\" data-element_type=\"column\">\n<div class=\"elementor-widget-wrap elementor-element-populated\">\n<div class=\"elementor-element elementor-element-565c1b3 elementor-widget elementor-widget-heading\" data-id=\"565c1b3\" data-element_type=\"widget\" data-widget_type=\"heading.default\">\n<div class=\"elementor-widget-container\">\n<h2 class=\"elementor-heading-title elementor-size-xxl\">LAKFF Retro<\/h2>\n<\/p><\/div>\n<\/p><\/div>\n<\/p><\/div>\n<\/p><\/div>\n<\/p><\/div>\n<\/section>\n<section class=\"elementor-section elementor-top-section elementor-element elementor-element-666be4c elementor-section-full_width elementor-section-height-default elementor-section-height-default\" data-id=\"666be4c\" data-element_type=\"section\">\n<div class=\"elementor-container elementor-column-gap-default\">\n<div class=\"elementor-column elementor-col-100 elementor-top-column elementor-element elementor-element-659fbf6\" data-id=\"659fbf6\" data-element_type=\"column\">\n<div class=\"elementor-widget-wrap elementor-element-populated\">\n<div class=\"elementor-element elementor-element-fe07418 elementor-widget elementor-widget-spacer\" data-id=\"fe07418\" data-element_type=\"widget\" data-widget_type=\"spacer.default\">\n<div class=\"elementor-widget-container\">\n<div class=\"elementor-spacer\">\n<div class=\"elementor-spacer-inner\"><\/div>\n<\/p><\/div>\n<\/p><\/div>\n<\/p><\/div>\n<div class=\"elementor-element elementor-element-565269e elementor-widget elementor-widget-text-editor\" data-id=\"565269e\" data-element_type=\"widget\" data-widget_type=\"text-editor.default\">\n<div class=\"elementor-widget-container\">\n<p>Es begann im Jahr 2000 \u2013 ganz bescheiden, aber mit viel Herzblut: Die ersten \u201eLandshuter Kurzfilmtage\u201c zeigten an zwei Tagen 22 Filme vor rund 200 G\u00e4sten in der Poschinger Villa. Projiziert wurde mit einem schnurrenden 16mm-Projektor und einem quietschenden S-VHS-Rekorder \u2013 ein cineastisches Abenteuer im besten Sinne.<\/p>\n<p>Heute, ein Vierteljahrhundert sp\u00e4ter, ist aus den \u201eTagen\u201c ein internationales, aber sympathisch-famili\u00e4res Festival geworden. \u00dcber 4000 Filme, durchfeierte N\u00e4chte, inspirierende Begegnungen, neue Kooperationen, mehr als 80 000 G\u00e4ste aus aller Welt pr\u00e4gten unz\u00e4hlige unvergessliche Momente.<\/p>\n<p>Und f\u00fcr all das steht das Landshuter Kurzfilmfestival auch in seinem 25. Jahr mit Begeisterung &#8211; mehr denn je. Doch wir feiern dieses Jubil\u00e4um nicht nur mit einem Blick nach vorn, sondern auch mit einer Reise in die Vergangenheit. Wir kehren zu unseren Wurzeln zur\u00fcck und lassen das allererste Festival wieder aufleben. Die Location, das Programm, die Atmosph\u00e4re &#8211; so originalgetreu wie m\u00f6glich rekonstruiert.<\/p>\n<p>Erleben wir gemeinsam einen retro-futuristischen Abend voller analogem Charme und dem ungebrochenen Enthusiasmus, mit dem die Filme ins Rollen kamen. Rund die H\u00e4lfte der damals gezeigten Filme konnten wir wieder aufsp\u00fcren \u2013 und sie werden noch einmal in der Poschinger Villa \u00fcber die Leinwand flimmern. Selbstverst\u00e4ndlich projiziert von einem schnurrenden 16mm-Projektor.<\/p><\/div>\n<\/p><\/div>\n<div class=\"elementor-element elementor-element-6262d05 elementor-widget elementor-widget-spacer\" data-id=\"6262d05\" data-element_type=\"widget\" data-widget_type=\"spacer.default\">\n<div class=\"elementor-widget-container\">\n<div class=\"elementor-spacer\">\n<div class=\"elementor-spacer-inner\"><\/div>\n<\/p><\/div>\n<\/p><\/div>\n<\/p><\/div>\n<\/p><\/div>\n<\/p><\/div>\n<\/p><\/div>\n<\/section><\/div>\n","protected":false},"excerpt":{"rendered":"<p>LAKFF Retro Es begann im Jahr 2000 \u2013 ganz bescheiden, aber mit viel Herzblut: Die ersten \u201eLandshuter Kurzfilmtage\u201c zeigten an zwei Tagen 22 Filme vor rund 200 G\u00e4sten in der Poschinger Villa. Projiziert wurde mit einem schnurrenden 16mm-Projektor und einem quietschenden S-VHS-Rekorder \u2013 ein cineastisches Abenteuer im besten Sinne. Heute, ein Vierteljahrhundert sp\u00e4ter, ist aus &#8230; <br \/><a class=\"read-more\" href=\"https:\/\/landshuter-kurzfilmfestival.de\/de\/programm\/sonderprogramme\/lakff-retro\/\">Read More<\/a><\/p>\n","protected":false},"author":4,"featured_media":0,"parent":5180,"menu_order":0,"comment_status":"closed","ping_status":"closed","template":"page-film-list.php","meta":{"_acf_changed":false,"footnotes":""},"categories":[250],"tags":[],"class_list":["post-32567","page","type-page","status-publish","hentry","category-filmlist"],"acf":[],"_links":{"self":[{"href":"https:\/\/landshuter-kurzfilmfestival.de\/de\/wp-json\/wp\/v2\/pages\/32567","targetHints":{"allow":["GET"]}}],"collection":[{"href":"https:\/\/landshuter-kurzfilmfestival.de\/de\/wp-json\/wp\/v2\/pages"}],"about":[{"href":"https:\/\/landshuter-kurzfilmfestival.de\/de\/wp-json\/wp\/v2\/types\/page"}],"author":[{"embeddable":true,"href":"https:\/\/landshuter-kurzfilmfestival.de\/de\/wp-json\/wp\/v2\/users\/4"}],"replies":[{"embeddable":true,"href":"https:\/\/landshuter-kurzfilmfestival.de\/de\/wp-json\/wp\/v2\/comments?post=32567"}],"version-history":[{"count":9,"href":"https:\/\/landshuter-kurzfilmfestival.de\/de\/wp-json\/wp\/v2\/pages\/32567\/revisions"}],"predecessor-version":[{"id":34371,"href":"https:\/\/landshuter-kurzfilmfestival.de\/de\/wp-json\/wp\/v2\/pages\/32567\/revisions\/34371"}],"up":[{"embeddable":true,"href":"https:\/\/landshuter-kurzfilmfestival.de\/de\/wp-json\/wp\/v2\/pages\/5180"}],"wp:attachment":[{"href":"https:\/\/landshuter-kurzfilmfestival.de\/de\/wp-json\/wp\/v2\/media?parent=32567"}],"wp:term":[{"taxonomy":"category","embeddable":true,"href":"https:\/\/landshuter-kurzfilmfestival.de\/de\/wp-json\/wp\/v2\/categories?post=32567"},{"taxonomy":"post_tag","embeddable":true,"href":"https:\/\/landshuter-kurzfilmfestival.de\/de\/wp-json\/wp\/v2\/tags?post=32567"}],"curies":[{"name":"wp","href":"https:\/\/api.w.org\/{rel}","templated":true}]}}