{"id":4571,"date":"2018-02-06T21:25:04","date_gmt":"2018-02-06T20:25:04","guid":{"rendered":"http:\/\/2021.landshuter-kurzfilmfestival.de\/?page_id=4571"},"modified":"2026-01-25T17:27:07","modified_gmt":"2026-01-25T16:27:07","slug":"eroeffnungsgala","status":"publish","type":"page","link":"https:\/\/landshuter-kurzfilmfestival.de\/de\/programm\/sonderprogramme\/eroeffnungsgala\/","title":{"rendered":"Er\u00f6ffnungsgala"},"content":{"rendered":"\n<div data-elementor-type=\"wp-page\" data-elementor-id=\"4571\" class=\"elementor elementor-4571\" data-elementor-post-type=\"page\">\n<section class=\"elementor-section elementor-top-section elementor-element elementor-element-61e1eda elementor-section-full_width elementor-section-height-default elementor-section-height-default\" data-id=\"61e1eda\" data-element_type=\"section\">\n<div class=\"elementor-container elementor-column-gap-default\">\n<div class=\"elementor-column elementor-col-100 elementor-top-column elementor-element elementor-element-f1d05d0\" data-id=\"f1d05d0\" data-element_type=\"column\">\n<div class=\"elementor-widget-wrap elementor-element-populated\">\n<div class=\"elementor-element elementor-element-2c7243f elementor-hidden-desktop elementor-hidden-tablet elementor-hidden-mobile elementor-widget elementor-widget-html\" data-id=\"2c7243f\" data-element_type=\"widget\" data-widget_type=\"html.default\">\n<div class=\"elementor-widget-container\">\n<div style=\"overflow: hidden; padding-top: 56.25%; height: 0; position: relative; width: 100%;\"><iframe style=\"border: 0; height: 100%; left: 0; position: absolute; top: 0; width: 100%;\" src=\"https:\/\/embed.cdn.pantaflix.com\/latest\/#\/lakff\/playlist\/7791\" allow=\"autoplay; encrypted-media; picture-in-picture\" frameborder=\"0\" allowfullscreen=\"true\"><\/iframe><\/div>\n<\/p><\/div>\n<\/p><\/div>\n<div class=\"elementor-element elementor-element-1478560 elementor-widget elementor-widget-text-editor\" data-id=\"1478560\" data-element_type=\"widget\" data-widget_type=\"text-editor.default\">\n<div class=\"elementor-widget-container\">\n<table id=\"tablepress-44\" class=\"tablepress tablepress-id-44 film-list-header\">\n<tbody>\n<tr class=\"row-1\">\n<td class=\"column-1\">Spielzeit: <\/td>\n<td class=\"column-2\"> ca. 140 Min. <\/td>\n<td class=\"column-3\"> ab 16 Jahren <\/td>\n<td class=\"column-4\">  <\/td>\n<td class=\"column-5\">  <\/td>\n<td class=\"column-6\"> <\/td>\n<\/tr>\n<tr class=\"row-2\">\n<td class=\"column-1\">Spielort: <\/td>\n<td class=\"column-2\"> Kinopolis Kino 7 <\/td>\n<td class=\"column-3\"> Uhrzeit: <\/td>\n<td class=\"column-4\"> 19:00 Uhr <\/td>\n<td class=\"column-5\"> Datum: <\/td>\n<td class=\"column-6\">Mittwoch, 11.03.<\/td>\n<\/tr>\n<\/tbody>\n<\/table>\n<\/p><\/div>\n<\/p><\/div>\n<div class=\"elementor-element elementor-element-bbafa4a elementor-widget elementor-widget-heading\" data-id=\"bbafa4a\" data-element_type=\"widget\" data-widget_type=\"heading.default\">\n<div class=\"elementor-widget-container\">\n<h2 class=\"elementor-heading-title elementor-size-xxl\">Er\u00f6ffnungsgala<\/h2>\n<\/p><\/div>\n<\/p><\/div>\n<\/p><\/div>\n<\/p><\/div>\n<\/p><\/div>\n<\/section>\n<section class=\"elementor-section elementor-top-section elementor-element elementor-element-a5b8df5 elementor-section-full_width elementor-section-height-default elementor-section-height-default\" data-id=\"a5b8df5\" data-element_type=\"section\">\n<div class=\"elementor-container elementor-column-gap-default\">\n<div class=\"elementor-column elementor-col-100 elementor-top-column elementor-element elementor-element-612424f\" data-id=\"612424f\" data-element_type=\"column\">\n<div class=\"elementor-widget-wrap elementor-element-populated\">\n<div class=\"elementor-element elementor-element-1aa3a46 elementor-widget elementor-widget-spacer\" data-id=\"1aa3a46\" data-element_type=\"widget\" data-widget_type=\"spacer.default\">\n<div class=\"elementor-widget-container\">\n<div class=\"elementor-spacer\">\n<div class=\"elementor-spacer-inner\"><\/div>\n<\/p><\/div>\n<\/p><\/div>\n<\/p><\/div>\n<div class=\"elementor-element elementor-element-570754e elementor-widget elementor-widget-text-editor\" data-id=\"570754e\" data-element_type=\"widget\" data-widget_type=\"text-editor.default\">\n<div class=\"elementor-widget-container\">\n<p>Das 26. Landshuter Kurzfilmfestival beginnt! <br \/>Mit 221 Filmen aus 36 L\u00e4ndern &#8211; darunter 29 Welt-, 18 Europa- und 83 Deutschlandpremieren &#8211; feiern wir dieses Jahr sechs Tage lang internationale Kurzfilmkunst. Im Rahmen der Er\u00f6ffnungsgala geben sieben ausgew\u00e4hlte Filme einen ersten Einblick in das vielseitige Programm.<\/p>\n<p>Zun\u00e4chst begegnen wir Tamim, der in FOUND&amp;LOST versucht, in einer neuen Umgebung Fu\u00df zu fassen. Der syrische Familienvater, neu im Mietshaus, in der Stadt und im Land, m\u00f6chte eigentlich nur eine gute Tat begehen. Dabei muss er jedoch schmerzlich lernen, dass seine Hilfe in der neuen Nachbarschaft entweder nicht erw\u00fcnscht ist oder sogar misstrauisch be\u00e4ugt wird. W\u00e4hrend Tamim um Akzeptanz ringt, hoffen Tara und Marie in OUT OF THE BLUE auf digitale Anerkennung. Doch der Social-Media-Dreh f\u00fcr ihre Hotelkette f\u00fchrt nicht wie erwartet zum schnellen viralen Ruhm, sondern m\u00fcndet \u00fcberraschend in einer Diskussion \u00fcber echte Grundwerte. Ganz zu sich selbst finden muss auch Oscar in BLUEBERRY. Er erwacht halbnackt und faun-artig nur mit felligen Cowboy-Chaps bekleidet, tief in den schwedischen W\u00e4ldern. Erst durch die Hilfe einer Beerensammlerin findet er den Weg zur\u00fcck zu seinem Festival und dort, inmitten der Ekstase, zur inneren Ruhe. <br \/>Zur\u00fcck im st\u00e4dtischen Raum lauschen wir Alois Spies, der uns einen erstaunlich vielschichtigen Einblick in seine Ermittlungsarbeit bei der AG SCHMIERSCHRIFTEN gegen U-Bahn-Vandalismus gew\u00e4hrt. Wie zehrend der Arbeitsalltag sein kann, erleben wir anschlie\u00dfend hautnah bei der Rettungssanit\u00e4terin Yasmin. Wie in TRANCE begleiten wir sie durch einen ihrer (\u00fcber-)fordernden Tage, an denen sie vor purer Ersch\u00f6pfung an ihre k\u00f6rperlichen und seelischen Grenzen zu sto\u00dfen droht.<br \/>Im Privaten spielt sich dagegen die Geschichte von Esther und Christina ab. WEGEN MAMA treffen sich die Schwestern am Todestag ihrer Mutter. Beim gemeinsamen Versuch, eine Sektflasche zu k\u00f6pfen, wird schlie\u00dflich ein kleiner, aber bedeutender Sieg in der Geschwisterbeziehung der beiden errungen.<br \/>Den Abschluss bildet Gladys in WHITCH. Die \u00e4ltere Dame m\u00f6chte sich eigentlich nur mit ihrem Damenkr\u00e4nzchen treffen, bricht jedoch unvermittelt in den Alltag einer fremden Mutter und ihrer kleinen Tochter ein.<\/p>\n<\/p><\/div>\n<\/p><\/div>\n<div class=\"elementor-element elementor-element-94fdd3b elementor-widget elementor-widget-spacer\" data-id=\"94fdd3b\" data-element_type=\"widget\" data-widget_type=\"spacer.default\">\n<div class=\"elementor-widget-container\">\n<div class=\"elementor-spacer\">\n<div class=\"elementor-spacer-inner\"><\/div>\n<\/p><\/div>\n<\/p><\/div>\n<\/p><\/div>\n<\/p><\/div>\n<\/p><\/div>\n<\/p><\/div>\n<\/section><\/div>\n","protected":false},"excerpt":{"rendered":"<p>Er\u00f6ffnungsgala Das 26. Landshuter Kurzfilmfestival beginnt! Mit 221 Filmen aus 36 L\u00e4ndern &#8211; darunter 29 Welt-, 18 Europa- und 83 Deutschlandpremieren &#8211; feiern wir dieses Jahr sechs Tage lang internationale Kurzfilmkunst. Im Rahmen der Er\u00f6ffnungsgala geben sieben ausgew\u00e4hlte Filme einen ersten Einblick in das vielseitige Programm. Zun\u00e4chst begegnen wir Tamim, der in FOUND&amp;LOST versucht, in &#8230; <br \/><a class=\"read-more\" href=\"https:\/\/landshuter-kurzfilmfestival.de\/de\/programm\/sonderprogramme\/eroeffnungsgala\/\">Read More<\/a><\/p>\n","protected":false},"author":4,"featured_media":0,"parent":5180,"menu_order":0,"comment_status":"closed","ping_status":"closed","template":"page-film-list.php","meta":{"_acf_changed":false,"footnotes":""},"categories":[250],"tags":[],"class_list":["post-4571","page","type-page","status-publish","hentry","category-filmlist"],"acf":[],"_links":{"self":[{"href":"https:\/\/landshuter-kurzfilmfestival.de\/de\/wp-json\/wp\/v2\/pages\/4571","targetHints":{"allow":["GET"]}}],"collection":[{"href":"https:\/\/landshuter-kurzfilmfestival.de\/de\/wp-json\/wp\/v2\/pages"}],"about":[{"href":"https:\/\/landshuter-kurzfilmfestival.de\/de\/wp-json\/wp\/v2\/types\/page"}],"author":[{"embeddable":true,"href":"https:\/\/landshuter-kurzfilmfestival.de\/de\/wp-json\/wp\/v2\/users\/4"}],"replies":[{"embeddable":true,"href":"https:\/\/landshuter-kurzfilmfestival.de\/de\/wp-json\/wp\/v2\/comments?post=4571"}],"version-history":[{"count":64,"href":"https:\/\/landshuter-kurzfilmfestival.de\/de\/wp-json\/wp\/v2\/pages\/4571\/revisions"}],"predecessor-version":[{"id":37452,"href":"https:\/\/landshuter-kurzfilmfestival.de\/de\/wp-json\/wp\/v2\/pages\/4571\/revisions\/37452"}],"up":[{"embeddable":true,"href":"https:\/\/landshuter-kurzfilmfestival.de\/de\/wp-json\/wp\/v2\/pages\/5180"}],"wp:attachment":[{"href":"https:\/\/landshuter-kurzfilmfestival.de\/de\/wp-json\/wp\/v2\/media?parent=4571"}],"wp:term":[{"taxonomy":"category","embeddable":true,"href":"https:\/\/landshuter-kurzfilmfestival.de\/de\/wp-json\/wp\/v2\/categories?post=4571"},{"taxonomy":"post_tag","embeddable":true,"href":"https:\/\/landshuter-kurzfilmfestival.de\/de\/wp-json\/wp\/v2\/tags?post=4571"}],"curies":[{"name":"wp","href":"https:\/\/api.w.org\/{rel}","templated":true}]}}