{"id":4590,"date":"2018-02-06T21:32:38","date_gmt":"2018-02-06T20:32:38","guid":{"rendered":"http:\/\/2021.landshuter-kurzfilmfestival.de\/?page_id=4590"},"modified":"2026-01-25T17:59:23","modified_gmt":"2026-01-25T16:59:23","slug":"dahome-wettbewerb","status":"publish","type":"page","link":"https:\/\/landshuter-kurzfilmfestival.de\/de\/programm\/wettbewerbe\/dahome-wettbewerb\/","title":{"rendered":"DaHome Wettbewerb"},"content":{"rendered":"\n<div data-elementor-type=\"wp-page\" data-elementor-id=\"4590\" class=\"elementor elementor-4590\" data-elementor-post-type=\"page\">\n<section class=\"elementor-section elementor-top-section elementor-element elementor-element-79eeb6b elementor-section-full_width elementor-section-height-default elementor-section-height-default\" data-id=\"79eeb6b\" data-element_type=\"section\">\n<div class=\"elementor-container elementor-column-gap-default\">\n<div class=\"elementor-column elementor-col-100 elementor-top-column elementor-element elementor-element-d26fb1b\" data-id=\"d26fb1b\" data-element_type=\"column\">\n<div class=\"elementor-widget-wrap elementor-element-populated\">\n<div class=\"elementor-element elementor-element-65a95b1 elementor-widget elementor-widget-text-editor\" data-id=\"65a95b1\" data-element_type=\"widget\" data-widget_type=\"text-editor.default\">\n<div class=\"elementor-widget-container\">\n<table id=\"tablepress-196\" class=\"tablepress tablepress-id-196 film-list-header\">\n<tbody>\n<tr class=\"row-1\">\n<td class=\"column-1\">Spielzeit: <\/td>\n<td class=\"column-2\"> ca. 120 Min. <\/td>\n<td class=\"column-3\"> ab 12 Jahren <\/td>\n<td class=\"column-4\">  <\/td>\n<td class=\"column-5\">  <\/td>\n<td class=\"column-6\"> <\/td>\n<\/tr>\n<tr class=\"row-2\">\n<td class=\"column-1\">Spielort: <\/td>\n<td class=\"column-2\"> Salzstadel <\/td>\n<td class=\"column-3\"> Uhrzeit: <\/td>\n<td class=\"column-4\"> 20:00 Uhr <\/td>\n<td class=\"column-5\"> Datum: <\/td>\n<td class=\"column-6\">Donnerstag, 12.03.<\/td>\n<\/tr>\n<tr class=\"row-3\">\n<td class=\"column-1\">Spielort: <\/td>\n<td class=\"column-2\"> Kinopolis Kino 9 <\/td>\n<td class=\"column-3\"> Uhrzeit: <\/td>\n<td class=\"column-4\"> 17:30 Uhr <\/td>\n<td class=\"column-5\"> Datum: <\/td>\n<td class=\"column-6\">Samstag, 14.03.<\/td>\n<\/tr>\n<\/tbody>\n<\/table>\n<p><!-- #tablepress-196 from cache --><\/p>\n<\/p><\/div>\n<\/p><\/div>\n<div class=\"elementor-element elementor-element-5b4b1a4 elementor-widget elementor-widget-heading\" data-id=\"5b4b1a4\" data-element_type=\"widget\" data-widget_type=\"heading.default\">\n<div class=\"elementor-widget-container\">\n<h2 class=\"elementor-heading-title elementor-size-xxl\">DaHome Wettbewerb<\/h2>\n<\/p><\/div>\n<\/p><\/div>\n<\/p><\/div>\n<\/p><\/div>\n<\/p><\/div>\n<\/section>\n<section class=\"elementor-section elementor-top-section elementor-element elementor-element-7e43637 elementor-section-full_width elementor-section-height-default elementor-section-height-default\" data-id=\"7e43637\" data-element_type=\"section\">\n<div class=\"elementor-container elementor-column-gap-default\">\n<div class=\"elementor-column elementor-col-100 elementor-top-column elementor-element elementor-element-05408b1\" data-id=\"05408b1\" data-element_type=\"column\">\n<div class=\"elementor-widget-wrap\">\n\t\t\t\t\t\t\t<\/div>\n<\/p><\/div>\n<\/p><\/div>\n<\/section>\n<section class=\"elementor-section elementor-top-section elementor-element elementor-element-3a723a5 elementor-section-full_width elementor-section-height-default elementor-section-height-default\" data-id=\"3a723a5\" data-element_type=\"section\">\n<div class=\"elementor-container elementor-column-gap-default\">\n<div class=\"elementor-column elementor-col-100 elementor-top-column elementor-element elementor-element-208e631\" data-id=\"208e631\" data-element_type=\"column\">\n<div class=\"elementor-widget-wrap elementor-element-populated\">\n<div class=\"elementor-element elementor-element-7938b6a elementor-widget elementor-widget-spacer\" data-id=\"7938b6a\" data-element_type=\"widget\" data-widget_type=\"spacer.default\">\n<div class=\"elementor-widget-container\">\n<div class=\"elementor-spacer\">\n<div class=\"elementor-spacer-inner\"><\/div>\n<\/p><\/div>\n<\/p><\/div>\n<\/p><\/div>\n<div class=\"elementor-element elementor-element-24f86ef elementor-widget elementor-widget-text-editor\" data-id=\"24f86ef\" data-element_type=\"widget\" data-widget_type=\"text-editor.default\">\n<div class=\"elementor-widget-container\">\n<p>\u201cHeimat\u201d. Ein Begriff, der nur allzu gerne verkl\u00e4rt wird, sei es von der Politik oder um den Verkauf von Souvenirs anzukurbeln. Dennoch spielt er in unserem Alltag kaum eine Rolle. Was f\u00fcr ein Luxus ist es doch, sich daheim zu f\u00fchlen, ohne dar\u00fcber nachdenken zu m\u00fcssen.<br \/>Gemeinsam mit dem Bezirk Niederbayern pr\u00e4sentiert das 26. Landshuter Kurzfilmfestival sieben internationale Beitr\u00e4ge im DaHome-Wettbewerb, die der existenziellen Frage nach Zugeh\u00f6rigkeit nachsp\u00fcren.<\/p>\n<p>Da ist das werdende Elternpaar, das ausgelassen in der K\u00fcche scherzt. \u201dDann hast du endlich ein Kopftuch.\u201d \u201cUnd du endlich blonde Haare und blaue Augen.\u201d Doch hinter dem liebevollen Witz blitzt bitterer Galgenhumor auf: Mu&#8217;tasem wurde Opfer eines rassistischen Angriffs. (BLONDE HAARE, BLAUES AUGE)<\/p>\n<p>In der Enge eines Lasters kauern Fl\u00fcchtende auf dem Boden. Jedes Ger\u00e4usch, jeder Geruch wird zur \u00fcberlebenswichtigen Information, der vollkommenen Desorientierung in dieser NIGHT OF PASSAGE zu entkommen.<\/p>\n<p>W\u00e4hrend in der Ukraine der Boden unter den F\u00fc\u00dfen eines kleinen M\u00e4dchens vom Krieg weggerissen wird. Doch ihr freier Fall verwandelt sich in einen Flug &#8211; getragen von der Hoffnung, dass der Himmel eines Tages frei von Bomben sein wird (IF I COULD FLY).<\/p>\n<p>Immerzu im Kreis, die Autoreifen quietschen. Auch sie drehen sich auf dem Betonplatz st\u00e4ndig umeinander, DIE LETZTEN MENSCHEN. In ihrem kleinen Ort in der Provinz ist es menschenleer; die Stille zwischen den wenigen gewechselten Worten wirkt dr\u00fcckend.<\/p>\n<p>Auch ein junges Paar tr\u00e4umt am Flussufer von einer Zukunft im nahen, fremden Land. Sie wollen ABTAUCHEN in ein neues Leben, doch die Str\u00f6mung ist t\u00fcckisch und vielleicht ist das Gras auf der anderen Seite doch nur aus der Ferne gr\u00fcner.<\/p>\n<p>Fratzen, teuflisch und verzerrt; L\u00e4rm, scheppernd und metallisch: gleich beginnt der Krampuslauf. Wie LARVEN verpuppen sich die M\u00e4nner in einem fremden Fell ein, das sich doch eigen anf\u00fchlt. Es ist beides: Martialisch-uriges Brauchtum und entfesselte Aggression.<\/p>\n<p>Die Baumwipfel des guatemalischen Dschungels bilden ein Dach \u00fcber unseren K\u00f6pfen. Gr\u00fcn, lebendig und sch\u00fctzend. Doch nach und nach werden die B\u00e4ume gef\u00e4llt, und unsere gesamte Welt wird entwurzelt. (ASTRONAUTA)<\/p>\n<p>Die Filme sind exklusiv in diesem Sonderprogramm zu sehen. Die Festivaljury wird in der Vorstellung am 12.03. um 20 Uhr anwesend sein. Im Anschluss laden wir Sie herzlich zu einem kleinen Get-Together ein.<\/p>\n<p>\u00a0<\/p>\n<\/p><\/div>\n<\/p><\/div>\n<div class=\"elementor-element elementor-element-79eb072 elementor-widget elementor-widget-spacer\" data-id=\"79eb072\" data-element_type=\"widget\" data-widget_type=\"spacer.default\">\n<div class=\"elementor-widget-container\">\n<div class=\"elementor-spacer\">\n<div class=\"elementor-spacer-inner\"><\/div>\n<\/p><\/div>\n<\/p><\/div>\n<\/p><\/div>\n<\/p><\/div>\n<\/p><\/div>\n<\/p><\/div>\n<\/section><\/div>\n","protected":false},"excerpt":{"rendered":"<p>DaHome Wettbewerb \u201cHeimat\u201d. Ein Begriff, der nur allzu gerne verkl\u00e4rt wird, sei es von der Politik oder um den Verkauf von Souvenirs anzukurbeln. Dennoch spielt er in unserem Alltag kaum eine Rolle. Was f\u00fcr ein Luxus ist es doch, sich daheim zu f\u00fchlen, ohne dar\u00fcber nachdenken zu m\u00fcssen.Gemeinsam mit dem Bezirk Niederbayern pr\u00e4sentiert das 26. &#8230; <br \/><a class=\"read-more\" href=\"https:\/\/landshuter-kurzfilmfestival.de\/de\/programm\/wettbewerbe\/dahome-wettbewerb\/\">Read More<\/a><\/p>\n","protected":false},"author":4,"featured_media":0,"parent":17234,"menu_order":0,"comment_status":"closed","ping_status":"closed","template":"page-film-list.php","meta":{"_acf_changed":false,"footnotes":""},"categories":[250],"tags":[],"class_list":["post-4590","page","type-page","status-publish","hentry","category-filmlist"],"acf":[],"_links":{"self":[{"href":"https:\/\/landshuter-kurzfilmfestival.de\/de\/wp-json\/wp\/v2\/pages\/4590","targetHints":{"allow":["GET"]}}],"collection":[{"href":"https:\/\/landshuter-kurzfilmfestival.de\/de\/wp-json\/wp\/v2\/pages"}],"about":[{"href":"https:\/\/landshuter-kurzfilmfestival.de\/de\/wp-json\/wp\/v2\/types\/page"}],"author":[{"embeddable":true,"href":"https:\/\/landshuter-kurzfilmfestival.de\/de\/wp-json\/wp\/v2\/users\/4"}],"replies":[{"embeddable":true,"href":"https:\/\/landshuter-kurzfilmfestival.de\/de\/wp-json\/wp\/v2\/comments?post=4590"}],"version-history":[{"count":65,"href":"https:\/\/landshuter-kurzfilmfestival.de\/de\/wp-json\/wp\/v2\/pages\/4590\/revisions"}],"predecessor-version":[{"id":37539,"href":"https:\/\/landshuter-kurzfilmfestival.de\/de\/wp-json\/wp\/v2\/pages\/4590\/revisions\/37539"}],"up":[{"embeddable":true,"href":"https:\/\/landshuter-kurzfilmfestival.de\/de\/wp-json\/wp\/v2\/pages\/17234"}],"wp:attachment":[{"href":"https:\/\/landshuter-kurzfilmfestival.de\/de\/wp-json\/wp\/v2\/media?parent=4590"}],"wp:term":[{"taxonomy":"category","embeddable":true,"href":"https:\/\/landshuter-kurzfilmfestival.de\/de\/wp-json\/wp\/v2\/categories?post=4590"},{"taxonomy":"post_tag","embeddable":true,"href":"https:\/\/landshuter-kurzfilmfestival.de\/de\/wp-json\/wp\/v2\/tags?post=4590"}],"curies":[{"name":"wp","href":"https:\/\/api.w.org\/{rel}","templated":true}]}}