{"id":4596,"date":"2018-02-07T12:27:24","date_gmt":"2018-02-07T11:27:24","guid":{"rendered":"http:\/\/2021.landshuter-kurzfilmfestival.de\/?page_id=4596"},"modified":"2026-02-24T11:25:42","modified_gmt":"2026-02-24T10:25:42","slug":"ue60-seniorinnennachmittag","status":"publish","type":"page","link":"https:\/\/landshuter-kurzfilmfestival.de\/de\/programm\/sonderprogramme\/ue60-seniorinnennachmittag\/","title":{"rendered":"\u00dc60 Senior:innennachmittag"},"content":{"rendered":"\n<div data-elementor-type=\"wp-page\" data-elementor-id=\"4596\" class=\"elementor elementor-4596\" data-elementor-post-type=\"page\">\n<section class=\"elementor-section elementor-top-section elementor-element elementor-element-7a6ad71 elementor-section-full_width elementor-section-height-default elementor-section-height-default\" data-id=\"7a6ad71\" data-element_type=\"section\">\n<div class=\"elementor-container elementor-column-gap-default\">\n<div class=\"elementor-column elementor-col-100 elementor-top-column elementor-element elementor-element-9a0396c\" data-id=\"9a0396c\" data-element_type=\"column\">\n<div class=\"elementor-widget-wrap elementor-element-populated\">\n<div class=\"elementor-element elementor-element-591a71d elementor-widget elementor-widget-text-editor\" data-id=\"591a71d\" data-element_type=\"widget\" data-widget_type=\"text-editor.default\">\n<div class=\"elementor-widget-container\">\n<table id=\"tablepress-191\" class=\"tablepress tablepress-id-191\">\n<tbody>\n<tr class=\"row-1\">\n<td class=\"column-1\">Spielzeit: <\/td>\n<td class=\"column-2\"> ca. 120 Min. <\/td>\n<td class=\"column-3\"> ab 12 Jahren <\/td>\n<td class=\"column-4\">  <\/td>\n<td class=\"column-5\">  <\/td>\n<td class=\"column-6\"> <\/td>\n<\/tr>\n<tr class=\"row-2\">\n<td class=\"column-1\">Spielort: <\/td>\n<td class=\"column-2\"> Salzstadel <\/td>\n<td class=\"column-3\"> Uhrzeit: <\/td>\n<td class=\"column-4\"> 15:00 Uhr <\/td>\n<td class=\"column-5\"> Datum: <\/td>\n<td class=\"column-6\">Freitag, 13.03.<\/td>\n<\/tr>\n<\/tbody>\n<\/table>\n<p><!-- #tablepress-191 from cache --><\/p>\n<\/p><\/div>\n<\/p><\/div>\n<div class=\"elementor-element elementor-element-bdbab0c elementor-widget elementor-widget-heading\" data-id=\"bdbab0c\" data-element_type=\"widget\" data-widget_type=\"heading.default\">\n<div class=\"elementor-widget-container\">\n<h2 class=\"elementor-heading-title elementor-size-default\">\u00dc-60 Senior:innennachmittag<\/h2>\n<\/p><\/div>\n<\/p><\/div>\n<div class=\"elementor-element elementor-element-cc54d3f elementor-widget elementor-widget-spacer\" data-id=\"cc54d3f\" data-element_type=\"widget\" data-widget_type=\"spacer.default\">\n<div class=\"elementor-widget-container\">\n<div class=\"elementor-spacer\">\n<div class=\"elementor-spacer-inner\"><\/div>\n<\/p><\/div>\n<\/p><\/div>\n<\/p><\/div>\n<div class=\"elementor-element elementor-element-9e1a626 elementor-widget elementor-widget-text-editor\" data-id=\"9e1a626\" data-element_type=\"widget\" data-widget_type=\"text-editor.default\">\n<div class=\"elementor-widget-container\">\n<p>Das Leben steckt voller \u00dcberraschungen und kann herrlich schr\u00e4g sein &#8211; man muss nur offen f\u00fcr das Unerwartete bleiben. Die acht Filme unseres \u00dc60-Programms laden Sie dazu ein, festgefahrene Sichtweisen zu verlassen und den Blickwinkel zu ver\u00e4ndern.<\/p>\n<p>Das beginnt ausgerechnet in der Schule, diesem Architektur gewordenen Regelwerk:<br \/>\nSchwupps, und schon verschwindet der Deutsche Schulpreis im Umzugskarton, w\u00e4hrend der Rektor seine Sachen packt. Die ATW Hamburg startet f\u00fcr drei Monate ein Experiment mit unterschiedlichen Leitungsmodellen, und das entstandene THE POWER VACUUM wird vorerst von Gonzala Zeidler-Brack gef\u00fcllt. Da ihre letzte Anstellung an einem Gymnasium war, ist die neue Leiterin mit den administrativen Abl\u00e4ufen bestens vertraut, zudem steht ihre T\u00fcr im Direktorat jederzeit f\u00fcr Sch\u00fcler*innen und Lehrkr\u00e4fte offen. Dass Gonzala eine Schildkr\u00f6te ist, bleibt nebens\u00e4chlich. Sorgt sie doch f\u00fcr eine ganz neue Perspektive auf den Lehrk\u00f6rper und \u00f6ffnet einen Dialog, der unter der alten Leitung nicht m\u00f6glich gewesen w\u00e4re.<\/p>\n<p>Die resolute Maklerin h\u00e4lt sich krampfhaft an ihrem quietschorangenen Clipboard fest. Sie hat &#8211; immer freundlich, immer zur\u00fcckhaltend &#8211; schon ein paar Interessenten durch das Objekt gef\u00fchrt, es ist ein echtes WOHNJUWEL. Aber diese Klientin ist anders. Sie wird scheinbar grundlos ausf\u00e4llig, sie macht keinen Hehl daraus, dass ihr das Haus missf\u00e4llt &#8211; und weigert sich doch, zu gehen. Eine Wut steigt im Bauch der Maklerin auf, aber die Fassade muss professionell bleiben. Nur nicht aus dem Takt(-gef\u00fchl) bringen lassen, in diesem wortw\u00f6rtlichen Kammerspiel zwischen den zwei Frauen.<\/p>\n<p>Ein Reizthema bleibt auch die Ketzerei. Diese Anklage mag wie aus der Zeit gefallen wirken, obgleich der Ablassbrief h\u00f6chstmodern per PayPal eingefordert wird. Doch auch in Glaubensfragen gibt es immer zwei Seiten, und so entbrennt ein handfester Generationenkonflikt zwischen dem Allm\u00e4chtigen (h\u00f6chstpers\u00f6nlich) und dem SOHN GOTTES.<\/p>\n<p>Obwohl bereits am 1. April 1957 die BBC einen Bericht \u00fcber die Spaghettiernte im Tessin sendete und damit die Agrarwirtschaft nachhaltig pr\u00e4gte, wirken die zwischen 1965 und 1989 entstandenen Aufnahmen der ROTNASCHIERNTE IN KUPPEBY nicht weniger sensationell.<\/p><\/div>\n<\/p><\/div>\n<div class=\"elementor-element elementor-element-f1dca09 elementor-widget elementor-widget-spacer\" data-id=\"f1dca09\" data-element_type=\"widget\" data-widget_type=\"spacer.default\">\n<div class=\"elementor-widget-container\">\n<div class=\"elementor-spacer\">\n<div class=\"elementor-spacer-inner\"><\/div>\n<\/p><\/div>\n<\/p><\/div>\n<\/p><\/div>\n<\/p><\/div>\n<\/p><\/div>\n<\/p><\/div>\n<\/section>\n<section class=\"elementor-section elementor-top-section elementor-element elementor-element-acaa506 elementor-section-full_width elementor-section-height-default elementor-section-height-default\" data-id=\"acaa506\" data-element_type=\"section\">\n<div class=\"elementor-container elementor-column-gap-default\">\n<div class=\"elementor-column elementor-col-100 elementor-top-column elementor-element elementor-element-78a744b\" data-id=\"78a744b\" data-element_type=\"column\">\n<div class=\"elementor-widget-wrap\">\n\t\t\t\t\t\t\t<\/div>\n<\/p><\/div>\n<\/p><\/div>\n<\/section><\/div>\n","protected":false},"excerpt":{"rendered":"<p>\u00dc-60 Senior:innennachmittag Das Leben steckt voller \u00dcberraschungen und kann herrlich schr\u00e4g sein &#8211; man muss nur offen f\u00fcr das Unerwartete bleiben. Die acht Filme unseres \u00dc60-Programms laden Sie dazu ein, festgefahrene Sichtweisen zu verlassen und den Blickwinkel zu ver\u00e4ndern. Das beginnt ausgerechnet in der Schule, diesem Architektur gewordenen Regelwerk: Schwupps, und schon verschwindet der Deutsche &#8230; <br \/><a class=\"read-more\" href=\"https:\/\/landshuter-kurzfilmfestival.de\/de\/programm\/sonderprogramme\/ue60-seniorinnennachmittag\/\">Read More<\/a><\/p>\n","protected":false},"author":4,"featured_media":0,"parent":5180,"menu_order":0,"comment_status":"closed","ping_status":"closed","template":"page-film-list.php","meta":{"_acf_changed":false,"footnotes":""},"categories":[250],"tags":[],"class_list":["post-4596","page","type-page","status-publish","hentry","category-filmlist"],"acf":[],"_links":{"self":[{"href":"https:\/\/landshuter-kurzfilmfestival.de\/de\/wp-json\/wp\/v2\/pages\/4596","targetHints":{"allow":["GET"]}}],"collection":[{"href":"https:\/\/landshuter-kurzfilmfestival.de\/de\/wp-json\/wp\/v2\/pages"}],"about":[{"href":"https:\/\/landshuter-kurzfilmfestival.de\/de\/wp-json\/wp\/v2\/types\/page"}],"author":[{"embeddable":true,"href":"https:\/\/landshuter-kurzfilmfestival.de\/de\/wp-json\/wp\/v2\/users\/4"}],"replies":[{"embeddable":true,"href":"https:\/\/landshuter-kurzfilmfestival.de\/de\/wp-json\/wp\/v2\/comments?post=4596"}],"version-history":[{"count":95,"href":"https:\/\/landshuter-kurzfilmfestival.de\/de\/wp-json\/wp\/v2\/pages\/4596\/revisions"}],"predecessor-version":[{"id":37913,"href":"https:\/\/landshuter-kurzfilmfestival.de\/de\/wp-json\/wp\/v2\/pages\/4596\/revisions\/37913"}],"up":[{"embeddable":true,"href":"https:\/\/landshuter-kurzfilmfestival.de\/de\/wp-json\/wp\/v2\/pages\/5180"}],"wp:attachment":[{"href":"https:\/\/landshuter-kurzfilmfestival.de\/de\/wp-json\/wp\/v2\/media?parent=4596"}],"wp:term":[{"taxonomy":"category","embeddable":true,"href":"https:\/\/landshuter-kurzfilmfestival.de\/de\/wp-json\/wp\/v2\/categories?post=4596"},{"taxonomy":"post_tag","embeddable":true,"href":"https:\/\/landshuter-kurzfilmfestival.de\/de\/wp-json\/wp\/v2\/tags?post=4596"}],"curies":[{"name":"wp","href":"https:\/\/api.w.org\/{rel}","templated":true}]}}