{"id":4602,"date":"2018-02-07T12:27:24","date_gmt":"2018-02-07T11:27:24","guid":{"rendered":"http:\/\/2021.landshuter-kurzfilmfestival.de\/?page_id=4602"},"modified":"2025-02-15T11:58:09","modified_gmt":"2025-02-15T10:58:09","slug":"best-of-international-competition","status":"publish","type":"page","link":"https:\/\/landshuter-kurzfilmfestival.de\/de\/programm\/sonderprogramme\/best-of-international-competition\/","title":{"rendered":"Best of International Competition"},"content":{"rendered":"\n<div data-elementor-type=\"wp-page\" data-elementor-id=\"4602\" class=\"elementor elementor-4602\" data-elementor-post-type=\"page\">\n<section class=\"elementor-section elementor-top-section elementor-element elementor-element-734f812 elementor-section-full_width elementor-section-height-default elementor-section-height-default\" data-id=\"734f812\" data-element_type=\"section\">\n<div class=\"elementor-container elementor-column-gap-default\">\n<div class=\"elementor-column elementor-col-100 elementor-top-column elementor-element elementor-element-be3c016\" data-id=\"be3c016\" data-element_type=\"column\">\n<div class=\"elementor-widget-wrap elementor-element-populated\">\n<div class=\"elementor-element elementor-element-330ffc7 elementor-hidden-desktop elementor-hidden-tablet elementor-hidden-mobile elementor-widget elementor-widget-html\" data-id=\"330ffc7\" data-element_type=\"widget\" data-widget_type=\"html.default\">\n<div class=\"elementor-widget-container\">\n<div style=\"overflow: hidden; padding-top: 56.25%; height: 0; position: relative; width: 100%;\"><iframe style=\"border: 0; height: 100%; left: 0; position: absolute; top: 0; width: 100%;\" src=\"https:\/\/embed.cdn.pantaflix.com\/latest\/#\/lakff\/playlist\/7796\" allow=\"autoplay; encrypted-media; picture-in-picture\" frameborder=\"0\" allowfullscreen=\"true\"><\/iframe><\/div>\n<\/p><\/div>\n<\/p><\/div>\n<div class=\"elementor-element elementor-element-d90e266 elementor-widget elementor-widget-text-editor\" data-id=\"d90e266\" data-element_type=\"widget\" data-widget_type=\"text-editor.default\">\n<div class=\"elementor-widget-container\">\n<table id=\"tablepress-49\" class=\"tablepress tablepress-id-49 film-list-header\">\n<tbody>\n<tr class=\"row-1\">\n<td class=\"column-1\">Spielzeit: <\/td>\n<td class=\"column-2\"> ca. 150 Min. <\/td>\n<td class=\"column-3\"> ab 12 Jahren <\/td>\n<td class=\"column-4\">  <\/td>\n<td class=\"column-5\">  <\/td>\n<td class=\"column-6\"> <\/td>\n<\/tr>\n<tr class=\"row-2\">\n<td class=\"column-1\">Spielort: <\/td>\n<td class=\"column-2\"> Kinopolis Kino 8 <\/td>\n<td class=\"column-3\"> Uhrzeit: <\/td>\n<td class=\"column-4\"> 15:00 <\/td>\n<td class=\"column-5\"> Datum: <\/td>\n<td class=\"column-6\">Sonntag, 26.03.<\/td>\n<\/tr>\n<\/tbody>\n<\/table>\n<p><!-- #tablepress-49 from cache --><\/p>\n<\/p><\/div>\n<\/p><\/div>\n<\/p><\/div>\n<\/p><\/div>\n<\/p><\/div>\n<\/section>\n<section class=\"elementor-section elementor-top-section elementor-element elementor-element-b5c2336 elementor-section-full_width elementor-section-height-default elementor-section-height-default\" data-id=\"b5c2336\" data-element_type=\"section\">\n<div class=\"elementor-container elementor-column-gap-default\">\n<div class=\"elementor-column elementor-col-100 elementor-top-column elementor-element elementor-element-ae77be5\" data-id=\"ae77be5\" data-element_type=\"column\">\n<div class=\"elementor-widget-wrap elementor-element-populated\">\n<div class=\"elementor-element elementor-element-27870ef elementor-widget elementor-widget-heading\" data-id=\"27870ef\" data-element_type=\"widget\" data-widget_type=\"heading.default\">\n<div class=\"elementor-widget-container\">\n<h2 class=\"elementor-heading-title elementor-size-default\">Best of International Competiton<\/h2>\n<\/p><\/div>\n<\/p><\/div>\n<\/p><\/div>\n<\/p><\/div>\n<\/p><\/div>\n<\/section>\n<section class=\"elementor-section elementor-top-section elementor-element elementor-element-4337135 elementor-section-full_width elementor-section-height-default elementor-section-height-default\" data-id=\"4337135\" data-element_type=\"section\">\n<div class=\"elementor-container elementor-column-gap-default\">\n<div class=\"elementor-column elementor-col-100 elementor-top-column elementor-element elementor-element-147ccb8\" data-id=\"147ccb8\" data-element_type=\"column\">\n<div class=\"elementor-widget-wrap elementor-element-populated\">\n<div class=\"elementor-element elementor-element-b15bdbd elementor-widget elementor-widget-heading\" data-id=\"b15bdbd\" data-element_type=\"widget\" data-widget_type=\"heading.default\">\n<div class=\"elementor-widget-container\">\n<h2 class=\"elementor-heading-title elementor-size-xxl\">Best of International Competiton<\/h2>\n<\/p><\/div>\n<\/p><\/div>\n<\/p><\/div>\n<\/p><\/div>\n<\/p><\/div>\n<\/section>\n<section class=\"elementor-section elementor-top-section elementor-element elementor-element-6949c38 elementor-section-full_width elementor-section-height-default elementor-section-height-default\" data-id=\"6949c38\" data-element_type=\"section\">\n<div class=\"elementor-container elementor-column-gap-default\">\n<div class=\"elementor-column elementor-col-100 elementor-top-column elementor-element elementor-element-45e520b\" data-id=\"45e520b\" data-element_type=\"column\">\n<div class=\"elementor-widget-wrap elementor-element-populated\">\n<div class=\"elementor-element elementor-element-34c5e71 elementor-widget elementor-widget-spacer\" data-id=\"34c5e71\" data-element_type=\"widget\" data-widget_type=\"spacer.default\">\n<div class=\"elementor-widget-container\">\n<div class=\"elementor-spacer\">\n<div class=\"elementor-spacer-inner\"><\/div>\n<\/p><\/div>\n<\/p><\/div>\n<\/p><\/div>\n<div class=\"elementor-element elementor-element-fc9225a elementor-widget elementor-widget-text-editor\" data-id=\"fc9225a\" data-element_type=\"widget\" data-widget_type=\"text-editor.default\">\n<div class=\"elementor-widget-container\">\n\t\t\t\t\t\t\t\t\t51 Beitr\u00e4ge sind in diesem Wettbewerb und auch hier gibt es einen Publikumspreis. Bestimmen Sie mit, in welches Land der gut dotierte Preis und die begehrte Troph\u00e4e gehen. Sichern Sie sich rechtzeitig Ihr Ticket f\u00fcr das Best of International Competition Programm und sehen Sie alle acht Favoriten des Wettbewerbs am St\u00fcck.<\/p><\/div>\n<\/p><\/div>\n<div class=\"elementor-element elementor-element-d799a2c elementor-widget elementor-widget-spacer\" data-id=\"d799a2c\" data-element_type=\"widget\" data-widget_type=\"spacer.default\">\n<div class=\"elementor-widget-container\">\n<div class=\"elementor-spacer\">\n<div class=\"elementor-spacer-inner\"><\/div>\n<\/p><\/div>\n<\/p><\/div>\n<\/p><\/div>\n<\/p><\/div>\n<\/p><\/div>\n<\/p><\/div>\n<\/section><\/div>\n","protected":false},"excerpt":{"rendered":"<p>Best of International Competiton Best of International Competiton 51 Beitr\u00e4ge sind in diesem Wettbewerb und auch hier gibt es einen Publikumspreis. Bestimmen Sie mit, in welches Land der gut dotierte Preis und die begehrte Troph\u00e4e gehen. Sichern Sie sich rechtzeitig Ihr Ticket f\u00fcr das Best of International Competition Programm und sehen Sie alle acht Favoriten &#8230; <br \/><a class=\"read-more\" href=\"https:\/\/landshuter-kurzfilmfestival.de\/de\/programm\/sonderprogramme\/best-of-international-competition\/\">Read More<\/a><\/p>\n","protected":false},"author":4,"featured_media":0,"parent":5180,"menu_order":0,"comment_status":"closed","ping_status":"closed","template":"page-film-list.php","meta":{"_acf_changed":false,"footnotes":""},"categories":[250],"tags":[],"class_list":["post-4602","page","type-page","status-publish","hentry","category-filmlist"],"acf":[],"_links":{"self":[{"href":"https:\/\/landshuter-kurzfilmfestival.de\/de\/wp-json\/wp\/v2\/pages\/4602","targetHints":{"allow":["GET"]}}],"collection":[{"href":"https:\/\/landshuter-kurzfilmfestival.de\/de\/wp-json\/wp\/v2\/pages"}],"about":[{"href":"https:\/\/landshuter-kurzfilmfestival.de\/de\/wp-json\/wp\/v2\/types\/page"}],"author":[{"embeddable":true,"href":"https:\/\/landshuter-kurzfilmfestival.de\/de\/wp-json\/wp\/v2\/users\/4"}],"replies":[{"embeddable":true,"href":"https:\/\/landshuter-kurzfilmfestival.de\/de\/wp-json\/wp\/v2\/comments?post=4602"}],"version-history":[{"count":27,"href":"https:\/\/landshuter-kurzfilmfestival.de\/de\/wp-json\/wp\/v2\/pages\/4602\/revisions"}],"predecessor-version":[{"id":34355,"href":"https:\/\/landshuter-kurzfilmfestival.de\/de\/wp-json\/wp\/v2\/pages\/4602\/revisions\/34355"}],"up":[{"embeddable":true,"href":"https:\/\/landshuter-kurzfilmfestival.de\/de\/wp-json\/wp\/v2\/pages\/5180"}],"wp:attachment":[{"href":"https:\/\/landshuter-kurzfilmfestival.de\/de\/wp-json\/wp\/v2\/media?parent=4602"}],"wp:term":[{"taxonomy":"category","embeddable":true,"href":"https:\/\/landshuter-kurzfilmfestival.de\/de\/wp-json\/wp\/v2\/categories?post=4602"},{"taxonomy":"post_tag","embeddable":true,"href":"https:\/\/landshuter-kurzfilmfestival.de\/de\/wp-json\/wp\/v2\/tags?post=4602"}],"curies":[{"name":"wp","href":"https:\/\/api.w.org\/{rel}","templated":true}]}}