{"id":4604,"date":"2018-02-07T12:27:24","date_gmt":"2018-02-07T11:27:24","guid":{"rendered":"http:\/\/2021.landshuter-kurzfilmfestival.de\/?page_id=4604"},"modified":"2026-03-16T10:54:39","modified_gmt":"2026-03-16T09:54:39","slug":"preisverleihung","status":"publish","type":"page","link":"https:\/\/landshuter-kurzfilmfestival.de\/de\/programm\/events\/preisverleihung\/","title":{"rendered":"Preisverleihung"},"content":{"rendered":"\n<div data-elementor-type=\"wp-page\" data-elementor-id=\"4604\" class=\"elementor elementor-4604\" data-elementor-post-type=\"page\">\n<section class=\"elementor-section elementor-top-section elementor-element elementor-element-3df54e5 elementor-section-full_width elementor-section-height-default elementor-section-height-default\" data-id=\"3df54e5\" data-element_type=\"section\">\n<div class=\"elementor-container elementor-column-gap-default\">\n<div class=\"elementor-column elementor-col-100 elementor-top-column elementor-element elementor-element-193b2c5\" data-id=\"193b2c5\" data-element_type=\"column\">\n<div class=\"elementor-widget-wrap elementor-element-populated\">\n<div class=\"elementor-element elementor-element-76fcb05 elementor-widget elementor-widget-text-editor\" data-id=\"76fcb05\" data-element_type=\"widget\" data-widget_type=\"text-editor.default\">\n<div class=\"elementor-widget-container\">\n<table id=\"tablepress-50\" class=\"tablepress tablepress-id-50 film-list-header\">\n<tbody>\n<tr class=\"row-1\">\n<td class=\"column-1\">Spielzeit: <\/td>\n<td class=\"column-2\"> ca. 180 Min. <\/td>\n<td class=\"column-3\"> ab 12 Jahren <\/td>\n<td class=\"column-4\">  <\/td>\n<td class=\"column-5\">  <\/td>\n<td class=\"column-6\"> <\/td>\n<\/tr>\n<tr class=\"row-2\">\n<td class=\"column-1\">Spielort: <\/td>\n<td class=\"column-2\"> Salzstadel <\/td>\n<td class=\"column-3\"> Uhrzeit: <\/td>\n<td class=\"column-4\"> 19:00 Uhr <\/td>\n<td class=\"column-5\"> Datum: <\/td>\n<td class=\"column-6\">Sonntag, 15.03.<\/td>\n<\/tr>\n<\/tbody>\n<\/table>\n<p><!-- #tablepress-50 from cache --><\/p>\n<\/p><\/div>\n<\/p><\/div>\n<div class=\"elementor-element elementor-element-d39b93b elementor-widget elementor-widget-heading\" data-id=\"d39b93b\" data-element_type=\"widget\" data-widget_type=\"heading.default\">\n<div class=\"elementor-widget-container\">\n<h2 class=\"elementor-heading-title elementor-size-xxl\">Preisverleihung<\/h2>\n<\/p><\/div>\n<\/p><\/div>\n<\/p><\/div>\n<\/p><\/div>\n<\/p><\/div>\n<\/section>\n<section class=\"elementor-section elementor-top-section elementor-element elementor-element-08daa88 elementor-section-full_width elementor-section-height-default elementor-section-height-default\" data-id=\"08daa88\" data-element_type=\"section\">\n<div class=\"elementor-container elementor-column-gap-default\">\n<div class=\"elementor-column elementor-col-100 elementor-top-column elementor-element elementor-element-7648677\" data-id=\"7648677\" data-element_type=\"column\">\n<div class=\"elementor-widget-wrap elementor-element-populated\">\n<div class=\"elementor-element elementor-element-277f7bc elementor-widget elementor-widget-spacer\" data-id=\"277f7bc\" data-element_type=\"widget\" data-widget_type=\"spacer.default\">\n<div class=\"elementor-widget-container\">\n<div class=\"elementor-spacer\">\n<div class=\"elementor-spacer-inner\"><\/div>\n<\/p><\/div>\n<\/p><\/div>\n<\/p><\/div>\n<div class=\"elementor-element elementor-element-3919f36 elementor-widget elementor-widget-text-editor\" data-id=\"3919f36\" data-element_type=\"widget\" data-widget_type=\"text-editor.default\">\n<div class=\"elementor-widget-container\">\n<p>Es ist der gro\u00dfe Abend: Wir feiern den kr\u00f6nenden Abschluss einer Woche voller cineastischer H\u00f6hepunkte. Es wird spannend, wenn in acht Kategorien insgesamt elf Auszeichnungen verliehen werden. Hinter den Preisen steht nicht nur eine Gesamtsumme von 16.550 \u20ac, sondern vor allem die Anerkennung f\u00fcr au\u00dfergew\u00f6hnliche Filmarbeit.<\/p>\n<p>Gek\u00fcrt werden die Favoriten, die unsere Fachjury begeistern konnten &#8211; und nat\u00fcrlich die Festivalhighlights des Publikums. Kommen Sie vorbei, wenn die Troph\u00e4en \u00fcberreicht werden und wir die Filmemacher geb\u00fchrend feiern. Wir freuen uns auf Sie! <\/p>\n<\/p><\/div>\n<\/p><\/div>\n<div class=\"elementor-element elementor-element-d800fa1 elementor-widget elementor-widget-spacer\" data-id=\"d800fa1\" data-element_type=\"widget\" data-widget_type=\"spacer.default\">\n<div class=\"elementor-widget-container\">\n<div class=\"elementor-spacer\">\n<div class=\"elementor-spacer-inner\"><\/div>\n<\/p><\/div>\n<\/p><\/div>\n<\/p><\/div>\n<\/p><\/div>\n<\/p><\/div>\n<\/p><\/div>\n<\/section><\/div>\n","protected":false},"excerpt":{"rendered":"<p>Preisverleihung Es ist der gro\u00dfe Abend: Wir feiern den kr\u00f6nenden Abschluss einer Woche voller cineastischer H\u00f6hepunkte. Es wird spannend, wenn in acht Kategorien insgesamt elf Auszeichnungen verliehen werden. Hinter den Preisen steht nicht nur eine Gesamtsumme von 16.550 \u20ac, sondern vor allem die Anerkennung f\u00fcr au\u00dfergew\u00f6hnliche Filmarbeit. Gek\u00fcrt werden die Favoriten, die unsere Fachjury begeistern &#8230; <br \/><a class=\"read-more\" href=\"https:\/\/landshuter-kurzfilmfestival.de\/de\/programm\/events\/preisverleihung\/\">Read More<\/a><\/p>\n","protected":false},"author":4,"featured_media":0,"parent":17226,"menu_order":0,"comment_status":"closed","ping_status":"closed","template":"page-film-list.php","meta":{"_acf_changed":false,"footnotes":""},"categories":[],"tags":[],"class_list":["post-4604","page","type-page","status-publish","hentry"],"acf":[],"_links":{"self":[{"href":"https:\/\/landshuter-kurzfilmfestival.de\/de\/wp-json\/wp\/v2\/pages\/4604","targetHints":{"allow":["GET"]}}],"collection":[{"href":"https:\/\/landshuter-kurzfilmfestival.de\/de\/wp-json\/wp\/v2\/pages"}],"about":[{"href":"https:\/\/landshuter-kurzfilmfestival.de\/de\/wp-json\/wp\/v2\/types\/page"}],"author":[{"embeddable":true,"href":"https:\/\/landshuter-kurzfilmfestival.de\/de\/wp-json\/wp\/v2\/users\/4"}],"replies":[{"embeddable":true,"href":"https:\/\/landshuter-kurzfilmfestival.de\/de\/wp-json\/wp\/v2\/comments?post=4604"}],"version-history":[{"count":55,"href":"https:\/\/landshuter-kurzfilmfestival.de\/de\/wp-json\/wp\/v2\/pages\/4604\/revisions"}],"predecessor-version":[{"id":37999,"href":"https:\/\/landshuter-kurzfilmfestival.de\/de\/wp-json\/wp\/v2\/pages\/4604\/revisions\/37999"}],"up":[{"embeddable":true,"href":"https:\/\/landshuter-kurzfilmfestival.de\/de\/wp-json\/wp\/v2\/pages\/17226"}],"wp:attachment":[{"href":"https:\/\/landshuter-kurzfilmfestival.de\/de\/wp-json\/wp\/v2\/media?parent=4604"}],"wp:term":[{"taxonomy":"category","embeddable":true,"href":"https:\/\/landshuter-kurzfilmfestival.de\/de\/wp-json\/wp\/v2\/categories?post=4604"},{"taxonomy":"post_tag","embeddable":true,"href":"https:\/\/landshuter-kurzfilmfestival.de\/de\/wp-json\/wp\/v2\/tags?post=4604"}],"curies":[{"name":"wp","href":"https:\/\/api.w.org\/{rel}","templated":true}]}}