{"id":4608,"date":"2021-05-08T21:00:24","date_gmt":"2021-05-08T19:00:24","guid":{"rendered":"http:\/\/2021.landshuter-kurzfilmfestival.de\/?page_id=4608"},"modified":"2026-01-25T17:54:32","modified_gmt":"2026-01-25T16:54:32","slug":"siegerfilme","status":"publish","type":"page","link":"https:\/\/landshuter-kurzfilmfestival.de\/de\/programm\/sonderprogramme\/siegerfilme\/","title":{"rendered":"Siegerfilme"},"content":{"rendered":"\n<div data-elementor-type=\"wp-page\" data-elementor-id=\"4608\" class=\"elementor elementor-4608\" data-elementor-post-type=\"page\">\n<section class=\"elementor-section elementor-top-section elementor-element elementor-element-fc3a3fc elementor-section-full_width elementor-section-height-default elementor-section-height-default\" data-id=\"fc3a3fc\" data-element_type=\"section\">\n<div class=\"elementor-container elementor-column-gap-default\">\n<div class=\"elementor-column elementor-col-100 elementor-top-column elementor-element elementor-element-a24c59f\" data-id=\"a24c59f\" data-element_type=\"column\">\n<div class=\"elementor-widget-wrap elementor-element-populated\">\n<div class=\"elementor-element elementor-element-66b401a elementor-widget elementor-widget-text-editor\" data-id=\"66b401a\" data-element_type=\"widget\" data-widget_type=\"text-editor.default\">\n<div class=\"elementor-widget-container\">\n<table id=\"tablepress-192\" class=\"tablepress tablepress-id-192\">\n<tbody>\n<tr class=\"row-1\">\n<td class=\"column-1\">Spielzeit: <\/td>\n<td class=\"column-2\"> ca. 180 Min. <\/td>\n<td class=\"column-3\"> ab 12 Jahren <\/td>\n<td class=\"column-4\">  <\/td>\n<td class=\"column-5\">  <\/td>\n<td class=\"column-6\"> <\/td>\n<\/tr>\n<tr class=\"row-2\">\n<td class=\"column-1\">Spielort: <\/td>\n<td class=\"column-2\"> Kinopolis Kino 7 <\/td>\n<td class=\"column-3\"> Uhrzeit: <\/td>\n<td class=\"column-4\"> 19:00 Uhr <\/td>\n<td class=\"column-5\"> Datum: <\/td>\n<td class=\"column-6\">Montag, 16.03.<\/td>\n<\/tr>\n<\/tbody>\n<\/table>\n<p><!-- #tablepress-192 from cache --><\/p>\n<\/p><\/div>\n<\/p><\/div>\n<div class=\"elementor-element elementor-element-8839699 elementor-widget elementor-widget-heading\" data-id=\"8839699\" data-element_type=\"widget\" data-widget_type=\"heading.default\">\n<div class=\"elementor-widget-container\">\n<h2 class=\"elementor-heading-title elementor-size-xxl\">Siegerfilme (mit Pause)<\/h2>\n<\/p><\/div>\n<\/p><\/div>\n<\/p><\/div>\n<\/p><\/div>\n<\/p><\/div>\n<\/section>\n<section class=\"elementor-section elementor-top-section elementor-element elementor-element-fc94671 elementor-section-full_width elementor-section-height-default elementor-section-height-default\" data-id=\"fc94671\" data-element_type=\"section\">\n<div class=\"elementor-container elementor-column-gap-default\">\n<div class=\"elementor-column elementor-col-100 elementor-top-column elementor-element elementor-element-775befb\" data-id=\"775befb\" data-element_type=\"column\">\n<div class=\"elementor-widget-wrap\">\n\t\t\t\t\t\t\t<\/div>\n<\/p><\/div>\n<\/p><\/div>\n<\/section>\n<section class=\"elementor-section elementor-top-section elementor-element elementor-element-4863985 elementor-section-full_width elementor-section-height-default elementor-section-height-default\" data-id=\"4863985\" data-element_type=\"section\">\n<div class=\"elementor-container elementor-column-gap-default\">\n<div class=\"elementor-column elementor-col-100 elementor-top-column elementor-element elementor-element-6b0fd43\" data-id=\"6b0fd43\" data-element_type=\"column\">\n<div class=\"elementor-widget-wrap elementor-element-populated\">\n<div class=\"elementor-element elementor-element-9285f92 elementor-widget elementor-widget-spacer\" data-id=\"9285f92\" data-element_type=\"widget\" data-widget_type=\"spacer.default\">\n<div class=\"elementor-widget-container\">\n<div class=\"elementor-spacer\">\n<div class=\"elementor-spacer-inner\"><\/div>\n<\/p><\/div>\n<\/p><\/div>\n<\/p><\/div>\n<div class=\"elementor-element elementor-element-cb80166 elementor-widget elementor-widget-text-editor\" data-id=\"cb80166\" data-element_type=\"widget\" data-widget_type=\"text-editor.default\">\n<div class=\"elementor-widget-container\">\n<p>Was bleibt, wenn der Projektor stoppt? Die Erinnerung an 221 Filme aus 36 L\u00e4ndern. Wir haben 781 Minuten D-A-CH-Beitr\u00e4ge gesehen, 776 Minuten internationales Kino genossen, 781 Minuten in den Shock Blocks gegruselt, 291 Minuten Dokumentationen erlebt und insgesamt 552 Minuten in vielen Sonderprogrammen verbracht. Nun geht das 26. Landshuter Kurzfilmfestival zu Ende und wir feiern leicht wehm\u00fctig das gro\u00dfe Finale.<\/p>\n<p>Unsere Juries haben 3181 Filmminuten lang gesichtet, debattiert und bewertet. Das Ergebnis pr\u00e4sentieren wir Ihnen nun in zeitlich platzsparender und komprimierter Form: Elf preisgekr\u00f6nte Meisterwerke am St\u00fcck. Freuen Sie sich auf eine wortw\u00f6rtlich ausgezeichnete Mischung aus Spielfilm, Dokumentation und Animation &#8211; ein Abend in (leichter) \u00dcberl\u00e4nge, der jede Sekunde wert ist.<\/p>\n<\/p><\/div>\n<\/p><\/div>\n<div class=\"elementor-element elementor-element-b74468c elementor-widget elementor-widget-spacer\" data-id=\"b74468c\" data-element_type=\"widget\" data-widget_type=\"spacer.default\">\n<div class=\"elementor-widget-container\">\n<div class=\"elementor-spacer\">\n<div class=\"elementor-spacer-inner\"><\/div>\n<\/p><\/div>\n<\/p><\/div>\n<\/p><\/div>\n<\/p><\/div>\n<\/p><\/div>\n<\/p><\/div>\n<\/section><\/div>\n","protected":false},"excerpt":{"rendered":"<p>Siegerfilme (mit Pause) Was bleibt, wenn der Projektor stoppt? Die Erinnerung an 221 Filme aus 36 L\u00e4ndern. Wir haben 781 Minuten D-A-CH-Beitr\u00e4ge gesehen, 776 Minuten internationales Kino genossen, 781 Minuten in den Shock Blocks gegruselt, 291 Minuten Dokumentationen erlebt und insgesamt 552 Minuten in vielen Sonderprogrammen verbracht. Nun geht das 26. Landshuter Kurzfilmfestival zu Ende &#8230; <br \/><a class=\"read-more\" href=\"https:\/\/landshuter-kurzfilmfestival.de\/de\/programm\/sonderprogramme\/siegerfilme\/\">Read More<\/a><\/p>\n","protected":false},"author":4,"featured_media":0,"parent":5180,"menu_order":0,"comment_status":"closed","ping_status":"closed","template":"page-film-list.php","meta":{"_acf_changed":false,"footnotes":""},"categories":[250],"tags":[],"class_list":["post-4608","page","type-page","status-publish","hentry","category-filmlist"],"acf":[],"_links":{"self":[{"href":"https:\/\/landshuter-kurzfilmfestival.de\/de\/wp-json\/wp\/v2\/pages\/4608","targetHints":{"allow":["GET"]}}],"collection":[{"href":"https:\/\/landshuter-kurzfilmfestival.de\/de\/wp-json\/wp\/v2\/pages"}],"about":[{"href":"https:\/\/landshuter-kurzfilmfestival.de\/de\/wp-json\/wp\/v2\/types\/page"}],"author":[{"embeddable":true,"href":"https:\/\/landshuter-kurzfilmfestival.de\/de\/wp-json\/wp\/v2\/users\/4"}],"replies":[{"embeddable":true,"href":"https:\/\/landshuter-kurzfilmfestival.de\/de\/wp-json\/wp\/v2\/comments?post=4608"}],"version-history":[{"count":51,"href":"https:\/\/landshuter-kurzfilmfestival.de\/de\/wp-json\/wp\/v2\/pages\/4608\/revisions"}],"predecessor-version":[{"id":37490,"href":"https:\/\/landshuter-kurzfilmfestival.de\/de\/wp-json\/wp\/v2\/pages\/4608\/revisions\/37490"}],"up":[{"embeddable":true,"href":"https:\/\/landshuter-kurzfilmfestival.de\/de\/wp-json\/wp\/v2\/pages\/5180"}],"wp:attachment":[{"href":"https:\/\/landshuter-kurzfilmfestival.de\/de\/wp-json\/wp\/v2\/media?parent=4608"}],"wp:term":[{"taxonomy":"category","embeddable":true,"href":"https:\/\/landshuter-kurzfilmfestival.de\/de\/wp-json\/wp\/v2\/categories?post=4608"},{"taxonomy":"post_tag","embeddable":true,"href":"https:\/\/landshuter-kurzfilmfestival.de\/de\/wp-json\/wp\/v2\/tags?post=4608"}],"curies":[{"name":"wp","href":"https:\/\/api.w.org\/{rel}","templated":true}]}}