{"id":519,"date":"2016-12-14T13:22:43","date_gmt":"2016-12-14T12:22:43","guid":{"rendered":"http:\/\/2021.landshuter-kurzfilmfestival.de\/?page_id=519"},"modified":"2026-02-26T09:03:20","modified_gmt":"2026-02-26T08:03:20","slug":"akkreditierung","status":"publish","type":"page","link":"https:\/\/landshuter-kurzfilmfestival.de\/de\/branche\/akkreditierung\/","title":{"rendered":"Akkreditierung"},"content":{"rendered":"\n<div data-elementor-type=\"wp-page\" data-elementor-id=\"519\" class=\"elementor elementor-519\" data-elementor-post-type=\"page\">\n<section class=\"elementor-section elementor-top-section elementor-element elementor-element-5c5b361 elementor-section-full_width elementor-hidden-desktop elementor-hidden-tablet elementor-hidden-mobile elementor-section-height-default elementor-section-height-default\" data-id=\"5c5b361\" data-element_type=\"section\">\n<div class=\"elementor-container elementor-column-gap-default\">\n<div class=\"elementor-column elementor-col-100 elementor-top-column elementor-element elementor-element-94d2383\" data-id=\"94d2383\" data-element_type=\"column\">\n<div class=\"elementor-widget-wrap elementor-element-populated\">\n<div class=\"elementor-element elementor-element-a7fa382 elementor-widget elementor-widget-text-editor\" data-id=\"a7fa382\" data-element_type=\"widget\" data-widget_type=\"text-editor.default\">\n<div class=\"elementor-widget-container\">\n<p>Die Akkreditierung f\u00fcr das 26. Landshuter Kurzfilmfestival startet am 12. Januar 2026.<\/p>\n<\/p><\/div>\n<\/p><\/div>\n<\/p><\/div>\n<\/p><\/div>\n<\/p><\/div>\n<\/section>\n<section class=\"elementor-section elementor-top-section elementor-element elementor-element-6d2a81c elementor-section-full_width elementor-section-height-default elementor-section-height-default\" data-id=\"6d2a81c\" data-element_type=\"section\">\n<div class=\"elementor-container elementor-column-gap-default\">\n<div class=\"elementor-column elementor-col-100 elementor-top-column elementor-element elementor-element-58d0c54\" data-id=\"58d0c54\" data-element_type=\"column\">\n<div class=\"elementor-widget-wrap elementor-element-populated\">\n<div class=\"elementor-element elementor-element-125ae29 elementor-widget elementor-widget-heading\" data-id=\"125ae29\" data-element_type=\"widget\" data-widget_type=\"heading.default\">\n<div class=\"elementor-widget-container\">\n<h2 class=\"elementor-heading-title elementor-size-default\">Die Akkreditierung ist geschlossen<\/h2>\n<\/p><\/div>\n<\/p><\/div>\n<div class=\"elementor-element elementor-element-32199f6 elementor-widget elementor-widget-text-editor\" data-id=\"32199f6\" data-element_type=\"widget\" data-widget_type=\"text-editor.default\">\n<div class=\"elementor-widget-container\">\n<p>Die Akkreditierung f\u00fcr das Landshuter Kurzfilmfestival ist geschlossen.<br \/>Akkreditierte G\u00e4ste erhalten ihre Festivalp\u00e4sse am <a href=\"https:\/\/landshuter-kurzfilmfestival.de\/service\/infocounter\/\" target=\"_blank\" rel=\"noopener\">Infocounter<\/a> im Kinopolis.<br \/>Bei Fragen wenden Sie sich bitte an die organisatorische Festivalleiterin Birgit Horn.<\/p>\n<p><a href=\"mailto:b.horn@lakff.de\">b.horn@lakff.de<\/a><\/p>\n<\/p><\/div>\n<\/p><\/div>\n<\/p><\/div>\n<\/p><\/div>\n<\/p><\/div>\n<\/section>\n<section class=\"elementor-section elementor-top-section elementor-element elementor-element-2f6e240 elementor-section-full_width elementor-hidden-desktop elementor-hidden-tablet elementor-hidden-mobile elementor-section-height-default elementor-section-height-default\" data-id=\"2f6e240\" data-element_type=\"section\">\n<div class=\"elementor-container elementor-column-gap-default\">\n<div class=\"elementor-column elementor-col-100 elementor-top-column elementor-element elementor-element-94c34b0\" data-id=\"94c34b0\" data-element_type=\"column\">\n<div class=\"elementor-widget-wrap elementor-element-populated\">\n<div class=\"elementor-element elementor-element-ba3e2a6 elementor-widget elementor-widget-heading\" data-id=\"ba3e2a6\" data-element_type=\"widget\" data-widget_type=\"heading.default\">\n<div class=\"elementor-widget-container\">\n<h2 class=\"elementor-heading-title elementor-size-default\">Die Akkreditierung ist ge\u00f6ffnet bis zum 25. Februar 2026<\/h2>\n<\/p><\/div>\n<\/p><\/div>\n<div class=\"elementor-element elementor-element-692fec0 elementor-widget elementor-widget-text-editor\" data-id=\"692fec0\" data-element_type=\"widget\" data-widget_type=\"text-editor.default\">\n<div class=\"elementor-widget-container\">\n<p>Teilnehmende Filmemacher:innen erhalten kostenlos bis zu drei Festivalp\u00e4sse.<br \/>Alle weiteren Teammitglieder k\u00f6nnen sich f\u00fcr eine Geb\u00fchr von 30,- Euro akkreditieren.<br \/>Der Betrag ist bis zum 4. M\u00e4rz 2026 auf das Konto von Dynamo Kurzfilm e.V. zu \u00fcberweisen.<\/p>\n<p>Ebenfalls kostenlos ist die Akkreditierung f\u00fcr die berichterstattende Presse und f\u00fcr Mitglieder des Verbandes Bayerischer Film Festivals, sowie der AG Kurzfilm.<br \/>F\u00fcr alle weiteren Branchenvertreter:innen wird eine Geb\u00fchr von 40,- Euro erhoben. <br \/>Der Betrag ist bis zum 4. M\u00e4rz 2026 auf das Konto von Dynamo Kurzfilm e.V. zu \u00fcberweisen.<\/p>\n<p>Der Festivalpass berechtigt zum freien Eintritt in alle Veranstaltungen des 26. Landshuter Kurzfilmfestivals.<\/p>\n<p>Ihre Festivalp\u00e4sse erhalten Sie an unserem Infocounter im Kinopolis.<\/p>\n<p>\u00a0<\/p>\n<\/p><\/div>\n<\/p><\/div>\n<\/p><\/div>\n<\/p><\/div>\n<\/p><\/div>\n<\/section>\n<section class=\"elementor-section elementor-top-section elementor-element elementor-element-62eff19 elementor-section-full_width elementor-section-height-default elementor-section-height-default\" data-id=\"62eff19\" data-element_type=\"section\">\n<div class=\"elementor-container elementor-column-gap-default\">\n<div class=\"elementor-column elementor-col-50 elementor-top-column elementor-element elementor-element-21fd483\" data-id=\"21fd483\" data-element_type=\"column\">\n<div class=\"elementor-widget-wrap elementor-element-populated\">\n<div class=\"elementor-element elementor-element-1f4eaa5 elementor-widget elementor-widget-text-editor\" data-id=\"1f4eaa5\" data-element_type=\"widget\" data-widget_type=\"text-editor.default\">\n<div class=\"elementor-widget-container\">\n<p><strong>Infocounter Kinopolis<\/strong><br \/>Am alten Viehmarkt 5<br \/>84028 Landshut<\/p>\n<h3>\u00d6ffnungszeiten:<\/h3>\n<table id=\"tablepress-4\" class=\"tablepress tablepress-id-4\">\n<tbody>\n<tr class=\"row-1\">\n<td class=\"column-1\">Mittwoch, 11.03.:<\/td>\n<td class=\"column-2\">16:30 &#8211; 18:30 Uhr<\/td>\n<\/tr>\n<tr class=\"row-2\">\n<td class=\"column-1\">Donnerstag, 12.03.:<\/td>\n<td class=\"column-2\">16:00 &#8211; 20:30 Uhr<\/td>\n<\/tr>\n<tr class=\"row-3\">\n<td class=\"column-1\">Freitag, 13.03.:<\/td>\n<td class=\"column-2\">14:00 &#8211; 22:30 Uhr<\/td>\n<\/tr>\n<tr class=\"row-4\">\n<td class=\"column-1\">Samstag, 14.03.:<\/td>\n<td class=\"column-2\">14:00 &#8211; 22:30 Uhr<\/td>\n<\/tr>\n<tr class=\"row-5\">\n<td class=\"column-1\">Sonntag, 15.03.:<\/td>\n<td class=\"column-2\">14:00 &#8211; 16:00 Uhr<\/td>\n<\/tr>\n<\/tbody>\n<\/table>\n<p><!-- #tablepress-4 from cache --><\/p>\n<\/p><\/div>\n<\/p><\/div>\n<\/p><\/div>\n<\/p><\/div>\n<div class=\"elementor-column elementor-col-50 elementor-top-column elementor-element elementor-element-3789149\" data-id=\"3789149\" data-element_type=\"column\">\n<div class=\"elementor-widget-wrap elementor-element-populated\">\n<div class=\"elementor-element elementor-element-e5d0622 elementor-widget elementor-widget-text-editor\" data-id=\"e5d0622\" data-element_type=\"widget\" data-widget_type=\"text-editor.default\">\n<div class=\"elementor-widget-container\">\n<p><strong>Bankverbindung Dynamo Kurzfilm e.V.<\/strong><br \/>Sparkasse Landshut<br \/>IBAN: DE59743500000000014095<br \/>SWIFT-BIC: BYLADEM1LAH<\/p>\n<\/p><\/div>\n<\/p><\/div>\n<\/p><\/div>\n<\/p><\/div>\n<\/p><\/div>\n<\/section>\n<section class=\"elementor-section elementor-top-section elementor-element elementor-element-39b7488 elementor-section-full_width elementor-hidden-desktop elementor-hidden-tablet elementor-hidden-mobile elementor-section-height-default elementor-section-height-default\" data-id=\"39b7488\" data-element_type=\"section\">\n<div class=\"elementor-container elementor-column-gap-default\">\n<div class=\"elementor-column elementor-col-100 elementor-top-column elementor-element elementor-element-60c872d\" data-id=\"60c872d\" data-element_type=\"column\">\n<div class=\"elementor-widget-wrap elementor-element-populated\">\n<div class=\"elementor-element elementor-element-c3ee6e3 elementor-widget elementor-widget-text-editor\" data-id=\"c3ee6e3\" data-element_type=\"widget\" data-widget_type=\"text-editor.default\">\n<div class=\"elementor-widget-container\">\n\t\t\t\t\t\t\t\t\t<a style=\"background: black; border-radius: 10px; height: 50px; padding: 20px; color: white; margin-left: 30%;\" href=\"\/akkreditierung\/akkreditierungsformular\/\"> Zum Akkreditierungsformular <\/a>\n\t\t\t\t\t\t\t\t<\/div>\n<\/p><\/div>\n<\/p><\/div>\n<\/p><\/div>\n<\/p><\/div>\n<\/section><\/div>\n","protected":false},"excerpt":{"rendered":"<p>Die Akkreditierung f\u00fcr das 26. Landshuter Kurzfilmfestival startet am 12. Januar 2026. Die Akkreditierung ist geschlossen Die Akkreditierung f\u00fcr das Landshuter Kurzfilmfestival ist geschlossen.Akkreditierte G\u00e4ste erhalten ihre Festivalp\u00e4sse am Infocounter im Kinopolis.Bei Fragen wenden Sie sich bitte an die organisatorische Festivalleiterin Birgit Horn.b.horn@lakff.de Die Akkreditierung ist ge\u00f6ffnet bis zum 25. Februar 2026 Teilnehmende Filmemacher:innen erhalten &#8230; <br \/><a class=\"read-more\" href=\"https:\/\/landshuter-kurzfilmfestival.de\/de\/branche\/akkreditierung\/\">Read More<\/a><\/p>\n","protected":false},"author":4,"featured_media":0,"parent":17214,"menu_order":0,"comment_status":"closed","ping_status":"closed","template":"","meta":{"_acf_changed":false,"footnotes":""},"categories":[],"tags":[],"class_list":["post-519","page","type-page","status-publish","hentry"],"acf":[],"_links":{"self":[{"href":"https:\/\/landshuter-kurzfilmfestival.de\/de\/wp-json\/wp\/v2\/pages\/519","targetHints":{"allow":["GET"]}}],"collection":[{"href":"https:\/\/landshuter-kurzfilmfestival.de\/de\/wp-json\/wp\/v2\/pages"}],"about":[{"href":"https:\/\/landshuter-kurzfilmfestival.de\/de\/wp-json\/wp\/v2\/types\/page"}],"author":[{"embeddable":true,"href":"https:\/\/landshuter-kurzfilmfestival.de\/de\/wp-json\/wp\/v2\/users\/4"}],"replies":[{"embeddable":true,"href":"https:\/\/landshuter-kurzfilmfestival.de\/de\/wp-json\/wp\/v2\/comments?post=519"}],"version-history":[{"count":98,"href":"https:\/\/landshuter-kurzfilmfestival.de\/de\/wp-json\/wp\/v2\/pages\/519\/revisions"}],"predecessor-version":[{"id":37920,"href":"https:\/\/landshuter-kurzfilmfestival.de\/de\/wp-json\/wp\/v2\/pages\/519\/revisions\/37920"}],"up":[{"embeddable":true,"href":"https:\/\/landshuter-kurzfilmfestival.de\/de\/wp-json\/wp\/v2\/pages\/17214"}],"wp:attachment":[{"href":"https:\/\/landshuter-kurzfilmfestival.de\/de\/wp-json\/wp\/v2\/media?parent=519"}],"wp:term":[{"taxonomy":"category","embeddable":true,"href":"https:\/\/landshuter-kurzfilmfestival.de\/de\/wp-json\/wp\/v2\/categories?post=519"},{"taxonomy":"post_tag","embeddable":true,"href":"https:\/\/landshuter-kurzfilmfestival.de\/de\/wp-json\/wp\/v2\/tags?post=519"}],"curies":[{"name":"wp","href":"https:\/\/api.w.org\/{rel}","templated":true}]}}