{"id":5262,"date":"2018-02-07T12:40:46","date_gmt":"2018-02-07T11:40:46","guid":{"rendered":"http:\/\/2021.landshuter-kurzfilmfestival.de\/?page_id=5262"},"modified":"2026-01-25T17:57:47","modified_gmt":"2026-01-25T16:57:47","slug":"kurzfilmwettbewerb-8","status":"publish","type":"page","link":"https:\/\/landshuter-kurzfilmfestival.de\/de\/programm\/wettbewerbe\/kurzfilmwettbewerb\/kurzfilmwettbewerb-8\/","title":{"rendered":"D-A-CH Wettbewerb 8"},"content":{"rendered":"\n<div data-elementor-type=\"wp-page\" data-elementor-id=\"5262\" class=\"elementor elementor-5262\" data-elementor-post-type=\"page\">\n<section class=\"elementor-section elementor-top-section elementor-element elementor-element-279b9ed elementor-section-full_width elementor-section-height-default elementor-section-height-default\" data-id=\"279b9ed\" data-element_type=\"section\">\n<div class=\"elementor-container elementor-column-gap-default\">\n<div class=\"elementor-column elementor-col-100 elementor-top-column elementor-element elementor-element-fb22bd1\" data-id=\"fb22bd1\" data-element_type=\"column\">\n<div class=\"elementor-widget-wrap elementor-element-populated\">\n<div class=\"elementor-element elementor-element-876ecaf elementor-widget elementor-widget-text-editor\" data-id=\"876ecaf\" data-element_type=\"widget\" data-widget_type=\"text-editor.default\">\n<div class=\"elementor-widget-container\">\n<table id=\"tablepress-26\" class=\"tablepress tablepress-id-26 film-list-header\">\n<tbody>\n<tr class=\"row-1\">\n<td class=\"column-1\">Spielzeit: <\/td>\n<td class=\"column-2\"> ca. 120 Min. <\/td>\n<td class=\"column-3\"> ab 12 Jahren <\/td>\n<td class=\"column-4\">  <\/td>\n<td class=\"column-5\">  <\/td>\n<td class=\"column-6\"> <\/td>\n<\/tr>\n<tr class=\"row-2\">\n<td class=\"column-1\">Spielort: <\/td>\n<td class=\"column-2\"> Kinopolis Kino 2 <\/td>\n<td class=\"column-3\"> Uhrzeit: <\/td>\n<td class=\"column-4\"> 15:00 Uhr <\/td>\n<td class=\"column-5\"> Datum: <\/td>\n<td class=\"column-6\">Freitag, 13.03.<\/td>\n<\/tr>\n<tr class=\"row-3\">\n<td class=\"column-1\">Spielort: <\/td>\n<td class=\"column-2\"> Kinoptikum <\/td>\n<td class=\"column-3\"> Uhrzeit: <\/td>\n<td class=\"column-4\"> 21:00 Uhr <\/td>\n<td class=\"column-5\"> Datum: <\/td>\n<td class=\"column-6\">Samstag, 14.03.<\/td>\n<\/tr>\n<\/tbody>\n<\/table>\n<p><!-- #tablepress-26 from cache --><\/p>\n<\/p><\/div>\n<\/p><\/div>\n<div class=\"elementor-element elementor-element-2e12fca elementor-widget elementor-widget-heading\" data-id=\"2e12fca\" data-element_type=\"widget\" data-widget_type=\"heading.default\">\n<div class=\"elementor-widget-container\">\n<h2 class=\"elementor-heading-title elementor-size-xxl\">D-A-CH Wettbewerb 8<\/h2>\n<\/p><\/div>\n<\/p><\/div>\n<\/p><\/div>\n<\/p><\/div>\n<\/p><\/div>\n<\/section>\n<section class=\"elementor-section elementor-top-section elementor-element elementor-element-5958868 elementor-section-boxed elementor-section-height-default elementor-section-height-default\" data-id=\"5958868\" data-element_type=\"section\">\n<div class=\"elementor-container elementor-column-gap-default\">\n<div class=\"elementor-column elementor-col-100 elementor-top-column elementor-element elementor-element-0959f1d\" data-id=\"0959f1d\" data-element_type=\"column\">\n<div class=\"elementor-widget-wrap\">\n\t\t\t\t\t\t\t<\/div>\n<\/p><\/div>\n<\/p><\/div>\n<\/section>\n<section class=\"elementor-section elementor-top-section elementor-element elementor-element-07c6a1d elementor-section-full_width elementor-section-height-default elementor-section-height-default\" data-id=\"07c6a1d\" data-element_type=\"section\">\n<div class=\"elementor-container elementor-column-gap-default\">\n<div class=\"elementor-column elementor-col-100 elementor-top-column elementor-element elementor-element-708d5d3\" data-id=\"708d5d3\" data-element_type=\"column\">\n<div class=\"elementor-widget-wrap elementor-element-populated\">\n<div class=\"elementor-element elementor-element-0bb93ce elementor-widget elementor-widget-spacer\" data-id=\"0bb93ce\" data-element_type=\"widget\" data-widget_type=\"spacer.default\">\n<div class=\"elementor-widget-container\">\n<div class=\"elementor-spacer\">\n<div class=\"elementor-spacer-inner\"><\/div>\n<\/p><\/div>\n<\/p><\/div>\n<\/p><\/div>\n<div class=\"elementor-element elementor-element-9f7bc4e elementor-widget elementor-widget-text-editor\" data-id=\"9f7bc4e\" data-element_type=\"widget\" data-widget_type=\"text-editor.default\">\n<div class=\"elementor-widget-container\">\n<p>In den Minuten vor einer Nachrichtensendung im Radio, in unz\u00e4hligen Eintr\u00e4gen in anonymen Echokammern online oder auf der Feier nach der Premiere eines Theaterst\u00fccks \u2013 die wahren Dramen spielen sich oft in der Peripherie ab. Eingeengte Kammerspiele der Eitelkeiten oder die Stille vor dem Sturm auf der B\u00fchne der Weltpolitik: 47 Filme aus Deutschland, \u00d6sterreich und der Schweiz treten neben Schillers Bretter, die unsere Welt bedeuten, und erlauben einen Blick hinter die Kulissen.<\/p>\n<p>\u201eDas war die Kritikerin der S\u00fcddeutschen Zeitung.\u201c Eben noch hat der Regisseur des Theaterst\u00fccks mit arrogant geschwellter Brust mit der fremden Frau gestritten. Dann f\u00e4llt dieser eine Satz seiner Schauspielerin \u2013 und eine w\u00fctende Panik macht sich in ihm breit. Auf ihrer eigenen Premierenfeier hat sie ihn ins offene Messer laufen lassen. Doch FINE, der Schauspielerin, ist das inzwischen egal. Die Gespr\u00e4che mit Kolleg*innen und Bewunderern f\u00fchlen sich hohl an; hinter hochtrabenden Worten g\u00e4hnt eine ignorante Oberfl\u00e4chlichkeit. Sie macht sich auf die Suche nach einem echten Gespr\u00e4ch, einem greifbaren Moment menschlicher Wahrhaftigkeit.<\/p>\n<p>\u201eWir sind wahrscheinlich die ersten, die das Senden werden.\u201c Mit diesen schlichten, aber entscheidenden Worten dr\u00fcckt die Redakteurin dem Nachrichtensprecher in der Radiostation ein Blatt in die Hand. Da klingelt auch schon das Telefon; am anderen Ende spricht der Verteidigungsminister. Selbstverst\u00e4ndlich soll die Pressefreiheit keinesfalls angegriffen werden, aber vielleicht k\u00f6nnte man die Wortwahl des Berichts noch etwas \u201emodulieren\u201c? DEAD AIR, die \u201etote Luft\u201c, jene gef\u00fcrchtete, unbeabsichtigte Stille w\u00e4hrend einer Radio\u00fcbertragung. Was h\u00f6rt man, was sagt man, und was verbirgt sich in den Tiefen dieser dr\u00fcckenden Stille?<\/p>\n<p>Der Code rattert \u00fcber den Bildschirm. Wie in der Matrix wirkt er als kryptisch-technisches Medium, das in unserer realen Welt ein neues Bild formt: Ein FORUM im Internet, ein virtueller Raum, in dem man physisch nicht existiert und paradoxerweise gerade deshalb so ungehindert man selbst sein kann. Man wird beinahe \u201emehr Mensch\u201c und sieht doch die eigenen Kommunikationspartner nicht mehr. Menschen, die man entmenschlichen kann, um zu sich selbst zu finden. Das kann eine einfache Entladung von Alltagsfrust sein oder aber die B\u00fchne f\u00fcr illegale und menschenverachtende Handlungen bieten.<\/p>\n<\/p><\/div>\n<\/p><\/div>\n<div class=\"elementor-element elementor-element-82eac58 elementor-widget elementor-widget-spacer\" data-id=\"82eac58\" data-element_type=\"widget\" data-widget_type=\"spacer.default\">\n<div class=\"elementor-widget-container\">\n<div class=\"elementor-spacer\">\n<div class=\"elementor-spacer-inner\"><\/div>\n<\/p><\/div>\n<\/p><\/div>\n<\/p><\/div>\n<\/p><\/div>\n<\/p><\/div>\n<\/p><\/div>\n<\/section><\/div>\n","protected":false},"excerpt":{"rendered":"<p>D-A-CH Wettbewerb 8 In den Minuten vor einer Nachrichtensendung im Radio, in unz\u00e4hligen Eintr\u00e4gen in anonymen Echokammern online oder auf der Feier nach der Premiere eines Theaterst\u00fccks \u2013 die wahren Dramen spielen sich oft in der Peripherie ab. Eingeengte Kammerspiele der Eitelkeiten oder die Stille vor dem Sturm auf der B\u00fchne der Weltpolitik: 47 Filme &#8230; <br \/><a class=\"read-more\" href=\"https:\/\/landshuter-kurzfilmfestival.de\/de\/programm\/wettbewerbe\/kurzfilmwettbewerb\/kurzfilmwettbewerb-8\/\">Read More<\/a><\/p>\n","protected":false},"author":4,"featured_media":0,"parent":195,"menu_order":0,"comment_status":"closed","ping_status":"closed","template":"page-film-list.php","meta":{"_acf_changed":false,"footnotes":""},"categories":[250],"tags":[],"class_list":["post-5262","page","type-page","status-publish","hentry","category-filmlist"],"acf":[],"_links":{"self":[{"href":"https:\/\/landshuter-kurzfilmfestival.de\/de\/wp-json\/wp\/v2\/pages\/5262","targetHints":{"allow":["GET"]}}],"collection":[{"href":"https:\/\/landshuter-kurzfilmfestival.de\/de\/wp-json\/wp\/v2\/pages"}],"about":[{"href":"https:\/\/landshuter-kurzfilmfestival.de\/de\/wp-json\/wp\/v2\/types\/page"}],"author":[{"embeddable":true,"href":"https:\/\/landshuter-kurzfilmfestival.de\/de\/wp-json\/wp\/v2\/users\/4"}],"replies":[{"embeddable":true,"href":"https:\/\/landshuter-kurzfilmfestival.de\/de\/wp-json\/wp\/v2\/comments?post=5262"}],"version-history":[{"count":40,"href":"https:\/\/landshuter-kurzfilmfestival.de\/de\/wp-json\/wp\/v2\/pages\/5262\/revisions"}],"predecessor-version":[{"id":37526,"href":"https:\/\/landshuter-kurzfilmfestival.de\/de\/wp-json\/wp\/v2\/pages\/5262\/revisions\/37526"}],"up":[{"embeddable":true,"href":"https:\/\/landshuter-kurzfilmfestival.de\/de\/wp-json\/wp\/v2\/pages\/195"}],"wp:attachment":[{"href":"https:\/\/landshuter-kurzfilmfestival.de\/de\/wp-json\/wp\/v2\/media?parent=5262"}],"wp:term":[{"taxonomy":"category","embeddable":true,"href":"https:\/\/landshuter-kurzfilmfestival.de\/de\/wp-json\/wp\/v2\/categories?post=5262"},{"taxonomy":"post_tag","embeddable":true,"href":"https:\/\/landshuter-kurzfilmfestival.de\/de\/wp-json\/wp\/v2\/tags?post=5262"}],"curies":[{"name":"wp","href":"https:\/\/api.w.org\/{rel}","templated":true}]}}