{"id":5285,"date":"2018-02-07T12:46:25","date_gmt":"2018-02-07T11:46:25","guid":{"rendered":"http:\/\/2021.landshuter-kurzfilmfestival.de\/?page_id=5285"},"modified":"2026-01-25T18:03:31","modified_gmt":"2026-01-25T17:03:31","slug":"internationaler-wettbewerb-4","status":"publish","type":"page","link":"https:\/\/landshuter-kurzfilmfestival.de\/de\/programm\/wettbewerbe\/internationaler-wettbewerb\/internationaler-wettbewerb-4\/","title":{"rendered":"Internationaler Wettbewerb 4"},"content":{"rendered":"\n<div data-elementor-type=\"wp-page\" data-elementor-id=\"5285\" class=\"elementor elementor-5285\" data-elementor-post-type=\"page\">\n<section class=\"elementor-section elementor-top-section elementor-element elementor-element-23123fc elementor-section-full_width elementor-section-height-default elementor-section-height-default\" data-id=\"23123fc\" data-element_type=\"section\">\n<div class=\"elementor-container elementor-column-gap-default\">\n<div class=\"elementor-column elementor-col-100 elementor-top-column elementor-element elementor-element-cff3bc2\" data-id=\"cff3bc2\" data-element_type=\"column\">\n<div class=\"elementor-widget-wrap elementor-element-populated\">\n<div class=\"elementor-element elementor-element-43e8d21 elementor-widget elementor-widget-text-editor\" data-id=\"43e8d21\" data-element_type=\"widget\" data-widget_type=\"text-editor.default\">\n<div class=\"elementor-widget-container\">\n<table id=\"tablepress-13\" class=\"tablepress tablepress-id-13 film-list-header\">\n<tbody>\n<tr class=\"row-1\">\n<td class=\"column-1\">Spielzeit: <\/td>\n<td class=\"column-2\"> ca. 120 Min. <\/td>\n<td class=\"column-3\"> ab 12 Jahren <\/td>\n<td class=\"column-4\">  <\/td>\n<td class=\"column-5\">  <\/td>\n<td class=\"column-6\"> <\/td>\n<\/tr>\n<tr class=\"row-2\">\n<td class=\"column-1\">Spielort: <\/td>\n<td class=\"column-2\"> Kinopolis Kino 1 <\/td>\n<td class=\"column-3\"> Uhrzeit: <\/td>\n<td class=\"column-4\"> 17:30 Uhr <\/td>\n<td class=\"column-5\"> Datum: <\/td>\n<td class=\"column-6\">Freitag, 13.03.<\/td>\n<\/tr>\n<\/tbody>\n<\/table>\n<p><!-- #tablepress-13 from cache --><\/p>\n<\/p><\/div>\n<\/p><\/div>\n<div class=\"elementor-element elementor-element-856a97b elementor-widget elementor-widget-heading\" data-id=\"856a97b\" data-element_type=\"widget\" data-widget_type=\"heading.default\">\n<div class=\"elementor-widget-container\">\n<h2 class=\"elementor-heading-title elementor-size-xxl\">Internationaler Wettbewerb 4<\/h2>\n<\/p><\/div>\n<\/p><\/div>\n<\/p><\/div>\n<\/p><\/div>\n<\/p><\/div>\n<\/section>\n<section class=\"elementor-section elementor-top-section elementor-element elementor-element-c3a2b82 elementor-section-full_width elementor-section-height-default elementor-section-height-default\" data-id=\"c3a2b82\" data-element_type=\"section\">\n<div class=\"elementor-container elementor-column-gap-default\">\n<div class=\"elementor-column elementor-col-100 elementor-top-column elementor-element elementor-element-08d4d17\" data-id=\"08d4d17\" data-element_type=\"column\">\n<div class=\"elementor-widget-wrap\">\n\t\t\t\t\t\t\t<\/div>\n<\/p><\/div>\n<\/p><\/div>\n<\/section>\n<section class=\"elementor-section elementor-top-section elementor-element elementor-element-975e8f4 elementor-section-full_width elementor-section-height-default elementor-section-height-default\" data-id=\"975e8f4\" data-element_type=\"section\">\n<div class=\"elementor-container elementor-column-gap-default\">\n<div class=\"elementor-column elementor-col-100 elementor-top-column elementor-element elementor-element-b2c6a33\" data-id=\"b2c6a33\" data-element_type=\"column\">\n<div class=\"elementor-widget-wrap elementor-element-populated\">\n<div class=\"elementor-element elementor-element-8e4d2a3 elementor-widget elementor-widget-spacer\" data-id=\"8e4d2a3\" data-element_type=\"widget\" data-widget_type=\"spacer.default\">\n<div class=\"elementor-widget-container\">\n<div class=\"elementor-spacer\">\n<div class=\"elementor-spacer-inner\"><\/div>\n<\/p><\/div>\n<\/p><\/div>\n<\/p><\/div>\n<div class=\"elementor-element elementor-element-a4dd622 elementor-widget elementor-widget-text-editor\" data-id=\"a4dd622\" data-element_type=\"widget\" data-widget_type=\"text-editor.default\">\n<div class=\"elementor-widget-container\">\n<p>Sehen und gesehen werden: Hinter dieser oberfl\u00e4chlichen Redewendung kann sich viel mehr als Eitelkeit verbergen. Es ist das zutiefst menschliche Bed\u00fcrfnis, in seinem Wesenskern erkannt und akzeptiert zu werden. Das Gegenteil dieser Anerkennung ist die systematische oder existenzielle Unsichtbarkeit. Ob durch soziale Exklusion oder radikale Einsamkeit: Die Angst, ungesehen zu bleiben, r\u00fchrt an unseren elementaren Drang, in einer bedeutsamen Form wirklich zu sein.<\/p>\n<p>Ein leerer Raum, die Farbe bl\u00e4ttert von den W\u00e4nden. Einzig durch ein kleines Fenster f\u00e4llt ein wenig warmes Licht. Hierher wurde der F\u00e4nger im Auftrag der Regierung bestellt. Man raunt sich etwas zu von einer unsichtbaren, krank machenden Gefahr. <br \/>Er stellt einen d\u00fcnngittrigen K\u00e4fig auf den Boden, f\u00fcllt einen Napf mit K\u00f6rnern und setzt sich wartend daneben. Ganz zart vernimmt man den Ruf eines Singvogels in der Tristesse des Zimmers, doch er bleibt verborgen. Sie ist so klein, dass sie in eine Hand passt, diese vermeintliche Gefahr und man wird sie nur einmal zu sehen bekommen: nachdem der unsichtbare Vogel gefangen wurde, nachdem er ertr\u00e4nkt wurde. Ein Beweisfoto, post mortem. Nur der Fotofilm vermag das bunte Federkleid abzulichten. Dann, wenn das Lied bereits verstummt ist. (THE CATCHER)<\/p>\n<p>Der Vorhang hebt sich. Da stehen sie, die W\u00fcrdentr\u00e4ger, aufgereiht vor einer zwanghaft hellblau-heiteren Fototapete. Auf ihren K\u00f6pfen tragen sie stolz die roten Ehrenk\u00e4ppis, die sie von der Regierung verliehen bekommen. F\u00fcr Geschichte, Ehre und Hoffnung stehen sie, die K\u00e4ppis und die Menschen, wohl in dieser Reihenfolge. Man darf stolz auf diese Ehrung sein, versichert die grelle Propaganda des chinesischen Staatsfernsehens, die durch das kleine Arbeiterlokal pl\u00e4rrt. Der Herr am Tresen dreht den Ton noch lauter, er m\u00f6chte jedes Wort h\u00f6ren. Vor ihm steht ein Glas hei\u00dfes Wasser &#8211; so hei\u00df, dass es dampft und man es kaum ber\u00fchren m\u00f6chte. Der Herr aber ist schon \u00e4lter, ihm wurde schon viel vorgesetzt und es schreckt ihn nicht mehr, kochend hei\u00dfes Wasser zu trinken. Denn hei\u00dfes Wasser trinken zu k\u00f6nnen, verl\u00e4ngert bekannterweise das Leben. (BOILING POINT)<\/p>\n<p>Ein Blick hinter die Fassade der Realit\u00e4t: Wo Kamerabild und Wirklichkeit verschwimmen, warten 52 internationale Wettbewerbsfilme darauf, entdeckt zu werden.<\/p>\n<\/p><\/div>\n<\/p><\/div>\n<div class=\"elementor-element elementor-element-92ea3f6 elementor-widget elementor-widget-spacer\" data-id=\"92ea3f6\" data-element_type=\"widget\" data-widget_type=\"spacer.default\">\n<div class=\"elementor-widget-container\">\n<div class=\"elementor-spacer\">\n<div class=\"elementor-spacer-inner\"><\/div>\n<\/p><\/div>\n<\/p><\/div>\n<\/p><\/div>\n<\/p><\/div>\n<\/p><\/div>\n<\/p><\/div>\n<\/section><\/div>\n","protected":false},"excerpt":{"rendered":"<p>Internationaler Wettbewerb 4 Sehen und gesehen werden: Hinter dieser oberfl\u00e4chlichen Redewendung kann sich viel mehr als Eitelkeit verbergen. Es ist das zutiefst menschliche Bed\u00fcrfnis, in seinem Wesenskern erkannt und akzeptiert zu werden. Das Gegenteil dieser Anerkennung ist die systematische oder existenzielle Unsichtbarkeit. Ob durch soziale Exklusion oder radikale Einsamkeit: Die Angst, ungesehen zu bleiben, r\u00fchrt &#8230; <br \/><a class=\"read-more\" href=\"https:\/\/landshuter-kurzfilmfestival.de\/de\/programm\/wettbewerbe\/internationaler-wettbewerb\/internationaler-wettbewerb-4\/\">Read More<\/a><\/p>\n","protected":false},"author":4,"featured_media":0,"parent":4579,"menu_order":0,"comment_status":"closed","ping_status":"closed","template":"page-film-list.php","meta":{"_acf_changed":false,"footnotes":""},"categories":[250],"tags":[],"class_list":["post-5285","page","type-page","status-publish","hentry","category-filmlist"],"acf":[],"_links":{"self":[{"href":"https:\/\/landshuter-kurzfilmfestival.de\/de\/wp-json\/wp\/v2\/pages\/5285","targetHints":{"allow":["GET"]}}],"collection":[{"href":"https:\/\/landshuter-kurzfilmfestival.de\/de\/wp-json\/wp\/v2\/pages"}],"about":[{"href":"https:\/\/landshuter-kurzfilmfestival.de\/de\/wp-json\/wp\/v2\/types\/page"}],"author":[{"embeddable":true,"href":"https:\/\/landshuter-kurzfilmfestival.de\/de\/wp-json\/wp\/v2\/users\/4"}],"replies":[{"embeddable":true,"href":"https:\/\/landshuter-kurzfilmfestival.de\/de\/wp-json\/wp\/v2\/comments?post=5285"}],"version-history":[{"count":40,"href":"https:\/\/landshuter-kurzfilmfestival.de\/de\/wp-json\/wp\/v2\/pages\/5285\/revisions"}],"predecessor-version":[{"id":37732,"href":"https:\/\/landshuter-kurzfilmfestival.de\/de\/wp-json\/wp\/v2\/pages\/5285\/revisions\/37732"}],"up":[{"embeddable":true,"href":"https:\/\/landshuter-kurzfilmfestival.de\/de\/wp-json\/wp\/v2\/pages\/4579"}],"wp:attachment":[{"href":"https:\/\/landshuter-kurzfilmfestival.de\/de\/wp-json\/wp\/v2\/media?parent=5285"}],"wp:term":[{"taxonomy":"category","embeddable":true,"href":"https:\/\/landshuter-kurzfilmfestival.de\/de\/wp-json\/wp\/v2\/categories?post=5285"},{"taxonomy":"post_tag","embeddable":true,"href":"https:\/\/landshuter-kurzfilmfestival.de\/de\/wp-json\/wp\/v2\/tags?post=5285"}],"curies":[{"name":"wp","href":"https:\/\/api.w.org\/{rel}","templated":true}]}}