{"id":5305,"date":"2018-02-07T12:51:57","date_gmt":"2018-02-07T11:51:57","guid":{"rendered":"http:\/\/2021.landshuter-kurzfilmfestival.de\/?page_id=5305"},"modified":"2026-01-25T18:07:46","modified_gmt":"2026-01-25T17:07:46","slug":"shock-block-5","status":"publish","type":"page","link":"https:\/\/landshuter-kurzfilmfestival.de\/de\/programm\/wettbewerbe\/deadline-award\/shock-block-5\/","title":{"rendered":"Shock Block 5"},"content":{"rendered":"\n<div data-elementor-type=\"wp-page\" data-elementor-id=\"5305\" class=\"elementor elementor-5305\" data-elementor-post-type=\"page\">\n<section class=\"elementor-section elementor-top-section elementor-element elementor-element-ff235a1 elementor-section-full_width elementor-section-height-default elementor-section-height-default\" data-id=\"ff235a1\" data-element_type=\"section\">\n<div class=\"elementor-container elementor-column-gap-default\">\n<div class=\"elementor-column elementor-col-100 elementor-top-column elementor-element elementor-element-c08db53\" data-id=\"c08db53\" data-element_type=\"column\">\n<div class=\"elementor-widget-wrap elementor-element-populated\">\n<div class=\"elementor-element elementor-element-ef1a168 elementor-widget elementor-widget-text-editor\" data-id=\"ef1a168\" data-element_type=\"widget\" data-widget_type=\"text-editor.default\">\n<div class=\"elementor-widget-container\">\n<table id=\"tablepress-35\" class=\"tablepress tablepress-id-35 film-list-header\">\n<tbody>\n<tr class=\"row-1\">\n<td class=\"column-1\">Spielzeit: <\/td>\n<td class=\"column-2\"> ca. 120 Min. <\/td>\n<td class=\"column-3\"> ab 18 Jahren <\/td>\n<td class=\"column-4\">  <\/td>\n<td class=\"column-5\">  <\/td>\n<td class=\"column-6\"> <\/td>\n<\/tr>\n<tr class=\"row-2\">\n<td class=\"column-1\">Spielort: <\/td>\n<td class=\"column-2\"> Kinopolis Kino 5 <\/td>\n<td class=\"column-3\"> Uhrzeit: <\/td>\n<td class=\"column-4\"> 20:00 Uhr <\/td>\n<td class=\"column-5\"> Datum: <\/td>\n<td class=\"column-6\">Freitag, 13.03.<\/td>\n<\/tr>\n<\/tbody>\n<\/table>\n<p><!-- #tablepress-35 from cache --><\/p>\n<\/p><\/div>\n<\/p><\/div>\n<div class=\"elementor-element elementor-element-4a70c69 elementor-widget elementor-widget-heading\" data-id=\"4a70c69\" data-element_type=\"widget\" data-widget_type=\"heading.default\">\n<div class=\"elementor-widget-container\">\n<h2 class=\"elementor-heading-title elementor-size-xxl\">Shock Block 5<\/h2>\n<\/p><\/div>\n<\/p><\/div>\n<\/p><\/div>\n<\/p><\/div>\n<\/p><\/div>\n<\/section>\n<section class=\"elementor-section elementor-top-section elementor-element elementor-element-afb3ffb elementor-section-full_width elementor-section-height-default elementor-section-height-default\" data-id=\"afb3ffb\" data-element_type=\"section\">\n<div class=\"elementor-container elementor-column-gap-default\">\n<div class=\"elementor-column elementor-col-100 elementor-top-column elementor-element elementor-element-d186a55\" data-id=\"d186a55\" data-element_type=\"column\">\n<div class=\"elementor-widget-wrap\">\n\t\t\t\t\t\t\t<\/div>\n<\/p><\/div>\n<\/p><\/div>\n<\/section>\n<section class=\"elementor-section elementor-top-section elementor-element elementor-element-b2b454f elementor-section-full_width elementor-section-height-default elementor-section-height-default\" data-id=\"b2b454f\" data-element_type=\"section\">\n<div class=\"elementor-container elementor-column-gap-default\">\n<div class=\"elementor-column elementor-col-100 elementor-top-column elementor-element elementor-element-b7b54be\" data-id=\"b7b54be\" data-element_type=\"column\">\n<div class=\"elementor-widget-wrap elementor-element-populated\">\n<div class=\"elementor-element elementor-element-876d404 elementor-widget elementor-widget-spacer\" data-id=\"876d404\" data-element_type=\"widget\" data-widget_type=\"spacer.default\">\n<div class=\"elementor-widget-container\">\n<div class=\"elementor-spacer\">\n<div class=\"elementor-spacer-inner\"><\/div>\n<\/p><\/div>\n<\/p><\/div>\n<\/p><\/div>\n<div class=\"elementor-element elementor-element-2913891 elementor-widget elementor-widget-text-editor\" data-id=\"2913891\" data-element_type=\"widget\" data-widget_type=\"text-editor.default\">\n<div class=\"elementor-widget-container\">\n<p>Der Schl\u00fcssel dreht sich im Schloss, die T\u00fcr schwingt auf. In der Dunkelheit lassen sich schemenhaft die Umrisse vertrauter R\u00e4ume ausmachen. Instinktiv tastet die Hand nach dem Lichtschalter. Endlich daheim. Das eigene Heim sollte ein Zufluchtsort sein. Ein Ort, an dem die Au\u00dfenwelt und der graue Alltag vor der Schwelle bleiben. Doch was, wenn das Refugium selbst zum Albtraum wird?<\/p>\n<p>Die 59 internationalen Kurzfilme der diesj\u00e4hrigen Shock Blocks finden das Grauen im Allt\u00e4glichen: Renovierungen mutieren zur lebensgef\u00e4hrlichen Mutprobe, die \u00fcbergriffige Nachbarschaft zerrei\u00dft das Nervenkost\u00fcm, und bekanntlich passieren die schlimmsten Unf\u00e4lle noch immer im Haushalt.<\/p>\n<p>Oft braucht es nur einen Inbusschl\u00fcssel. Dieses kleine, eigentlich praktische Werkzeug, das selbst erfahrene Heimwerker zur Wei\u00dfglut treibt. Aber liegt es wirklich am Werkzeug oder am fehlenden Talent, dass sich das neue M\u00f6belst\u00fcck CH\u00c4IR so vehement gegen seinen Zusammenbau zu wehren scheint? Verbergen sich in den Ritzen der Polsterung schreckliche Tiefen, die einen mit jeder Umdrehung einer Schraube n\u00e4her an den Abgrund des Wahnsinns zerren? Helfen Videotutorials und Kundenrezensionen wirklich weiter, wenn sich die Bauanleitung trotz fr\u00f6hlicher Piktogramme wie ein verfluchtes Manuskript in einer vergessenen Sprache liest?<\/p>\n<p>Wei\u00dfe, kahle W\u00e4nde: schon die psychologische Wirkung ist so behaglich wie das kreidefahle Kratzen von Fingern\u00e4geln auf einer Schultafel. Mut zur Farbe wird hingegen meist belohnt. Ein appetitanregendes Gelb f\u00fcr die K\u00fcche, ein beruhigendes Nachtblau f\u00fcr das Schlafzimmer. Und wie w\u00e4re es mit einem satt-warmen DEATH RED f\u00fcr den Wohnraum? So erhalten die W\u00e4nde erst ihren Charakter. Man sp\u00fcrt f\u00f6rmlich den Pinselstrich des Designers und den vitalen Ursprung dieses blutrot gl\u00e4nzenden Anstrichs.<\/p>\n<p>Zuletzt wollen wir ein Thema ansprechen, das oft nur hinter vorgehaltener Hand besprochen wird: die liebe Nachbarschaft. Wie sind die Schulen im Viertel? Gibt es Streit in der Eigent\u00fcmerversammlung? Und wie zivilisiert gibt sich eigentlich der lokale Hexenzirkel (WHITCH)?<\/p>\n<\/p><\/div>\n<\/p><\/div>\n<div class=\"elementor-element elementor-element-8013f31 elementor-widget elementor-widget-spacer\" data-id=\"8013f31\" data-element_type=\"widget\" data-widget_type=\"spacer.default\">\n<div class=\"elementor-widget-container\">\n<div class=\"elementor-spacer\">\n<div class=\"elementor-spacer-inner\"><\/div>\n<\/p><\/div>\n<\/p><\/div>\n<\/p><\/div>\n<\/p><\/div>\n<\/p><\/div>\n<\/p><\/div>\n<\/section><\/div>\n","protected":false},"excerpt":{"rendered":"<p>Shock Block 5 Der Schl\u00fcssel dreht sich im Schloss, die T\u00fcr schwingt auf. In der Dunkelheit lassen sich schemenhaft die Umrisse vertrauter R\u00e4ume ausmachen. Instinktiv tastet die Hand nach dem Lichtschalter. Endlich daheim. Das eigene Heim sollte ein Zufluchtsort sein. Ein Ort, an dem die Au\u00dfenwelt und der graue Alltag vor der Schwelle bleiben. Doch &#8230; <br \/><a class=\"read-more\" href=\"https:\/\/landshuter-kurzfilmfestival.de\/de\/programm\/wettbewerbe\/deadline-award\/shock-block-5\/\">Read More<\/a><\/p>\n","protected":false},"author":4,"featured_media":0,"parent":4576,"menu_order":0,"comment_status":"closed","ping_status":"closed","template":"page-film-list.php","meta":{"_acf_changed":false,"footnotes":""},"categories":[250],"tags":[],"class_list":["post-5305","page","type-page","status-publish","hentry","category-filmlist"],"acf":[],"_links":{"self":[{"href":"https:\/\/landshuter-kurzfilmfestival.de\/de\/wp-json\/wp\/v2\/pages\/5305","targetHints":{"allow":["GET"]}}],"collection":[{"href":"https:\/\/landshuter-kurzfilmfestival.de\/de\/wp-json\/wp\/v2\/pages"}],"about":[{"href":"https:\/\/landshuter-kurzfilmfestival.de\/de\/wp-json\/wp\/v2\/types\/page"}],"author":[{"embeddable":true,"href":"https:\/\/landshuter-kurzfilmfestival.de\/de\/wp-json\/wp\/v2\/users\/4"}],"replies":[{"embeddable":true,"href":"https:\/\/landshuter-kurzfilmfestival.de\/de\/wp-json\/wp\/v2\/comments?post=5305"}],"version-history":[{"count":35,"href":"https:\/\/landshuter-kurzfilmfestival.de\/de\/wp-json\/wp\/v2\/pages\/5305\/revisions"}],"predecessor-version":[{"id":37601,"href":"https:\/\/landshuter-kurzfilmfestival.de\/de\/wp-json\/wp\/v2\/pages\/5305\/revisions\/37601"}],"up":[{"embeddable":true,"href":"https:\/\/landshuter-kurzfilmfestival.de\/de\/wp-json\/wp\/v2\/pages\/4576"}],"wp:attachment":[{"href":"https:\/\/landshuter-kurzfilmfestival.de\/de\/wp-json\/wp\/v2\/media?parent=5305"}],"wp:term":[{"taxonomy":"category","embeddable":true,"href":"https:\/\/landshuter-kurzfilmfestival.de\/de\/wp-json\/wp\/v2\/categories?post=5305"},{"taxonomy":"post_tag","embeddable":true,"href":"https:\/\/landshuter-kurzfilmfestival.de\/de\/wp-json\/wp\/v2\/tags?post=5305"}],"curies":[{"name":"wp","href":"https:\/\/api.w.org\/{rel}","templated":true}]}}