{"id":5324,"date":"2018-02-07T12:57:10","date_gmt":"2018-02-07T11:57:10","guid":{"rendered":"http:\/\/2021.landshuter-kurzfilmfestival.de\/?page_id=5324"},"modified":"2026-01-25T18:00:25","modified_gmt":"2026-01-25T17:00:25","slug":"dok-block-3","status":"publish","type":"page","link":"https:\/\/landshuter-kurzfilmfestival.de\/de\/programm\/wettbewerbe\/dok-block\/dok-block-3\/","title":{"rendered":"DOK Block 3"},"content":{"rendered":"\n<div data-elementor-type=\"wp-page\" data-elementor-id=\"5324\" class=\"elementor elementor-5324\" data-elementor-post-type=\"page\">\n<section class=\"elementor-section elementor-top-section elementor-element elementor-element-221429c elementor-section-full_width elementor-section-height-default elementor-section-height-default\" data-id=\"221429c\" data-element_type=\"section\">\n<div class=\"elementor-container elementor-column-gap-default\">\n<div class=\"elementor-column elementor-col-100 elementor-top-column elementor-element elementor-element-fee4291\" data-id=\"fee4291\" data-element_type=\"column\">\n<div class=\"elementor-widget-wrap elementor-element-populated\">\n<div class=\"elementor-element elementor-element-deb2abc elementor-widget elementor-widget-text-editor\" data-id=\"deb2abc\" data-element_type=\"widget\" data-widget_type=\"text-editor.default\">\n<div class=\"elementor-widget-container\">\n<table id=\"tablepress-78\" class=\"tablepress tablepress-id-78 film-list-header\">\n<tbody>\n<tr class=\"row-1\">\n<td class=\"column-1\">Spielzeit: <\/td>\n<td class=\"column-2\"> ca. 120 Min. <\/td>\n<td class=\"column-3\"> ab 12 Jahren <\/td>\n<td class=\"column-4\">  <\/td>\n<td class=\"column-5\">  <\/td>\n<td class=\"column-6\"> <\/td>\n<\/tr>\n<tr class=\"row-2\">\n<td class=\"column-1\">Spielort: <\/td>\n<td class=\"column-2\"> Kinoptikum <\/td>\n<td class=\"column-3\"> Uhrzeit: <\/td>\n<td class=\"column-4\"> 16:00 Uhr <\/td>\n<td class=\"column-5\"> Datum: <\/td>\n<td class=\"column-6\">Samstag, 14.03.<\/td>\n<\/tr>\n<\/tbody>\n<\/table>\n<\/p><\/div>\n<\/p><\/div>\n<div class=\"elementor-element elementor-element-b6fd899 elementor-widget elementor-widget-heading\" data-id=\"b6fd899\" data-element_type=\"widget\" data-widget_type=\"heading.default\">\n<div class=\"elementor-widget-container\">\n<h2 class=\"elementor-heading-title elementor-size-xxl\">DOK Block 3<\/h2>\n<\/p><\/div>\n<\/p><\/div>\n<\/p><\/div>\n<\/p><\/div>\n<\/p><\/div>\n<\/section>\n<section class=\"elementor-section elementor-top-section elementor-element elementor-element-f61f341 elementor-section-full_width elementor-section-height-default elementor-section-height-default\" data-id=\"f61f341\" data-element_type=\"section\">\n<div class=\"elementor-container elementor-column-gap-default\">\n<div class=\"elementor-column elementor-col-100 elementor-top-column elementor-element elementor-element-654dc71\" data-id=\"654dc71\" data-element_type=\"column\">\n<div class=\"elementor-widget-wrap\">\n\t\t\t\t\t\t\t<\/div>\n<\/p><\/div>\n<\/p><\/div>\n<\/section>\n<section class=\"elementor-section elementor-top-section elementor-element elementor-element-e98a5f0 elementor-section-full_width elementor-section-height-default elementor-section-height-default\" data-id=\"e98a5f0\" data-element_type=\"section\">\n<div class=\"elementor-container elementor-column-gap-default\">\n<div class=\"elementor-column elementor-col-100 elementor-top-column elementor-element elementor-element-9a9886d\" data-id=\"9a9886d\" data-element_type=\"column\">\n<div class=\"elementor-widget-wrap elementor-element-populated\">\n<div class=\"elementor-element elementor-element-58e911e elementor-widget elementor-widget-spacer\" data-id=\"58e911e\" data-element_type=\"widget\" data-widget_type=\"spacer.default\">\n<div class=\"elementor-widget-container\">\n<div class=\"elementor-spacer\">\n<div class=\"elementor-spacer-inner\"><\/div>\n<\/p><\/div>\n<\/p><\/div>\n<\/p><\/div>\n<div class=\"elementor-element elementor-element-d2b2811 elementor-widget elementor-widget-text-editor\" data-id=\"d2b2811\" data-element_type=\"widget\" data-widget_type=\"text-editor.default\">\n<div class=\"elementor-widget-container\">\n<p>Kleider machen Leute. Doch es sind die Menschen, die den Kleidern erst Leben einhauchen. Jede Kluft, jede Uniform und jedes Accessoire erz\u00e4hlt eine eigene Geschichte von Zugeh\u00f6rigkeit und Abgrenzung. Die 18 Filme der DOK Blocks durchbrechen die Oberfl\u00e4che und stellen die Menschen darunter in den Mittelpunkt.<\/p>\n<p>Eine KUTTE gleicht einem religi\u00f6sen Ornat. Als die Regisseurin Sylvie Hohlbaum auf einem Flohmarkt ein solch prachtvoll verziertes St\u00fcck entdeckt, huldigt dieses jedoch keiner \u00fcberirdischen Macht, sondern sehr irdischen Heiligen: dem Fussballverein SV Darmstadt 98. \u00dcber Jahre gepflegt, bestickt und erg\u00e4nzt, erz\u00e4hlt die einzigartige Jeansweste weit mehr \u00fcber ihre Sch\u00f6pfer als \u00fcber den Verein selbst. Es beginnt eine Spurensuche, die nach und nach das Portr\u00e4t einer unbekannten Person zeichnet.<\/p>\n<p>Die eigene Kleidung \u00fcber sich erz\u00e4hlen zu lassen, ist das eine. Doch ABSEITS solcher Gestaltungsm\u00f6glichkeiten existieren Kleiderzw\u00e4nge, die uns fast unsichtbar auferlegt werden; die uns einsortieren und oft auch einschr\u00e4nken. Sportbekleidung etwa wird kontinuierlich weiterentwickelt, um zu noch schnelleren, noch weiteren und noch besseren Leistungen beizutragen. Doch ma\u00dfgeschneidert und perfektioniert wird sie meist noch immer nach dem Ideal des m\u00e4nnlichen K\u00f6rpers. So steht bei den Athletinnen oft nicht die sportliche Leistung im Mittelpunkt, sondern die Sexualisierung ihrer K\u00f6rper.<\/p>\n<p>DIE UNIFORMIERTEN wiederum leben eine ganz eigene Ordnung: die bewusste Gleichmachung. \u201eMeine Position ist vorne links\u201c, erkl\u00e4rt ein Soldat aus dem Off. F\u00fcr ihn ist es ein rein praktischer Hinweis, denn diese Position gibt beim Marsch den Rhythmus vor. F\u00fcr das Publikum ist es eine notwendige Orientierung: In der uniformierten Masse schwindet die optische Differenz. Wir ben\u00f6tigen Koordinaten, um das Individuum \u00fcberhaupt noch lokalisieren zu k\u00f6nnen. Nach und nach gew\u00f6hnt sich das Auge an die Camouflage und einzelne Personen l\u00f6sen sich aus dem Muster.<\/p>\n<\/p><\/div>\n<\/p><\/div>\n<div class=\"elementor-element elementor-element-4bd372e elementor-widget elementor-widget-spacer\" data-id=\"4bd372e\" data-element_type=\"widget\" data-widget_type=\"spacer.default\">\n<div class=\"elementor-widget-container\">\n<div class=\"elementor-spacer\">\n<div class=\"elementor-spacer-inner\"><\/div>\n<\/p><\/div>\n<\/p><\/div>\n<\/p><\/div>\n<\/p><\/div>\n<\/p><\/div>\n<\/p><\/div>\n<\/section><\/div>\n","protected":false},"excerpt":{"rendered":"<p>DOK Block 3 Kleider machen Leute. Doch es sind die Menschen, die den Kleidern erst Leben einhauchen. Jede Kluft, jede Uniform und jedes Accessoire erz\u00e4hlt eine eigene Geschichte von Zugeh\u00f6rigkeit und Abgrenzung. Die 18 Filme der DOK Blocks durchbrechen die Oberfl\u00e4che und stellen die Menschen darunter in den Mittelpunkt. Eine KUTTE gleicht einem religi\u00f6sen Ornat. &#8230; <br \/><a class=\"read-more\" href=\"https:\/\/landshuter-kurzfilmfestival.de\/de\/programm\/wettbewerbe\/dok-block\/dok-block-3\/\">Read More<\/a><\/p>\n","protected":false},"author":4,"featured_media":0,"parent":4585,"menu_order":0,"comment_status":"closed","ping_status":"closed","template":"page-film-list.php","meta":{"_acf_changed":false,"footnotes":""},"categories":[250],"tags":[],"class_list":["post-5324","page","type-page","status-publish","hentry","category-filmlist"],"acf":[],"_links":{"self":[{"href":"https:\/\/landshuter-kurzfilmfestival.de\/de\/wp-json\/wp\/v2\/pages\/5324","targetHints":{"allow":["GET"]}}],"collection":[{"href":"https:\/\/landshuter-kurzfilmfestival.de\/de\/wp-json\/wp\/v2\/pages"}],"about":[{"href":"https:\/\/landshuter-kurzfilmfestival.de\/de\/wp-json\/wp\/v2\/types\/page"}],"author":[{"embeddable":true,"href":"https:\/\/landshuter-kurzfilmfestival.de\/de\/wp-json\/wp\/v2\/users\/4"}],"replies":[{"embeddable":true,"href":"https:\/\/landshuter-kurzfilmfestival.de\/de\/wp-json\/wp\/v2\/comments?post=5324"}],"version-history":[{"count":36,"href":"https:\/\/landshuter-kurzfilmfestival.de\/de\/wp-json\/wp\/v2\/pages\/5324\/revisions"}],"predecessor-version":[{"id":37548,"href":"https:\/\/landshuter-kurzfilmfestival.de\/de\/wp-json\/wp\/v2\/pages\/5324\/revisions\/37548"}],"up":[{"embeddable":true,"href":"https:\/\/landshuter-kurzfilmfestival.de\/de\/wp-json\/wp\/v2\/pages\/4585"}],"wp:attachment":[{"href":"https:\/\/landshuter-kurzfilmfestival.de\/de\/wp-json\/wp\/v2\/media?parent=5324"}],"wp:term":[{"taxonomy":"category","embeddable":true,"href":"https:\/\/landshuter-kurzfilmfestival.de\/de\/wp-json\/wp\/v2\/categories?post=5324"},{"taxonomy":"post_tag","embeddable":true,"href":"https:\/\/landshuter-kurzfilmfestival.de\/de\/wp-json\/wp\/v2\/tags?post=5324"}],"curies":[{"name":"wp","href":"https:\/\/api.w.org\/{rel}","templated":true}]}}