{"id":558,"date":"2016-12-14T15:29:11","date_gmt":"2016-12-14T14:29:11","guid":{"rendered":"http:\/\/2021.landshuter-kurzfilmfestival.de\/?page_id=558"},"modified":"2023-02-01T20:19:09","modified_gmt":"2023-02-01T19:19:09","slug":"akkreditierungsbestaetigung","status":"publish","type":"page","link":"https:\/\/landshuter-kurzfilmfestival.de\/de\/branche\/akkreditierung\/akkreditierungsbestaetigung\/","title":{"rendered":"Akkreditierungsbest\u00e4tigung"},"content":{"rendered":"\n<div data-elementor-type=\"wp-page\" data-elementor-id=\"558\" class=\"elementor elementor-558\" data-elementor-post-type=\"page\">\n<section class=\"elementor-section elementor-top-section elementor-element elementor-element-38ec82b elementor-section-full_width elementor-section-height-default elementor-section-height-default\" data-id=\"38ec82b\" data-element_type=\"section\">\n<div class=\"elementor-container elementor-column-gap-default\">\n<div class=\"elementor-column elementor-col-100 elementor-top-column elementor-element elementor-element-9cd945a\" data-id=\"9cd945a\" data-element_type=\"column\">\n<div class=\"elementor-widget-wrap elementor-element-populated\">\n<div class=\"elementor-element elementor-element-fee0ec5 elementor-widget elementor-widget-text-editor\" data-id=\"fee0ec5\" data-element_type=\"widget\" data-widget_type=\"text-editor.default\">\n<div class=\"elementor-widget-container\">\n<p>Vielen Dank, dass Sie sich f\u00fcr das Landshuter Kurzfilmfestival akkreditiert haben.<br \/>Wir freuen uns, Sie als Gast in Landshut begr\u00fc\u00dfen zu d\u00fcrfen. Bei Fragen wenden Sie sich bitte an die organisatorische Festivalleiterin Birgit Horn.<\/p>\n<p>Mit besten Gr\u00fc\u00dfen<\/p>\n<table id=\"tablepress-6\" class=\"tablepress tablepress-id-6\">\n<tbody>\n<tr class=\"row-1\">\n<td class=\"column-1\"><b>Birgit Horn<\/b><\/td>\n<td class=\"column-2\"><b>Michael Orth<\/b><\/td>\n<\/tr>\n<tr class=\"row-2\">\n<td class=\"column-1\">Organisatorische Leitung<\/td>\n<td class=\"column-2\">K\u00fcnstlerische Leitung<\/td>\n<\/tr>\n<tr class=\"row-3\">\n<td class=\"column-1\">Managing Director<\/td>\n<td class=\"column-2\">Artistic Director<\/td>\n<\/tr>\n<tr class=\"row-4\">\n<td class=\"column-1\">0049.171.1093796<\/td>\n<td class=\"column-2\">0049.170.7764871<\/td>\n<\/tr>\n<tr class=\"row-5\">\n<td class=\"column-1\">b.horn(at)lakff.de<\/td>\n<td class=\"column-2\">m.orth(at)lakff.de<\/td>\n<\/tr>\n<\/tbody>\n<\/table>\n<\/p><\/div>\n<\/p><\/div>\n<\/p><\/div>\n<\/p><\/div>\n<\/p><\/div>\n<\/section><\/div>\n","protected":false},"excerpt":{"rendered":"<p>Vielen Dank, dass Sie sich f\u00fcr das Landshuter Kurzfilmfestival akkreditiert haben. Wir freuen uns, Sie als Gast in Landshut begr\u00fc\u00dfen zu d\u00fcrfen. Bei Fragen wenden Sie sich bitte an die organisatorische Festivalleiterin Birgit Horn. Mit besten Gr\u00fc\u00dfen<\/p>\n","protected":false},"author":4,"featured_media":0,"parent":519,"menu_order":0,"comment_status":"closed","ping_status":"closed","template":"page-full-width.php","meta":{"_acf_changed":false,"footnotes":""},"categories":[],"tags":[],"class_list":["post-558","page","type-page","status-publish","hentry"],"acf":[],"_links":{"self":[{"href":"https:\/\/landshuter-kurzfilmfestival.de\/de\/wp-json\/wp\/v2\/pages\/558","targetHints":{"allow":["GET"]}}],"collection":[{"href":"https:\/\/landshuter-kurzfilmfestival.de\/de\/wp-json\/wp\/v2\/pages"}],"about":[{"href":"https:\/\/landshuter-kurzfilmfestival.de\/de\/wp-json\/wp\/v2\/types\/page"}],"author":[{"embeddable":true,"href":"https:\/\/landshuter-kurzfilmfestival.de\/de\/wp-json\/wp\/v2\/users\/4"}],"replies":[{"embeddable":true,"href":"https:\/\/landshuter-kurzfilmfestival.de\/de\/wp-json\/wp\/v2\/comments?post=558"}],"version-history":[{"count":13,"href":"https:\/\/landshuter-kurzfilmfestival.de\/de\/wp-json\/wp\/v2\/pages\/558\/revisions"}],"predecessor-version":[{"id":25713,"href":"https:\/\/landshuter-kurzfilmfestival.de\/de\/wp-json\/wp\/v2\/pages\/558\/revisions\/25713"}],"up":[{"embeddable":true,"href":"https:\/\/landshuter-kurzfilmfestival.de\/de\/wp-json\/wp\/v2\/pages\/519"}],"wp:attachment":[{"href":"https:\/\/landshuter-kurzfilmfestival.de\/de\/wp-json\/wp\/v2\/media?parent=558"}],"wp:term":[{"taxonomy":"category","embeddable":true,"href":"https:\/\/landshuter-kurzfilmfestival.de\/de\/wp-json\/wp\/v2\/categories?post=558"},{"taxonomy":"post_tag","embeddable":true,"href":"https:\/\/landshuter-kurzfilmfestival.de\/de\/wp-json\/wp\/v2\/tags?post=558"}],"curies":[{"name":"wp","href":"https:\/\/api.w.org\/{rel}","templated":true}]}}