{"id":5722,"date":"2018-02-07T22:45:51","date_gmt":"2018-02-07T21:45:51","guid":{"rendered":"http:\/\/2021.landshuter-kurzfilmfestival.de\/?page_id=5722"},"modified":"2026-01-24T09:14:41","modified_gmt":"2026-01-24T08:14:41","slug":"karaoke-filmfestparty","status":"publish","type":"page","link":"https:\/\/landshuter-kurzfilmfestival.de\/de\/programm\/events\/karaoke-filmfestparty\/","title":{"rendered":"Karaoke Filmfestparty"},"content":{"rendered":"\n<div data-elementor-type=\"wp-page\" data-elementor-id=\"5722\" class=\"elementor elementor-5722\" data-elementor-post-type=\"page\">\n<section class=\"elementor-section elementor-top-section elementor-element elementor-element-6a806ca elementor-section-full_width elementor-hidden-desktop elementor-hidden-tablet elementor-hidden-mobile elementor-section-height-default elementor-section-height-default\" data-id=\"6a806ca\" data-element_type=\"section\">\n<div class=\"elementor-container elementor-column-gap-default\">\n<div class=\"elementor-column elementor-col-100 elementor-top-column elementor-element elementor-element-c137a32\" data-id=\"c137a32\" data-element_type=\"column\">\n<div class=\"elementor-widget-wrap elementor-element-populated\">\n<div class=\"elementor-element elementor-element-b03f7c3 elementor-widget elementor-widget-text-editor\" data-id=\"b03f7c3\" data-element_type=\"widget\" data-widget_type=\"text-editor.default\">\n<div class=\"elementor-widget-container\">\n<h5><strong>Karaoke Filmfestparty findet am Samstag, 34. M\u00e4rz, ab 23 Uhr im Flamingo statt<\/strong><\/h5>\n<\/p><\/div>\n<\/p><\/div>\n<\/p><\/div>\n<\/p><\/div>\n<\/p><\/div>\n<\/section>\n<section class=\"elementor-section elementor-top-section elementor-element elementor-element-bd9fe3b elementor-section-full_width elementor-section-height-default elementor-section-height-default\" data-id=\"bd9fe3b\" data-element_type=\"section\">\n<div class=\"elementor-container elementor-column-gap-default\">\n<div class=\"elementor-column elementor-col-100 elementor-top-column elementor-element elementor-element-09d882e\" data-id=\"09d882e\" data-element_type=\"column\">\n<div class=\"elementor-widget-wrap elementor-element-populated\">\n<div class=\"elementor-element elementor-element-d199ffa elementor-widget elementor-widget-text-editor\" data-id=\"d199ffa\" data-element_type=\"widget\" data-widget_type=\"text-editor.default\">\n<div class=\"elementor-widget-container\">\n<table id=\"tablepress-198\" class=\"tablepress tablepress-id-198\">\n<tbody>\n<tr class=\"row-1\">\n<td class=\"column-1\"><\/td>\n<td class=\"column-2\"><\/td>\n<td class=\"column-3\"><\/td>\n<td class=\"column-4\">  <\/td>\n<td class=\"column-5\">  <\/td>\n<td class=\"column-6\"> <\/td>\n<\/tr>\n<tr class=\"row-2\">\n<td class=\"column-1\">Ort: <\/td>\n<td class=\"column-2\"> Flamingo<\/td>\n<td class=\"column-3\"> Uhrzeit: <\/td>\n<td class=\"column-4\">23:00 Uhr<\/td>\n<td class=\"column-5\"> Datum: <\/td>\n<td class=\"column-6\">Samstag, 14.03.<\/td>\n<\/tr>\n<\/tbody>\n<\/table>\n<p><!-- #tablepress-198 from cache --><\/p>\n<\/p><\/div>\n<\/p><\/div>\n<div class=\"elementor-element elementor-element-d765d14 elementor-widget elementor-widget-heading\" data-id=\"d765d14\" data-element_type=\"widget\" data-widget_type=\"heading.default\">\n<div class=\"elementor-widget-container\">\n<h2 class=\"elementor-heading-title elementor-size-xxl\">Karaoke \u30ab\u30e9\u30aa\u30b1<\/h2>\n<\/p><\/div>\n<\/p><\/div>\n<\/p><\/div>\n<\/p><\/div>\n<\/p><\/div>\n<\/section>\n<section class=\"elementor-section elementor-top-section elementor-element elementor-element-3ef06f5 elementor-section-full_width elementor-section-height-default elementor-section-height-default\" data-id=\"3ef06f5\" data-element_type=\"section\">\n<div class=\"elementor-container elementor-column-gap-default\">\n<div class=\"elementor-column elementor-col-100 elementor-top-column elementor-element elementor-element-479bc1c\" data-id=\"479bc1c\" data-element_type=\"column\">\n<div class=\"elementor-widget-wrap elementor-element-populated\">\n<div class=\"elementor-element elementor-element-8f61338 elementor-widget elementor-widget-spacer\" data-id=\"8f61338\" data-element_type=\"widget\" data-widget_type=\"spacer.default\">\n<div class=\"elementor-widget-container\">\n<div class=\"elementor-spacer\">\n<div class=\"elementor-spacer-inner\"><\/div>\n<\/p><\/div>\n<\/p><\/div>\n<\/p><\/div>\n<div class=\"elementor-element elementor-element-829917d elementor-widget elementor-widget-text-editor\" data-id=\"829917d\" data-element_type=\"widget\" data-widget_type=\"text-editor.default\">\n<div class=\"elementor-widget-container\">\n<p><b><i>Eintritt frei<\/i><\/b><\/p>\n<\/p><\/div>\n<\/p><\/div>\n<div class=\"elementor-element elementor-element-f8df1f2 elementor-widget elementor-widget-text-editor\" data-id=\"f8df1f2\" data-element_type=\"widget\" data-widget_type=\"text-editor.default\">\n<div class=\"elementor-widget-container\">\n<p>Das Landshuter Kurzfilmfestival versteht sich als gro\u00dfe cineastische Familie. Und wie in jeder Familie gibt es Traditionen, an denen man nicht r\u00fcttelt: Die Rede ist freilich von unserer legend\u00e4ren Karaokeparty.<\/p>\n<p>Filmemacher und Publikum werden zu einem internationalen Chor, der bis in die fr\u00fchen Morgenstunden alles gibt. Mal stachelt \u201eBohemian Rhapsody\u201c zu einem kollektiven Ausnahmezustand an, mal schwappt die Neue Deutsche Welle wie im Stadion durch den Raum und rei\u00dft alle mit. Dann folgt eine Ballade mit jemandem, den man erst seit f\u00fcnf Minuten kennt und mit dem man im n\u00e4chsten Moment schon erste Filmpl\u00e4ne schmiedet.<\/p>\n<p>Talent ist optional, Leidenschaft Pflicht. Ein Qu\u00e4ntchen Mut schadet nicht, der Rest ergibt sich von ganz allein. Und selbstverst\u00e4ndlich gilt: Was auf der Karaokeparty passiert, bleibt in der Familie.<\/p>\n<\/p><\/div>\n<\/p><\/div>\n<div class=\"elementor-element elementor-element-d2a73bd elementor-widget elementor-widget-spacer\" data-id=\"d2a73bd\" data-element_type=\"widget\" data-widget_type=\"spacer.default\">\n<div class=\"elementor-widget-container\">\n<div class=\"elementor-spacer\">\n<div class=\"elementor-spacer-inner\"><\/div>\n<\/p><\/div>\n<\/p><\/div>\n<\/p><\/div>\n<\/p><\/div>\n<\/p><\/div>\n<\/p><\/div>\n<\/section>\n<section class=\"elementor-section elementor-top-section elementor-element elementor-element-fff6053 elementor-section-full_width elementor-section-height-default elementor-section-height-default\" data-id=\"fff6053\" data-element_type=\"section\">\n<div class=\"elementor-container elementor-column-gap-default\">\n<div class=\"elementor-column elementor-col-50 elementor-top-column elementor-element elementor-element-3acae80\" data-id=\"3acae80\" data-element_type=\"column\">\n<div class=\"elementor-widget-wrap elementor-element-populated\">\n<div class=\"elementor-element elementor-element-8299722 elementor-widget elementor-widget-image\" data-id=\"8299722\" data-element_type=\"widget\" data-widget_type=\"image.default\">\n<div class=\"elementor-widget-container\">\n\t\t\t\t\t\t\t\t\t\t\t\t\t\t\t<img fetchpriority=\"high\" decoding=\"async\" width=\"770\" height=\"578\" src=\"https:\/\/landshuter-kurzfilmfestival.de\/wp-content\/uploads\/2025\/02\/Flamingo-Karaoke-skaliert.jpg\" class=\"attachment-large size-large wp-image-32583\" alt=\"\" srcset=\"https:\/\/landshuter-kurzfilmfestival.de\/wp-content\/uploads\/2025\/02\/Flamingo-Karaoke-skaliert.jpg 800w, https:\/\/landshuter-kurzfilmfestival.de\/wp-content\/uploads\/2025\/02\/Flamingo-Karaoke-skaliert-300x225.jpg 300w, https:\/\/landshuter-kurzfilmfestival.de\/wp-content\/uploads\/2025\/02\/Flamingo-Karaoke-skaliert-768x576.jpg 768w\" sizes=\"(max-width: 770px) 100vw, 770px\" \/>\t\t\t\t\t\t\t\t\t\t\t\t\t\t\t<\/div>\n<\/p><\/div>\n<\/p><\/div>\n<\/p><\/div>\n<div class=\"elementor-column elementor-col-50 elementor-top-column elementor-element elementor-element-5da085d\" data-id=\"5da085d\" data-element_type=\"column\">\n<div class=\"elementor-widget-wrap elementor-element-populated\">\n<div class=\"elementor-element elementor-element-bd7abf5 elementor-widget elementor-widget-image\" data-id=\"bd7abf5\" data-element_type=\"widget\" data-widget_type=\"image.default\">\n<div class=\"elementor-widget-container\">\n\t\t\t\t\t\t\t\t\t\t\t\t\t\t\t<img decoding=\"async\" width=\"770\" height=\"578\" src=\"https:\/\/landshuter-kurzfilmfestival.de\/wp-content\/uploads\/2025\/02\/Texas-Tex-Karaoke-skaliert.jpg\" class=\"attachment-large size-large wp-image-32582\" alt=\"\" srcset=\"https:\/\/landshuter-kurzfilmfestival.de\/wp-content\/uploads\/2025\/02\/Texas-Tex-Karaoke-skaliert.jpg 800w, https:\/\/landshuter-kurzfilmfestival.de\/wp-content\/uploads\/2025\/02\/Texas-Tex-Karaoke-skaliert-300x225.jpg 300w, https:\/\/landshuter-kurzfilmfestival.de\/wp-content\/uploads\/2025\/02\/Texas-Tex-Karaoke-skaliert-768x576.jpg 768w\" sizes=\"(max-width: 770px) 100vw, 770px\" \/>\t\t\t\t\t\t\t\t\t\t\t\t\t\t\t<\/div>\n<\/p><\/div>\n<\/p><\/div>\n<\/p><\/div>\n<\/p><\/div>\n<\/section><\/div>\n","protected":false},"excerpt":{"rendered":"<p>Karaoke Filmfestparty findet am Samstag, 34. M\u00e4rz, ab 23 Uhr im Flamingo statt Karaoke \u30ab\u30e9\u30aa\u30b1 Eintritt frei Das Landshuter Kurzfilmfestival versteht sich als gro\u00dfe cineastische Familie. Und wie in jeder Familie gibt es Traditionen, an denen man nicht r\u00fcttelt: Die Rede ist freilich von unserer legend\u00e4ren Karaokeparty. Filmemacher und Publikum werden zu einem internationalen Chor, &#8230; <br \/><a class=\"read-more\" href=\"https:\/\/landshuter-kurzfilmfestival.de\/de\/programm\/events\/karaoke-filmfestparty\/\">Read More<\/a><\/p>\n","protected":false},"author":4,"featured_media":0,"parent":17226,"menu_order":0,"comment_status":"closed","ping_status":"closed","template":"","meta":{"_acf_changed":false,"footnotes":""},"categories":[],"tags":[],"class_list":["post-5722","page","type-page","status-publish","hentry"],"acf":[],"_links":{"self":[{"href":"https:\/\/landshuter-kurzfilmfestival.de\/de\/wp-json\/wp\/v2\/pages\/5722","targetHints":{"allow":["GET"]}}],"collection":[{"href":"https:\/\/landshuter-kurzfilmfestival.de\/de\/wp-json\/wp\/v2\/pages"}],"about":[{"href":"https:\/\/landshuter-kurzfilmfestival.de\/de\/wp-json\/wp\/v2\/types\/page"}],"author":[{"embeddable":true,"href":"https:\/\/landshuter-kurzfilmfestival.de\/de\/wp-json\/wp\/v2\/users\/4"}],"replies":[{"embeddable":true,"href":"https:\/\/landshuter-kurzfilmfestival.de\/de\/wp-json\/wp\/v2\/comments?post=5722"}],"version-history":[{"count":41,"href":"https:\/\/landshuter-kurzfilmfestival.de\/de\/wp-json\/wp\/v2\/pages\/5722\/revisions"}],"predecessor-version":[{"id":36097,"href":"https:\/\/landshuter-kurzfilmfestival.de\/de\/wp-json\/wp\/v2\/pages\/5722\/revisions\/36097"}],"up":[{"embeddable":true,"href":"https:\/\/landshuter-kurzfilmfestival.de\/de\/wp-json\/wp\/v2\/pages\/17226"}],"wp:attachment":[{"href":"https:\/\/landshuter-kurzfilmfestival.de\/de\/wp-json\/wp\/v2\/media?parent=5722"}],"wp:term":[{"taxonomy":"category","embeddable":true,"href":"https:\/\/landshuter-kurzfilmfestival.de\/de\/wp-json\/wp\/v2\/categories?post=5722"},{"taxonomy":"post_tag","embeddable":true,"href":"https:\/\/landshuter-kurzfilmfestival.de\/de\/wp-json\/wp\/v2\/tags?post=5722"}],"curies":[{"name":"wp","href":"https:\/\/api.w.org\/{rel}","templated":true}]}}