{"id":5732,"date":"2018-02-07T22:53:27","date_gmt":"2018-02-07T21:53:27","guid":{"rendered":"http:\/\/2021.landshuter-kurzfilmfestival.de\/?page_id=5732"},"modified":"2025-02-15T12:19:13","modified_gmt":"2025-02-15T11:19:13","slug":"virtual-reality-wettbewerb","status":"publish","type":"page","link":"https:\/\/landshuter-kurzfilmfestival.de\/de\/programm\/wettbewerbe\/virtual-reality\/virtual-reality-wettbewerb\/","title":{"rendered":"Virtual Reality Wettbewerb"},"content":{"rendered":"<p><\/p>\n<div id=\"pl-5732\"  class=\"panel-layout\" >\n<div id=\"pg-5732-0\"  class=\"panel-grid panel-no-style\"  data-style=\"{&quot;background_display&quot;:&quot;tile&quot;}\" >\n<div id=\"pgc-5732-0-0\"  class=\"panel-grid-cell\"  data-weight=\"1\" >\n<div id=\"panel-5732-0-0-0\" class=\"so-panel widget widget_sow-editor panel-first-child\" data-index=\"0\" data-style=\"{&quot;background_image_attachment&quot;:false,&quot;background_display&quot;:&quot;tile&quot;}\" >\n<div class=\"so-widget-sow-editor so-widget-sow-editor-base\">\n<div class=\"siteorigin-widget-tinymce textwidget\">\n<table id=\"tablepress-75\" class=\"tablepress tablepress-id-75 film-list-header\">\n<tbody>\n<tr class=\"row-1\">\n<td class=\"column-1\">Spielzeit:<\/td>\n<td class=\"column-2\"><\/td>\n<td class=\"column-3\">ab 14 Jahren<\/td>\n<td class=\"column-4\"><\/td>\n<td class=\"column-5\"><\/td>\n<td class=\"column-6\"><\/td>\n<\/tr>\n<tr class=\"row-2\">\n<td class=\"column-1\">Spielort:<\/td>\n<td class=\"column-2\">Foyer Kinopolis &amp; Salzstadel<\/td>\n<td class=\"column-3\">Uhrzeit:<\/td>\n<td class=\"column-4\"> 14:00 bis 20:00 Uhr <\/td>\n<td class=\"column-5\">Datum:<\/td>\n<td class=\"column-6\">Donnerstag, 26.03. bis Samstag 28.03.<\/td>\n<\/tr>\n<\/tbody>\n<\/table>\n<p><!-- #tablepress-75 from cache --><\/div>\n<\/div>\n<\/div>\n<div id=\"panel-5732-0-0-1\" class=\"so-panel widget widget_sow-editor\" data-index=\"1\" data-style=\"{&quot;background_image_attachment&quot;:false,&quot;background_display&quot;:&quot;tile&quot;}\" >\n<div class=\"so-widget-sow-editor so-widget-sow-editor-base\">\n<h3 class=\"widget-title\">Virtual Reality \u2013 Fantastische Welten<\/h3>\n<div class=\"siteorigin-widget-tinymce textwidget\">\n<p>Auch beim 21. Landshuter Kurzfilmfestival haben Sie wieder die M\u00f6glichkeit in die Virtuelle Realit\u00e4t einzutauchen und sich in fantastische Welten entf\u00fchren zu lassen.<\/p>\n<p>Die VR Filme und Experiences stehen kostenlos zur Verf\u00fcgung.<\/p>\n<p>Im Kinopolis und im Salzstadel vom 26.03. bis 28.03. von 14:00 bis 20:00 Uhr.\n<\/p><\/div>\n<\/div>\n<\/div>\n<div id=\"panel-5732-0-0-2\" class=\"so-panel widget widget_sow-editor panel-last-child\" data-index=\"2\" data-style=\"{&quot;widget_css&quot;:&quot;display: none;&quot;,&quot;background_image_attachment&quot;:false,&quot;background_display&quot;:&quot;tile&quot;}\" >\n<div class=\"panel-widget-style panel-widget-style-for-5732-0-0-2\" >\n<div class=\"so-widget-sow-editor so-widget-sow-editor-base\">\n<h3 class=\"widget-title\">VR-Day &#8211; Samstag, 17. M\u00e4rz, ab 14 Uhr im Kinopolis <\/h3>\n<div class=\"siteorigin-widget-tinymce textwidget\">\n<p> Neben den atemberaubenden Filmen im VR Wettbewerb haben Sie am VR-Day die M\u00f6glichkeit noch tiefer in die fantastische Welt der Virtual Reality einzutauchen.<br \/> Die M\u00fcnchner VR Spezialisten Desing4real laden Sie zum virtuellen Oktoberfest ein und entf\u00fchren Sie mit dem Fesselballon in die L\u00fcfte. Dar\u00fcberhinaus kann VR Equipment wie Oculus Rift und HTC Vive getestet werden.<br \/> Richard und Susanne von The Power of Moo pr\u00e4sentieren ihren virtuellen Friseur, inklusive Geruch und Gef\u00fchl.<br \/> Wir w\u00fcnschen Ihnen viel Spa\u00df beim VR-Day.<\/p>\n<\/p>\n<p><a href=\"http:\/\/design4real.de\/\" target=\"_blank\" rel=\"noopener noreferrer\"><img decoding=\"async\" class=\"alignnone wp-image-6131 size-medium\" src=\"http:\/\/landshuter-kurzfilmfestival.de\/wp-content\/uploads\/2018\/03\/Design4real_uncoated-300x107.jpg\" alt=\"Design4real_uncoated.pdf\" width=\"300\" height=\"107\" \/><\/a><\/p>\n<\/div>\n<\/div>\n<\/div>\n<\/div>\n<\/div>\n<\/div>\n<\/div>\n<p><\/p>","protected":false},"excerpt":{"rendered":"<p>Virtual Reality \u2013 Fantastische Welten Auch beim 21. Landshuter Kurzfilmfestival haben Sie wieder die M\u00f6glichkeit in die Virtuelle Realit\u00e4t einzutauchen und sich in fantastische Welten entf\u00fchren zu lassen. Die VR Filme und Experiences stehen kostenlos zur Verf\u00fcgung. Im Kinopolis und im Salzstadel vom 26.03. bis 28.03. von 14:00 bis 20:00 Uhr. VR-Day &#8211; Samstag, 17. &#8230; <br \/><a class=\"read-more\" href=\"https:\/\/landshuter-kurzfilmfestival.de\/de\/programm\/wettbewerbe\/virtual-reality\/virtual-reality-wettbewerb\/\">Read More<\/a><\/p>\n","protected":false},"author":4,"featured_media":0,"parent":12179,"menu_order":0,"comment_status":"closed","ping_status":"closed","template":"page-film-list.php","meta":{"_acf_changed":false,"footnotes":""},"categories":[250],"tags":[],"class_list":["post-5732","page","type-page","status-publish","hentry","category-filmlist"],"acf":[],"_links":{"self":[{"href":"https:\/\/landshuter-kurzfilmfestival.de\/de\/wp-json\/wp\/v2\/pages\/5732","targetHints":{"allow":["GET"]}}],"collection":[{"href":"https:\/\/landshuter-kurzfilmfestival.de\/de\/wp-json\/wp\/v2\/pages"}],"about":[{"href":"https:\/\/landshuter-kurzfilmfestival.de\/de\/wp-json\/wp\/v2\/types\/page"}],"author":[{"embeddable":true,"href":"https:\/\/landshuter-kurzfilmfestival.de\/de\/wp-json\/wp\/v2\/users\/4"}],"replies":[{"embeddable":true,"href":"https:\/\/landshuter-kurzfilmfestival.de\/de\/wp-json\/wp\/v2\/comments?post=5732"}],"version-history":[{"count":2,"href":"https:\/\/landshuter-kurzfilmfestival.de\/de\/wp-json\/wp\/v2\/pages\/5732\/revisions"}],"predecessor-version":[{"id":34425,"href":"https:\/\/landshuter-kurzfilmfestival.de\/de\/wp-json\/wp\/v2\/pages\/5732\/revisions\/34425"}],"up":[{"embeddable":true,"href":"https:\/\/landshuter-kurzfilmfestival.de\/de\/wp-json\/wp\/v2\/pages\/12179"}],"wp:attachment":[{"href":"https:\/\/landshuter-kurzfilmfestival.de\/de\/wp-json\/wp\/v2\/media?parent=5732"}],"wp:term":[{"taxonomy":"category","embeddable":true,"href":"https:\/\/landshuter-kurzfilmfestival.de\/de\/wp-json\/wp\/v2\/categories?post=5732"},{"taxonomy":"post_tag","embeddable":true,"href":"https:\/\/landshuter-kurzfilmfestival.de\/de\/wp-json\/wp\/v2\/tags?post=5732"}],"curies":[{"name":"wp","href":"https:\/\/api.w.org\/{rel}","templated":true}]}}