{"id":596,"date":"2016-12-22T13:06:45","date_gmt":"2016-12-22T12:06:45","guid":{"rendered":"http:\/\/2021.landshuter-kurzfilmfestival.de\/?page_id=596"},"modified":"2025-06-14T12:38:10","modified_gmt":"2025-06-14T10:38:10","slug":"filmanmeldung","status":"publish","type":"page","link":"https:\/\/landshuter-kurzfilmfestival.de\/de\/branche\/filmanmeldung\/","title":{"rendered":"Filmanmeldung"},"content":{"rendered":"\n<div data-elementor-type=\"wp-page\" data-elementor-id=\"596\" class=\"elementor elementor-596\" data-elementor-post-type=\"page\">\n<section class=\"elementor-section elementor-top-section elementor-element elementor-element-f880bd9 elementor-hidden-desktop elementor-hidden-tablet elementor-hidden-mobile elementor-section-boxed elementor-section-height-default elementor-section-height-default\" data-id=\"f880bd9\" data-element_type=\"section\">\n<div class=\"elementor-container elementor-column-gap-default\">\n<div class=\"elementor-column elementor-col-100 elementor-top-column elementor-element elementor-element-959b918\" data-id=\"959b918\" data-element_type=\"column\">\n<div class=\"elementor-widget-wrap elementor-element-populated\">\n<div class=\"elementor-element elementor-element-13dad28 elementor-widget elementor-widget-text-editor\" data-id=\"13dad28\" data-element_type=\"widget\" data-widget_type=\"text-editor.default\">\n<div class=\"elementor-widget-container\">\n<p><strong>Die Filmanmeldung f\u00fcr das 23. Landshuter Kurzfilmfestival 2023 ist geschlossen.<\/strong><br \/>Ab August 2023 k\u00f6nnen Filme f\u00fcr das 24. Landshuter Kurzfilmfestival 2024<br \/>angemeldet werden.<\/p>\n<\/p><\/div>\n<\/p><\/div>\n<\/p><\/div>\n<\/p><\/div>\n<\/p><\/div>\n<\/section>\n<section class=\"elementor-section elementor-top-section elementor-element elementor-element-ffaeb3d elementor-section-boxed elementor-section-height-default elementor-section-height-default\" data-id=\"ffaeb3d\" data-element_type=\"section\">\n<div class=\"elementor-container elementor-column-gap-default\">\n<div class=\"elementor-column elementor-col-100 elementor-top-column elementor-element elementor-element-543796e\" data-id=\"543796e\" data-element_type=\"column\">\n<div class=\"elementor-widget-wrap elementor-element-populated\">\n<div class=\"elementor-element elementor-element-11d8905 elementor-hidden-desktop elementor-hidden-tablet elementor-hidden-mobile elementor-widget elementor-widget-text-editor\" data-id=\"11d8905\" data-element_type=\"widget\" data-widget_type=\"text-editor.default\">\n<div class=\"elementor-widget-container\">\n<p>Sp\u00e4t Einreichungen zum 26. Landshuter Kurzfilmfestival sind noch bis zum 1. Dezember 2025 m\u00f6glich. Die Filme m\u00fcssen nach dem 1. Januar 2024 fertiggestellt worden sein und die Spielzeit darf nicht l\u00e4nger als 30 Minuten betragen.<\/p>\n<\/p><\/div>\n<\/p><\/div>\n<div class=\"elementor-element elementor-element-b025cfe elementor-widget elementor-widget-text-editor\" data-id=\"b025cfe\" data-element_type=\"widget\" data-widget_type=\"text-editor.default\">\n<div class=\"elementor-widget-container\">\n<p>Vom 26. Juni bis zum 26. November 2025 k\u00f6nnen Kurzfilme aller Genres zum 26. Landshuter Kurzfilmfestival angemeldet werden. Die Filme m\u00fcssen nach dem 1. Januar 2024 fertiggestellt worden sein und die Spielzeit darf nicht l\u00e4nger als 30 Minuten betragen.<\/p>\n<\/p><\/div>\n<\/p><\/div>\n<div class=\"elementor-element elementor-element-4cdc42e elementor-widget elementor-widget-html\" data-id=\"4cdc42e\" data-element_type=\"widget\" data-widget_type=\"html.default\">\n<div class=\"elementor-widget-container\">\n\t\t\t\t\t<center><a href=\"https:\/\/filmfreeway.com\/festivals\/62488?utm_campaign=Landshuter+Kurzfilmfestival+%2F+Landshut+Short+Film+Festival&utm_medium=External&utm_source=Submission+Button\" target=\"_blank\" title=\"Click to submit on FilmFreeway\"><img decoding=\"async\" src=\"https:\/\/public-assets.filmfreeway.com\/submission_buttons\/v2\/sm_submission_btn@2x-sky-gradient.png\" title=\"Click to submit on FilmFreeway\" width=\"263\" height=\"49\"><\/a><\/center>\t\t\t\t<\/div>\n<\/p><\/div>\n<\/p><\/div>\n<\/p><\/div>\n<\/p><\/div>\n<\/section><\/div>\n","protected":false},"excerpt":{"rendered":"<p>Die Filmanmeldung f\u00fcr das 23. Landshuter Kurzfilmfestival 2023 ist geschlossen.Ab August 2023 k\u00f6nnen Filme f\u00fcr das 24. Landshuter Kurzfilmfestival 2024angemeldet werden. Sp\u00e4t Einreichungen zum 26. Landshuter Kurzfilmfestival sind noch bis zum 1. Dezember 2025 m\u00f6glich. Die Filme m\u00fcssen nach dem 1. Januar 2024 fertiggestellt worden sein und die Spielzeit darf nicht l\u00e4nger als 30 Minuten &#8230; <br \/><a class=\"read-more\" href=\"https:\/\/landshuter-kurzfilmfestival.de\/de\/branche\/filmanmeldung\/\">Read More<\/a><\/p>\n","protected":false},"author":4,"featured_media":0,"parent":17214,"menu_order":0,"comment_status":"closed","ping_status":"closed","template":"","meta":{"_acf_changed":false,"footnotes":""},"categories":[],"tags":[],"class_list":["post-596","page","type-page","status-publish","hentry"],"acf":[],"_links":{"self":[{"href":"https:\/\/landshuter-kurzfilmfestival.de\/de\/wp-json\/wp\/v2\/pages\/596","targetHints":{"allow":["GET"]}}],"collection":[{"href":"https:\/\/landshuter-kurzfilmfestival.de\/de\/wp-json\/wp\/v2\/pages"}],"about":[{"href":"https:\/\/landshuter-kurzfilmfestival.de\/de\/wp-json\/wp\/v2\/types\/page"}],"author":[{"embeddable":true,"href":"https:\/\/landshuter-kurzfilmfestival.de\/de\/wp-json\/wp\/v2\/users\/4"}],"replies":[{"embeddable":true,"href":"https:\/\/landshuter-kurzfilmfestival.de\/de\/wp-json\/wp\/v2\/comments?post=596"}],"version-history":[{"count":40,"href":"https:\/\/landshuter-kurzfilmfestival.de\/de\/wp-json\/wp\/v2\/pages\/596\/revisions"}],"predecessor-version":[{"id":35284,"href":"https:\/\/landshuter-kurzfilmfestival.de\/de\/wp-json\/wp\/v2\/pages\/596\/revisions\/35284"}],"up":[{"embeddable":true,"href":"https:\/\/landshuter-kurzfilmfestival.de\/de\/wp-json\/wp\/v2\/pages\/17214"}],"wp:attachment":[{"href":"https:\/\/landshuter-kurzfilmfestival.de\/de\/wp-json\/wp\/v2\/media?parent=596"}],"wp:term":[{"taxonomy":"category","embeddable":true,"href":"https:\/\/landshuter-kurzfilmfestival.de\/de\/wp-json\/wp\/v2\/categories?post=596"},{"taxonomy":"post_tag","embeddable":true,"href":"https:\/\/landshuter-kurzfilmfestival.de\/de\/wp-json\/wp\/v2\/tags?post=596"}],"curies":[{"name":"wp","href":"https:\/\/api.w.org\/{rel}","templated":true}]}}