{"id":9157,"date":"2020-02-08T08:40:20","date_gmt":"2020-02-08T07:40:20","guid":{"rendered":"http:\/\/2021.landshuter-kurzfilmfestival.de\/?page_id=9157"},"modified":"2026-01-25T17:25:51","modified_gmt":"2026-01-25T16:25:51","slug":"comedy-night","status":"publish","type":"page","link":"https:\/\/landshuter-kurzfilmfestival.de\/de\/programm\/sonderprogramme\/comedy-night\/","title":{"rendered":"Comedy Night"},"content":{"rendered":"\n<div data-elementor-type=\"wp-page\" data-elementor-id=\"9157\" class=\"elementor elementor-9157\" data-elementor-post-type=\"page\">\n<section class=\"elementor-section elementor-top-section elementor-element elementor-element-d5cb665 elementor-section-full_width elementor-section-height-default elementor-section-height-default\" data-id=\"d5cb665\" data-element_type=\"section\">\n<div class=\"elementor-container elementor-column-gap-default\">\n<div class=\"elementor-column elementor-col-100 elementor-top-column elementor-element elementor-element-6fe21ba\" data-id=\"6fe21ba\" data-element_type=\"column\">\n<div class=\"elementor-widget-wrap elementor-element-populated\">\n<div class=\"elementor-element elementor-element-3142e08 elementor-widget elementor-widget-text-editor\" data-id=\"3142e08\" data-element_type=\"widget\" data-widget_type=\"text-editor.default\">\n<div class=\"elementor-widget-container\">\n<table id=\"tablepress-42\" class=\"tablepress tablepress-id-42 film-list-header\">\n<tbody>\n<tr class=\"row-1\">\n<td class=\"column-1\">Spielzeit: <\/td>\n<td class=\"column-2\"> ca. 140 Min. <\/td>\n<td class=\"column-3\"> ab 12 Jahren <\/td>\n<td class=\"column-4\">  <\/td>\n<td class=\"column-5\">  <\/td>\n<td class=\"column-6\"> <\/td>\n<\/tr>\n<tr class=\"row-2\">\n<td class=\"column-1\">Spielort: <\/td>\n<td class=\"column-2\"> Kinopolis Kino 9 <\/td>\n<td class=\"column-3\"> Uhrzeit: <\/td>\n<td class=\"column-4\"> 22:30 Uhr <\/td>\n<td class=\"column-5\"> Datum: <\/td>\n<td class=\"column-6\">Samstag, 14.03.<\/td>\n<\/tr>\n<\/tbody>\n<\/table>\n<p><!-- #tablepress-42 from cache --><\/p>\n<\/p><\/div>\n<\/p><\/div>\n<div class=\"elementor-element elementor-element-a788876 elementor-widget elementor-widget-heading\" data-id=\"a788876\" data-element_type=\"widget\" data-widget_type=\"heading.default\">\n<div class=\"elementor-widget-container\">\n<h2 class=\"elementor-heading-title elementor-size-default\">Comedy Night<\/h2>\n<\/p><\/div>\n<\/p><\/div>\n<\/p><\/div>\n<\/p><\/div>\n<\/p><\/div>\n<\/section>\n<section class=\"elementor-section elementor-top-section elementor-element elementor-element-66e9d0a elementor-section-full_width elementor-section-height-default elementor-section-height-default\" data-id=\"66e9d0a\" data-element_type=\"section\">\n<div class=\"elementor-container elementor-column-gap-default\">\n<div class=\"elementor-column elementor-col-100 elementor-top-column elementor-element elementor-element-9d409d8\" data-id=\"9d409d8\" data-element_type=\"column\">\n<div class=\"elementor-widget-wrap elementor-element-populated\">\n<div class=\"elementor-element elementor-element-487ebcc elementor-widget elementor-widget-spacer\" data-id=\"487ebcc\" data-element_type=\"widget\" data-widget_type=\"spacer.default\">\n<div class=\"elementor-widget-container\">\n<div class=\"elementor-spacer\">\n<div class=\"elementor-spacer-inner\"><\/div>\n<\/p><\/div>\n<\/p><\/div>\n<\/p><\/div>\n<div class=\"elementor-element elementor-element-a8a3920 elementor-widget elementor-widget-text-editor\" data-id=\"a8a3920\" data-element_type=\"widget\" data-widget_type=\"text-editor.default\">\n<div class=\"elementor-widget-container\">\n<p>\u201eHumor ist der Knopf, der verhindert, dass uns der Kragen platzt.\u201c Unsere Comedy Night ist eine kleine Flucht aus dem Alltag: Wir pr\u00e4sentieren eine Kollektion der absurdesten, kl\u00fcgsten und herzhaft-komischsten Fundst\u00fccke quer durch das gesamte Festivalprogramm. Ein Abend wie ein inneres Aufatmen, ganz unsere Kragenweite.<\/p>\n<p>Man muss sich dem Leben stellen, um es in vollen Z\u00fcgen zu genie\u00dfen. \u00dcber den eigenen Schatten springen und an sich glauben, selbst wenn das bedeutet, dass man zum ersten Mal allein eine Sektflasche \u00f6ffnet. F\u00fcr ein Prost, f\u00fcr die Geschwisterliebe und vor allem WEGEN MAMA. Und wenn die Nachbarn sich zu laut lieb haben, k\u00f6nnen sie einen gern haben. Ein Kleinkrieg im Mietshaus statt erholsamem Schlaf und man ist alles andere als SOUND ASLEEP.<\/p>\n<p>DIE BARONESS h\u00f6rt eines Morgens pl\u00f6tzlich Stimmen, bzw. eine: die des Erz\u00e4hlers ihres eigenen M\u00e4rchens. Ein Wahnsinn, aber eigentlich ein praktisches Werkzeug, um aus grimmen patriarchalischen Mustern auszubrechen. Simone hingegen ist entt\u00e4uscht von der Kirche. Nicht von Gott, vielmehr h\u00e4tte sie sich vom Gemeindepfarrer etwas mehr Enthusiasmus bei ihrem Exorzismus gew\u00fcnscht. Wie man es halt aus dem Kino kennt: einfach mehr \u201eUmpf\u201c, nicht so runtergeleiert und GOTTLOS.<\/p>\n<p>Zwischen Badezimmerarmaturenmontage und Di\u00e4tclub m\u00f6chte der gutherzige Josef eigentlich am liebsten Rennen mit Modellautos spielen. Doch zuvor gilt es, sich gegen DIE GEMEINEN KLEINIGKEITEN und beil\u00e4ufige Sticheleien endlich zu wehren. Kaum zu glauben, aber ausgerechnet in einem kleinen Gartenh\u00e4uschen, inmitten einer gr\u00fcnen Idylle und ganz nahe am Nirgendwo, beginnt in ZOETROPOLIS die Apokalypse. Ein klares Zeichen daf\u00fcr, dass man nie von den eigenen Tr\u00e4umen abkommen sollte. Schlie\u00dflich ist es nie zu sp\u00e4t, die Weltherrschaft an sich zu rei\u00dfen.<\/p>\n<p>In der Natur findet man so wunderbar zu sich selbst, wenn etwas auf der Seele lastet. Man sollte es nur nicht wie Oscar in BLUEBERRY \u00fcbertreiben, der orientierungslos und leicht bekleidet mitten in einem schwedischen Wald zu sich kommt. F\u00fcr die Katerstimmung nach einer so langen Nacht hilft schlie\u00dflich ein BIG BREAKFAST. Spiegeleier, Speck und gebackene Bohnen werden es richten oder verm\u00f6gen zumindest nicht, noch mehr Schaden anzurichten.<\/p>\n<p><\/p>\n<\/p><\/div>\n<\/p><\/div>\n<div class=\"elementor-element elementor-element-f13e83c elementor-widget elementor-widget-spacer\" data-id=\"f13e83c\" data-element_type=\"widget\" data-widget_type=\"spacer.default\">\n<div class=\"elementor-widget-container\">\n<div class=\"elementor-spacer\">\n<div class=\"elementor-spacer-inner\"><\/div>\n<\/p><\/div>\n<\/p><\/div>\n<\/p><\/div>\n<\/p><\/div>\n<\/p><\/div>\n<\/p><\/div>\n<\/section>\n<section class=\"elementor-section elementor-top-section elementor-element elementor-element-eb471c1 elementor-section-full_width elementor-hidden-desktop elementor-hidden-tablet elementor-hidden-mobile elementor-section-height-default elementor-section-height-default\" data-id=\"eb471c1\" data-element_type=\"section\">\n<div class=\"elementor-container elementor-column-gap-default\">\n<div class=\"elementor-column elementor-col-50 elementor-top-column elementor-element elementor-element-ba81c23\" data-id=\"ba81c23\" data-element_type=\"column\">\n<div class=\"elementor-widget-wrap elementor-element-populated\">\n<div class=\"elementor-element elementor-element-476bee7 elementor-align-center competition-btn elementor-widget elementor-widget-button\" data-id=\"476bee7\" data-element_type=\"widget\" data-widget_type=\"button.default\">\n<div class=\"elementor-widget-container\">\n<div class=\"elementor-button-wrapper\">\n\t\t\t\t\t<a class=\"elementor-button elementor-button-link elementor-size-sm\" href=\"\/programm\/sonderprogramme\/comedy-night\/comedy-night-1\/\"><br \/>\n\t\t\t\t\t\t<span class=\"elementor-button-content-wrapper\"><br \/>\n\t\t\t\t\t\t\t\t\t<span class=\"elementor-button-text\">Comedy Night 1<\/span><br \/>\n\t\t\t\t\t<\/span><br \/>\n\t\t\t\t\t<\/a>\n\t\t\t\t<\/div>\n<\/p><\/div>\n<\/p><\/div>\n<\/p><\/div>\n<\/p><\/div>\n<div class=\"elementor-column elementor-col-50 elementor-top-column elementor-element elementor-element-3ae43b4\" data-id=\"3ae43b4\" data-element_type=\"column\">\n<div class=\"elementor-widget-wrap elementor-element-populated\">\n<div class=\"elementor-element elementor-element-1ad7e50 elementor-align-center competition-btn elementor-widget elementor-widget-button\" data-id=\"1ad7e50\" data-element_type=\"widget\" data-widget_type=\"button.default\">\n<div class=\"elementor-widget-container\">\n<div class=\"elementor-button-wrapper\">\n\t\t\t\t\t<a class=\"elementor-button elementor-button-link elementor-size-sm\" href=\"\/programm\/sonderprogramme\/comedy-night\/comedy-night-2\/\"><br \/>\n\t\t\t\t\t\t<span class=\"elementor-button-content-wrapper\"><br \/>\n\t\t\t\t\t\t\t\t\t<span class=\"elementor-button-text\">Comedy Night 2<\/span><br \/>\n\t\t\t\t\t<\/span><br \/>\n\t\t\t\t\t<\/a>\n\t\t\t\t<\/div>\n<\/p><\/div>\n<\/p><\/div>\n<\/p><\/div>\n<\/p><\/div>\n<\/p><\/div>\n<\/section><\/div>\n","protected":false},"excerpt":{"rendered":"<p>Comedy Night \u201eHumor ist der Knopf, der verhindert, dass uns der Kragen platzt.\u201c Unsere Comedy Night ist eine kleine Flucht aus dem Alltag: Wir pr\u00e4sentieren eine Kollektion der absurdesten, kl\u00fcgsten und herzhaft-komischsten Fundst\u00fccke quer durch das gesamte Festivalprogramm. Ein Abend wie ein inneres Aufatmen, ganz unsere Kragenweite. Man muss sich dem Leben stellen, um es &#8230; <br \/><a class=\"read-more\" href=\"https:\/\/landshuter-kurzfilmfestival.de\/de\/programm\/sonderprogramme\/comedy-night\/\">Read More<\/a><\/p>\n","protected":false},"author":4,"featured_media":0,"parent":5180,"menu_order":0,"comment_status":"closed","ping_status":"closed","template":"page-film-list.php","meta":{"_acf_changed":false,"footnotes":""},"categories":[250],"tags":[],"class_list":["post-9157","page","type-page","status-publish","hentry","category-filmlist"],"acf":[],"_links":{"self":[{"href":"https:\/\/landshuter-kurzfilmfestival.de\/de\/wp-json\/wp\/v2\/pages\/9157","targetHints":{"allow":["GET"]}}],"collection":[{"href":"https:\/\/landshuter-kurzfilmfestival.de\/de\/wp-json\/wp\/v2\/pages"}],"about":[{"href":"https:\/\/landshuter-kurzfilmfestival.de\/de\/wp-json\/wp\/v2\/types\/page"}],"author":[{"embeddable":true,"href":"https:\/\/landshuter-kurzfilmfestival.de\/de\/wp-json\/wp\/v2\/users\/4"}],"replies":[{"embeddable":true,"href":"https:\/\/landshuter-kurzfilmfestival.de\/de\/wp-json\/wp\/v2\/comments?post=9157"}],"version-history":[{"count":53,"href":"https:\/\/landshuter-kurzfilmfestival.de\/de\/wp-json\/wp\/v2\/pages\/9157\/revisions"}],"predecessor-version":[{"id":37445,"href":"https:\/\/landshuter-kurzfilmfestival.de\/de\/wp-json\/wp\/v2\/pages\/9157\/revisions\/37445"}],"up":[{"embeddable":true,"href":"https:\/\/landshuter-kurzfilmfestival.de\/de\/wp-json\/wp\/v2\/pages\/5180"}],"wp:attachment":[{"href":"https:\/\/landshuter-kurzfilmfestival.de\/de\/wp-json\/wp\/v2\/media?parent=9157"}],"wp:term":[{"taxonomy":"category","embeddable":true,"href":"https:\/\/landshuter-kurzfilmfestival.de\/de\/wp-json\/wp\/v2\/categories?post=9157"},{"taxonomy":"post_tag","embeddable":true,"href":"https:\/\/landshuter-kurzfilmfestival.de\/de\/wp-json\/wp\/v2\/tags?post=9157"}],"curies":[{"name":"wp","href":"https:\/\/api.w.org\/{rel}","templated":true}]}}