{"id":9162,"date":"2020-02-08T08:41:41","date_gmt":"2020-02-08T07:41:41","guid":{"rendered":"http:\/\/2021.landshuter-kurzfilmfestival.de\/?page_id=9162"},"modified":"2025-02-15T12:00:51","modified_gmt":"2025-02-15T11:00:51","slug":"lieblingsfilme-der-redaktion-1","status":"publish","type":"page","link":"https:\/\/landshuter-kurzfilmfestival.de\/de\/lieblingsfilme-der-redaktion-1\/","title":{"rendered":"Lieblingsfilme der Redaktion 1"},"content":{"rendered":"<p><\/p>\n<div id=\"pl-9162\"  class=\"panel-layout\" >\n<div id=\"pg-9162-0\"  class=\"panel-grid panel-has-style\"  data-style=\"{&quot;row_css&quot;:&quot;display:none&quot;,&quot;background_image_attachment&quot;:false,&quot;background_display&quot;:&quot;tile&quot;,&quot;cell_alignment&quot;:&quot;flex-start&quot;}\" >\n<div class=\"panel-row-style panel-row-style-for-9162-0\" >\n<div id=\"pgc-9162-0-0\"  class=\"panel-grid-cell\"  data-weight=\"1\" >\n<div id=\"panel-9162-0-0-0\" class=\"so-panel widget widget_sow-editor panel-first-child panel-last-child\" data-index=\"0\" >\n<div class=\"so-widget-sow-editor so-widget-sow-editor-base\">\n<div class=\"siteorigin-widget-tinymce textwidget\">\n<table id=\"tablepress-31\" class=\"tablepress tablepress-id-31 film-list-header\">\n<tbody>\n<tr class=\"row-1\">\n<td class=\"column-1\">Spielzeit: <\/td>\n<td class=\"column-2\"> ca. 120 Min. <\/td>\n<td class=\"column-3\"> ab 18 Jahren <\/td>\n<td class=\"column-4\">  <\/td>\n<td class=\"column-5\">  <\/td>\n<td class=\"column-6\"> <\/td>\n<\/tr>\n<tr class=\"row-2\">\n<td class=\"column-1\">Spielort: <\/td>\n<td class=\"column-2\"> Kinopolis Kino 5 <\/td>\n<td class=\"column-3\"> Uhrzeit: <\/td>\n<td class=\"column-4\"> 17:30 Uhr <\/td>\n<td class=\"column-5\"> Datum: <\/td>\n<td class=\"column-6\">Donnerstag, 12.03.<\/td>\n<\/tr>\n<\/tbody>\n<\/table>\n<p><!-- #tablepress-31 from cache --><\/div>\n<\/div>\n<\/div>\n<\/div>\n<\/div>\n<\/div>\n<div id=\"pg-9162-1\"  class=\"panel-grid panel-no-style\" >\n<div id=\"pgc-9162-1-0\"  class=\"panel-grid-cell\"  data-weight=\"1\" >\n<div id=\"panel-9162-1-0-0\" class=\"so-panel widget widget_sow-editor panel-first-child\" data-index=\"1\" data-style=\"{&quot;background_image_attachment&quot;:false,&quot;background_display&quot;:&quot;tile&quot;}\" >\n<div class=\"so-widget-sow-editor so-widget-sow-editor-base\">\n<div class=\"siteorigin-widget-tinymce textwidget\">\n<p>Fast alle Filme sind vom 28.04.2021 19:30 Uhr bis 09.05.2021 23:59 Uhr online verf\u00fcgbar. Einige Filme sind m\u00f6glicherweise zu unterschiedlichen Zeiten verf\u00fcgbar. Dies ist auf der jeweiligen Filmseite angegeben.<br \/>\n<a href=\"http:\/\/landshuter-kurzfilmfestival.de\/online\/\" target=\"_blank\" rel=\"noopener\">Hier<\/a> sind alle betroffenen Filme zusammengefasst.\n<\/div>\n<\/div>\n<\/div>\n<div id=\"panel-9162-1-0-1\" class=\"so-panel widget widget_custom_html panel-last-child\" data-index=\"2\" data-style=\"{&quot;background_image_attachment&quot;:false,&quot;background_display&quot;:&quot;tile&quot;}\" >[siteorigin_widget class=&#8220;WP_Widget_Custom_HTML&#8220;]<input type=\"hidden\" value=\"{&quot;instance&quot;:{&quot;title&quot;:&quot;&quot;,&quot;content&quot;:&quot;&lt;div style=\\&quot;overflow: hidden; padding-top: 56.25%; height: 0; position: relative; width: 100%;\\&quot;&gt;&lt;iframe style=\\&quot;border: 0; height: 100%; left: 0; position: absolute; top: 0; width: 100%;\\&quot; src=\\&quot;https:\\\/\\\/embed.cdn.pantaflix.com\\\/latest\\\/#\\\/lakff\\\/playlist\\\/1267\\&quot; allow=\\&quot;autoplay; encrypted-media; picture-in-picture\\&quot; frameborder=\\&quot;0\\&quot; allowfullscreen=\\&quot;true\\&quot;&gt;&lt;\\\/iframe&gt;&lt;\\\/div&gt;&quot;,&quot;so_sidebar_emulator_id&quot;:&quot;custom_html-916210002&quot;,&quot;option_name&quot;:&quot;widget_custom_html&quot;},&quot;args&quot;:{&quot;before_widget&quot;:&quot;&lt;div id=\\&quot;panel-9162-1-0-1\\&quot; class=\\&quot;so-panel widget widget_custom_html panel-last-child\\&quot; data-index=\\&quot;2\\&quot; data-style=\\&quot;{&amp;quot;background_image_attachment&amp;quot;:false,&amp;quot;background_display&amp;quot;:&amp;quot;tile&amp;quot;}\\&quot; &gt;&quot;,&quot;after_widget&quot;:&quot;&lt;\\\/div&gt;&quot;,&quot;before_title&quot;:&quot;&lt;h3 class=\\&quot;widget-title\\&quot;&gt;&quot;,&quot;after_title&quot;:&quot;&lt;\\\/h3&gt;&quot;,&quot;widget_id&quot;:&quot;widget-1-0-1&quot;}}\" \/>[\/siteorigin_widget]<\/div>\n<\/div>\n<\/div>\n<\/div>\n<p><\/p>","protected":false},"excerpt":{"rendered":"<p>Fast alle Filme sind vom 28.04.2021 19:30 Uhr bis 09.05.2021 23:59 Uhr online verf\u00fcgbar. Einige Filme sind m\u00f6glicherweise zu unterschiedlichen Zeiten verf\u00fcgbar. Dies ist auf der jeweiligen Filmseite angegeben. Hier sind alle betroffenen Filme zusammengefasst. [siteorigin_widget class=&#8220;WP_Widget_Custom_HTML&#8220;][\/siteorigin_widget]<\/p>\n","protected":false},"author":4,"featured_media":0,"parent":0,"menu_order":0,"comment_status":"closed","ping_status":"closed","template":"page-film-list.php","meta":{"_acf_changed":false,"footnotes":""},"categories":[250],"tags":[],"class_list":["post-9162","page","type-page","status-publish","hentry","category-filmlist"],"acf":[],"_links":{"self":[{"href":"https:\/\/landshuter-kurzfilmfestival.de\/de\/wp-json\/wp\/v2\/pages\/9162","targetHints":{"allow":["GET"]}}],"collection":[{"href":"https:\/\/landshuter-kurzfilmfestival.de\/de\/wp-json\/wp\/v2\/pages"}],"about":[{"href":"https:\/\/landshuter-kurzfilmfestival.de\/de\/wp-json\/wp\/v2\/types\/page"}],"author":[{"embeddable":true,"href":"https:\/\/landshuter-kurzfilmfestival.de\/de\/wp-json\/wp\/v2\/users\/4"}],"replies":[{"embeddable":true,"href":"https:\/\/landshuter-kurzfilmfestival.de\/de\/wp-json\/wp\/v2\/comments?post=9162"}],"version-history":[{"count":2,"href":"https:\/\/landshuter-kurzfilmfestival.de\/de\/wp-json\/wp\/v2\/pages\/9162\/revisions"}],"predecessor-version":[{"id":34364,"href":"https:\/\/landshuter-kurzfilmfestival.de\/de\/wp-json\/wp\/v2\/pages\/9162\/revisions\/34364"}],"wp:attachment":[{"href":"https:\/\/landshuter-kurzfilmfestival.de\/de\/wp-json\/wp\/v2\/media?parent=9162"}],"wp:term":[{"taxonomy":"category","embeddable":true,"href":"https:\/\/landshuter-kurzfilmfestival.de\/de\/wp-json\/wp\/v2\/categories?post=9162"},{"taxonomy":"post_tag","embeddable":true,"href":"https:\/\/landshuter-kurzfilmfestival.de\/de\/wp-json\/wp\/v2\/tags?post=9162"}],"curies":[{"name":"wp","href":"https:\/\/api.w.org\/{rel}","templated":true}]}}