{"id":9169,"date":"2020-02-08T12:24:38","date_gmt":"2020-02-08T11:24:38","guid":{"rendered":"http:\/\/2021.landshuter-kurzfilmfestival.de\/?page_id=9169"},"modified":"2026-01-25T17:11:00","modified_gmt":"2026-01-25T16:11:00","slug":"animation-special","status":"publish","type":"page","link":"https:\/\/landshuter-kurzfilmfestival.de\/de\/programm\/sonderprogramme\/animation-special\/","title":{"rendered":"Animation Special"},"content":{"rendered":"\n<div data-elementor-type=\"wp-page\" data-elementor-id=\"9169\" class=\"elementor elementor-9169\" data-elementor-post-type=\"page\">\n<section class=\"elementor-section elementor-top-section elementor-element elementor-element-f02db48 elementor-section-full_width elementor-section-height-default elementor-section-height-default\" data-id=\"f02db48\" data-element_type=\"section\">\n<div class=\"elementor-container elementor-column-gap-default\">\n<div class=\"elementor-column elementor-col-100 elementor-top-column elementor-element elementor-element-f5802da\" data-id=\"f5802da\" data-element_type=\"column\">\n<div class=\"elementor-widget-wrap elementor-element-populated\">\n<div class=\"elementor-element elementor-element-1688bc5 elementor-widget elementor-widget-text-editor\" data-id=\"1688bc5\" data-element_type=\"widget\" data-widget_type=\"text-editor.default\">\n<div class=\"elementor-widget-container\">\n<table id=\"tablepress-70\" class=\"tablepress tablepress-id-70 film-list-header\">\n<tbody>\n<tr class=\"row-1\">\n<td class=\"column-1\">Spielzeit: <\/td>\n<td class=\"column-2\"> ca. 120 Min. <\/td>\n<td class=\"column-3\"> ab 12 Jahren <\/td>\n<td class=\"column-4\">  <\/td>\n<td class=\"column-5\">  <\/td>\n<td class=\"column-6\"> <\/td>\n<\/tr>\n<tr class=\"row-2\">\n<td class=\"column-1\">Spielort: <\/td>\n<td class=\"column-2\"> Kinopolis Kino 9 <\/td>\n<td class=\"column-3\"> Uhrzeit: <\/td>\n<td class=\"column-4\"> 17:30 Uhr <\/td>\n<td class=\"column-5\"> Datum: <\/td>\n<td class=\"column-6\">Freitag, 13.03.<\/td>\n<\/tr>\n<\/tbody>\n<\/table>\n<p><!-- #tablepress-70 from cache -->\t\t\t\t\t\t\t\t<\/div>\n<\/p><\/div>\n<div class=\"elementor-element elementor-element-c734828 elementor-widget elementor-widget-heading\" data-id=\"c734828\" data-element_type=\"widget\" data-widget_type=\"heading.default\">\n<div class=\"elementor-widget-container\">\n<h2 class=\"elementor-heading-title elementor-size-xxl\">Animation Special<\/h2>\n<\/p><\/div>\n<\/p><\/div>\n<\/p><\/div>\n<\/p><\/div>\n<\/p><\/div>\n<\/section>\n<section class=\"elementor-section elementor-top-section elementor-element elementor-element-d792690 elementor-section-full_width elementor-section-height-default elementor-section-height-default\" data-id=\"d792690\" data-element_type=\"section\">\n<div class=\"elementor-container elementor-column-gap-default\">\n<div class=\"elementor-column elementor-col-100 elementor-top-column elementor-element elementor-element-2e98c95\" data-id=\"2e98c95\" data-element_type=\"column\">\n<div class=\"elementor-widget-wrap\">\n\t\t\t\t\t\t\t<\/div>\n<\/p><\/div>\n<\/p><\/div>\n<\/section>\n<section class=\"elementor-section elementor-top-section elementor-element elementor-element-40296ee elementor-section-full_width elementor-section-height-default elementor-section-height-default\" data-id=\"40296ee\" data-element_type=\"section\">\n<div class=\"elementor-container elementor-column-gap-default\">\n<div class=\"elementor-column elementor-col-100 elementor-top-column elementor-element elementor-element-b733dc4\" data-id=\"b733dc4\" data-element_type=\"column\">\n<div class=\"elementor-widget-wrap elementor-element-populated\">\n<div class=\"elementor-element elementor-element-0512a99 elementor-widget elementor-widget-spacer\" data-id=\"0512a99\" data-element_type=\"widget\" data-widget_type=\"spacer.default\">\n<div class=\"elementor-widget-container\">\n<div class=\"elementor-spacer\">\n<div class=\"elementor-spacer-inner\"><\/div>\n<\/p><\/div>\n<\/p><\/div>\n<\/p><\/div>\n<div class=\"elementor-element elementor-element-ef4cff5 elementor-widget elementor-widget-text-editor\" data-id=\"ef4cff5\" data-element_type=\"widget\" data-widget_type=\"text-editor.default\">\n<div class=\"elementor-widget-container\">\n<p>Ein pinkes Kaninchen kichert und tollt, bis \u00fcber die langen L\u00f6ffel in flauschigem Watteschaum versinkend. Doch pl\u00f6tzlich kippt die Stimmung. \u201eGuck mich nicht so an!\u201c, fordert das Wesen mit emanzipiertem Nachdruck. Es zerrt erst an seiner k\u00fcnstlichen H\u00fclle, dann an der eigenen Haut, in der es sich so unwohl f\u00fchlt. Es ist nicht, es <i>will<\/i> nicht so niedlich sein, wie es auf uns wirkt. Es ist nicht nur f\u00fcr uns da, das Publikum. Aber wer braucht hier wen? Das Publikum die harmlose Unterhaltung eines spielenden Kaninchens &#8211; oder doch das Karnickel den Blick der anderen? Ein Teufelskreis der Gewalt. (CYCLE OF VIOLENCE &#8211; PUPPY PLEASE!)<\/p>\n<p>\u00a0<\/p>\n<p>Ein inniger Moment, eine Umarmung, ein N\u00e4herkommen, ein Kuss. Man ist frisch verliebt, man will einander sein Innerstes preisgeben. Und pl\u00f6tzlich <i>muss<\/i> man sein Innerstes loswerden. Fatalerweise nicht die aufkeimenden Gef\u00fchle, sondern das schlecht verdaubare Mittagessen. Das Liebesspiel wird zum Kampf zwischen Darm und Herz. Liebe geht eben durch den Magen, bis zum explosiven Ende. Es ist der Darm mit Charme. (M\u00dcSSEN M\u00dcSSEN)<\/p>\n<p>\u00a0<\/p>\n<p>KARIES beleuchtet das Leben aus Sicht der Bakterien. War die Geschichte von Karius und Baktus am Ende nur Propaganda der Zahn\u00e4rzte? Wir erleben den Existenzkampf kleiner Bakterien in der widrigen Umgebung des Mundes. M\u00fchsam sammeln sie kleinste Speisefetzen f\u00fcr ihr mageres Mahl, w\u00e4hrend ihr Wirt sich faul von seinem Wirt eine fein gekochte Suppe servieren l\u00e4sst. Naive H\u00f6hlenmalerei in Schwarz an der Zahnwand zeugt von einer fr\u00fchen Zivilisation, doch selbst diese fr\u00fche Kunstform wird nicht gew\u00fcrdigt. Klar ist: Karies und Baktus h\u00e4tten es ohne die Unterst\u00fctzung der Menschen nie so weit geschafft.<\/p>\n<p>\u00a0<\/p>\n<p>Es ist zum Aus-der-Haut-Fahren, das Gekr\u00f6se entwindet sich im Rhythmus und die Z\u00e4hne klappern im Takt. In den 11 Filmen des Animations-Special nehmen Striche und Formen menschliche Z\u00fcge an und legen unser Innerstes offen.<\/p>\n<\/p><\/div>\n<\/p><\/div>\n<div class=\"elementor-element elementor-element-bea0b7e elementor-widget elementor-widget-spacer\" data-id=\"bea0b7e\" data-element_type=\"widget\" data-widget_type=\"spacer.default\">\n<div class=\"elementor-widget-container\">\n<div class=\"elementor-spacer\">\n<div class=\"elementor-spacer-inner\"><\/div>\n<\/p><\/div>\n<\/p><\/div>\n<\/p><\/div>\n<\/p><\/div>\n<\/p><\/div>\n<\/p><\/div>\n<\/section><\/div>\n","protected":false},"excerpt":{"rendered":"<p>Animation Special Ein pinkes Kaninchen kichert und tollt, bis \u00fcber die langen L\u00f6ffel in flauschigem Watteschaum versinkend. Doch pl\u00f6tzlich kippt die Stimmung. \u201eGuck mich nicht so an!\u201c, fordert das Wesen mit emanzipiertem Nachdruck. Es zerrt erst an seiner k\u00fcnstlichen H\u00fclle, dann an der eigenen Haut, in der es sich so unwohl f\u00fchlt. Es ist nicht, &#8230; <br \/><a class=\"read-more\" href=\"https:\/\/landshuter-kurzfilmfestival.de\/de\/programm\/sonderprogramme\/animation-special\/\">Read More<\/a><\/p>\n","protected":false},"author":4,"featured_media":0,"parent":5180,"menu_order":0,"comment_status":"closed","ping_status":"closed","template":"page-film-list.php","meta":{"_acf_changed":false,"footnotes":""},"categories":[250],"tags":[],"class_list":["post-9169","page","type-page","status-publish","hentry","category-filmlist"],"acf":[],"_links":{"self":[{"href":"https:\/\/landshuter-kurzfilmfestival.de\/de\/wp-json\/wp\/v2\/pages\/9169","targetHints":{"allow":["GET"]}}],"collection":[{"href":"https:\/\/landshuter-kurzfilmfestival.de\/de\/wp-json\/wp\/v2\/pages"}],"about":[{"href":"https:\/\/landshuter-kurzfilmfestival.de\/de\/wp-json\/wp\/v2\/types\/page"}],"author":[{"embeddable":true,"href":"https:\/\/landshuter-kurzfilmfestival.de\/de\/wp-json\/wp\/v2\/users\/4"}],"replies":[{"embeddable":true,"href":"https:\/\/landshuter-kurzfilmfestival.de\/de\/wp-json\/wp\/v2\/comments?post=9169"}],"version-history":[{"count":31,"href":"https:\/\/landshuter-kurzfilmfestival.de\/de\/wp-json\/wp\/v2\/pages\/9169\/revisions"}],"predecessor-version":[{"id":37408,"href":"https:\/\/landshuter-kurzfilmfestival.de\/de\/wp-json\/wp\/v2\/pages\/9169\/revisions\/37408"}],"up":[{"embeddable":true,"href":"https:\/\/landshuter-kurzfilmfestival.de\/de\/wp-json\/wp\/v2\/pages\/5180"}],"wp:attachment":[{"href":"https:\/\/landshuter-kurzfilmfestival.de\/de\/wp-json\/wp\/v2\/media?parent=9169"}],"wp:term":[{"taxonomy":"category","embeddable":true,"href":"https:\/\/landshuter-kurzfilmfestival.de\/de\/wp-json\/wp\/v2\/categories?post=9169"},{"taxonomy":"post_tag","embeddable":true,"href":"https:\/\/landshuter-kurzfilmfestival.de\/de\/wp-json\/wp\/v2\/tags?post=9169"}],"curies":[{"name":"wp","href":"https:\/\/api.w.org\/{rel}","templated":true}]}}