{"id":4594,"date":"2018-02-07T12:27:24","date_gmt":"2018-02-07T11:27:24","guid":{"rendered":"http:\/\/2021.landshuter-kurzfilmfestival.de\/?page_id=4594"},"modified":"2025-02-15T12:03:35","modified_gmt":"2025-02-15T11:03:35","slug":"lakff-classics","status":"publish","type":"page","link":"https:\/\/landshuter-kurzfilmfestival.de\/en\/programm\/sonderprogramme\/lakff-classics\/","title":{"rendered":"LAKFF Classics"},"content":{"rendered":"<p><\/p>\n<div id=\"pl-4594\" class=\"panel-layout\">\n<div id=\"pg-4594-0\" class=\"panel-grid panel-has-style\" data-style=\"{&quot;row_css&quot;:&quot;display:none&quot;,&quot;background_image_attachment&quot;:false,&quot;background_display&quot;:&quot;tile&quot;,&quot;cell_alignment&quot;:&quot;flex-start&quot;}\">\n<div class=\"panel-row-style panel-row-style-for-4594-0\">\n<div id=\"pgc-4594-0-0\" class=\"panel-grid-cell\" data-weight=\"1\">\n<div id=\"panel-4594-0-0-0\" class=\"so-panel widget widget_sow-editor panel-first-child panel-last-child\" data-index=\"0\" data-style=\"{&quot;background_image_attachment&quot;:false,&quot;background_display&quot;:&quot;tile&quot;}\">\n<div class=\"so-widget-sow-editor so-widget-sow-editor-base\">\n<div class=\"siteorigin-widget-tinymce textwidget\">\n<table id=\"tablepress-71-no-2\" class=\"tablepress tablepress-id-71 film-list-header\">\n<tbody>\n<tr class=\"row-1\">\n<td class=\"column-1\">Spielzeit:<\/td>\n<td class=\"column-2\">ca. 120 Min.<\/td>\n<td class=\"column-3\">ab 12 Jahren<\/td>\n<td class=\"column-4\"><\/td>\n<td class=\"column-5\"><\/td>\n<td class=\"column-6\"><\/td>\n<\/tr>\n<tr class=\"row-2\">\n<td class=\"column-1\">Spielort:<\/td>\n<td class=\"column-2\">Salzstadel<\/td>\n<td class=\"column-3\">Uhrzeit:<\/td>\n<td class=\"column-4\">20:00 Uhr<\/td>\n<td class=\"column-5\">Datum:<\/td>\n<td class=\"column-6\">Samstag, 28.03.<\/td>\n<\/tr>\n<\/tbody>\n<\/table>\n<\/div>\n<\/div>\n<\/div>\n<\/div>\n<\/div>\n<\/div>\n<div id=\"pg-4594-1\" class=\"panel-grid panel-no-style\">\n<div id=\"pgc-4594-1-0\" class=\"panel-grid-cell\" data-weight=\"1\">\n<div id=\"panel-4594-1-0-0\" class=\"so-panel widget widget_sow-editor panel-first-child\" data-index=\"1\" data-style=\"{&quot;background_image_attachment&quot;:false,&quot;background_display&quot;:&quot;tile&quot;}\">\n<div class=\"so-widget-sow-editor so-widget-sow-editor-base\">\n<div class=\"siteorigin-widget-tinymce textwidget\">\n<p>Fast alle Filme sind vom 28.04.2021 19:30 Uhr bis 09.05.2021 23:59 Uhr online verf\u00fcgbar. Einige Filme sind m\u00f6glicherweise zu unterschiedlichen Zeiten verf\u00fcgbar. Dies ist auf der jeweiligen Filmseite angegeben.<br \/>\n<a href=\"http:\/\/landshuter-kurzfilmfestival.de\/online\/\" target=\"_blank\" rel=\"noopener\">Hier<\/a> sind alle betroffenen Filme zusammengefasst.<\/p>\n<\/div>\n<\/div>\n<\/div>\n<div id=\"panel-4594-1-0-1\" class=\"so-panel widget widget_sow-editor\" data-index=\"2\" data-style=\"{&quot;background_image_attachment&quot;:false,&quot;background_display&quot;:&quot;tile&quot;}\">\n<div class=\"so-widget-sow-editor so-widget-sow-editor-base\">\n<div class=\"siteorigin-widget-tinymce textwidget\">\n<p>Neu beim 21. Landshuter Kurzfilmfestival sind die LAKFF Classics. In diesem Programm zeigen wir noch einmal ausgew\u00e4hlte Highlights der vergangenen Jahre, zum Wiedersehen oder neu entdecken.<\/p>\n<\/div>\n<\/div>\n<\/div>\n<div id=\"panel-4594-1-0-2\" class=\"so-panel widget widget_custom_html panel-last-child\" data-index=\"3\" data-style=\"{&quot;background_image_attachment&quot;:false,&quot;background_display&quot;:&quot;tile&quot;}\">[siteorigin_widget class=&#8221;WP_Widget_Custom_HTML&#8221;]<input type=\"hidden\" value=\"{&quot;instance&quot;:{&quot;title&quot;:&quot;&quot;,&quot;content&quot;:&quot;&lt;\\\/iframe&gt;&lt;\\\/div&gt;&quot;,&quot;so_sidebar_emulator_id&quot;:&quot;custom_html-459410003&quot;,&quot;option_name&quot;:&quot;widget_custom_html&quot;},&quot;args&quot;:{&quot;before_widget&quot;:&quot;&lt;div id=\\&quot;panel-4594-1-0-2\\&quot; class=\\&quot;so-panel widget widget_custom_html panel-last-child\\&quot; data-index=\\&quot;3\\&quot; data-style=\\&quot;{&amp;quot;background_image_attachment&amp;quot;:false,&amp;quot;background_display&amp;quot;:&amp;quot;tile&amp;quot;}\\&quot; &gt;&quot;,&quot;after_widget&quot;:&quot;&lt;\\\/div&gt;&quot;,&quot;before_title&quot;:&quot;&lt;h3 class=\\&quot;widget-title\\&quot;&gt;&quot;,&quot;after_title&quot;:&quot;&lt;\\\/h3&gt;&quot;,&quot;widget_id&quot;:&quot;widget-1-0-2&quot;}}\" \/>[\/siteorigin_widget]<\/div>\n<\/div>\n<\/div>\n<\/div>\n<p><\/p>","protected":false},"excerpt":{"rendered":"<p>Fast alle Filme sind vom 28.04.2021 19:30 Uhr bis 09.05.2021 23:59 Uhr online verf\u00fcgbar. Einige Filme sind m\u00f6glicherweise zu unterschiedlichen Zeiten verf\u00fcgbar. Dies ist auf der jeweiligen Filmseite angegeben. Hier sind alle betroffenen Filme zusammengefasst. Neu beim 21. Landshuter Kurzfilmfestival sind die LAKFF Classics. In diesem Programm zeigen wir noch einmal ausgew\u00e4hlte Highlights der vergangenen &#8230; <br \/><a class=\"read-more\" href=\"https:\/\/landshuter-kurzfilmfestival.de\/en\/programm\/sonderprogramme\/lakff-classics\/\">Read More<\/a><\/p>\n","protected":false},"author":4,"featured_media":0,"parent":5180,"menu_order":0,"comment_status":"closed","ping_status":"closed","template":"page-film-list.php","meta":{"_acf_changed":false,"footnotes":""},"categories":[250],"tags":[],"class_list":["post-4594","page","type-page","status-publish","hentry","category-filmlist"],"acf":[],"_links":{"self":[{"href":"https:\/\/landshuter-kurzfilmfestival.de\/en\/wp-json\/wp\/v2\/pages\/4594","targetHints":{"allow":["GET"]}}],"collection":[{"href":"https:\/\/landshuter-kurzfilmfestival.de\/en\/wp-json\/wp\/v2\/pages"}],"about":[{"href":"https:\/\/landshuter-kurzfilmfestival.de\/en\/wp-json\/wp\/v2\/types\/page"}],"author":[{"embeddable":true,"href":"https:\/\/landshuter-kurzfilmfestival.de\/en\/wp-json\/wp\/v2\/users\/4"}],"replies":[{"embeddable":true,"href":"https:\/\/landshuter-kurzfilmfestival.de\/en\/wp-json\/wp\/v2\/comments?post=4594"}],"version-history":[{"count":4,"href":"https:\/\/landshuter-kurzfilmfestival.de\/en\/wp-json\/wp\/v2\/pages\/4594\/revisions"}],"predecessor-version":[{"id":34369,"href":"https:\/\/landshuter-kurzfilmfestival.de\/en\/wp-json\/wp\/v2\/pages\/4594\/revisions\/34369"}],"up":[{"embeddable":true,"href":"https:\/\/landshuter-kurzfilmfestival.de\/en\/wp-json\/wp\/v2\/pages\/5180"}],"wp:attachment":[{"href":"https:\/\/landshuter-kurzfilmfestival.de\/en\/wp-json\/wp\/v2\/media?parent=4594"}],"wp:term":[{"taxonomy":"category","embeddable":true,"href":"https:\/\/landshuter-kurzfilmfestival.de\/en\/wp-json\/wp\/v2\/categories?post=4594"},{"taxonomy":"post_tag","embeddable":true,"href":"https:\/\/landshuter-kurzfilmfestival.de\/en\/wp-json\/wp\/v2\/tags?post=4594"}],"curies":[{"name":"wp","href":"https:\/\/api.w.org\/{rel}","templated":true}]}}