{"id":53,"date":"2016-10-12T10:33:06","date_gmt":"2016-10-12T08:33:06","guid":{"rendered":"http:\/\/localhost:8056\/?page_id=53"},"modified":"2025-03-20T08:48:52","modified_gmt":"2025-03-20T07:48:52","slug":"impressum","status":"publish","type":"page","link":"https:\/\/landshuter-kurzfilmfestival.de\/en\/impressum\/","title":{"rendered":"Impressum"},"content":{"rendered":"<p><\/p>\n<h1>Impressum<\/h1>\n<p><b>Redaktion, Editing, Herausgeber und<br \/>\ninhaltlich verantwortlich gem\u00e4\u00df \u00a76MDStV<\/b><\/p>\n<p>Dynamo Kurzfilm e.V<\/p>\n<p>Am Vogelsang 4<br \/>\n84098 Hohenthann<\/p>\n<p>Mobile: 0170\/7764871<br \/>\nTelefon: 089\/62303416<br \/>\nTelefax: 089\/62439636<\/p>\n<p>Mail: <a href=\"mailto:m.orth@dynamo-kurzfilm.de\">m.orth(at)dynamo-kurzfilm.de<\/a><\/p>\n<p>Steuernummer<br \/>\n186\/31192<br \/>\nFinanzamt Landshut<\/p>\n<p>Registergericht<br \/>\nAmtsgericht Landshut<br \/>\nVR1202<\/p>\n<hr \/>\n<h3 style=\"font-size: 30px!important;\">Grafisches Konzept und Gestaltung Website<\/h3>\n<p>Manuel Kreuzer \u2014 B\u00fcro f\u00fcr visuelle Gestaltung<br \/>\n<a href=\"http:\/\/www.mkreuzer.de\" target=\"_blank\" rel=\"noopener\">www.mkreuzer.de<\/a><\/p>\n<hr \/>\n<h3 style=\"font-size: 30px!important;\">Technische Umsetzung<\/h3>\n<p>PZ Systeme GmbH &amp; Co. KG<br \/>\nSeligenthalter Str. 24-26<br \/>\n84034 Landshut<\/p>\n<p>Web: <a href=\"https:\/\/www.pz-systeme.de\/\" target=\"_blank\" rel=\"noopener\">www.pz-systeme.de<\/a><br \/>\nMail: <a href=\"mailto:info@pz-systeme.de\">info(at)pz-systeme.de<\/a><\/p>\n<p><a href=\"https:\/\/www.pz-systeme.de\" target=\"_blank\" rel=\"noopener\"><img decoding=\"async\" class=\"alignnone wp-image-151 size-full\" src=\"https:\/\/www.pz-systeme.de\/logo\" alt=\"logo-pz-systeme\" width=\"194\" height=\"142\" \/><\/a><\/p>\n<hr \/>\n<h3 style=\"font-size: 30px!important;\">Links und Verweise<\/h3>\n<p>Mit Urteil vom 12. Mai 1998 hat das Landgericht Hamburg entschieden, dass mit Anbringung von Links die Inhalte der verlinkten Seite gegebenenfalls mit zu verantworten sind. Dies kann &#8211; so das Landgericht &#8211; nur dadurch verhindert werden, dass man sich von diesen Inhalten ausdr\u00fccklich distanziert. Dynamo Kurzfilm e.V. hat Links zu anderen Seiten im Internet gelegt. F\u00fcr alle diese Links gilt: Dynamo Kurzfilm e.V. hat keinen Einfluss auf die Inhalte oder die Gestaltung der verlinkten Seiten. Dynamo Kurzfilm e.V. \u00fcbernimmt keinerlei Verantwortung f\u00fcr die Inhalte von Internetseiten, auf deren URL in unseren Seiten verwiesen wird. Diese Erkl\u00e4rung gilt f\u00fcr alle auf unseren Seiten angebrachten Links und f\u00fcr die Inhalte der Seiten, zu denen die angebrachten Links f\u00fchren. Die Aufnahme von Links auf andere URL`s ist ein Service f\u00fcr unsere Internet-Besucher und jederzeit widerrufbar. Sie beinhaltet keinen Rechtsanspruch auf Beibehalt.<\/p>\n<p>&nbsp;<\/p>\n<hr \/>\n<h3 style=\"font-size: 30px!important;\">Haftungsausschluss<\/h3>\n<p>Dynamo Kurzfilm e.V. hat alle in seinem Bereich bereitgestellten Informationen nach bestem Wissen und Gewissen erarbeitet und gepr\u00fcft. Es wird jedoch keine Gew\u00e4hr auf die Aktualit\u00e4t, Richtigkeit, Vollst\u00e4ndigkeit oder Qualit\u00e4t und jederzeitige Verf\u00fcgbarkeit der bereitgestellten Informationen \u00fcbernommen.<\/p>\n<p>Unbeschadet der Regelung des \u00a7 675 Abs. 2 B\u00fcrgerliches Gesetzbuch -BGB- (Gesch\u00e4ftsbesorgung) gelten f\u00fcr bereitgestellte Haftungsbeschr\u00e4nkungen:<\/p>\n<ul>\n<li>Dynamo Kurzfilm e.V. und seine Mitglieder haften nicht f\u00fcr Sch\u00e4den, die durch die Nutzung oder Nichtnutzung der im Internetangebot von Dynamo Kurzfilm e.V. angebotenen Informationen entstehen.<\/li>\n<li>F\u00fcr etwaige Sch\u00e4den, die beim Aufrufen oder Herunterladen von Daten durch Computerviren oder der Installation oder Nutzung von Software verursacht werden, wird nicht gehaftet.<\/li>\n<li>Namentlich gekennzeichnete Internetseiten geben ausschlie\u00dflich die Auffassungen und Erkenntnisse der abfassenden Personen, nicht des Dynamo Kurzfilm e.V. wieder.<\/li>\n<li>Dynamo Kurzfilm e.V. beh\u00e4lt sich ausdr\u00fccklich vor, einzelne Webseiten oder das gesamte Angebot ohne gesonderte Ank\u00fcndigung zu ver\u00e4ndern, zu erg\u00e4nzen, zu l\u00f6schen oder die Ver\u00f6ffentlichung zeitweise oder endg\u00fcltig einzustellen<\/li>\n<\/ul>\n<p>&nbsp;<\/p>\n<h3 style=\"font-size: 30px!important;\">Rechtswirksamkeit des Haftungsausschlusses<\/h3>\n<p>Dieser Haftungsausschluss ist als Teil des Internetangebotes zu betrachten, von dem aus auf diese Seite verwiesen wurde. Sofern Teile oder einzelne Formulierungen dieses Textes der geltenden Rechtslage nicht, nicht mehr oder nicht vollst\u00e4ndig entsprechen sollten, bleiben die \u00fcbrigen Teile des Dokumentes in ihrem Inhalt und ihrer G\u00fcltigkeit davon unber\u00fchrt.<\/p>\n<p>Wenn nicht anders angegeben, liegt das Copyright aller Bilder bei Dynamo Kurzfilm e.V. Sie d\u00fcrfen nur mit deren Zustimmung weiterverwendet werden.<\/p>\n<p>&nbsp;<\/p>\n<hr \/>\n<h3 style=\"font-size: 30px!important;\">Urheberrecht<\/h3>\n<p class=\"bodytext\">Dynamo Kurzfilm e.V. &#8211; alle Rechte vorbehalten.<\/p>\n<p class=\"bodytext\">Falls nicht anders angegeben, unterliegen alle Seiten im Informationsangebot von Dynamo Kurzfilm e.V. dem Urheberrecht (Copyright).<\/p>\n<p class=\"bodytext\">Dies gilt insbesondere f\u00fcr Texte, Bilder, Grafiken, Video- oder Animationsdateien einschlie\u00dflich deren Anordnung auf den Webseiten. Eine Vervielf\u00e4ltigung oder Verwendung solcher Seiten (oder Teilen davon) in anderen elektronischen oder gedruckten Publikationen und deren Ver\u00f6ffentlichung (auch im Internet) ist nur nach vorheriger Genehmigung gestattet.<\/p>\n<p class=\"bodytext\">Nachdruck und die Auswertung von Pressemitteilungen und Reden ist unter der Ma\u00dfgabe der Stellenangabe gestattet.<\/p>\n<p class=\"bodytext\">Die Genehmigung zur Publikation der Webseiten kann die Redaktion erteilen (Impressum). Unabh\u00e4ngig von diesen Regelungen wird ausdr\u00fccklich darauf hingewiesen, dass weiterhin Bilder, Grafiken, Text- oder sonstige Dateien ganz oder teilweise dem Urheberrecht Dritter unterliegen k\u00f6nnen; die Rechte Dritter sind gesondert zu beachten.<\/p>\n<p class=\"bodytext\">Alle innerhalb des Internetangebot genannten und ggf. durch Dritte gesch\u00fctzten Marken- und Warenzeichen unterliegen uneingeschr\u00e4nkt den Bestimmungen des jeweils g\u00fcltigen Kennzeichenrechts und den Besitzrechten der jeweiligen eingetragenen Eigent\u00fcmer. Allein aufgrund der blo\u00dfen Nennung in unserem Internetangebot ist nicht der Schluss zu ziehen, dass Markenzeichen nicht durch Rechte Dritter gesch\u00fctzt sind.<\/p>\n<p class=\"bodytext\">Copyright: 2017 Dynamo Kurzfilm e.V.<\/p>\n<p>&nbsp;<\/p>","protected":false},"excerpt":{"rendered":"<p>Impressum Redaktion, Editing, Herausgeber und inhaltlich verantwortlich gem\u00e4\u00df \u00a76MDStV Dynamo Kurzfilm e.V Am Vogelsang 4 84098 Hohenthann Mobile: 0170\/7764871 Telefon: 089\/62303416 Telefax: 089\/62439636 Mail: m.orth(at)dynamo-kurzfilm.de Steuernummer 186\/31192 Finanzamt Landshut Registergericht Amtsgericht Landshut VR1202 Grafisches Konzept und Gestaltung Website Manuel Kreuzer \u2014 B\u00fcro f\u00fcr visuelle Gestaltung www.mkreuzer.de Technische Umsetzung PZ Systeme GmbH &amp; Co. KG Seligenthalter &#8230; <br \/><a class=\"read-more\" href=\"https:\/\/landshuter-kurzfilmfestival.de\/en\/impressum\/\">Read More<\/a><\/p>\n","protected":false},"author":4,"featured_media":0,"parent":0,"menu_order":0,"comment_status":"closed","ping_status":"closed","template":"","meta":{"_acf_changed":false,"footnotes":""},"categories":[],"tags":[],"class_list":["post-53","page","type-page","status-publish","hentry"],"acf":[],"_links":{"self":[{"href":"https:\/\/landshuter-kurzfilmfestival.de\/en\/wp-json\/wp\/v2\/pages\/53","targetHints":{"allow":["GET"]}}],"collection":[{"href":"https:\/\/landshuter-kurzfilmfestival.de\/en\/wp-json\/wp\/v2\/pages"}],"about":[{"href":"https:\/\/landshuter-kurzfilmfestival.de\/en\/wp-json\/wp\/v2\/types\/page"}],"author":[{"embeddable":true,"href":"https:\/\/landshuter-kurzfilmfestival.de\/en\/wp-json\/wp\/v2\/users\/4"}],"replies":[{"embeddable":true,"href":"https:\/\/landshuter-kurzfilmfestival.de\/en\/wp-json\/wp\/v2\/comments?post=53"}],"version-history":[{"count":12,"href":"https:\/\/landshuter-kurzfilmfestival.de\/en\/wp-json\/wp\/v2\/pages\/53\/revisions"}],"predecessor-version":[{"id":35208,"href":"https:\/\/landshuter-kurzfilmfestival.de\/en\/wp-json\/wp\/v2\/pages\/53\/revisions\/35208"}],"wp:attachment":[{"href":"https:\/\/landshuter-kurzfilmfestival.de\/en\/wp-json\/wp\/v2\/media?parent=53"}],"wp:term":[{"taxonomy":"category","embeddable":true,"href":"https:\/\/landshuter-kurzfilmfestival.de\/en\/wp-json\/wp\/v2\/categories?post=53"},{"taxonomy":"post_tag","embeddable":true,"href":"https:\/\/landshuter-kurzfilmfestival.de\/en\/wp-json\/wp\/v2\/tags?post=53"}],"curies":[{"name":"wp","href":"https:\/\/api.w.org\/{rel}","templated":true}]}}